{"id":5168,"date":"2025-12-05T16:08:30","date_gmt":"2025-12-05T15:08:30","guid":{"rendered":"https:\/\/www.rtfirenze.com\/?page_id=5168"},"modified":"2025-12-09T19:37:37","modified_gmt":"2025-12-09T18:37:37","slug":"home","status":"publish","type":"page","link":"https:\/\/www.rtfirenze.com\/de\/","title":{"rendered":"HOME"},"content":{"rendered":"<div class=\"wpb-content-wrapper\"><p>[vc_row disable_element=&#8220;yes&#8220; css=&#8220;.vc_custom_1576056274754{margin-top: 60px !important;}&#8220;][vc_column][vc_column_text]<\/p>\n<h5 style=\"text-align: center;\">Cerca per Codice Prodotto o Diametro Ruota<\/h5>\n<p>[\/vc_column_text][vc_row_inner][vc_column_inner width=&#8220;1\/3&#8243;][\/vc_column_inner][vc_column_inner width=&#8220;1\/3&#8243;][vc_wp_search][\/vc_column_inner][vc_column_inner width=&#8220;1\/3&#8243;][\/vc_column_inner][\/vc_row_inner][\/vc_column][\/vc_row][vc_row full_width=&#8220;stretch_row&#8220; css=&#8220;.vc_custom_1576060603608{margin-top: 0px !important;margin-bottom: 0px !important;padding-top: 20px !important;padding-bottom: 40px !important;background-color: #d5d7d4 !important;}&#8220;][vc_column][vc_column_text css=&#8220;&#8220;]<\/p>\n<h3 style=\"text-align: center;\"><strong>Herstellung von Standard- und Sonderindustrier\u00e4dern aus Kunststoff und Gummi<\/strong><\/h3>\n<p>[\/vc_column_text][vc_separator color=&#8220;custom&#8220; el_width=&#8220;10&#8243; css=&#8220;.vc_custom_1576057812012{margin-top: -10px !important;margin-bottom: 20px !important;}&#8220; accent_color=&#8220;#1d1d1d&#8220;][vc_column_text css=&#8220;&#8220;]<\/p>\n<p style=\"text-align: center;\">Aufbauend auf einer langj\u00e4hrigen Tradition im Design und in der Entwicklung von Formen f\u00fcr Kunststoff und Gummi begann Roberto Tarchi \u2013 heute RT FIRENZE \u2013 im Jahr 1984 mit der Produktion von Industrier\u00e4dern. Von Anfang an stand dabei ein innovatives Konzept im Mittelpunkt: hochwertige R\u00e4der zu entwickeln, die durch modernes Design, zuverl\u00e4ssige Leistung und maximale Qualit\u00e4t \u00fcberzeugen.<\/p>\n<p>[\/vc_column_text][vc_btn title=&#8220;\u00dcBER UNS&#8220; style=&#8220;outline-custom&#8220; outline_custom_color=&#8220;#1d1d1d&#8220; outline_custom_hover_background=&#8220;#1d1d1d&#8220; outline_custom_hover_text=&#8220;#ffffff&#8220; shape=&#8220;square&#8220; align=&#8220;center&#8220; css=&#8220;&#8220; link=&#8220;url:%2Fde%2Fueber-uns%2F&#8220;][\/vc_column][\/vc_row][vc_row full_width=&#8220;stretch_row_content&#8220; css=&#8220;.vc_custom_1576060641885{margin-top: 20px !important;margin-bottom: 40px !important;}&#8220;][vc_column][vc_column_text css=&#8220;&#8220;]<\/p>\n<h4 style=\"text-align: center;\">PRODUKTE<\/h4>\n<p>[\/vc_column_text][vc_separator color=&#8220;custom&#8220; el_width=&#8220;10&#8243; css=&#8220;.vc_custom_1576064209290{margin-top: -10px !important;padding-bottom: 30px !important;}&#8220; accent_color=&#8220;#1d1d1d&#8220;][vc_row_inner][vc_column_inner width=&#8220;1\/4&#8243;][vc_column_text css=&#8220;&#8220;]<\/p>\n<h6 class=\"titolo-home-prodotti\" style=\"text-align: center;\">RT Vintage Gummi<\/h6>\n<p>[\/vc_column_text][vc_single_image image=&#8220;377&#8243; img_size=&#8220;full&#8220; alignment=&#8220;center&#8220; css=&#8220;.vc_custom_1576060105878{margin-top: -15px !important;margin-bottom: -15px !important;}&#8220;][vc_column_text css=&#8220;&#8220;]<\/p>\n<p class=\"testo-prodotti-home\" style=\"text-align: center;\">Eine exklusive Produktionslinie von RT ist die VINTAGE-Gummibeschichtung, die \u00fcberwiegend aus recyceltem Gummipulver besteht.<\/p>\n<p>[\/vc_column_text][vc_btn title=&#8220;RT VINTAGE-SERIE&#8220; style=&#8220;outline-custom&#8220; outline_custom_color=&#8220;#1d1d1d&#8220; outline_custom_hover_background=&#8220;#1d1d1d&#8220; outline_custom_hover_text=&#8220;#ffffff&#8220; shape=&#8220;square&#8220; align=&#8220;center&#8220; css=&#8220;&#8220; link=&#8220;url:%2Fde%2Frt-vintage-gummi%2F|title:Gomma%20RT%20Vintage&#8220;][\/vc_column_inner][vc_column_inner width=&#8220;1\/4&#8243;][vc_column_text css=&#8220;&#8220;]<\/p>\n<h6 class=\"titolo-home-prodotti\" style=\"text-align: center;\">RT Ricicla-Gummi<\/h6>\n<p>[\/vc_column_text][vc_single_image image=&#8220;382&#8243; img_size=&#8220;full&#8220; alignment=&#8220;center&#8220; css=&#8220;.vc_custom_1576060129461{margin-top: -15px !important;margin-bottom: -15px !important;}&#8220;][vc_column_text css=&#8220;&#8220;]<\/p>\n<p class=\"testo-prodotti-home\" style=\"text-align: center;\">RICICLA RT-Gummir\u00e4der verf\u00fcgen \u00fcber eine eingespritzte thermoplastische Lauffl\u00e4che, die zu mehr als 50 % aus recyceltem Gummi besteht \u2013 eine leistungsstarke und zugleich nachhaltige L\u00f6sung f\u00fcr vielf\u00e4ltige industrielle Anwendungen.<\/p>\n<p>[\/vc_column_text][vc_btn title=&#8220;RICICLA RT-SERIE&#8220; style=&#8220;outline-custom&#8220; outline_custom_color=&#8220;#1d1d1d&#8220; outline_custom_hover_background=&#8220;#1d1d1d&#8220; outline_custom_hover_text=&#8220;#ffffff&#8220; shape=&#8220;square&#8220; align=&#8220;center&#8220; css=&#8220;&#8220; link=&#8220;url:%2Fde%2Frt-ricicla-gummi%2F|title:Gomma%20RT%20Ricicla&#8220;][\/vc_column_inner][vc_column_inner width=&#8220;1\/4&#8243;][vc_column_text css=&#8220;&#8220;]<\/p>\n<h6 class=\"titolo-home-prodotti\" style=\"text-align: center;\">RT Antitraccia-Gummi<\/h6>\n<p>[\/vc_column_text][vc_single_image image=&#8220;388&#8243; img_size=&#8220;full&#8220; alignment=&#8220;center&#8220; css=&#8220;.vc_custom_1576060209213{margin-top: -15px !important;margin-bottom: -15px !important;}&#8220;][vc_column_text css=&#8220;&#8220;]<\/p>\n<p class=\"testo-prodotti-home\" style=\"text-align: center;\">Unsere R\u00e4der aus grauem, spurlosen thermoplastischem Gummi (TPE) bieten optimale Leistung auf allen Bodenarten \u2013 langlebig, leise und schonend f\u00fcr den Untergrund.<\/p>\n<p>[\/vc_column_text][vc_btn title=&#8220;RT ANTITRACCIA-SERIE&#8220; style=&#8220;outline-custom&#8220; outline_custom_color=&#8220;#1d1d1d&#8220; outline_custom_hover_background=&#8220;#1d1d1d&#8220; outline_custom_hover_text=&#8220;#ffffff&#8220; shape=&#8220;square&#8220; align=&#8220;center&#8220; css=&#8220;&#8220; link=&#8220;url:%2Fde%2Frt-antitraccia-gummi%2F|title:Gomma%20RT%20Antitraccia&#8220;][\/vc_column_inner][vc_column_inner width=&#8220;1\/4&#8243;][vc_column_text css=&#8220;&#8220;]<\/p>\n<h6 class=\"titolo-home-prodotti\" style=\"text-align: center;\">ZUBEH\u00d6R<\/h6>\n<p>[\/vc_column_text][vc_single_image image=&#8220;393&#8243; img_size=&#8220;full&#8220; alignment=&#8220;center&#8220; css=&#8220;.vc_custom_1576060276511{margin-top: -15px !important;margin-bottom: -15px !important;}&#8220;][vc_column_text css=&#8220;&#8220;]<\/p>\n<p class=\"testo-prodotti-home\" style=\"text-align: center;\">Unsere Accessoires wurden speziell f\u00fcr die Serien RT Vintage, RT Ricicla, RT Antitraccia und RT Custom entwickelt, um maximale Funktionalit\u00e4t, Langlebigkeit und perfekten Einsatzkomfort zu gew\u00e4hrleisten.<\/p>\n<p>[\/vc_column_text][vc_btn title=&#8220;ZUBEH\u00d6R&#8220; style=&#8220;outline-custom&#8220; outline_custom_color=&#8220;#1d1d1d&#8220; outline_custom_hover_background=&#8220;#1d1d1d&#8220; outline_custom_hover_text=&#8220;#ffffff&#8220; shape=&#8220;square&#8220; align=&#8220;center&#8220; css=&#8220;&#8220; link=&#8220;url:%2Fde%2Fzubehoer%2F|title:Accessori&#8220;][\/vc_column_inner][\/vc_row_inner][\/vc_column][\/vc_row][vc_row full_width=&#8220;stretch_row&#8220; css=&#8220;.vc_custom_1577112431752{padding-top: 10% !important;padding-bottom: 10% !important;background-image: url(https:\/\/www.rtfirenze.com\/wp-content\/uploads\/2019\/12\/parallasse-home-percorso-ruota-1.jpg?id=1314) !important;}&#8220;][vc_column][vc_column_text css=&#8220;&#8220;]<\/p>\n<h4 style=\"text-align: center;\"><span style=\"color: #ffffff;\">PROZESS EINES RADES<\/span><\/h4>\n<p>[\/vc_column_text][vc_separator color=&#8220;custom&#8220; el_width=&#8220;10&#8243; css=&#8220;.vc_custom_1576063759902{margin-top: -10px !important;margin-bottom: 20px !important;}&#8220; accent_color=&#8220;#ffffff&#8220;][vc_column_text css=&#8220;&#8220;]<\/p>\n<p style=\"text-align: center;\"><span style=\"color: #ffffff;\">In unserem Unternehmen in der Gemeinde Lastra a Signa in der Provinz Florenz entwickeln und fertigen wir hochqualitative, innovative thermoplastische R\u00e4der \u2013 einige der interessantesten auf dem Markt, die Leistung, Design und Langlebigkeit perfekt vereinen.<\/span><\/p>\n<p>[\/vc_column_text][vc_btn title=&#8220;PROZESS EINES RADES&#8220; style=&#8220;outline-custom&#8220; outline_custom_color=&#8220;#ffffff&#8220; outline_custom_hover_background=&#8220;#ffffff&#8220; outline_custom_hover_text=&#8220;#1d1d1d&#8220; shape=&#8220;square&#8220; align=&#8220;center&#8220; css=&#8220;&#8220; link=&#8220;url:%2Fde%2Fprozess-eines-rades%2F&#8220;][\/vc_column][\/vc_row][vc_row][vc_column][vc_column_text css=&#8220;&#8220;]<\/p>\n<h4 style=\"text-align: center;\">COMPOUNDS<\/h4>\n<p>[\/vc_column_text][vc_separator color=&#8220;custom&#8220; el_width=&#8220;10&#8243; css=&#8220;.vc_custom_1576064255851{margin-top: -10px !important;padding-bottom: 30px !important;}&#8220; accent_color=&#8220;#1d1d1d&#8220;][vc_row_inner][vc_column_inner width=&#8220;1\/3&#8243;][vc_column_text]<\/p>\n<h6 class=\"titolo-home-prodotti\" style=\"text-align: center;\">RT Vintage<\/h6>\n<p>[\/vc_column_text][vc_single_image image=&#8220;411&#8243; img_size=&#8220;full&#8220; alignment=&#8220;center&#8220; css=&#8220;.vc_custom_1576064468539{margin-top: -15px !important;margin-bottom: -15px !important;}&#8220;][vc_column_text css=&#8220;&#8220;]<\/p>\n<p class=\"testo-prodotti-home\" style=\"text-align: center;\">Das Rad aus dieser speziellen Mischung besteht zu \u00fcber 90% aus hochwertigen Sekund\u00e4rrohstoffen, darunter regeneriertes Polypropylen und Gummi aus Altreifen \u2013 eine umweltfreundliche L\u00f6sung, die Nachhaltigkeit, Leistung und Langlebigkeit vereint.<\/p>\n<p>[\/vc_column_text][\/vc_column_inner][vc_column_inner width=&#8220;1\/3&#8243;][vc_column_text]<\/p>\n<h6 class=\"titolo-home-prodotti\" style=\"text-align: center;\">Ricicla<\/h6>\n<p>[\/vc_column_text][vc_single_image image=&#8220;417&#8243; img_size=&#8220;full&#8220; alignment=&#8220;center&#8220; css=&#8220;.vc_custom_1576064584156{margin-top: -15px !important;margin-bottom: -15px !important;}&#8220;][vc_column_text css=&#8220;&#8220;]<\/p>\n<p class=\"testo-prodotti-home\" style=\"text-align: center;\">Die Produkte aus RT-Ricicla-Gummi sind seit 1984 auf dem Markt und \u00fcberzeugen weiterhin in zahlreichen Industriebereichen \u2013 von Hochdruckreinigern \u00fcber Kompressoren und Kehrmaschinen bis hin zu Staubsaugern \u2013 durch herausragende Qualit\u00e4t, Langlebigkeit und zuverl\u00e4ssige Leistung.<\/p>\n<p>[\/vc_column_text][\/vc_column_inner][vc_column_inner width=&#8220;1\/3&#8243;][vc_column_text css=&#8220;&#8220;]<\/p>\n<h6 class=\"titolo-home-prodotti\" style=\"text-align: center;\">Antitraccia-Cleaning<\/h6>\n<p>[\/vc_column_text][vc_single_image image=&#8220;422&#8243; img_size=&#8220;full&#8220; alignment=&#8220;center&#8220; css=&#8220;.vc_custom_1576064601409{margin-top: -15px !important;margin-bottom: -15px !important;}&#8220;][vc_column_text css=&#8220;&#8220;]<\/p>\n<p class=\"testo-prodotti-home\" style=\"text-align: center;\">Die R\u00e4der aus grauem, thermoplastischem Antitraccia-Gummi (TPE) bieten hervorragende Leistung auf allen Bodenarten \u2013 ideal f\u00fcr den industriellen Einsatz ebenso wie f\u00fcr den privaten Bereich.<\/p>\n<p>[\/vc_column_text][\/vc_column_inner][\/vc_row_inner][vc_btn title=&#8220;COMPOUNDS&#8220; style=&#8220;outline-custom&#8220; outline_custom_color=&#8220;#1d1d1d&#8220; outline_custom_hover_background=&#8220;#1d1d1d&#8220; outline_custom_hover_text=&#8220;#ffffff&#8220; shape=&#8220;square&#8220; align=&#8220;center&#8220; css=&#8220;&#8220; link=&#8220;url:%2Fde%2Fcompounds%2F&#8220;][\/vc_column][\/vc_row][vc_row full_width=&#8220;stretch_row&#8220; equal_height=&#8220;yes&#8220; content_placement=&#8220;middle&#8220; css=&#8220;.vc_custom_1715674982934{margin-bottom: -25px !important;padding-top: 5% !important;padding-bottom: 5% !important;background-color: #d5d7d4 !important;}&#8220;][vc_column width=&#8220;2\/3&#8243;][vc_column_text css=&#8220;&#8220;]<\/p>\n<h6 style=\"text-align: center;\">F\u00fcr Informationen zu unseren Produkten k\u00f6nnen Sie uns direkt unter +39 055 8720129 anrufen, uns eine E-Mail an die Adresse info@rtfirenze.com senden oder das Kontaktformular ausf\u00fcllen.<\/h6>\n<p>[\/vc_column_text][\/vc_column][vc_column width=&#8220;1\/3&#8243;][vc_btn title=&#8220;KONTAKT&#8220; style=&#8220;outline-custom&#8220; outline_custom_color=&#8220;#1d1d1d&#8220; outline_custom_hover_background=&#8220;#1d1d1d&#8220; outline_custom_hover_text=&#8220;#ffffff&#8220; shape=&#8220;square&#8220; align=&#8220;center&#8220; css=&#8220;&#8220; link=&#8220;url:%2Fde%2Fkontakt%2F&#8220;][\/vc_column][\/vc_row]<\/p>\n<\/div>","protected":false},"excerpt":{"rendered":"<p>[vc_row disable_element=&#8220;yes&#8220; css=&#8220;.vc_custom_1576056274754{margin-top: 60px !important;}&#8220;][vc_column][vc_column_text] Cerca per Codice Prodotto o Diametro Ruota [\/vc_column_text][vc_row_inner][vc_column_inner width=&#8220;1\/3&#8243;][\/vc_column_inner][vc_column_inner width=&#8220;1\/3&#8243;][vc_wp_search][\/vc_column_inner][vc_column_inner width=&#8220;1\/3&#8243;][\/vc_column_inner][\/vc_row_inner][\/vc_column][\/vc_row][vc_row full_width=&#8220;stretch_row&#8220; css=&#8220;.vc_custom_1576060603608{margin-top: 0px !important;margin-bottom: 0px !important;padding-top: 20px !important;padding-bottom: 40px !important;background-color:<\/p>\n","protected":false},"author":1,"featured_media":-1,"parent":0,"menu_order":0,"comment_status":"closed","ping_status":"closed","template":"","meta":{"footnotes":""},"class_list":["post-5168","page","type-page","status-publish","has-post-thumbnail","hentry"],"yoast_head":"<!-- This site is optimized with the Yoast SEO plugin v26.7 - https:\/\/yoast.com\/wordpress\/plugins\/seo\/ -->\n<title>Produktion von Industrie\u00adr\u00e4dern aus Kunststoff und Gummi \u2013 RT Florenz<\/title>\n<meta name=\"description\" content=\"Seit 1984 entwickelt RT Florenz in seinem eigenen technischen B\u00fcro und produziert dank modernster Maschinen Industrir\u00e4der aus Kunststoff und Gummi f\u00fcr jeden Einsatzbereich.\" \/>\n<meta name=\"robots\" content=\"index, follow, max-snippet:-1, max-image-preview:large, max-video-preview:-1\" \/>\n<link rel=\"canonical\" href=\"https:\/\/www.rtfirenze.com\/de\/\" \/>\n<meta property=\"og:locale\" content=\"de_DE\" \/>\n<meta property=\"og:type\" content=\"article\" \/>\n<meta property=\"og:title\" content=\"Produktion von Industrie\u00adr\u00e4dern aus Kunststoff und Gummi \u2013 RT Florenz\" \/>\n<meta property=\"og:description\" content=\"Seit 1984 entwickelt RT Florenz in seinem eigenen technischen B\u00fcro und produziert dank modernster Maschinen Industrir\u00e4der aus Kunststoff und Gummi f\u00fcr jeden Einsatzbereich.\" \/>\n<meta property=\"og:url\" content=\"https:\/\/www.rtfirenze.com\/de\/\" \/>\n<meta property=\"og:site_name\" content=\"Produzione Ruote Industriali in Plastica e Gomma - RT Firenze\" \/>\n<meta property=\"article:modified_time\" content=\"2025-12-09T18:37:37+00:00\" \/>\n<meta name=\"twitter:card\" content=\"summary_large_image\" \/>\n<meta name=\"twitter:label1\" content=\"Gesch\u00e4tzte Lesezeit\" \/>\n\t<meta name=\"twitter:data1\" content=\"5\u00a0Minuten\" \/>\n<script type=\"application\/ld+json\" class=\"yoast-schema-graph\">{\"@context\":\"https:\/\/schema.org\",\"@graph\":[{\"@type\":\"WebPage\",\"@id\":\"https:\/\/www.rtfirenze.com\/de\/\",\"url\":\"https:\/\/www.rtfirenze.com\/de\/\",\"name\":\"Produktion von Industrie\u00adr\u00e4dern aus Kunststoff und Gummi \u2013 RT Florenz\",\"isPartOf\":{\"@id\":\"https:\/\/www.rtfirenze.com\/#website\"},\"datePublished\":\"2025-12-05T15:08:30+00:00\",\"dateModified\":\"2025-12-09T18:37:37+00:00\",\"description\":\"Seit 1984 entwickelt RT Florenz in seinem eigenen technischen B\u00fcro und produziert dank modernster Maschinen Industrir\u00e4der aus Kunststoff und Gummi f\u00fcr jeden Einsatzbereich.\",\"breadcrumb\":{\"@id\":\"https:\/\/www.rtfirenze.com\/de\/#breadcrumb\"},\"inLanguage\":\"de\",\"potentialAction\":[{\"@type\":\"ReadAction\",\"target\":[\"https:\/\/www.rtfirenze.com\/de\/\"]}]},{\"@type\":\"BreadcrumbList\",\"@id\":\"https:\/\/www.rtfirenze.com\/de\/#breadcrumb\",\"itemListElement\":[{\"@type\":\"ListItem\",\"position\":1,\"name\":\"Home\",\"item\":\"https:\/\/www.rtfirenze.com\/de\/\"},{\"@type\":\"ListItem\",\"position\":2,\"name\":\"HOME\"}]},{\"@type\":\"WebSite\",\"@id\":\"https:\/\/www.rtfirenze.com\/#website\",\"url\":\"https:\/\/www.rtfirenze.com\/\",\"name\":\"Produzione Ruote Industriali in Plastica e Gomma - RT Firenze\",\"description\":\"Produzione Ruote Industriali in Plastica e Gomma - RT Firenze\",\"potentialAction\":[{\"@type\":\"SearchAction\",\"target\":{\"@type\":\"EntryPoint\",\"urlTemplate\":\"https:\/\/www.rtfirenze.com\/?s={search_term_string}\"},\"query-input\":{\"@type\":\"PropertyValueSpecification\",\"valueRequired\":true,\"valueName\":\"search_term_string\"}}],\"inLanguage\":\"de\"}]}<\/script>\n<!-- \/ Yoast SEO plugin. -->","yoast_head_json":{"title":"Produktion von Industrie\u00adr\u00e4dern aus Kunststoff und Gummi \u2013 RT Florenz","description":"Seit 1984 entwickelt RT Florenz in seinem eigenen technischen B\u00fcro und produziert dank modernster Maschinen Industrir\u00e4der aus Kunststoff und Gummi f\u00fcr jeden Einsatzbereich.","robots":{"index":"index","follow":"follow","max-snippet":"max-snippet:-1","max-image-preview":"max-image-preview:large","max-video-preview":"max-video-preview:-1"},"canonical":"https:\/\/www.rtfirenze.com\/de\/","og_locale":"de_DE","og_type":"article","og_title":"Produktion von Industrie\u00adr\u00e4dern aus Kunststoff und Gummi \u2013 RT Florenz","og_description":"Seit 1984 entwickelt RT Florenz in seinem eigenen technischen B\u00fcro und produziert dank modernster Maschinen Industrir\u00e4der aus Kunststoff und Gummi f\u00fcr jeden Einsatzbereich.","og_url":"https:\/\/www.rtfirenze.com\/de\/","og_site_name":"Produzione Ruote Industriali in Plastica e Gomma - RT Firenze","article_modified_time":"2025-12-09T18:37:37+00:00","twitter_card":"summary_large_image","twitter_misc":{"Gesch\u00e4tzte Lesezeit":"5\u00a0Minuten"},"schema":{"@context":"https:\/\/schema.org","@graph":[{"@type":"WebPage","@id":"https:\/\/www.rtfirenze.com\/de\/","url":"https:\/\/www.rtfirenze.com\/de\/","name":"Produktion von Industrie\u00adr\u00e4dern aus Kunststoff und Gummi \u2013 RT Florenz","isPartOf":{"@id":"https:\/\/www.rtfirenze.com\/#website"},"datePublished":"2025-12-05T15:08:30+00:00","dateModified":"2025-12-09T18:37:37+00:00","description":"Seit 1984 entwickelt RT Florenz in seinem eigenen technischen B\u00fcro und produziert dank modernster Maschinen Industrir\u00e4der aus Kunststoff und Gummi f\u00fcr jeden Einsatzbereich.","breadcrumb":{"@id":"https:\/\/www.rtfirenze.com\/de\/#breadcrumb"},"inLanguage":"de","potentialAction":[{"@type":"ReadAction","target":["https:\/\/www.rtfirenze.com\/de\/"]}]},{"@type":"BreadcrumbList","@id":"https:\/\/www.rtfirenze.com\/de\/#breadcrumb","itemListElement":[{"@type":"ListItem","position":1,"name":"Home","item":"https:\/\/www.rtfirenze.com\/de\/"},{"@type":"ListItem","position":2,"name":"HOME"}]},{"@type":"WebSite","@id":"https:\/\/www.rtfirenze.com\/#website","url":"https:\/\/www.rtfirenze.com\/","name":"Produzione Ruote Industriali in Plastica e Gomma - RT Firenze","description":"Produzione Ruote Industriali in Plastica e Gomma - RT Firenze","potentialAction":[{"@type":"SearchAction","target":{"@type":"EntryPoint","urlTemplate":"https:\/\/www.rtfirenze.com\/?s={search_term_string}"},"query-input":{"@type":"PropertyValueSpecification","valueRequired":true,"valueName":"search_term_string"}}],"inLanguage":"de"}]}},"_links":{"self":[{"href":"https:\/\/www.rtfirenze.com\/de\/wp-json\/wp\/v2\/pages\/5168","targetHints":{"allow":["GET"]}}],"collection":[{"href":"https:\/\/www.rtfirenze.com\/de\/wp-json\/wp\/v2\/pages"}],"about":[{"href":"https:\/\/www.rtfirenze.com\/de\/wp-json\/wp\/v2\/types\/page"}],"author":[{"embeddable":true,"href":"https:\/\/www.rtfirenze.com\/de\/wp-json\/wp\/v2\/users\/1"}],"replies":[{"embeddable":true,"href":"https:\/\/www.rtfirenze.com\/de\/wp-json\/wp\/v2\/comments?post=5168"}],"version-history":[{"count":8,"href":"https:\/\/www.rtfirenze.com\/de\/wp-json\/wp\/v2\/pages\/5168\/revisions"}],"predecessor-version":[{"id":5420,"href":"https:\/\/www.rtfirenze.com\/de\/wp-json\/wp\/v2\/pages\/5168\/revisions\/5420"}],"wp:featuredmedia":[{"embeddable":true,"href":"https:\/\/www.rtfirenze.com\/de\/wp-json\/"}],"wp:attachment":[{"href":"https:\/\/www.rtfirenze.com\/de\/wp-json\/wp\/v2\/media?parent=5168"}],"curies":[{"name":"wp","href":"https:\/\/api.w.org\/{rel}","templated":true}]}}