{"id":5176,"date":"2025-12-05T18:36:18","date_gmt":"2025-12-05T17:36:18","guid":{"rendered":"https:\/\/www.rtfirenze.com\/?page_id=5176"},"modified":"2025-12-05T18:51:19","modified_gmt":"2025-12-05T17:51:19","slug":"ueber-uns","status":"publish","type":"page","link":"https:\/\/www.rtfirenze.com\/de\/ueber-uns\/","title":{"rendered":"\u00dcBER UNS"},"content":{"rendered":"<div class=\"wpb-content-wrapper\"><p>[vc_row full_width=&#8220;stretch_row&#8220; css=&#8220;.vc_custom_1574256997579{margin-bottom: 0px !important;background-image: url(https:\/\/www.rtfirenze.com\/wp-content\/uploads\/2019\/11\/sfondo-scuro.png?id=173) !important;background-position: 0 0 !important;background-repeat: repeat !important;}&#8220;][vc_column][vc_column_text css_animation=&#8220;none&#8220; css=&#8220;&#8220;]<\/p>\n<h2 style=\"text-align: center;\"><strong><span style=\"color: #ffffff;\">\u00dcBER UNS<\/span><\/strong><\/h2>\n<p>[\/vc_column_text][vc_separator color=&#8220;black&#8220; style=&#8220;double&#8220; el_width=&#8220;20&#8243; css=&#8220;.vc_custom_1572447812618{margin-bottom: 20px !important;}&#8220;][\/vc_column][\/vc_row][vc_row css=&#8220;.vc_custom_1576065689416{margin-top: 40px !important;margin-bottom: 40px !important;}&#8220;][vc_column][vc_column_text css_animation=&#8220;none&#8220;]<\/p>\n<h4 style=\"text-align: center;\">RT FIRENZE S.R.L.<\/h4>\n<p>[\/vc_column_text][vc_separator color=&#8220;custom&#8220; el_width=&#8220;10&#8243; css=&#8220;.vc_custom_1576057812012{margin-top: -10px !important;margin-bottom: 20px !important;}&#8220; accent_color=&#8220;#1d1d1d&#8220;][vc_row_inner equal_height=&#8220;yes&#8220; content_placement=&#8220;middle&#8220;][vc_column_inner width=&#8220;2\/3&#8243;][vc_column_text css=&#8220;&#8220;]<\/p>\n<p style=\"text-align: center;\">Aufbauend auf einer langj\u00e4hrigen Tradition im Design und in der Entwicklung von Formen f\u00fcr Kunststoff und Gummi begann Roberto Tarchi \u2013 heute RT FIRENZE \u2013 im Jahr 1984 mit der Produktion von Industrier\u00e4dern. Von Anfang an stand dabei ein innovatives Konzept im Mittelpunkt: hochwertige R\u00e4der zu entwickeln, die durch modernes Design, zuverl\u00e4ssige Leistung und maximale Qualit\u00e4t \u00fcberzeugen.<\/p>\n<p style=\"text-align: center;\">RT FIRENZE hat sich schnell sowohl auf dem nationalen als auch auf dem internationalen Markt etabliert und z\u00e4hlt heute zu den bevorzugten Partnern f\u00fchrender Unternehmen in zahlreichen Branchen \u2013 von Hochdruckreinigern, Kompressoren, Kehrmaschinen und Staubsaugern \u00fcber Schwei\u00dfger\u00e4te bis hin zur Land- und Forstwirtschaft, dem Baugewerbe sowie Maschinen- und Ausr\u00fcstungen f\u00fcr Werkzeug- und Autowerkst\u00e4tten.<\/p>\n<p style=\"text-align: center;\">Dank modernster Fertigungstechnologien und einem hohen Automatisierungsgrad produziert RT FIRENZE j\u00e4hrlich Millionen von R\u00e4dern und Vollgummi-Bandagen und geh\u00f6rt damit zu den europ\u00e4ischen Spitzenherstellern. Unsere Kunden profitieren von gro\u00dfen St\u00fcckzahlen in k\u00fcrzester Zeit \u2013 stets mit einem Qualit\u00e4tsstandard, der Ma\u00dfst\u00e4be setzt und der Konkurrenz \u00fcberlegen ist.<\/p>\n<p>[\/vc_column_text][\/vc_column_inner][vc_column_inner width=&#8220;1\/3&#8243;][vc_single_image image=&#8220;49&#8243; img_size=&#8220;full&#8220; alignment=&#8220;center&#8220;][\/vc_column_inner][\/vc_row_inner][\/vc_column][\/vc_row][vc_row][vc_column][vc_media_grid item=&#8220;437&#8243; grid_id=&#8220;vc_gid:1764956188110-9f6dc0de-5da5-4&#8243; include=&#8220;441,446,451,456,461,466&#8243;][\/vc_column][\/vc_row]<\/p>\n<\/div>","protected":false},"excerpt":{"rendered":"<p>[vc_row full_width=&#8220;stretch_row&#8220; css=&#8220;.vc_custom_1574256997579{margin-bottom: 0px !important;background-image: url(https:\/\/www.rtfirenze.com\/wp-content\/uploads\/2019\/11\/sfondo-scuro.png?id=173) !important;background-position: 0 0 !important;background-repeat: repeat !important;}&#8220;][vc_column][vc_column_text css_animation=&#8220;none&#8220; css=&#8220;&#8220;] \u00dcBER UNS [\/vc_column_text][vc_separator color=&#8220;black&#8220; style=&#8220;double&#8220; el_width=&#8220;20&#8243; css=&#8220;.vc_custom_1572447812618{margin-bottom: 20px !important;}&#8220;][\/vc_column][\/vc_row][vc_row css=&#8220;.vc_custom_1576065689416{margin-top: 40px !important;margin-bottom:<\/p>\n","protected":false},"author":1,"featured_media":-1,"parent":0,"menu_order":0,"comment_status":"closed","ping_status":"closed","template":"","meta":{"footnotes":""},"class_list":["post-5176","page","type-page","status-publish","has-post-thumbnail","hentry"],"yoast_head":"<!-- This site is optimized with the Yoast SEO plugin v26.7 - https:\/\/yoast.com\/wordpress\/plugins\/seo\/ -->\n<title>Kunststoffspritzguss und Formenbau f\u00fcr Industrier\u00e4der<\/title>\n<meta name=\"description\" content=\"RT Firenze f\u00fchrt das Kunststoffspritzgussverfahren und den Formenbau f\u00fcr Industrier\u00e4der f\u00fcr jede Anforderung und Ausf\u00fchrung durch.\" \/>\n<meta name=\"robots\" content=\"index, follow, max-snippet:-1, max-image-preview:large, max-video-preview:-1\" \/>\n<link rel=\"canonical\" href=\"https:\/\/www.rtfirenze.com\/de\/ueber-uns\/\" \/>\n<meta property=\"og:locale\" content=\"de_DE\" \/>\n<meta property=\"og:type\" content=\"article\" \/>\n<meta property=\"og:title\" content=\"Kunststoffspritzguss und Formenbau f\u00fcr Industrier\u00e4der\" \/>\n<meta property=\"og:description\" content=\"RT Firenze f\u00fchrt das Kunststoffspritzgussverfahren und den Formenbau f\u00fcr Industrier\u00e4der f\u00fcr jede Anforderung und Ausf\u00fchrung durch.\" \/>\n<meta property=\"og:url\" content=\"https:\/\/www.rtfirenze.com\/de\/ueber-uns\/\" \/>\n<meta property=\"og:site_name\" content=\"Produzione Ruote Industriali in Plastica e Gomma - RT Firenze\" \/>\n<meta property=\"article:modified_time\" content=\"2025-12-05T17:51:19+00:00\" \/>\n<meta name=\"twitter:card\" content=\"summary_large_image\" \/>\n<meta name=\"twitter:label1\" content=\"Gesch\u00e4tzte Lesezeit\" \/>\n\t<meta name=\"twitter:data1\" content=\"2\u00a0Minuten\" \/>\n<script type=\"application\/ld+json\" class=\"yoast-schema-graph\">{\"@context\":\"https:\/\/schema.org\",\"@graph\":[{\"@type\":\"WebPage\",\"@id\":\"https:\/\/www.rtfirenze.com\/de\/ueber-uns\/\",\"url\":\"https:\/\/www.rtfirenze.com\/de\/ueber-uns\/\",\"name\":\"Kunststoffspritzguss und Formenbau f\u00fcr Industrier\u00e4der\",\"isPartOf\":{\"@id\":\"https:\/\/www.rtfirenze.com\/#website\"},\"datePublished\":\"2025-12-05T17:36:18+00:00\",\"dateModified\":\"2025-12-05T17:51:19+00:00\",\"description\":\"RT Firenze f\u00fchrt das Kunststoffspritzgussverfahren und den Formenbau f\u00fcr Industrier\u00e4der f\u00fcr jede Anforderung und Ausf\u00fchrung durch.\",\"breadcrumb\":{\"@id\":\"https:\/\/www.rtfirenze.com\/de\/ueber-uns\/#breadcrumb\"},\"inLanguage\":\"de\",\"potentialAction\":[{\"@type\":\"ReadAction\",\"target\":[\"https:\/\/www.rtfirenze.com\/de\/ueber-uns\/\"]}]},{\"@type\":\"BreadcrumbList\",\"@id\":\"https:\/\/www.rtfirenze.com\/de\/ueber-uns\/#breadcrumb\",\"itemListElement\":[{\"@type\":\"ListItem\",\"position\":1,\"name\":\"Home\",\"item\":\"https:\/\/www.rtfirenze.com\/de\/\"},{\"@type\":\"ListItem\",\"position\":2,\"name\":\"\u00dcBER UNS\"}]},{\"@type\":\"WebSite\",\"@id\":\"https:\/\/www.rtfirenze.com\/#website\",\"url\":\"https:\/\/www.rtfirenze.com\/\",\"name\":\"Produzione Ruote Industriali in Plastica e Gomma - RT Firenze\",\"description\":\"Produzione Ruote Industriali in Plastica e Gomma - RT Firenze\",\"potentialAction\":[{\"@type\":\"SearchAction\",\"target\":{\"@type\":\"EntryPoint\",\"urlTemplate\":\"https:\/\/www.rtfirenze.com\/?s={search_term_string}\"},\"query-input\":{\"@type\":\"PropertyValueSpecification\",\"valueRequired\":true,\"valueName\":\"search_term_string\"}}],\"inLanguage\":\"de\"}]}<\/script>\n<!-- \/ Yoast SEO plugin. -->","yoast_head_json":{"title":"Kunststoffspritzguss und Formenbau f\u00fcr Industrier\u00e4der","description":"RT Firenze f\u00fchrt das Kunststoffspritzgussverfahren und den Formenbau f\u00fcr Industrier\u00e4der f\u00fcr jede Anforderung und Ausf\u00fchrung durch.","robots":{"index":"index","follow":"follow","max-snippet":"max-snippet:-1","max-image-preview":"max-image-preview:large","max-video-preview":"max-video-preview:-1"},"canonical":"https:\/\/www.rtfirenze.com\/de\/ueber-uns\/","og_locale":"de_DE","og_type":"article","og_title":"Kunststoffspritzguss und Formenbau f\u00fcr Industrier\u00e4der","og_description":"RT Firenze f\u00fchrt das Kunststoffspritzgussverfahren und den Formenbau f\u00fcr Industrier\u00e4der f\u00fcr jede Anforderung und Ausf\u00fchrung durch.","og_url":"https:\/\/www.rtfirenze.com\/de\/ueber-uns\/","og_site_name":"Produzione Ruote Industriali in Plastica e Gomma - RT Firenze","article_modified_time":"2025-12-05T17:51:19+00:00","twitter_card":"summary_large_image","twitter_misc":{"Gesch\u00e4tzte Lesezeit":"2\u00a0Minuten"},"schema":{"@context":"https:\/\/schema.org","@graph":[{"@type":"WebPage","@id":"https:\/\/www.rtfirenze.com\/de\/ueber-uns\/","url":"https:\/\/www.rtfirenze.com\/de\/ueber-uns\/","name":"Kunststoffspritzguss und Formenbau f\u00fcr Industrier\u00e4der","isPartOf":{"@id":"https:\/\/www.rtfirenze.com\/#website"},"datePublished":"2025-12-05T17:36:18+00:00","dateModified":"2025-12-05T17:51:19+00:00","description":"RT Firenze f\u00fchrt das Kunststoffspritzgussverfahren und den Formenbau f\u00fcr Industrier\u00e4der f\u00fcr jede Anforderung und Ausf\u00fchrung durch.","breadcrumb":{"@id":"https:\/\/www.rtfirenze.com\/de\/ueber-uns\/#breadcrumb"},"inLanguage":"de","potentialAction":[{"@type":"ReadAction","target":["https:\/\/www.rtfirenze.com\/de\/ueber-uns\/"]}]},{"@type":"BreadcrumbList","@id":"https:\/\/www.rtfirenze.com\/de\/ueber-uns\/#breadcrumb","itemListElement":[{"@type":"ListItem","position":1,"name":"Home","item":"https:\/\/www.rtfirenze.com\/de\/"},{"@type":"ListItem","position":2,"name":"\u00dcBER UNS"}]},{"@type":"WebSite","@id":"https:\/\/www.rtfirenze.com\/#website","url":"https:\/\/www.rtfirenze.com\/","name":"Produzione Ruote Industriali in Plastica e Gomma - RT Firenze","description":"Produzione Ruote Industriali in Plastica e Gomma - RT Firenze","potentialAction":[{"@type":"SearchAction","target":{"@type":"EntryPoint","urlTemplate":"https:\/\/www.rtfirenze.com\/?s={search_term_string}"},"query-input":{"@type":"PropertyValueSpecification","valueRequired":true,"valueName":"search_term_string"}}],"inLanguage":"de"}]}},"_links":{"self":[{"href":"https:\/\/www.rtfirenze.com\/de\/wp-json\/wp\/v2\/pages\/5176","targetHints":{"allow":["GET"]}}],"collection":[{"href":"https:\/\/www.rtfirenze.com\/de\/wp-json\/wp\/v2\/pages"}],"about":[{"href":"https:\/\/www.rtfirenze.com\/de\/wp-json\/wp\/v2\/types\/page"}],"author":[{"embeddable":true,"href":"https:\/\/www.rtfirenze.com\/de\/wp-json\/wp\/v2\/users\/1"}],"replies":[{"embeddable":true,"href":"https:\/\/www.rtfirenze.com\/de\/wp-json\/wp\/v2\/comments?post=5176"}],"version-history":[{"count":4,"href":"https:\/\/www.rtfirenze.com\/de\/wp-json\/wp\/v2\/pages\/5176\/revisions"}],"predecessor-version":[{"id":5179,"href":"https:\/\/www.rtfirenze.com\/de\/wp-json\/wp\/v2\/pages\/5176\/revisions\/5179"}],"wp:featuredmedia":[{"embeddable":true,"href":"https:\/\/www.rtfirenze.com\/de\/wp-json\/"}],"wp:attachment":[{"href":"https:\/\/www.rtfirenze.com\/de\/wp-json\/wp\/v2\/media?parent=5176"}],"curies":[{"name":"wp","href":"https:\/\/api.w.org\/{rel}","templated":true}]}}