{"id":5193,"date":"2025-12-05T19:12:53","date_gmt":"2025-12-05T18:12:53","guid":{"rendered":"https:\/\/www.rtfirenze.com\/?page_id=5193"},"modified":"2025-12-09T19:43:55","modified_gmt":"2025-12-09T18:43:55","slug":"compounds","status":"publish","type":"page","link":"https:\/\/www.rtfirenze.com\/de\/compounds\/","title":{"rendered":"COMPOUNDS"},"content":{"rendered":"<div class=\"wpb-content-wrapper\"><p>[vc_row full_width=&#8220;stretch_row&#8220; css=&#8220;.vc_custom_1574256997579{margin-bottom: 0px !important;background-image: url(https:\/\/www.rtfirenze.com\/wp-content\/uploads\/2019\/11\/sfondo-scuro.png?id=173) !important;background-position: 0 0 !important;background-repeat: repeat !important;}&#8220;][vc_column][vc_column_text css_animation=&#8220;none&#8220; css=&#8220;&#8220;]<\/p>\n<h2 style=\"text-align: center;\"><strong><span style=\"color: #ffffff;\">COMPOUNDS<\/span><\/strong><\/h2>\n<p>[\/vc_column_text][vc_separator color=&#8220;black&#8220; style=&#8220;double&#8220; el_width=&#8220;20&#8243; css=&#8220;.vc_custom_1572447812618{margin-bottom: 20px !important;}&#8220;][\/vc_column][\/vc_row][vc_row css=&#8220;.vc_custom_1576065689416{margin-top: 40px !important;margin-bottom: 40px !important;}&#8220;][vc_column][vc_column_text css_animation=&#8220;none&#8220; css=&#8220;&#8220;]<\/p>\n<h4 style=\"text-align: center;\">RT COMPOUNDS<\/h4>\n<p>[\/vc_column_text][vc_separator color=&#8220;custom&#8220; el_width=&#8220;10&#8243; css=&#8220;.vc_custom_1576057812012{margin-top: -10px !important;margin-bottom: 20px !important;}&#8220; accent_color=&#8220;#1d1d1d&#8220;][\/vc_column][\/vc_row][vc_row full_width=&#8220;stretch_row_content_no_spaces&#8220; equal_height=&#8220;yes&#8220; content_placement=&#8220;middle&#8220; css=&#8220;.vc_custom_1576081210300{padding-top: 0px !important;padding-bottom: 0px !important;background-color: #d5d7d4 !important;}&#8220;][vc_column width=&#8220;1\/2&#8243; css=&#8220;.vc_custom_1576081806710{padding-right: 10% !important;padding-left: 10% !important;}&#8220; offset=&#8220;vc_hidden-sm vc_hidden-xs&#8220;][vc_column_text css=&#8220;&#8220;]<\/p>\n<h5 style=\"text-align: center;\"><strong>RT VINTAGE<\/strong><\/h5>\n<p style=\"text-align: center;\">Eine exklusive RT-Produktionslinie: die VINTAGE-Gummibeschichtung<\/p>\n<p style=\"text-align: center;\">Sie besteht haupts\u00e4chlich aus recyceltem Gummistaub aus Altreifen und einem Polyurethan-Bindemittel. Die Mischung zeichnet sich durch hervorragende R\u00fcckstellkraft aus, wodurch Hindernisse m\u00fchelos \u00fcberwunden werden k\u00f6nnen, und bietet zudem eine beachtliche Abrieb- und Sto\u00dffestigkeit.<\/p>\n<p style=\"text-align: center;\">Da wir als Einzige in der Lage sind, diese Mischung einzuspritzen, haben wir den Produktionszyklus automatisiert. So reproduzieren wir die \u00c4sthetik und Qualit\u00e4t von vulkanisiertem Gummi \u2013 ein Verfahren, das aufgrund geringer Produktivit\u00e4t und hoher Produktionskosten jahrelang vernachl\u00e4ssigt wurde.<\/p>\n<p style=\"text-align: center;\">Die Mischung wurde vom Markt sehr positiv aufgenommen. Der bemerkenswerte Erfolg dieser innovativen L\u00f6sung erf\u00fcllt uns mit Stolz, da wir einen wichtigen Marktanteil, der lange ins Ausland abgewandert war, wieder ins Inland zur\u00fcckgebracht haben.<\/p>\n<p style=\"text-align: center;\">Die mit dieser Mischung hergestellten R\u00e4der bestehen zu \u00fcber 90 % aus Sekund\u00e4rrohstoffen, darunter regeneriertes Polypropylen und Gummi aus Altreifen.<\/p>\n<p>[\/vc_column_text][vc_btn title=&#8220;Klicken Sie hier, um die RT Vintage Gummiartikel anzusehen.&#8220; style=&#8220;outline-custom&#8220; outline_custom_color=&#8220;#1d1d1d&#8220; outline_custom_hover_background=&#8220;#1d1d1d&#8220; outline_custom_hover_text=&#8220;#ffffff&#8220; shape=&#8220;square&#8220; align=&#8220;center&#8220; css=&#8220;&#8220; link=&#8220;url:%2Fde%2Frt-vintage-gummi%2F|title:Gomma%20RT%20Vintage&#8220;][\/vc_column][vc_column width=&#8220;1\/2&#8243; offset=&#8220;vc_hidden-sm vc_hidden-xs&#8220;][vc_single_image image=&#8220;476&#8243; img_size=&#8220;full&#8220; alignment=&#8220;center&#8220; onclick=&#8220;link_image&#8220; css=&#8220;.vc_custom_1576081310411{margin-top: -35px !important;margin-bottom: 0px !important;}&#8220;][\/vc_column][\/vc_row][vc_row full_width=&#8220;stretch_row_content_no_spaces&#8220; equal_height=&#8220;yes&#8220; content_placement=&#8220;middle&#8220; css=&#8220;.vc_custom_1576081210300{padding-top: 0px !important;padding-bottom: 0px !important;background-color: #d5d7d4 !important;}&#8220;][vc_column offset=&#8220;vc_hidden-lg vc_hidden-md&#8220;][vc_column_text]<\/p>\n<h5 style=\"text-align: center;\"><strong>RT VINTAGE<\/strong><\/h5>\n<p>[\/vc_column_text][\/vc_column][vc_column width=&#8220;1\/2&#8243; offset=&#8220;vc_hidden-lg vc_hidden-md&#8220;][vc_column_text css=&#8220;&#8220;]<\/p>\n<p style=\"text-align: center;\">Eine exklusive RT-Produktionslinie: die VINTAGE-Gummibeschichtung.<\/p>\n<p style=\"text-align: center;\">Sie besteht haupts\u00e4chlich aus recyceltem Gummistaub aus Altreifen und einem Polyurethan-Bindemittel. Die Mischung zeichnet sich durch hervorragende R\u00fcckstellkraft aus, wodurch Hindernisse m\u00fchelos \u00fcberwunden werden k\u00f6nnen, und bietet zudem eine beachtliche Abrieb- und Sto\u00dffestigkeit.<\/p>\n<p style=\"text-align: center;\">Da wir als Einzige in der Lage sind, diese Mischung einzuspritzen, haben wir den Produktionszyklus automatisiert. So reproduzieren wir die \u00c4sthetik und Qualit\u00e4t von vulkanisiertem Gummi \u2013 ein Verfahren, das aufgrund geringer Produktivit\u00e4t und hoher Produktionskosten jahrelang vernachl\u00e4ssigt wurde.<\/p>\n<p style=\"text-align: center;\">Die Mischung wurde vom Markt sehr positiv aufgenommen. Der bemerkenswerte Erfolg dieser innovativen L\u00f6sung erf\u00fcllt uns mit Stolz, da wir einen wichtigen Marktanteil, der lange ins Ausland abgewandert war, wieder ins Inland zur\u00fcckgebracht haben.<\/p>\n<p style=\"text-align: center;\">Die mit dieser Mischung hergestellten R\u00e4der bestehen zu \u00fcber 90 % aus Sekund\u00e4rrohstoffen, darunter regeneriertes Polypropylen und Gummi aus Altreifen.<\/p>\n<p>[\/vc_column_text][vc_btn title=&#8220;Klicken Sie hier, um die RT Vintage Gummiartikel anzusehen.&#8220; style=&#8220;outline-custom&#8220; outline_custom_color=&#8220;#1d1d1d&#8220; outline_custom_hover_background=&#8220;#1d1d1d&#8220; outline_custom_hover_text=&#8220;#ffffff&#8220; shape=&#8220;square&#8220; align=&#8220;center&#8220; css=&#8220;&#8220; link=&#8220;url:%2Fde%2Frt-vintage-gummi%2F|title:Gomma%20RT%20Vintage&#8220;][\/vc_column][vc_column width=&#8220;1\/2&#8243; offset=&#8220;vc_hidden-lg vc_hidden-md&#8220;][vc_single_image image=&#8220;476&#8243; img_size=&#8220;full&#8220; alignment=&#8220;center&#8220; onclick=&#8220;link_image&#8220; css=&#8220;.vc_custom_1576081310411{margin-top: -35px !important;margin-bottom: 0px !important;}&#8220;][\/vc_column][\/vc_row][vc_row full_width=&#8220;stretch_row_content_no_spaces&#8220; equal_height=&#8220;yes&#8220; content_placement=&#8220;middle&#8220; css=&#8220;.vc_custom_1576081761473{padding-top: 0px !important;padding-bottom: 0px !important;}&#8220;][vc_column width=&#8220;1\/2&#8243; offset=&#8220;vc_hidden-sm vc_hidden-xs&#8220;][vc_single_image image=&#8220;486&#8243; img_size=&#8220;full&#8220; alignment=&#8220;center&#8220; onclick=&#8220;link_image&#8220; css=&#8220;.vc_custom_1576081523715{margin-top: -35px !important;margin-bottom: 0px !important;}&#8220;][\/vc_column][vc_column width=&#8220;1\/2&#8243; css=&#8220;.vc_custom_1576081954392{padding-right: 10% !important;padding-left: 10% !important;}&#8220; offset=&#8220;vc_hidden-sm vc_hidden-xs&#8220;][vc_column_text css=&#8220;&#8220;]<\/p>\n<h5 style=\"text-align: center;\"><strong>RT RICICLA<\/strong><\/h5>\n<p style=\"text-align: center;\">Die RT RICICLA-Gummir\u00e4der verf\u00fcgen \u00fcber eine spritzgegossene thermoplastische Lauffl\u00e4che, die zu mehr als 50 % aus recyceltem Gummi aus Altreifen besteht. Sie bieten ein hervorragendes Preis-Leistungs-Verh\u00e4ltnis. Die Gummimischung hat eine H\u00e4rte von 80\u201390 Shore A.<\/p>\n<p style=\"text-align: center;\">Produkte aus RT-Recyclinggummi sind seit 1984 auf dem Markt und werden weiterhin erfolgreich in verschiedenen Industriezweigen eingesetzt, darunter Hochdruckreiniger, Kompressoren, Kehrmaschinen, Staubsauger, Schwei\u00dfger\u00e4te, Land- und Forstmaschinen, Baumaschinen sowie Werkzeug- und Autowerkstattausr\u00fcstung.<\/p>\n<p>[\/vc_column_text][vc_btn title=&#8220;Klicken Sie hier, um die RT Ricicla Gummiartikel anzusehen.&#8220; style=&#8220;outline-custom&#8220; outline_custom_color=&#8220;#1d1d1d&#8220; outline_custom_hover_background=&#8220;#1d1d1d&#8220; outline_custom_hover_text=&#8220;#ffffff&#8220; shape=&#8220;square&#8220; align=&#8220;center&#8220; css=&#8220;&#8220; link=&#8220;url:%2Fde%2Frt-ricicla-gummi%2F|title:Gomma%20RT%20Ricicla&#8220;][\/vc_column][\/vc_row][vc_row full_width=&#8220;stretch_row_content_no_spaces&#8220; equal_height=&#8220;yes&#8220; content_placement=&#8220;middle&#8220; css=&#8220;.vc_custom_1576081761473{padding-top: 0px !important;padding-bottom: 0px !important;}&#8220;][vc_column offset=&#8220;vc_hidden-lg vc_hidden-md&#8220;][vc_column_text css=&#8220;.vc_custom_1576082116837{padding-top: 25px !important;}&#8220;]<\/p>\n<h5 style=\"text-align: center;\"><strong>RT RICICLA<\/strong><\/h5>\n<p>[\/vc_column_text][\/vc_column][vc_column width=&#8220;1\/2&#8243; offset=&#8220;vc_hidden-lg vc_hidden-md&#8220;][vc_single_image image=&#8220;486&#8243; img_size=&#8220;full&#8220; alignment=&#8220;center&#8220; onclick=&#8220;link_image&#8220;][\/vc_column][vc_column width=&#8220;1\/2&#8243; offset=&#8220;vc_hidden-lg vc_hidden-md&#8220;][vc_column_text css=&#8220;&#8220;]<\/p>\n<p style=\"text-align: center;\">Die RT RICICLA-Gummir\u00e4der verf\u00fcgen \u00fcber eine spritzgegossene thermoplastische Lauffl\u00e4che, die zu mehr als 50 % aus recyceltem Gummi aus Altreifen besteht. Sie bieten ein hervorragendes Preis-Leistungs-Verh\u00e4ltnis. Die Gummimischung hat eine H\u00e4rte von 80\u201390 Shore A.<\/p>\n<p style=\"text-align: center;\">Produkte aus RT-Recyclinggummi sind seit 1984 auf dem Markt und werden weiterhin erfolgreich in verschiedenen Industriezweigen eingesetzt, darunter Hochdruckreiniger, Kompressoren, Kehrmaschinen, Staubsauger, Schwei\u00dfger\u00e4te, Land- und Forstmaschinen, Baumaschinen sowie Werkzeug- und Autowerkstattausr\u00fcstung.<\/p>\n<p>[\/vc_column_text][vc_btn title=&#8220;Klicken Sie hier, um die RT Ricicla Gummiartikel anzusehen.&#8220; style=&#8220;outline-custom&#8220; outline_custom_color=&#8220;#1d1d1d&#8220; outline_custom_hover_background=&#8220;#1d1d1d&#8220; outline_custom_hover_text=&#8220;#ffffff&#8220; shape=&#8220;square&#8220; align=&#8220;center&#8220; css=&#8220;&#8220; link=&#8220;url:%2Fde%2Frt-ricicla-gummi%2F|title:Gomma%20RT%20Ricicla&#8220;][\/vc_column][\/vc_row][vc_row full_width=&#8220;stretch_row_content_no_spaces&#8220; equal_height=&#8220;yes&#8220; content_placement=&#8220;middle&#8220; css=&#8220;.vc_custom_1576081210300{padding-top: 0px !important;padding-bottom: 0px !important;background-color: #d5d7d4 !important;}&#8220;][vc_column width=&#8220;1\/2&#8243; css=&#8220;.vc_custom_1576082182944{padding-right: 10% !important;padding-left: 10% !important;}&#8220; offset=&#8220;vc_hidden-sm vc_hidden-xs&#8220;][vc_column_text css=&#8220;&#8220;]<\/p>\n<h5 style=\"text-align: center;\"><strong>RT ANTITRACCIA-CLEANING<\/strong><\/h5>\n<p style=\"text-align: center;\">Die aus grauem, abriebfestem thermoplastischem Gummi (TPE) gefertigten R\u00e4der eignen sich f\u00fcr alle Bodenarten \u2013 sowohl im industriellen als auch im privaten Bereich.<br \/>\nSie besch\u00e4digen oder verf\u00e4rben die B\u00f6den nicht und werden haupts\u00e4chlich im Reinigungssektor eingesetzt.<\/p>\n<p>[\/vc_column_text][vc_btn title=&#8220;Klicken Sie hier, um die RT Antiraccia-Cleaning Gummiartikel anzusehen.&#8220; style=&#8220;outline-custom&#8220; outline_custom_color=&#8220;#1d1d1d&#8220; outline_custom_hover_background=&#8220;#1d1d1d&#8220; outline_custom_hover_text=&#8220;#ffffff&#8220; shape=&#8220;square&#8220; align=&#8220;center&#8220; css=&#8220;&#8220; link=&#8220;url:%2Fde%2Frt-antitraccia-gummi%2F|title:Gomma%20RT%20Antitraccia&#8220;][\/vc_column][vc_column width=&#8220;1\/2&#8243; offset=&#8220;vc_hidden-sm vc_hidden-xs&#8220;][vc_single_image image=&#8220;493&#8243; img_size=&#8220;full&#8220; alignment=&#8220;center&#8220; onclick=&#8220;link_image&#8220; css=&#8220;.vc_custom_1576081684242{margin-top: -35px !important;margin-bottom: 0px !important;}&#8220;][\/vc_column][\/vc_row][vc_row full_width=&#8220;stretch_row_content_no_spaces&#8220; equal_height=&#8220;yes&#8220; content_placement=&#8220;middle&#8220; css=&#8220;.vc_custom_1576081210300{padding-top: 0px !important;padding-bottom: 0px !important;background-color: #d5d7d4 !important;}&#8220;][vc_column offset=&#8220;vc_hidden-lg vc_hidden-md&#8220;][vc_column_text css=&#8220;&#8220;]<\/p>\n<h5 style=\"text-align: center;\"><strong>RT ANTITRACCIA-CLEANING<\/strong><\/h5>\n<p>[\/vc_column_text][\/vc_column][vc_column width=&#8220;1\/2&#8243; offset=&#8220;vc_hidden-lg vc_hidden-md&#8220;][vc_column_text css=&#8220;&#8220;]<\/p>\n<p style=\"text-align: center;\">Die aus grauem, abriebfestem thermoplastischem Gummi (TPE) gefertigten R\u00e4der eignen sich f\u00fcr alle Bodenarten \u2013 sowohl im industriellen als auch im privaten Bereich.<br \/>\nSie besch\u00e4digen oder verf\u00e4rben die B\u00f6den nicht und werden haupts\u00e4chlich im Reinigungssektor eingesetzt.<\/p>\n<p>[\/vc_column_text][vc_btn title=&#8220;Klicken Sie hier, um die RT Antiraccia-Cleaning Gummiartikel anzusehen.&#8220; style=&#8220;outline-custom&#8220; outline_custom_color=&#8220;#1d1d1d&#8220; outline_custom_hover_background=&#8220;#1d1d1d&#8220; outline_custom_hover_text=&#8220;#ffffff&#8220; shape=&#8220;square&#8220; align=&#8220;center&#8220; css=&#8220;&#8220; link=&#8220;url:%2Fde%2Frt-antitraccia-gummi%2F|title:Gomma%20RT%20Antitraccia&#8220;][\/vc_column][vc_column width=&#8220;1\/2&#8243; offset=&#8220;vc_hidden-lg vc_hidden-md&#8220;][vc_single_image image=&#8220;493&#8243; img_size=&#8220;full&#8220; alignment=&#8220;center&#8220; onclick=&#8220;link_image&#8220; css=&#8220;.vc_custom_1576081684242{margin-top: -35px !important;margin-bottom: 0px !important;}&#8220;][\/vc_column][\/vc_row][vc_row css=&#8220;.vc_custom_1576082701878{margin-top: 40px !important;margin-bottom: 40px !important;}&#8220;][vc_column][vc_column_text css=&#8220;&#8220;]<\/p>\n<h5 style=\"text-align: center;\"><strong>Regeneriertes Polypropylen<\/strong><\/h5>\n<p style=\"text-align: center;\">Dieses Material wird als Alternative zu herk\u00f6mmlichem Polypropylen f\u00fcr die Herstellung von Felgeninnenteilen und einigen Radkappen verwendet.<\/p>\n<p>[\/vc_column_text][\/vc_column][\/vc_row][vc_row full_width=&#8220;stretch_row_content_no_spaces&#8220;][vc_column width=&#8220;1\/2&#8243;][vc_single_image image=&#8220;505&#8243; img_size=&#8220;full&#8220; alignment=&#8220;center&#8220; onclick=&#8220;link_image&#8220; css=&#8220;.vc_custom_1576082608093{margin-bottom: 0px !important;}&#8220;][\/vc_column][vc_column width=&#8220;1\/2&#8243;][vc_single_image image=&#8220;510&#8243; img_size=&#8220;full&#8220; alignment=&#8220;center&#8220; onclick=&#8220;link_image&#8220; css=&#8220;.vc_custom_1576082631711{margin-bottom: 0px !important;}&#8220;][\/vc_column][\/vc_row]<\/p>\n<\/div>","protected":false},"excerpt":{"rendered":"<p>[vc_row full_width=&#8220;stretch_row&#8220; css=&#8220;.vc_custom_1574256997579{margin-bottom: 0px !important;background-image: url(https:\/\/www.rtfirenze.com\/wp-content\/uploads\/2019\/11\/sfondo-scuro.png?id=173) !important;background-position: 0 0 !important;background-repeat: repeat !important;}&#8220;][vc_column][vc_column_text css_animation=&#8220;none&#8220; css=&#8220;&#8220;] COMPOUNDS [\/vc_column_text][vc_separator color=&#8220;black&#8220; style=&#8220;double&#8220; el_width=&#8220;20&#8243; css=&#8220;.vc_custom_1572447812618{margin-bottom: 20px !important;}&#8220;][\/vc_column][\/vc_row][vc_row css=&#8220;.vc_custom_1576065689416{margin-top: 40px !important;margin-bottom: 40px<\/p>\n","protected":false},"author":1,"featured_media":-1,"parent":0,"menu_order":0,"comment_status":"closed","ping_status":"closed","template":"","meta":{"footnotes":""},"class_list":["post-5193","page","type-page","status-publish","has-post-thumbnail","hentry"],"yoast_head":"<!-- This site is optimized with the Yoast SEO plugin v26.7 - https:\/\/yoast.com\/wordpress\/plugins\/seo\/ -->\n<title>Produktion von Vollgummir\u00e4dern aus Kunststoff und Gummi \u2013 RT Firenze<\/title>\n<meta name=\"description\" content=\"RT Firenze stellt f\u00fcr jede Anforderung und Ausf\u00fchrung Vollgummir\u00e4der aus Kunststoffen und Gummi f\u00fcr den industriellen Einsatz her.\" \/>\n<meta name=\"robots\" content=\"index, follow, max-snippet:-1, max-image-preview:large, max-video-preview:-1\" \/>\n<link rel=\"canonical\" href=\"https:\/\/www.rtfirenze.com\/de\/compounds\/\" \/>\n<meta property=\"og:locale\" content=\"de_DE\" \/>\n<meta property=\"og:type\" content=\"article\" \/>\n<meta property=\"og:title\" content=\"Produktion von Vollgummir\u00e4dern aus Kunststoff und Gummi \u2013 RT Firenze\" \/>\n<meta property=\"og:description\" content=\"RT Firenze stellt f\u00fcr jede Anforderung und Ausf\u00fchrung Vollgummir\u00e4der aus Kunststoffen und Gummi f\u00fcr den industriellen Einsatz her.\" \/>\n<meta property=\"og:url\" content=\"https:\/\/www.rtfirenze.com\/de\/compounds\/\" \/>\n<meta property=\"og:site_name\" content=\"Produzione Ruote Industriali in Plastica e Gomma - RT Firenze\" \/>\n<meta property=\"article:modified_time\" content=\"2025-12-09T18:43:55+00:00\" \/>\n<meta name=\"twitter:card\" content=\"summary_large_image\" \/>\n<meta name=\"twitter:label1\" content=\"Gesch\u00e4tzte Lesezeit\" \/>\n\t<meta name=\"twitter:data1\" content=\"7\u00a0Minuten\" \/>\n<script type=\"application\/ld+json\" class=\"yoast-schema-graph\">{\"@context\":\"https:\/\/schema.org\",\"@graph\":[{\"@type\":\"WebPage\",\"@id\":\"https:\/\/www.rtfirenze.com\/de\/compounds\/\",\"url\":\"https:\/\/www.rtfirenze.com\/de\/compounds\/\",\"name\":\"Produktion von Vollgummir\u00e4dern aus Kunststoff und Gummi \u2013 RT Firenze\",\"isPartOf\":{\"@id\":\"https:\/\/www.rtfirenze.com\/#website\"},\"datePublished\":\"2025-12-05T18:12:53+00:00\",\"dateModified\":\"2025-12-09T18:43:55+00:00\",\"description\":\"RT Firenze stellt f\u00fcr jede Anforderung und Ausf\u00fchrung Vollgummir\u00e4der aus Kunststoffen und Gummi f\u00fcr den industriellen Einsatz her.\",\"breadcrumb\":{\"@id\":\"https:\/\/www.rtfirenze.com\/de\/compounds\/#breadcrumb\"},\"inLanguage\":\"de\",\"potentialAction\":[{\"@type\":\"ReadAction\",\"target\":[\"https:\/\/www.rtfirenze.com\/de\/compounds\/\"]}]},{\"@type\":\"BreadcrumbList\",\"@id\":\"https:\/\/www.rtfirenze.com\/de\/compounds\/#breadcrumb\",\"itemListElement\":[{\"@type\":\"ListItem\",\"position\":1,\"name\":\"Home\",\"item\":\"https:\/\/www.rtfirenze.com\/de\/\"},{\"@type\":\"ListItem\",\"position\":2,\"name\":\"COMPOUNDS\"}]},{\"@type\":\"WebSite\",\"@id\":\"https:\/\/www.rtfirenze.com\/#website\",\"url\":\"https:\/\/www.rtfirenze.com\/\",\"name\":\"Produzione Ruote Industriali in Plastica e Gomma - RT Firenze\",\"description\":\"Produzione Ruote Industriali in Plastica e Gomma - RT Firenze\",\"potentialAction\":[{\"@type\":\"SearchAction\",\"target\":{\"@type\":\"EntryPoint\",\"urlTemplate\":\"https:\/\/www.rtfirenze.com\/?s={search_term_string}\"},\"query-input\":{\"@type\":\"PropertyValueSpecification\",\"valueRequired\":true,\"valueName\":\"search_term_string\"}}],\"inLanguage\":\"de\"}]}<\/script>\n<!-- \/ Yoast SEO plugin. -->","yoast_head_json":{"title":"Produktion von Vollgummir\u00e4dern aus Kunststoff und Gummi \u2013 RT Firenze","description":"RT Firenze stellt f\u00fcr jede Anforderung und Ausf\u00fchrung Vollgummir\u00e4der aus Kunststoffen und Gummi f\u00fcr den industriellen Einsatz her.","robots":{"index":"index","follow":"follow","max-snippet":"max-snippet:-1","max-image-preview":"max-image-preview:large","max-video-preview":"max-video-preview:-1"},"canonical":"https:\/\/www.rtfirenze.com\/de\/compounds\/","og_locale":"de_DE","og_type":"article","og_title":"Produktion von Vollgummir\u00e4dern aus Kunststoff und Gummi \u2013 RT Firenze","og_description":"RT Firenze stellt f\u00fcr jede Anforderung und Ausf\u00fchrung Vollgummir\u00e4der aus Kunststoffen und Gummi f\u00fcr den industriellen Einsatz her.","og_url":"https:\/\/www.rtfirenze.com\/de\/compounds\/","og_site_name":"Produzione Ruote Industriali in Plastica e Gomma - RT Firenze","article_modified_time":"2025-12-09T18:43:55+00:00","twitter_card":"summary_large_image","twitter_misc":{"Gesch\u00e4tzte Lesezeit":"7\u00a0Minuten"},"schema":{"@context":"https:\/\/schema.org","@graph":[{"@type":"WebPage","@id":"https:\/\/www.rtfirenze.com\/de\/compounds\/","url":"https:\/\/www.rtfirenze.com\/de\/compounds\/","name":"Produktion von Vollgummir\u00e4dern aus Kunststoff und Gummi \u2013 RT Firenze","isPartOf":{"@id":"https:\/\/www.rtfirenze.com\/#website"},"datePublished":"2025-12-05T18:12:53+00:00","dateModified":"2025-12-09T18:43:55+00:00","description":"RT Firenze stellt f\u00fcr jede Anforderung und Ausf\u00fchrung Vollgummir\u00e4der aus Kunststoffen und Gummi f\u00fcr den industriellen Einsatz her.","breadcrumb":{"@id":"https:\/\/www.rtfirenze.com\/de\/compounds\/#breadcrumb"},"inLanguage":"de","potentialAction":[{"@type":"ReadAction","target":["https:\/\/www.rtfirenze.com\/de\/compounds\/"]}]},{"@type":"BreadcrumbList","@id":"https:\/\/www.rtfirenze.com\/de\/compounds\/#breadcrumb","itemListElement":[{"@type":"ListItem","position":1,"name":"Home","item":"https:\/\/www.rtfirenze.com\/de\/"},{"@type":"ListItem","position":2,"name":"COMPOUNDS"}]},{"@type":"WebSite","@id":"https:\/\/www.rtfirenze.com\/#website","url":"https:\/\/www.rtfirenze.com\/","name":"Produzione Ruote Industriali in Plastica e Gomma - RT Firenze","description":"Produzione Ruote Industriali in Plastica e Gomma - RT Firenze","potentialAction":[{"@type":"SearchAction","target":{"@type":"EntryPoint","urlTemplate":"https:\/\/www.rtfirenze.com\/?s={search_term_string}"},"query-input":{"@type":"PropertyValueSpecification","valueRequired":true,"valueName":"search_term_string"}}],"inLanguage":"de"}]}},"_links":{"self":[{"href":"https:\/\/www.rtfirenze.com\/de\/wp-json\/wp\/v2\/pages\/5193","targetHints":{"allow":["GET"]}}],"collection":[{"href":"https:\/\/www.rtfirenze.com\/de\/wp-json\/wp\/v2\/pages"}],"about":[{"href":"https:\/\/www.rtfirenze.com\/de\/wp-json\/wp\/v2\/types\/page"}],"author":[{"embeddable":true,"href":"https:\/\/www.rtfirenze.com\/de\/wp-json\/wp\/v2\/users\/1"}],"replies":[{"embeddable":true,"href":"https:\/\/www.rtfirenze.com\/de\/wp-json\/wp\/v2\/comments?post=5193"}],"version-history":[{"count":5,"href":"https:\/\/www.rtfirenze.com\/de\/wp-json\/wp\/v2\/pages\/5193\/revisions"}],"predecessor-version":[{"id":5423,"href":"https:\/\/www.rtfirenze.com\/de\/wp-json\/wp\/v2\/pages\/5193\/revisions\/5423"}],"wp:featuredmedia":[{"embeddable":true,"href":"https:\/\/www.rtfirenze.com\/de\/wp-json\/"}],"wp:attachment":[{"href":"https:\/\/www.rtfirenze.com\/de\/wp-json\/wp\/v2\/media?parent=5193"}],"curies":[{"name":"wp","href":"https:\/\/api.w.org\/{rel}","templated":true}]}}