{"id":5199,"date":"2025-12-05T19:25:35","date_gmt":"2025-12-05T18:25:35","guid":{"rendered":"https:\/\/www.rtfirenze.com\/?page_id=5199"},"modified":"2025-12-05T19:31:57","modified_gmt":"2025-12-05T18:31:57","slug":"prozess-eines-rades","status":"publish","type":"page","link":"https:\/\/www.rtfirenze.com\/de\/prozess-eines-rades\/","title":{"rendered":"PROZESS EINES RADES"},"content":{"rendered":"<div class=\"wpb-content-wrapper\"><p>[vc_row full_width=&#8220;stretch_row&#8220; css=&#8220;.vc_custom_1574256997579{margin-bottom: 0px !important;background-image: url(https:\/\/www.rtfirenze.com\/wp-content\/uploads\/2019\/11\/sfondo-scuro.png?id=173) !important;background-position: 0 0 !important;background-repeat: repeat !important;}&#8220;][vc_column][vc_column_text css_animation=&#8220;none&#8220; css=&#8220;&#8220;]<\/p>\n<h2 style=\"text-align: center;\"><strong><span style=\"color: #ffffff;\">PROZESS EINES RADES<\/span><\/strong><\/h2>\n<p>[\/vc_column_text][\/vc_column][\/vc_row][vc_row css=&#8220;.vc_custom_1574765165546{margin-top: 70px !important;margin-bottom: 40px !important;}&#8220;][vc_column][vc_column_text css_animation=&#8220;none&#8220; css=&#8220;&#8220;]<\/p>\n<h6 style=\"text-align: center;\"><span style=\"font-family: 'Arial',sans-serif;\">In unserem Unternehmen in der Gemeinde Lastra a Signa in der Provinz Florenz entwickeln und fertigen wir hochqualitative, innovative thermoplastische R\u00e4der \u2013 einige der interessantesten auf dem Markt, die Leistung, Design und Langlebigkeit perfekt vereinen.<\/span><\/h6>\n<p>[\/vc_column_text][\/vc_column][\/vc_row][vc_row full_width=&#8220;stretch_row&#8220; equal_height=&#8220;yes&#8220; content_placement=&#8220;middle&#8220; css=&#8220;.vc_custom_1577112603503{border-bottom-width: 2% !important;padding-top: 5% !important;background-image: url(https:\/\/www.rtfirenze.com\/wp-content\/uploads\/2019\/12\/parallasse-percorso-ruota.jpg?id=1320) !important;}&#8220;][vc_column][vc_column_text css=&#8220;.vc_custom_1764959276598{padding-bottom: 40px !important;}&#8220;]<\/p>\n<h4 style=\"text-align: center;\"><span style=\"color: #ffffff;\">So werden unsere R\u00e4der hergestellt:<\/span><\/h4>\n<p>[\/vc_column_text][vc_row_inner equal_height=&#8220;yes&#8220; content_placement=&#8220;middle&#8220;][vc_column_inner width=&#8220;1\/3&#8243; offset=&#8220;vc_hidden-sm vc_hidden-xs&#8220;][vc_single_image image=&#8220;263&#8243; img_size=&#8220;full&#8220; alignment=&#8220;right&#8220; css=&#8220;.vc_custom_1574764194996{margin-bottom: 0px !important;}&#8220;][\/vc_column_inner][vc_column_inner width=&#8220;2\/3&#8243; offset=&#8220;vc_hidden-sm vc_hidden-xs&#8220;][vc_column_text css=&#8220;&#8220;]<span style=\"color: #ffffff;\"><strong>Vom 3D-CAD-System zum Prototyp<\/strong>: Auf Basis eines 3D-CAD-Systems erstellen wir eine detaillierte technische Zeichnung und fertigen einen ersten Prototyp.<\/span>[\/vc_column_text][\/vc_column_inner][\/vc_row_inner][vc_row_inner equal_height=&#8220;yes&#8220; content_placement=&#8220;middle&#8220;][vc_column_inner width=&#8220;1\/3&#8243; offset=&#8220;vc_hidden-lg vc_hidden-md&#8220;][vc_single_image image=&#8220;263&#8243; img_size=&#8220;full&#8220; alignment=&#8220;center&#8220; css=&#8220;.vc_custom_1574764600117{margin-bottom: 0px !important;}&#8220;][\/vc_column_inner][vc_column_inner width=&#8220;2\/3&#8243; offset=&#8220;vc_hidden-lg vc_hidden-md&#8220;][vc_column_text css=&#8220;&#8220;]<span style=\"color: #ffffff;\"><strong>Vom 3D-CAD-System zum Prototyp<\/strong>: Auf Basis eines 3D-CAD-Systems erstellen wir eine detaillierte technische Zeichnung und fertigen einen ersten Prototyp.<\/span>[\/vc_column_text][\/vc_column_inner][\/vc_row_inner][vc_row_inner equal_height=&#8220;yes&#8220; content_placement=&#8220;middle&#8220;][vc_column_inner width=&#8220;1\/3&#8243; offset=&#8220;vc_hidden-sm vc_hidden-xs&#8220;][vc_single_image image=&#8220;284&#8243; img_size=&#8220;full&#8220; alignment=&#8220;right&#8220; css=&#8220;.vc_custom_1574764163271{margin-bottom: 0px !important;}&#8220;][\/vc_column_inner][vc_column_inner width=&#8220;2\/3&#8243; offset=&#8220;vc_hidden-sm vc_hidden-xs&#8220;][vc_column_text css=&#8220;&#8220;]<span style=\"color: #ffffff;\"><strong>Mechanische Werkstatt<\/strong>: In unserer mechanischen Werkstatt arbeiten hochqualifizierte Mitarbeiter an modernen 3- und 4-Achs-CNC-Werkzeugmaschinen und stellen Formen f\u00fcr R\u00e4der her, die sowohl f\u00fcr die Serien- als auch f\u00fcr die kundenspezifische Produktion geeignet sind. <\/span>[\/vc_column_text][\/vc_column_inner][\/vc_row_inner][vc_row_inner equal_height=&#8220;yes&#8220; content_placement=&#8220;middle&#8220;][vc_column_inner width=&#8220;1\/3&#8243; offset=&#8220;vc_hidden-lg vc_hidden-md&#8220;][vc_single_image image=&#8220;284&#8243; img_size=&#8220;full&#8220; alignment=&#8220;center&#8220; css=&#8220;.vc_custom_1574764691711{margin-bottom: 0px !important;}&#8220;][\/vc_column_inner][vc_column_inner width=&#8220;2\/3&#8243; offset=&#8220;vc_hidden-lg vc_hidden-md&#8220;][vc_column_text css=&#8220;&#8220;]<span style=\"color: #ffffff;\"><strong>Mechanische Werkstatt<\/strong>: In unserer mechanischen Werkstatt arbeiten hochqualifizierte Mitarbeiter an modernen 3- und 4-Achs-CNC-Werkzeugmaschinen und stellen Formen f\u00fcr R\u00e4der her, die sowohl f\u00fcr die Serien- als auch f\u00fcr die kundenspezifische Produktion geeignet sind. <\/span>[\/vc_column_text][\/vc_column_inner][\/vc_row_inner][vc_row_inner equal_height=&#8220;yes&#8220; content_placement=&#8220;middle&#8220;][vc_column_inner width=&#8220;1\/3&#8243; offset=&#8220;vc_hidden-sm vc_hidden-xs&#8220;][vc_single_image image=&#8220;289&#8243; img_size=&#8220;full&#8220; alignment=&#8220;right&#8220; css=&#8220;.vc_custom_1574764211481{margin-bottom: 0px !important;}&#8220;][\/vc_column_inner][vc_column_inner width=&#8220;2\/3&#8243; offset=&#8220;vc_hidden-sm vc_hidden-xs&#8220;][vc_column_text css=&#8220;&#8220;]<span style=\"color: #ffffff;\"><strong>Formenproduktion<\/strong>: In der Formabteilung fertigen wir R\u00e4der und Gummiringe von wenigen Gramm bis zu rund 10\u202fkg. Dies wird durch den Einsatz von Standard- und Rotations-Mehrstationen-Spritzgie\u00dfmaschinen mit Schlie\u00dfkr\u00e4ften von 50 bis 550\u202fTonnen erm\u00f6glicht. <\/span>[\/vc_column_text][\/vc_column_inner][\/vc_row_inner][vc_row_inner equal_height=&#8220;yes&#8220; content_placement=&#8220;middle&#8220;][vc_column_inner width=&#8220;1\/3&#8243; offset=&#8220;vc_hidden-lg vc_hidden-md&#8220;][vc_single_image image=&#8220;289&#8243; img_size=&#8220;full&#8220; alignment=&#8220;center&#8220; css=&#8220;.vc_custom_1574764729631{margin-bottom: 0px !important;}&#8220;][\/vc_column_inner][vc_column_inner width=&#8220;2\/3&#8243; offset=&#8220;vc_hidden-lg vc_hidden-md&#8220;][vc_column_text css=&#8220;&#8220;]<span style=\"color: #ffffff;\"><strong>Formenproduktion<\/strong>: In der Formabteilung fertigen wir R\u00e4der und Gummiringe von wenigen Gramm bis zu rund 10\u202fkg. Dies wird durch den Einsatz von Standard- und Rotations-Mehrstationen-Spritzgie\u00dfmaschinen mit Schlie\u00dfkr\u00e4ften von 50 bis 550\u202fTonnen erm\u00f6glicht. <\/span>[\/vc_column_text][\/vc_column_inner][\/vc_row_inner][vc_row_inner equal_height=&#8220;yes&#8220; content_placement=&#8220;middle&#8220;][vc_column_inner width=&#8220;1\/3&#8243; offset=&#8220;vc_hidden-sm vc_hidden-xs&#8220;][vc_single_image image=&#8220;294&#8243; img_size=&#8220;full&#8220; alignment=&#8220;right&#8220; css=&#8220;.vc_custom_1574764226661{margin-bottom: 0px !important;}&#8220;][\/vc_column_inner][vc_column_inner width=&#8220;2\/3&#8243; offset=&#8220;vc_hidden-sm vc_hidden-xs&#8220;][vc_column_text css=&#8220;&#8220;]<span style=\"color: #ffffff;\"><strong>Materialien<\/strong>: F\u00fcr die Herstellung verwenden wir erstklassige Kunststoffe, thermoplastische Kautschuke und Gummigranulat aus recycelten Altreifen, um h\u00f6chste Qualit\u00e4t und Nachhaltigkeit zu gew\u00e4hrleisten. <\/span>[\/vc_column_text][\/vc_column_inner][\/vc_row_inner][vc_row_inner equal_height=&#8220;yes&#8220; content_placement=&#8220;middle&#8220;][vc_column_inner width=&#8220;1\/3&#8243; offset=&#8220;vc_hidden-lg vc_hidden-md&#8220;][vc_single_image image=&#8220;294&#8243; img_size=&#8220;full&#8220; alignment=&#8220;center&#8220; css=&#8220;.vc_custom_1574764798976{margin-bottom: 0px !important;}&#8220;][\/vc_column_inner][vc_column_inner width=&#8220;2\/3&#8243; offset=&#8220;vc_hidden-lg vc_hidden-md&#8220;][vc_column_text css=&#8220;&#8220;]<span style=\"color: #ffffff;\"><strong>Materialien<\/strong>: F\u00fcr die Herstellung verwenden wir erstklassige Kunststoffe, thermoplastische Kautschuke und Gummigranulat aus recycelten Altreifen, um h\u00f6chste Qualit\u00e4t und Nachhaltigkeit zu gew\u00e4hrleisten. <\/span>[\/vc_column_text][\/vc_column_inner][\/vc_row_inner][vc_row_inner equal_height=&#8220;yes&#8220; content_placement=&#8220;middle&#8220;][vc_column_inner width=&#8220;1\/3&#8243; offset=&#8220;vc_hidden-sm vc_hidden-xs&#8220;][vc_single_image image=&#8220;299&#8243; img_size=&#8220;full&#8220; alignment=&#8220;right&#8220; css=&#8220;.vc_custom_1574764243661{margin-bottom: 0px !important;}&#8220;][\/vc_column_inner][vc_column_inner width=&#8220;2\/3&#8243; offset=&#8220;vc_hidden-sm vc_hidden-xs&#8220;][vc_column_text css=&#8220;&#8220;]<span style=\"color: #ffffff;\"><strong>Qualit\u00e4tskontrolle und Verpackung<\/strong>: Am Ende des Produktionsprozesses \u00fcberpr\u00fcft das geschulte Auge unserer Mitarbeiter jedes einzelne Rad und bereitet es anschlie\u00dfend auf Basis der eingegangenen Bestellungen f\u00fcr die Verpackung vor. <\/span>[\/vc_column_text][\/vc_column_inner][\/vc_row_inner][vc_row_inner equal_height=&#8220;yes&#8220; content_placement=&#8220;middle&#8220;][vc_column_inner width=&#8220;1\/3&#8243; offset=&#8220;vc_hidden-lg vc_hidden-md&#8220;][vc_single_image image=&#8220;299&#8243; img_size=&#8220;full&#8220; alignment=&#8220;center&#8220; css=&#8220;.vc_custom_1574764867780{margin-bottom: 0px !important;}&#8220;][\/vc_column_inner][vc_column_inner width=&#8220;2\/3&#8243; offset=&#8220;vc_hidden-lg vc_hidden-md&#8220;][vc_column_text css=&#8220;&#8220;]<span style=\"color: #ffffff;\"><strong>Qualit\u00e4tskontrolle und Verpackung<\/strong>: Am Ende des Produktionsprozesses \u00fcberpr\u00fcft das geschulte Auge unserer Mitarbeiter jedes einzelne Rad und bereitet es anschlie\u00dfend auf Basis der eingegangenen Bestellungen f\u00fcr die Verpackung vor. <\/span>[\/vc_column_text][\/vc_column_inner][\/vc_row_inner][\/vc_column][\/vc_row][vc_row css=&#8220;.vc_custom_1574765242329{margin-top: 60px !important;margin-bottom: 70px !important;}&#8220;][vc_column][vc_column_text css=&#8220;&#8220;]<\/p>\n<h6 style=\"text-align: center;\">Schnelle Lieferung: T\u00e4glich werden die R\u00e4der von nationalen und internationalen Spediteuren abgeholt und innerhalb k\u00fcrzester Zeit direkt an die Fabriken unserer Kunden geliefert.<\/h6>\n<p>[\/vc_column_text][\/vc_column][\/vc_row]<\/p>\n<\/div>","protected":false},"excerpt":{"rendered":"<p>[vc_row full_width=&#8220;stretch_row&#8220; css=&#8220;.vc_custom_1574256997579{margin-bottom: 0px !important;background-image: url(https:\/\/www.rtfirenze.com\/wp-content\/uploads\/2019\/11\/sfondo-scuro.png?id=173) !important;background-position: 0 0 !important;background-repeat: repeat !important;}&#8220;][vc_column][vc_column_text css_animation=&#8220;none&#8220; css=&#8220;&#8220;] PROZESS EINES RADES [\/vc_column_text][\/vc_column][\/vc_row][vc_row css=&#8220;.vc_custom_1574765165546{margin-top: 70px !important;margin-bottom: 40px !important;}&#8220;][vc_column][vc_column_text css_animation=&#8220;none&#8220; css=&#8220;&#8220;] In<\/p>\n","protected":false},"author":1,"featured_media":-1,"parent":0,"menu_order":0,"comment_status":"closed","ping_status":"closed","template":"","meta":{"footnotes":""},"class_list":["post-5199","page","type-page","status-publish","has-post-thumbnail","hentry"],"yoast_head":"<!-- This site is optimized with the Yoast SEO plugin v26.7 - https:\/\/yoast.com\/wordpress\/plugins\/seo\/ -->\n<title>Kunststoff- und Gummir\u00e4der, Konstruktion und Produktion \u2013 RT Firenze<\/title>\n<meta name=\"description\" content=\"Seit \u00fcber 30 Jahren entwickelt und produziert RT Firenze R\u00e4der f\u00fcr den industriellen Einsatz aus Kunststoff und Gummi f\u00fcr jede Anforderung und Ausf\u00fchrung.\" \/>\n<meta name=\"robots\" content=\"index, follow, max-snippet:-1, max-image-preview:large, max-video-preview:-1\" \/>\n<link rel=\"canonical\" href=\"https:\/\/www.rtfirenze.com\/de\/prozess-eines-rades\/\" \/>\n<meta property=\"og:locale\" content=\"de_DE\" \/>\n<meta property=\"og:type\" content=\"article\" \/>\n<meta property=\"og:title\" content=\"Kunststoff- und Gummir\u00e4der, Konstruktion und Produktion \u2013 RT Firenze\" \/>\n<meta property=\"og:description\" content=\"Seit \u00fcber 30 Jahren entwickelt und produziert RT Firenze R\u00e4der f\u00fcr den industriellen Einsatz aus Kunststoff und Gummi f\u00fcr jede Anforderung und Ausf\u00fchrung.\" \/>\n<meta property=\"og:url\" content=\"https:\/\/www.rtfirenze.com\/de\/prozess-eines-rades\/\" \/>\n<meta property=\"og:site_name\" content=\"Produzione Ruote Industriali in Plastica e Gomma - RT Firenze\" \/>\n<meta property=\"article:modified_time\" content=\"2025-12-05T18:31:57+00:00\" \/>\n<meta name=\"twitter:card\" content=\"summary_large_image\" \/>\n<meta name=\"twitter:label1\" content=\"Gesch\u00e4tzte Lesezeit\" \/>\n\t<meta name=\"twitter:data1\" content=\"5\u00a0Minuten\" \/>\n<script type=\"application\/ld+json\" class=\"yoast-schema-graph\">{\"@context\":\"https:\/\/schema.org\",\"@graph\":[{\"@type\":\"WebPage\",\"@id\":\"https:\/\/www.rtfirenze.com\/de\/prozess-eines-rades\/\",\"url\":\"https:\/\/www.rtfirenze.com\/de\/prozess-eines-rades\/\",\"name\":\"Kunststoff- und Gummir\u00e4der, Konstruktion und Produktion \u2013 RT Firenze\",\"isPartOf\":{\"@id\":\"https:\/\/www.rtfirenze.com\/#website\"},\"datePublished\":\"2025-12-05T18:25:35+00:00\",\"dateModified\":\"2025-12-05T18:31:57+00:00\",\"description\":\"Seit \u00fcber 30 Jahren entwickelt und produziert RT Firenze R\u00e4der f\u00fcr den industriellen Einsatz aus Kunststoff und Gummi f\u00fcr jede Anforderung und Ausf\u00fchrung.\",\"breadcrumb\":{\"@id\":\"https:\/\/www.rtfirenze.com\/de\/prozess-eines-rades\/#breadcrumb\"},\"inLanguage\":\"de\",\"potentialAction\":[{\"@type\":\"ReadAction\",\"target\":[\"https:\/\/www.rtfirenze.com\/de\/prozess-eines-rades\/\"]}]},{\"@type\":\"BreadcrumbList\",\"@id\":\"https:\/\/www.rtfirenze.com\/de\/prozess-eines-rades\/#breadcrumb\",\"itemListElement\":[{\"@type\":\"ListItem\",\"position\":1,\"name\":\"Home\",\"item\":\"https:\/\/www.rtfirenze.com\/de\/\"},{\"@type\":\"ListItem\",\"position\":2,\"name\":\"PROZESS EINES RADES\"}]},{\"@type\":\"WebSite\",\"@id\":\"https:\/\/www.rtfirenze.com\/#website\",\"url\":\"https:\/\/www.rtfirenze.com\/\",\"name\":\"Produzione Ruote Industriali in Plastica e Gomma - RT Firenze\",\"description\":\"Produzione Ruote Industriali in Plastica e Gomma - RT Firenze\",\"potentialAction\":[{\"@type\":\"SearchAction\",\"target\":{\"@type\":\"EntryPoint\",\"urlTemplate\":\"https:\/\/www.rtfirenze.com\/?s={search_term_string}\"},\"query-input\":{\"@type\":\"PropertyValueSpecification\",\"valueRequired\":true,\"valueName\":\"search_term_string\"}}],\"inLanguage\":\"de\"}]}<\/script>\n<!-- \/ Yoast SEO plugin. -->","yoast_head_json":{"title":"Kunststoff- und Gummir\u00e4der, Konstruktion und Produktion \u2013 RT Firenze","description":"Seit \u00fcber 30 Jahren entwickelt und produziert RT Firenze R\u00e4der f\u00fcr den industriellen Einsatz aus Kunststoff und Gummi f\u00fcr jede Anforderung und Ausf\u00fchrung.","robots":{"index":"index","follow":"follow","max-snippet":"max-snippet:-1","max-image-preview":"max-image-preview:large","max-video-preview":"max-video-preview:-1"},"canonical":"https:\/\/www.rtfirenze.com\/de\/prozess-eines-rades\/","og_locale":"de_DE","og_type":"article","og_title":"Kunststoff- und Gummir\u00e4der, Konstruktion und Produktion \u2013 RT Firenze","og_description":"Seit \u00fcber 30 Jahren entwickelt und produziert RT Firenze R\u00e4der f\u00fcr den industriellen Einsatz aus Kunststoff und Gummi f\u00fcr jede Anforderung und Ausf\u00fchrung.","og_url":"https:\/\/www.rtfirenze.com\/de\/prozess-eines-rades\/","og_site_name":"Produzione Ruote Industriali in Plastica e Gomma - RT Firenze","article_modified_time":"2025-12-05T18:31:57+00:00","twitter_card":"summary_large_image","twitter_misc":{"Gesch\u00e4tzte Lesezeit":"5\u00a0Minuten"},"schema":{"@context":"https:\/\/schema.org","@graph":[{"@type":"WebPage","@id":"https:\/\/www.rtfirenze.com\/de\/prozess-eines-rades\/","url":"https:\/\/www.rtfirenze.com\/de\/prozess-eines-rades\/","name":"Kunststoff- und Gummir\u00e4der, Konstruktion und Produktion \u2013 RT Firenze","isPartOf":{"@id":"https:\/\/www.rtfirenze.com\/#website"},"datePublished":"2025-12-05T18:25:35+00:00","dateModified":"2025-12-05T18:31:57+00:00","description":"Seit \u00fcber 30 Jahren entwickelt und produziert RT Firenze R\u00e4der f\u00fcr den industriellen Einsatz aus Kunststoff und Gummi f\u00fcr jede Anforderung und Ausf\u00fchrung.","breadcrumb":{"@id":"https:\/\/www.rtfirenze.com\/de\/prozess-eines-rades\/#breadcrumb"},"inLanguage":"de","potentialAction":[{"@type":"ReadAction","target":["https:\/\/www.rtfirenze.com\/de\/prozess-eines-rades\/"]}]},{"@type":"BreadcrumbList","@id":"https:\/\/www.rtfirenze.com\/de\/prozess-eines-rades\/#breadcrumb","itemListElement":[{"@type":"ListItem","position":1,"name":"Home","item":"https:\/\/www.rtfirenze.com\/de\/"},{"@type":"ListItem","position":2,"name":"PROZESS EINES RADES"}]},{"@type":"WebSite","@id":"https:\/\/www.rtfirenze.com\/#website","url":"https:\/\/www.rtfirenze.com\/","name":"Produzione Ruote Industriali in Plastica e Gomma - RT Firenze","description":"Produzione Ruote Industriali in Plastica e Gomma - RT Firenze","potentialAction":[{"@type":"SearchAction","target":{"@type":"EntryPoint","urlTemplate":"https:\/\/www.rtfirenze.com\/?s={search_term_string}"},"query-input":{"@type":"PropertyValueSpecification","valueRequired":true,"valueName":"search_term_string"}}],"inLanguage":"de"}]}},"_links":{"self":[{"href":"https:\/\/www.rtfirenze.com\/de\/wp-json\/wp\/v2\/pages\/5199","targetHints":{"allow":["GET"]}}],"collection":[{"href":"https:\/\/www.rtfirenze.com\/de\/wp-json\/wp\/v2\/pages"}],"about":[{"href":"https:\/\/www.rtfirenze.com\/de\/wp-json\/wp\/v2\/types\/page"}],"author":[{"embeddable":true,"href":"https:\/\/www.rtfirenze.com\/de\/wp-json\/wp\/v2\/users\/1"}],"replies":[{"embeddable":true,"href":"https:\/\/www.rtfirenze.com\/de\/wp-json\/wp\/v2\/comments?post=5199"}],"version-history":[{"count":4,"href":"https:\/\/www.rtfirenze.com\/de\/wp-json\/wp\/v2\/pages\/5199\/revisions"}],"predecessor-version":[{"id":5203,"href":"https:\/\/www.rtfirenze.com\/de\/wp-json\/wp\/v2\/pages\/5199\/revisions\/5203"}],"wp:featuredmedia":[{"embeddable":true,"href":"https:\/\/www.rtfirenze.com\/de\/wp-json\/"}],"wp:attachment":[{"href":"https:\/\/www.rtfirenze.com\/de\/wp-json\/wp\/v2\/media?parent=5199"}],"curies":[{"name":"wp","href":"https:\/\/api.w.org\/{rel}","templated":true}]}}