{"id":5205,"date":"2025-12-05T19:35:44","date_gmt":"2025-12-05T18:35:44","guid":{"rendered":"https:\/\/www.rtfirenze.com\/?page_id=5205"},"modified":"2025-12-05T19:37:16","modified_gmt":"2025-12-05T18:37:16","slug":"wo-sie-uns-finden","status":"publish","type":"page","link":"https:\/\/www.rtfirenze.com\/de\/wo-sie-uns-finden\/","title":{"rendered":"WO SIE UNS FINDEN"},"content":{"rendered":"<div class=\"wpb-content-wrapper\"><p>[vc_row full_width=&#8220;stretch_row&#8220; css=&#8220;.vc_custom_1574256997579{margin-bottom: 0px !important;background-image: url(https:\/\/www.rtfirenze.com\/wp-content\/uploads\/2019\/11\/sfondo-scuro.png?id=173) !important;background-position: 0 0 !important;background-repeat: repeat !important;}&#8220;][vc_column][vc_column_text css_animation=&#8220;none&#8220; css=&#8220;&#8220;]<\/p>\n<h2 style=\"text-align: center;\"><strong><span style=\"color: #ffffff;\">WO SIE UNS FINDEN<\/span><\/strong><\/h2>\n<p>[\/vc_column_text][\/vc_column][\/vc_row][vc_row css=&#8220;.vc_custom_1574259311884{margin-top: 20px !important;}&#8220;][vc_column][vc_column_text css_animation=&#8220;none&#8220; css=&#8220;&#8220;]<\/p>\n<h4 style=\"text-align: center;\"><strong>SO ERREICHEN SIE UNS<\/strong><\/h4>\n<p>[\/vc_column_text][vc_separator color=&#8220;custom&#8220; el_width=&#8220;10&#8243; css=&#8220;.vc_custom_1576057812012{margin-top: -10px !important;margin-bottom: 20px !important;}&#8220; accent_color=&#8220;#1d1d1d&#8220;][vc_column_text css_animation=&#8220;none&#8220; css=&#8220;&#8220;]<\/p>\n<h5 style=\"text-align: center;\">Die Anfahrtsbeschreibung zu RT FIRENZE SRL finden Sie auf der Karte.<\/h5>\n<p>[\/vc_column_text][\/vc_column][\/vc_row][vc_row full_width=&#8220;stretch_row_content_no_spaces&#8220;][vc_column][vc_gmaps link=&#8220;#E-8_JTNDaWZyYW1lJTIwc3JjJTNEJTIyaHR0cHMlM0ElMkYlMkZ3d3cuZ29vZ2xlLmNvbSUyRm1hcHMlMkZlbWJlZCUzRnBiJTNEJTIxMW0xNCUyMTFtOCUyMTFtMyUyMTFkMjg4MS4wMjgxMTU3MTQ2OTIlMjEyZDExLjExOTg3NzglMjEzZDQzLjc3MjI3NTIlMjEzbTIlMjExaTEwMjQlMjEyaTc2OCUyMTRmMTMuMSUyMTNtMyUyMTFtMiUyMTFzMHgwJTI1M0EweGJiMGI5NmRkNWZkODA2YmElMjEyc1JUJTI1MjBGaXJlbnplJTI1MjBzcmwlMjUyMFRhcmNoaSUyNTIwUnVvdGUlMjE1ZTAlMjEzbTIlMjExc2l0JTIxMnNpdCUyMTR2MTU3NDIzODMyOTUyOSUyMTVtMiUyMTFzaXQlMjEyc2l0JTIyJTIwd2lkdGglM0QlMjIxMDAlMjUlMjIlMjBoZWlnaHQlM0QlMjI1NTAlMjIlMjBmcmFtZWJvcmRlciUzRCUyMjAlMjIlMjBzdHlsZSUzRCUyMmJvcmRlciUzQTAlM0IlMjIlMjBhbGxvd2Z1bGxzY3JlZW4lM0QlMjIlMjIlM0UlM0MlMkZpZnJhbWUlM0U=&#8220;][\/vc_column][\/vc_row][vc_row type=&#8220;vc_default&#8220; css=&#8220;.vc_custom_1574238803387{margin-top: 30px !important;margin-bottom: 30px !important;}&#8220;][vc_column][vc_column_text]<\/p>\n<h5 style=\"text-align: center; font-weight: 300;\"><i class=\"icon-location\" style=\"\" aria-hidden=\"true\"><\/i> RT FIRENZE S.R.L. | Via Di Stagno, 35\/37 \u2013 50055 Lastra a Signa (FI)<\/h5>\n<p>[\/vc_column_text][\/vc_column][\/vc_row]<\/p>\n<\/div>","protected":false},"excerpt":{"rendered":"<p>[vc_row full_width=&#8220;stretch_row&#8220; css=&#8220;.vc_custom_1574256997579{margin-bottom: 0px !important;background-image: url(https:\/\/www.rtfirenze.com\/wp-content\/uploads\/2019\/11\/sfondo-scuro.png?id=173) !important;background-position: 0 0 !important;background-repeat: repeat !important;}&#8220;][vc_column][vc_column_text css_animation=&#8220;none&#8220; css=&#8220;&#8220;] WO SIE UNS FINDEN [\/vc_column_text][\/vc_column][\/vc_row][vc_row css=&#8220;.vc_custom_1574259311884{margin-top: 20px !important;}&#8220;][vc_column][vc_column_text css_animation=&#8220;none&#8220; css=&#8220;&#8220;] SO ERREICHEN<\/p>\n","protected":false},"author":1,"featured_media":-1,"parent":0,"menu_order":0,"comment_status":"closed","ping_status":"closed","template":"","meta":{"footnotes":""},"class_list":["post-5205","page","type-page","status-publish","has-post-thumbnail","hentry"],"yoast_head":"<!-- This site is optimized with the Yoast SEO plugin v26.7 - https:\/\/yoast.com\/wordpress\/plugins\/seo\/ -->\n<title>Produktion von hochwertigen Kunststoff- und Gummir\u00e4dern \u2013 RT Firenze<\/title>\n<meta name=\"description\" content=\"Seit \u00fcber 30 Jahren entwickelt und produziert RT Firenze hochwertige Industrir\u00e4der aus Kunststoff und Gummi in jeder Ausf\u00fchrung und f\u00fcr jeden Einsatz.\" \/>\n<meta name=\"robots\" content=\"index, follow, max-snippet:-1, max-image-preview:large, max-video-preview:-1\" \/>\n<link rel=\"canonical\" href=\"https:\/\/www.rtfirenze.com\/de\/wo-sie-uns-finden\/\" \/>\n<meta property=\"og:locale\" content=\"de_DE\" \/>\n<meta property=\"og:type\" content=\"article\" \/>\n<meta property=\"og:title\" content=\"Produktion von hochwertigen Kunststoff- und Gummir\u00e4dern \u2013 RT Firenze\" \/>\n<meta property=\"og:description\" content=\"Seit \u00fcber 30 Jahren entwickelt und produziert RT Firenze hochwertige Industrir\u00e4der aus Kunststoff und Gummi in jeder Ausf\u00fchrung und f\u00fcr jeden Einsatz.\" \/>\n<meta property=\"og:url\" content=\"https:\/\/www.rtfirenze.com\/de\/wo-sie-uns-finden\/\" \/>\n<meta property=\"og:site_name\" content=\"Produzione Ruote Industriali in Plastica e Gomma - RT Firenze\" \/>\n<meta property=\"article:modified_time\" content=\"2025-12-05T18:37:16+00:00\" \/>\n<meta name=\"twitter:card\" content=\"summary_large_image\" \/>\n<meta name=\"twitter:label1\" content=\"Gesch\u00e4tzte Lesezeit\" \/>\n\t<meta name=\"twitter:data1\" content=\"1\u00a0Minute\" \/>\n<script type=\"application\/ld+json\" class=\"yoast-schema-graph\">{\"@context\":\"https:\/\/schema.org\",\"@graph\":[{\"@type\":\"WebPage\",\"@id\":\"https:\/\/www.rtfirenze.com\/de\/wo-sie-uns-finden\/\",\"url\":\"https:\/\/www.rtfirenze.com\/de\/wo-sie-uns-finden\/\",\"name\":\"Produktion von hochwertigen Kunststoff- und Gummir\u00e4dern \u2013 RT Firenze\",\"isPartOf\":{\"@id\":\"https:\/\/www.rtfirenze.com\/#website\"},\"datePublished\":\"2025-12-05T18:35:44+00:00\",\"dateModified\":\"2025-12-05T18:37:16+00:00\",\"description\":\"Seit \u00fcber 30 Jahren entwickelt und produziert RT Firenze hochwertige Industrir\u00e4der aus Kunststoff und Gummi in jeder Ausf\u00fchrung und f\u00fcr jeden Einsatz.\",\"breadcrumb\":{\"@id\":\"https:\/\/www.rtfirenze.com\/de\/wo-sie-uns-finden\/#breadcrumb\"},\"inLanguage\":\"de\",\"potentialAction\":[{\"@type\":\"ReadAction\",\"target\":[\"https:\/\/www.rtfirenze.com\/de\/wo-sie-uns-finden\/\"]}]},{\"@type\":\"BreadcrumbList\",\"@id\":\"https:\/\/www.rtfirenze.com\/de\/wo-sie-uns-finden\/#breadcrumb\",\"itemListElement\":[{\"@type\":\"ListItem\",\"position\":1,\"name\":\"Home\",\"item\":\"https:\/\/www.rtfirenze.com\/de\/\"},{\"@type\":\"ListItem\",\"position\":2,\"name\":\"WO SIE UNS FINDEN\"}]},{\"@type\":\"WebSite\",\"@id\":\"https:\/\/www.rtfirenze.com\/#website\",\"url\":\"https:\/\/www.rtfirenze.com\/\",\"name\":\"Produzione Ruote Industriali in Plastica e Gomma - RT Firenze\",\"description\":\"Produzione Ruote Industriali in Plastica e Gomma - RT Firenze\",\"potentialAction\":[{\"@type\":\"SearchAction\",\"target\":{\"@type\":\"EntryPoint\",\"urlTemplate\":\"https:\/\/www.rtfirenze.com\/?s={search_term_string}\"},\"query-input\":{\"@type\":\"PropertyValueSpecification\",\"valueRequired\":true,\"valueName\":\"search_term_string\"}}],\"inLanguage\":\"de\"}]}<\/script>\n<!-- \/ Yoast SEO plugin. -->","yoast_head_json":{"title":"Produktion von hochwertigen Kunststoff- und Gummir\u00e4dern \u2013 RT Firenze","description":"Seit \u00fcber 30 Jahren entwickelt und produziert RT Firenze hochwertige Industrir\u00e4der aus Kunststoff und Gummi in jeder Ausf\u00fchrung und f\u00fcr jeden Einsatz.","robots":{"index":"index","follow":"follow","max-snippet":"max-snippet:-1","max-image-preview":"max-image-preview:large","max-video-preview":"max-video-preview:-1"},"canonical":"https:\/\/www.rtfirenze.com\/de\/wo-sie-uns-finden\/","og_locale":"de_DE","og_type":"article","og_title":"Produktion von hochwertigen Kunststoff- und Gummir\u00e4dern \u2013 RT Firenze","og_description":"Seit \u00fcber 30 Jahren entwickelt und produziert RT Firenze hochwertige Industrir\u00e4der aus Kunststoff und Gummi in jeder Ausf\u00fchrung und f\u00fcr jeden Einsatz.","og_url":"https:\/\/www.rtfirenze.com\/de\/wo-sie-uns-finden\/","og_site_name":"Produzione Ruote Industriali in Plastica e Gomma - RT Firenze","article_modified_time":"2025-12-05T18:37:16+00:00","twitter_card":"summary_large_image","twitter_misc":{"Gesch\u00e4tzte Lesezeit":"1\u00a0Minute"},"schema":{"@context":"https:\/\/schema.org","@graph":[{"@type":"WebPage","@id":"https:\/\/www.rtfirenze.com\/de\/wo-sie-uns-finden\/","url":"https:\/\/www.rtfirenze.com\/de\/wo-sie-uns-finden\/","name":"Produktion von hochwertigen Kunststoff- und Gummir\u00e4dern \u2013 RT Firenze","isPartOf":{"@id":"https:\/\/www.rtfirenze.com\/#website"},"datePublished":"2025-12-05T18:35:44+00:00","dateModified":"2025-12-05T18:37:16+00:00","description":"Seit \u00fcber 30 Jahren entwickelt und produziert RT Firenze hochwertige Industrir\u00e4der aus Kunststoff und Gummi in jeder Ausf\u00fchrung und f\u00fcr jeden Einsatz.","breadcrumb":{"@id":"https:\/\/www.rtfirenze.com\/de\/wo-sie-uns-finden\/#breadcrumb"},"inLanguage":"de","potentialAction":[{"@type":"ReadAction","target":["https:\/\/www.rtfirenze.com\/de\/wo-sie-uns-finden\/"]}]},{"@type":"BreadcrumbList","@id":"https:\/\/www.rtfirenze.com\/de\/wo-sie-uns-finden\/#breadcrumb","itemListElement":[{"@type":"ListItem","position":1,"name":"Home","item":"https:\/\/www.rtfirenze.com\/de\/"},{"@type":"ListItem","position":2,"name":"WO SIE UNS FINDEN"}]},{"@type":"WebSite","@id":"https:\/\/www.rtfirenze.com\/#website","url":"https:\/\/www.rtfirenze.com\/","name":"Produzione Ruote Industriali in Plastica e Gomma - RT Firenze","description":"Produzione Ruote Industriali in Plastica e Gomma - RT Firenze","potentialAction":[{"@type":"SearchAction","target":{"@type":"EntryPoint","urlTemplate":"https:\/\/www.rtfirenze.com\/?s={search_term_string}"},"query-input":{"@type":"PropertyValueSpecification","valueRequired":true,"valueName":"search_term_string"}}],"inLanguage":"de"}]}},"_links":{"self":[{"href":"https:\/\/www.rtfirenze.com\/de\/wp-json\/wp\/v2\/pages\/5205","targetHints":{"allow":["GET"]}}],"collection":[{"href":"https:\/\/www.rtfirenze.com\/de\/wp-json\/wp\/v2\/pages"}],"about":[{"href":"https:\/\/www.rtfirenze.com\/de\/wp-json\/wp\/v2\/types\/page"}],"author":[{"embeddable":true,"href":"https:\/\/www.rtfirenze.com\/de\/wp-json\/wp\/v2\/users\/1"}],"replies":[{"embeddable":true,"href":"https:\/\/www.rtfirenze.com\/de\/wp-json\/wp\/v2\/comments?post=5205"}],"version-history":[{"count":3,"href":"https:\/\/www.rtfirenze.com\/de\/wp-json\/wp\/v2\/pages\/5205\/revisions"}],"predecessor-version":[{"id":5208,"href":"https:\/\/www.rtfirenze.com\/de\/wp-json\/wp\/v2\/pages\/5205\/revisions\/5208"}],"wp:featuredmedia":[{"embeddable":true,"href":"https:\/\/www.rtfirenze.com\/de\/wp-json\/"}],"wp:attachment":[{"href":"https:\/\/www.rtfirenze.com\/de\/wp-json\/wp\/v2\/media?parent=5205"}],"curies":[{"name":"wp","href":"https:\/\/api.w.org\/{rel}","templated":true}]}}