{"id":5210,"date":"2025-12-05T19:39:09","date_gmt":"2025-12-05T18:39:09","guid":{"rendered":"https:\/\/www.rtfirenze.com\/?page_id=5210"},"modified":"2025-12-05T19:44:41","modified_gmt":"2025-12-05T18:44:41","slug":"kontakt","status":"publish","type":"page","link":"https:\/\/www.rtfirenze.com\/de\/kontakt\/","title":{"rendered":"KONTAKT"},"content":{"rendered":"<div class=\"wpb-content-wrapper\"><p>[vc_row full_width=&#8220;stretch_row&#8220; css=&#8220;.vc_custom_1574256997579{margin-bottom: 0px !important;background-image: url(https:\/\/www.rtfirenze.com\/wp-content\/uploads\/2019\/11\/sfondo-scuro.png?id=173) !important;background-position: 0 0 !important;background-repeat: repeat !important;}&#8220;][vc_column][vc_column_text css_animation=&#8220;none&#8220; css=&#8220;&#8220;]<\/p>\n<h2 style=\"text-align: center;\"><strong><span style=\"color: #ffffff;\">KONTAKT<\/span><\/strong><\/h2>\n<p>[\/vc_column_text][vc_separator color=&#8220;black&#8220; style=&#8220;double&#8220; el_width=&#8220;20&#8243; css=&#8220;.vc_custom_1572447812618{margin-bottom: 20px !important;}&#8220;][\/vc_column][\/vc_row][vc_row css=&#8220;.vc_custom_1549461814216{margin-top: 20px !important;}&#8220;][vc_column][vc_column_text css_animation=&#8220;none&#8220;]<\/p>\n<h3 style=\"text-align: center;\"><strong>RT FIRENZE S.R.L.<\/strong><\/h3>\n<p>[\/vc_column_text][vc_separator color=&#8220;custom&#8220; el_width=&#8220;10&#8243; css=&#8220;.vc_custom_1576057812012{margin-top: -10px !important;margin-bottom: 20px !important;}&#8220; accent_color=&#8220;#1d1d1d&#8220;][vc_column_text css_animation=&#8220;none&#8220; css=&#8220;&#8220;]<\/p>\n<h6 style=\"text-align: center;\"><span style=\"color: #333333; font-weight: 300; font-size: 20px;\">F\u00fcr Informationen zu unseren Produkten und Dienstleistungen k\u00f6nnen Sie uns jederzeit telefonisch, per E-Mail oder \u00fcber das untenstehende Kontaktformular erreichen. Wir beantworten Ihre Fragen gerne ausf\u00fchrlich.<\/span><\/h6>\n<p>[\/vc_column_text][\/vc_column][\/vc_row][vc_row equal_height=&#8220;yes&#8220; content_placement=&#8220;middle&#8220; type=&#8220;vc_default&#8220;][vc_column width=&#8220;1\/6&#8243; css=&#8220;.vc_custom_1485517420903{padding-top: 10% !important;padding-bottom: 10% !important;}&#8220;][\/vc_column][vc_column width=&#8220;1\/4&#8243;][vc_icon icon_fontawesome=&#8220;fa fa-phone&#8220; color=&#8220;custom&#8220; background_style=&#8220;rounded-outline&#8220; background_color=&#8220;custom&#8220; size=&#8220;xl&#8220; align=&#8220;center&#8220; css_animation=&#8220;none&#8220; custom_color=&#8220;#1d1d1d&#8220; custom_background_color=&#8220;#1d1d1b&#8220;][vc_column_text css_animation=&#8220;none&#8220; css=&#8220;&#8220;]<\/p>\n<h5 style=\"text-align: center;\">TELEFONNUMMER<\/h5>\n<p style=\"text-align: center;\"><a href=\"tel:+390558720129\">(+39) 055 8720129<\/a><\/p>\n<p>[\/vc_column_text][\/vc_column][vc_column width=&#8220;1\/4&#8243;][vc_icon icon_fontawesome=&#8220;fa fa-envelope&#8220; color=&#8220;custom&#8220; background_style=&#8220;rounded-outline&#8220; background_color=&#8220;custom&#8220; size=&#8220;xl&#8220; align=&#8220;center&#8220; css_animation=&#8220;none&#8220; custom_color=&#8220;#1d1d1b&#8220; custom_background_color=&#8220;#1d1d1b&#8220;][vc_column_text css_animation=&#8220;none&#8220;]<\/p>\n<h5 style=\"text-align: center;\">EMAIL<\/h5>\n<p style=\"text-align: center;\">info@rtfirenze.com<\/p>\n<p>[\/vc_column_text][\/vc_column][vc_column width=&#8220;1\/6&#8243;][\/vc_column][\/vc_row][vc_row full_width=&#8220;stretch_row&#8220; type=&#8220;vc_default&#8220; css=&#8220;.vc_custom_1574325674386{padding-top: 35px !important;padding-bottom: 35px !important;background-color: #c5c7c4 !important;}&#8220;][vc_column][vc_row_inner][vc_column_inner css=&#8220;.vc_custom_1485537776954{background-color: #ffffff !important;}&#8220;][vc_column_text css_animation=&#8220;fadeIn&#8220; css=&#8220;&#8220;]<\/p>\n<h3 style=\"text-align: center;\">KONTAKTFORMULAR<\/h3>\n<p>[\/vc_column_text]\n<div class=\"wpcf7 no-js\" id=\"wpcf7-f5213-o1\" lang=\"it-IT\" dir=\"ltr\" data-wpcf7-id=\"5213\">\n<div class=\"screen-reader-response\"><p role=\"status\" aria-live=\"polite\" aria-atomic=\"true\"><\/p> <ul><\/ul><\/div>\n<form action=\"\/de\/wp-json\/wp\/v2\/pages\/5210#wpcf7-f5213-o1\" method=\"post\" class=\"wpcf7-form init\" aria-label=\"Modulo di contatto\" novalidate=\"novalidate\" data-status=\"init\">\n<fieldset class=\"hidden-fields-container\"><input type=\"hidden\" name=\"_wpcf7\" value=\"5213\" \/><input type=\"hidden\" name=\"_wpcf7_version\" value=\"6.1.4\" \/><input type=\"hidden\" name=\"_wpcf7_locale\" value=\"it_IT\" \/><input type=\"hidden\" name=\"_wpcf7_unit_tag\" value=\"wpcf7-f5213-o1\" \/><input type=\"hidden\" name=\"_wpcf7_container_post\" value=\"0\" \/><input type=\"hidden\" name=\"_wpcf7_posted_data_hash\" value=\"\" \/>\n<\/fieldset>\n<div class=\"column one\">\n\t<p><span class=\"wpcf7-form-control-wrap\" data-name=\"your-name\"><input size=\"40\" maxlength=\"400\" class=\"wpcf7-form-control wpcf7-text wpcf7-validates-as-required\" aria-required=\"true\" aria-invalid=\"false\" placeholder=\"Vorname und Nachname oder Firmenname*\" value=\"\" type=\"text\" name=\"your-name\" \/><\/span>\n\t<\/p>\n<\/div>\n<p><span id=\"wpcf7-69ea1104d9647-wrapper\" class=\"wpcf7-form-control-wrap campo-Alto-349-wrap\" style=\"display:none !important; visibility:hidden !important;\"><input type=\"hidden\" name=\"campo-Alto-349-time-start\" value=\"1776947460\"><input type=\"hidden\" name=\"campo-Alto-349-time-check\" value=\"6\"><label for=\"wpcf7-69ea1104d9647-field\" class=\"hp-message\">Un campo che non deve essere completato<\/label><input id=\"wpcf7-69ea1104d9647-field\"  placeholder=\"Campo Alto\"  class=\"wpcf7-form-control wpcf7-text\" type=\"text\" name=\"campo-Alto-349\" value=\"\" size=\"40\" tabindex=\"-1\" autocomplete=\"new-password\" \/><\/span>\n<\/p>\n<div class=\"column one-second\">\n\t<p><span class=\"wpcf7-form-control-wrap\" data-name=\"your-email\"><input size=\"40\" maxlength=\"400\" class=\"wpcf7-form-control wpcf7-email wpcf7-validates-as-required wpcf7-text wpcf7-validates-as-email\" aria-required=\"true\" aria-invalid=\"false\" placeholder=\"Direcci\u00f3n de correo electr\u00f3nico*\" value=\"\" type=\"email\" name=\"your-email\" \/><\/span>\n\t<\/p>\n<\/div>\n<p><span id=\"wpcf7-69ea1104d9739-wrapper\" class=\"wpcf7-form-control-wrap campo-basso-348-wrap\" style=\"display:none !important; visibility:hidden !important;\"><input type=\"hidden\" name=\"campo-basso-348-time-start\" value=\"1776947460\"><input type=\"hidden\" name=\"campo-basso-348-time-check\" value=\"6\"><label for=\"wpcf7-69ea1104d9739-field\" class=\"hp-message\">Un campo che non deve essere completato<\/label><input id=\"wpcf7-69ea1104d9739-field\"  placeholder=\"Campo Basso\"  class=\"wpcf7-form-control wpcf7-text\" type=\"text\" name=\"campo-basso-348\" value=\"\" size=\"40\" tabindex=\"-1\" autocomplete=\"new-password\" \/><\/span>\n<\/p>\n<div class=\"column one-second\">\n\t<p><span class=\"wpcf7-form-control-wrap\" data-name=\"tel-483\"><input size=\"40\" maxlength=\"400\" class=\"wpcf7-form-control wpcf7-tel wpcf7-text wpcf7-validates-as-tel\" aria-invalid=\"false\" placeholder=\"Telefonnummer\" value=\"\" type=\"tel\" name=\"tel-483\" \/><\/span>\n\t<\/p>\n<\/div>\n<p><span id=\"wpcf7-69ea1104d9819-wrapper\" class=\"wpcf7-form-control-wrap partita-iva-349-wrap\" style=\"display:none !important; visibility:hidden !important;\"><input type=\"hidden\" name=\"partita-iva-349-time-start\" value=\"1776947460\"><input type=\"hidden\" name=\"partita-iva-349-time-check\" value=\"6\"><label for=\"wpcf7-69ea1104d9819-field\" class=\"hp-message\">Un campo che non deve essere completato<\/label><input id=\"wpcf7-69ea1104d9819-field\"  placeholder=\"Partita Iva?\"  class=\"wpcf7-form-control wpcf7-text\" type=\"text\" name=\"partita-iva-349\" value=\"\" size=\"40\" tabindex=\"-1\" autocomplete=\"new-password\" \/><\/span>\n<\/p>\n<div class=\"column one\">\n\t<p><span class=\"wpcf7-form-control-wrap\" data-name=\"oggetto\"><input size=\"40\" maxlength=\"400\" class=\"wpcf7-form-control wpcf7-text wpcf7-validates-as-required\" aria-required=\"true\" aria-invalid=\"false\" placeholder=\"Betreff\/Objekt*\" value=\"\" type=\"text\" name=\"oggetto\" \/><\/span>\n\t<\/p>\n<\/div>\n<p><span id=\"wpcf7-69ea1104d98de-wrapper\" class=\"wpcf7-form-control-wrap codice-civile-349-wrap\" style=\"display:none !important; visibility:hidden !important;\"><input type=\"hidden\" name=\"codice-civile-349-time-start\" value=\"1776947460\"><input type=\"hidden\" name=\"codice-civile-349-time-check\" value=\"6\"><label for=\"wpcf7-69ea1104d98de-field\" class=\"hp-message\">Un campo che non deve essere completato<\/label><input id=\"wpcf7-69ea1104d98de-field\"  placeholder=\"Codice di avviamento postale\"  class=\"wpcf7-form-control wpcf7-text\" type=\"text\" name=\"codice-civile-349\" value=\"\" size=\"40\" tabindex=\"-1\" autocomplete=\"new-password\" \/><\/span>\n<\/p>\n<div class=\"column one\">\n\t<p><span class=\"wpcf7-form-control-wrap\" data-name=\"Areaditesto\"><textarea cols=\"40\" rows=\"8\" maxlength=\"2000\" class=\"wpcf7-form-control wpcf7-textarea wpcf7-validates-as-required\" aria-required=\"true\" aria-invalid=\"false\" placeholder=\"Nachricht*\" name=\"Areaditesto\"><\/textarea><\/span>\n\t<\/p>\n<\/div>\n<div class=\"column one\">\n\t<p>* Pflichtfelder\n\t<\/p>\n<\/div>\n<div class=\"column one\" style=\"color:#4c4c4c;\">\n\t<p style=\"float:left;margin-right:8px;\"><span class=\"wpcf7-form-control-wrap\" data-name=\"acceptance-651\"><span class=\"wpcf7-form-control wpcf7-acceptance\"><span class=\"wpcf7-list-item\"><input type=\"checkbox\" name=\"acceptance-651\" value=\"1\" aria-invalid=\"false\" \/><\/span><\/span><\/span>\n\t<\/p>\n\t<p\/>\n\t<\/p>\n\t<p style=\"margin-top:-16px;\">Ich habe die <a style=\"color:#1d1d1b;text-decoration:underline\" href=\"\/es\/privacy-policy\/\" target=\"_blank\">Datenschutzbestimmungen<\/a> gelesen und stimme der Verarbeitung meiner personenbezogenen Daten zu den darin angegebenen Zwecken zu.\n\t<\/p>\n<\/div>\n<div class=\"column one\" style=\"margin-right:auto;margin-left:auto;padding-bottom:20px;padding-top:20px;\">\n\t<p style=\"text-align:center;\"><input class=\"wpcf7-form-control wpcf7-submit has-spinner\" type=\"submit\" value=\"ABSENDEN\" \/>\n\t<\/p>\n<\/div><div class=\"wpcf7-response-output\" aria-hidden=\"true\"><\/div>\n<\/form>\n<\/div>\n[\/vc_column_inner][\/vc_row_inner][\/vc_column][\/vc_row][vc_row][vc_column][vc_column_text]<\/p>\n<p>[\/vc_column_text][\/vc_column][\/vc_row]<\/p>\n<\/div>","protected":false},"excerpt":{"rendered":"<p>[vc_row full_width=&#8220;stretch_row&#8220; css=&#8220;.vc_custom_1574256997579{margin-bottom: 0px !important;background-image: url(https:\/\/www.rtfirenze.com\/wp-content\/uploads\/2019\/11\/sfondo-scuro.png?id=173) !important;background-position: 0 0 !important;background-repeat: repeat !important;}&#8220;][vc_column][vc_column_text css_animation=&#8220;none&#8220; css=&#8220;&#8220;] KONTAKT [\/vc_column_text][vc_separator color=&#8220;black&#8220; style=&#8220;double&#8220; el_width=&#8220;20&#8243; css=&#8220;.vc_custom_1572447812618{margin-bottom: 20px !important;}&#8220;][\/vc_column][\/vc_row][vc_row css=&#8220;.vc_custom_1549461814216{margin-top: 20px !important;}&#8220;][vc_column][vc_column_text css_animation=&#8220;none&#8220;]<\/p>\n","protected":false},"author":1,"featured_media":-1,"parent":0,"menu_order":0,"comment_status":"closed","ping_status":"closed","template":"","meta":{"footnotes":""},"class_list":["post-5210","page","type-page","status-publish","has-post-thumbnail","hentry"],"yoast_head":"<!-- This site is optimized with the Yoast SEO plugin v26.7 - https:\/\/yoast.com\/wordpress\/plugins\/seo\/ -->\n<title>Industrir\u00e4der aus Kunststoff und Gummi \u2013 RT Firenze<\/title>\n<meta name=\"description\" content=\"Seit \u00fcber 30 Jahren produziert und entwickelt RT Firenze Industrir\u00e4der aus Kunststoff und Gummi f\u00fcr jeden Einsatz und jede Ausf\u00fchrung.\" \/>\n<meta name=\"robots\" content=\"index, follow, max-snippet:-1, max-image-preview:large, max-video-preview:-1\" \/>\n<link rel=\"canonical\" href=\"https:\/\/www.rtfirenze.com\/de\/kontakt\/\" \/>\n<meta property=\"og:locale\" content=\"de_DE\" \/>\n<meta property=\"og:type\" content=\"article\" \/>\n<meta property=\"og:title\" content=\"Industrir\u00e4der aus Kunststoff und Gummi \u2013 RT Firenze\" \/>\n<meta property=\"og:description\" content=\"Seit \u00fcber 30 Jahren produziert und entwickelt RT Firenze Industrir\u00e4der aus Kunststoff und Gummi f\u00fcr jeden Einsatz und jede Ausf\u00fchrung.\" \/>\n<meta property=\"og:url\" content=\"https:\/\/www.rtfirenze.com\/de\/kontakt\/\" \/>\n<meta property=\"og:site_name\" content=\"Produzione Ruote Industriali in Plastica e Gomma - RT Firenze\" \/>\n<meta property=\"article:modified_time\" content=\"2025-12-05T18:44:41+00:00\" \/>\n<meta name=\"twitter:card\" content=\"summary_large_image\" \/>\n<meta name=\"twitter:label1\" content=\"Gesch\u00e4tzte Lesezeit\" \/>\n\t<meta name=\"twitter:data1\" content=\"1\u00a0Minute\" \/>\n<script type=\"application\/ld+json\" class=\"yoast-schema-graph\">{\"@context\":\"https:\/\/schema.org\",\"@graph\":[{\"@type\":\"WebPage\",\"@id\":\"https:\/\/www.rtfirenze.com\/de\/kontakt\/\",\"url\":\"https:\/\/www.rtfirenze.com\/de\/kontakt\/\",\"name\":\"Industrir\u00e4der aus Kunststoff und Gummi \u2013 RT Firenze\",\"isPartOf\":{\"@id\":\"https:\/\/www.rtfirenze.com\/#website\"},\"datePublished\":\"2025-12-05T18:39:09+00:00\",\"dateModified\":\"2025-12-05T18:44:41+00:00\",\"description\":\"Seit \u00fcber 30 Jahren produziert und entwickelt RT Firenze Industrir\u00e4der aus Kunststoff und Gummi f\u00fcr jeden Einsatz und jede Ausf\u00fchrung.\",\"breadcrumb\":{\"@id\":\"https:\/\/www.rtfirenze.com\/de\/kontakt\/#breadcrumb\"},\"inLanguage\":\"de\",\"potentialAction\":[{\"@type\":\"ReadAction\",\"target\":[\"https:\/\/www.rtfirenze.com\/de\/kontakt\/\"]}]},{\"@type\":\"BreadcrumbList\",\"@id\":\"https:\/\/www.rtfirenze.com\/de\/kontakt\/#breadcrumb\",\"itemListElement\":[{\"@type\":\"ListItem\",\"position\":1,\"name\":\"Home\",\"item\":\"https:\/\/www.rtfirenze.com\/de\/\"},{\"@type\":\"ListItem\",\"position\":2,\"name\":\"KONTAKT\"}]},{\"@type\":\"WebSite\",\"@id\":\"https:\/\/www.rtfirenze.com\/#website\",\"url\":\"https:\/\/www.rtfirenze.com\/\",\"name\":\"Produzione Ruote Industriali in Plastica e Gomma - RT Firenze\",\"description\":\"Produzione Ruote Industriali in Plastica e Gomma - RT Firenze\",\"potentialAction\":[{\"@type\":\"SearchAction\",\"target\":{\"@type\":\"EntryPoint\",\"urlTemplate\":\"https:\/\/www.rtfirenze.com\/?s={search_term_string}\"},\"query-input\":{\"@type\":\"PropertyValueSpecification\",\"valueRequired\":true,\"valueName\":\"search_term_string\"}}],\"inLanguage\":\"de\"}]}<\/script>\n<!-- \/ Yoast SEO plugin. -->","yoast_head_json":{"title":"Industrir\u00e4der aus Kunststoff und Gummi \u2013 RT Firenze","description":"Seit \u00fcber 30 Jahren produziert und entwickelt RT Firenze Industrir\u00e4der aus Kunststoff und Gummi f\u00fcr jeden Einsatz und jede Ausf\u00fchrung.","robots":{"index":"index","follow":"follow","max-snippet":"max-snippet:-1","max-image-preview":"max-image-preview:large","max-video-preview":"max-video-preview:-1"},"canonical":"https:\/\/www.rtfirenze.com\/de\/kontakt\/","og_locale":"de_DE","og_type":"article","og_title":"Industrir\u00e4der aus Kunststoff und Gummi \u2013 RT Firenze","og_description":"Seit \u00fcber 30 Jahren produziert und entwickelt RT Firenze Industrir\u00e4der aus Kunststoff und Gummi f\u00fcr jeden Einsatz und jede Ausf\u00fchrung.","og_url":"https:\/\/www.rtfirenze.com\/de\/kontakt\/","og_site_name":"Produzione Ruote Industriali in Plastica e Gomma - RT Firenze","article_modified_time":"2025-12-05T18:44:41+00:00","twitter_card":"summary_large_image","twitter_misc":{"Gesch\u00e4tzte Lesezeit":"1\u00a0Minute"},"schema":{"@context":"https:\/\/schema.org","@graph":[{"@type":"WebPage","@id":"https:\/\/www.rtfirenze.com\/de\/kontakt\/","url":"https:\/\/www.rtfirenze.com\/de\/kontakt\/","name":"Industrir\u00e4der aus Kunststoff und Gummi \u2013 RT Firenze","isPartOf":{"@id":"https:\/\/www.rtfirenze.com\/#website"},"datePublished":"2025-12-05T18:39:09+00:00","dateModified":"2025-12-05T18:44:41+00:00","description":"Seit \u00fcber 30 Jahren produziert und entwickelt RT Firenze Industrir\u00e4der aus Kunststoff und Gummi f\u00fcr jeden Einsatz und jede Ausf\u00fchrung.","breadcrumb":{"@id":"https:\/\/www.rtfirenze.com\/de\/kontakt\/#breadcrumb"},"inLanguage":"de","potentialAction":[{"@type":"ReadAction","target":["https:\/\/www.rtfirenze.com\/de\/kontakt\/"]}]},{"@type":"BreadcrumbList","@id":"https:\/\/www.rtfirenze.com\/de\/kontakt\/#breadcrumb","itemListElement":[{"@type":"ListItem","position":1,"name":"Home","item":"https:\/\/www.rtfirenze.com\/de\/"},{"@type":"ListItem","position":2,"name":"KONTAKT"}]},{"@type":"WebSite","@id":"https:\/\/www.rtfirenze.com\/#website","url":"https:\/\/www.rtfirenze.com\/","name":"Produzione Ruote Industriali in Plastica e Gomma - RT Firenze","description":"Produzione Ruote Industriali in Plastica e Gomma - RT Firenze","potentialAction":[{"@type":"SearchAction","target":{"@type":"EntryPoint","urlTemplate":"https:\/\/www.rtfirenze.com\/?s={search_term_string}"},"query-input":{"@type":"PropertyValueSpecification","valueRequired":true,"valueName":"search_term_string"}}],"inLanguage":"de"}]}},"_links":{"self":[{"href":"https:\/\/www.rtfirenze.com\/de\/wp-json\/wp\/v2\/pages\/5210","targetHints":{"allow":["GET"]}}],"collection":[{"href":"https:\/\/www.rtfirenze.com\/de\/wp-json\/wp\/v2\/pages"}],"about":[{"href":"https:\/\/www.rtfirenze.com\/de\/wp-json\/wp\/v2\/types\/page"}],"author":[{"embeddable":true,"href":"https:\/\/www.rtfirenze.com\/de\/wp-json\/wp\/v2\/users\/1"}],"replies":[{"embeddable":true,"href":"https:\/\/www.rtfirenze.com\/de\/wp-json\/wp\/v2\/comments?post=5210"}],"version-history":[{"count":4,"href":"https:\/\/www.rtfirenze.com\/de\/wp-json\/wp\/v2\/pages\/5210\/revisions"}],"predecessor-version":[{"id":5215,"href":"https:\/\/www.rtfirenze.com\/de\/wp-json\/wp\/v2\/pages\/5210\/revisions\/5215"}],"wp:featuredmedia":[{"embeddable":true,"href":"https:\/\/www.rtfirenze.com\/de\/wp-json\/"}],"wp:attachment":[{"href":"https:\/\/www.rtfirenze.com\/de\/wp-json\/wp\/v2\/media?parent=5210"}],"curies":[{"name":"wp","href":"https:\/\/api.w.org\/{rel}","templated":true}]}}