{"id":5219,"date":"2025-12-05T19:55:55","date_gmt":"2025-12-05T18:55:55","guid":{"rendered":"https:\/\/www.rtfirenze.com\/?page_id=5219"},"modified":"2025-12-05T19:57:41","modified_gmt":"2025-12-05T18:57:41","slug":"rt-custom","status":"publish","type":"page","link":"https:\/\/www.rtfirenze.com\/de\/rt-custom\/","title":{"rendered":"RT Custom"},"content":{"rendered":"<div class=\"wpb-content-wrapper\"><p>[vc_row full_width=&#8220;stretch_row&#8220; css=&#8220;.vc_custom_1574256997579{margin-bottom: 0px !important;background-image: url(https:\/\/www.rtfirenze.com\/wp-content\/uploads\/2019\/11\/sfondo-scuro.png?id=173) !important;background-position: 0 0 !important;background-repeat: repeat !important;}&#8220;][vc_column][vc_column_text css_animation=&#8220;none&#8220;]<\/p>\n<h2 style=\"text-align: center;\"><strong><span style=\"color: #ffffff;\">RT CUSTOM<\/span><\/strong><\/h2>\n<p>[\/vc_column_text][\/vc_column][\/vc_row][vc_row][vc_column width=&#8220;1\/4&#8243;][\/vc_column][vc_column width=&#8220;1\/2&#8243;][vc_media_grid style=&#8220;pagination&#8220; items_per_page=&#8220;1&#8243; element_width=&#8220;12&#8243; gap=&#8220;0&#8243; paging_design=&#8220;none&#8220; loop=&#8220;yes&#8220; item=&#8220;437&#8243; grid_id=&#8220;vc_gid:1764960964462-78e40d57-3059-6&#8243; include=&#8220;719&#8243;][\/vc_column][vc_column width=&#8220;1\/4&#8243;][\/vc_column][\/vc_row][vc_row][vc_column][vc_column_text css=&#8220;&#8220;]<\/p>\n<p style=\"text-align: center;\"><span style=\"font-family: 'Arial',sans-serif;\">Wir entwerfen R\u00e4der und Formen mit CAD\/CAM und fertigen in unserer Werkstatt die notwendigen Vorrichtungen f\u00fcr die Produktion neuer Modelle.<\/span><\/p>\n<p style=\"text-align: center;\">In enger Zusammenarbeit mit den technischen Abteilungen unserer Kunden wurden spezielle Befestigungen entwickelt, die die nachfolgende Montage in der Produktionslinie optimieren. Einige R\u00e4der lassen sich beispielsweise einfach durch Druck in das Geh\u00e4use der Maschine einsetzen.<\/p>\n<p style=\"text-align: center;\">Wir haben R\u00e4der mit innerem Zahnkranz hergestellt, um Rasenm\u00e4hern Antrieb zu verleihen. Wir haben R\u00e4der entwickelt, die sich besonders an die Form und Farbe der Maschine anpassen, auf der sie montiert werden sollen. Oder R\u00e4der, die \u00fcber eine Bremsfunktion verf\u00fcgen, um das Stillstehen des Wagens zu gew\u00e4hrleisten.<\/p>\n<p style=\"text-align: center;\">Zudem wurden viele individuelle Nieten produziert, mit dem Logo oder Namen unserer Kunden.<\/p>\n<p style=\"text-align: center;\">Daher laden wir Sie ein, uns Ihre Anforderungen mitzuteilen \u2013 gemeinsam k\u00f6nnen wir die passende L\u00f6sung finden!<\/p>\n<p>[\/vc_column_text][\/vc_column][\/vc_row]<\/p>\n<\/div>","protected":false},"excerpt":{"rendered":"<p>[vc_row full_width=&#8220;stretch_row&#8220; css=&#8220;.vc_custom_1574256997579{margin-bottom: 0px !important;background-image: url(https:\/\/www.rtfirenze.com\/wp-content\/uploads\/2019\/11\/sfondo-scuro.png?id=173) !important;background-position: 0 0 !important;background-repeat: repeat !important;}&#8220;][vc_column][vc_column_text css_animation=&#8220;none&#8220;] RT CUSTOM [\/vc_column_text][\/vc_column][\/vc_row][vc_row][vc_column width=&#8220;1\/4&#8243;][\/vc_column][vc_column width=&#8220;1\/2&#8243;][vc_media_grid style=&#8220;pagination&#8220; items_per_page=&#8220;1&#8243; element_width=&#8220;12&#8243; gap=&#8220;0&#8243; paging_design=&#8220;none&#8220; loop=&#8220;yes&#8220; item=&#8220;437&#8243; grid_id=&#8220;vc_gid:1764960964462-78e40d57-3059-6&#8243;<\/p>\n","protected":false},"author":1,"featured_media":-1,"parent":0,"menu_order":0,"comment_status":"closed","ping_status":"closed","template":"","meta":{"footnotes":""},"class_list":["post-5219","page","type-page","status-publish","has-post-thumbnail","hentry"],"yoast_head":"<!-- This site is optimized with the Yoast SEO plugin v26.7 - https:\/\/yoast.com\/wordpress\/plugins\/seo\/ -->\n<title>Produktion von Industrir\u00e4dern aus Gummi und Kunststoff \u2013 RT Custom<\/title>\n<meta name=\"description\" content=\"Wir entwerfen R\u00e4der und Formen mit CAD\/CAM und fertigen in unserer Werkstatt die notwendigen Vorrichtungen f\u00fcr die Produktion neuer Modelle.\" \/>\n<meta name=\"robots\" content=\"index, follow, max-snippet:-1, max-image-preview:large, max-video-preview:-1\" \/>\n<link rel=\"canonical\" href=\"https:\/\/www.rtfirenze.com\/de\/rt-custom\/\" \/>\n<meta property=\"og:locale\" content=\"de_DE\" \/>\n<meta property=\"og:type\" content=\"article\" \/>\n<meta property=\"og:title\" content=\"Produktion von Industrir\u00e4dern aus Gummi und Kunststoff \u2013 RT Custom\" \/>\n<meta property=\"og:description\" content=\"Wir entwerfen R\u00e4der und Formen mit CAD\/CAM und fertigen in unserer Werkstatt die notwendigen Vorrichtungen f\u00fcr die Produktion neuer Modelle.\" \/>\n<meta property=\"og:url\" content=\"https:\/\/www.rtfirenze.com\/de\/rt-custom\/\" \/>\n<meta property=\"og:site_name\" content=\"Produzione Ruote Industriali in Plastica e Gomma - RT Firenze\" \/>\n<meta property=\"article:modified_time\" content=\"2025-12-05T18:57:41+00:00\" \/>\n<meta name=\"twitter:card\" content=\"summary_large_image\" \/>\n<meta name=\"twitter:label1\" content=\"Gesch\u00e4tzte Lesezeit\" \/>\n\t<meta name=\"twitter:data1\" content=\"2\u00a0Minuten\" \/>\n<script type=\"application\/ld+json\" class=\"yoast-schema-graph\">{\"@context\":\"https:\/\/schema.org\",\"@graph\":[{\"@type\":\"WebPage\",\"@id\":\"https:\/\/www.rtfirenze.com\/de\/rt-custom\/\",\"url\":\"https:\/\/www.rtfirenze.com\/de\/rt-custom\/\",\"name\":\"Produktion von Industrir\u00e4dern aus Gummi und Kunststoff \u2013 RT Custom\",\"isPartOf\":{\"@id\":\"https:\/\/www.rtfirenze.com\/#website\"},\"datePublished\":\"2025-12-05T18:55:55+00:00\",\"dateModified\":\"2025-12-05T18:57:41+00:00\",\"description\":\"Wir entwerfen R\u00e4der und Formen mit CAD\/CAM und fertigen in unserer Werkstatt die notwendigen Vorrichtungen f\u00fcr die Produktion neuer Modelle.\",\"breadcrumb\":{\"@id\":\"https:\/\/www.rtfirenze.com\/de\/rt-custom\/#breadcrumb\"},\"inLanguage\":\"de\",\"potentialAction\":[{\"@type\":\"ReadAction\",\"target\":[\"https:\/\/www.rtfirenze.com\/de\/rt-custom\/\"]}]},{\"@type\":\"BreadcrumbList\",\"@id\":\"https:\/\/www.rtfirenze.com\/de\/rt-custom\/#breadcrumb\",\"itemListElement\":[{\"@type\":\"ListItem\",\"position\":1,\"name\":\"Home\",\"item\":\"https:\/\/www.rtfirenze.com\/de\/\"},{\"@type\":\"ListItem\",\"position\":2,\"name\":\"RT Custom\"}]},{\"@type\":\"WebSite\",\"@id\":\"https:\/\/www.rtfirenze.com\/#website\",\"url\":\"https:\/\/www.rtfirenze.com\/\",\"name\":\"Produzione Ruote Industriali in Plastica e Gomma - RT Firenze\",\"description\":\"Produzione Ruote Industriali in Plastica e Gomma - RT Firenze\",\"potentialAction\":[{\"@type\":\"SearchAction\",\"target\":{\"@type\":\"EntryPoint\",\"urlTemplate\":\"https:\/\/www.rtfirenze.com\/?s={search_term_string}\"},\"query-input\":{\"@type\":\"PropertyValueSpecification\",\"valueRequired\":true,\"valueName\":\"search_term_string\"}}],\"inLanguage\":\"de\"}]}<\/script>\n<!-- \/ Yoast SEO plugin. -->","yoast_head_json":{"title":"Produktion von Industrir\u00e4dern aus Gummi und Kunststoff \u2013 RT Custom","description":"Wir entwerfen R\u00e4der und Formen mit CAD\/CAM und fertigen in unserer Werkstatt die notwendigen Vorrichtungen f\u00fcr die Produktion neuer Modelle.","robots":{"index":"index","follow":"follow","max-snippet":"max-snippet:-1","max-image-preview":"max-image-preview:large","max-video-preview":"max-video-preview:-1"},"canonical":"https:\/\/www.rtfirenze.com\/de\/rt-custom\/","og_locale":"de_DE","og_type":"article","og_title":"Produktion von Industrir\u00e4dern aus Gummi und Kunststoff \u2013 RT Custom","og_description":"Wir entwerfen R\u00e4der und Formen mit CAD\/CAM und fertigen in unserer Werkstatt die notwendigen Vorrichtungen f\u00fcr die Produktion neuer Modelle.","og_url":"https:\/\/www.rtfirenze.com\/de\/rt-custom\/","og_site_name":"Produzione Ruote Industriali in Plastica e Gomma - RT Firenze","article_modified_time":"2025-12-05T18:57:41+00:00","twitter_card":"summary_large_image","twitter_misc":{"Gesch\u00e4tzte Lesezeit":"2\u00a0Minuten"},"schema":{"@context":"https:\/\/schema.org","@graph":[{"@type":"WebPage","@id":"https:\/\/www.rtfirenze.com\/de\/rt-custom\/","url":"https:\/\/www.rtfirenze.com\/de\/rt-custom\/","name":"Produktion von Industrir\u00e4dern aus Gummi und Kunststoff \u2013 RT Custom","isPartOf":{"@id":"https:\/\/www.rtfirenze.com\/#website"},"datePublished":"2025-12-05T18:55:55+00:00","dateModified":"2025-12-05T18:57:41+00:00","description":"Wir entwerfen R\u00e4der und Formen mit CAD\/CAM und fertigen in unserer Werkstatt die notwendigen Vorrichtungen f\u00fcr die Produktion neuer Modelle.","breadcrumb":{"@id":"https:\/\/www.rtfirenze.com\/de\/rt-custom\/#breadcrumb"},"inLanguage":"de","potentialAction":[{"@type":"ReadAction","target":["https:\/\/www.rtfirenze.com\/de\/rt-custom\/"]}]},{"@type":"BreadcrumbList","@id":"https:\/\/www.rtfirenze.com\/de\/rt-custom\/#breadcrumb","itemListElement":[{"@type":"ListItem","position":1,"name":"Home","item":"https:\/\/www.rtfirenze.com\/de\/"},{"@type":"ListItem","position":2,"name":"RT Custom"}]},{"@type":"WebSite","@id":"https:\/\/www.rtfirenze.com\/#website","url":"https:\/\/www.rtfirenze.com\/","name":"Produzione Ruote Industriali in Plastica e Gomma - RT Firenze","description":"Produzione Ruote Industriali in Plastica e Gomma - RT Firenze","potentialAction":[{"@type":"SearchAction","target":{"@type":"EntryPoint","urlTemplate":"https:\/\/www.rtfirenze.com\/?s={search_term_string}"},"query-input":{"@type":"PropertyValueSpecification","valueRequired":true,"valueName":"search_term_string"}}],"inLanguage":"de"}]}},"_links":{"self":[{"href":"https:\/\/www.rtfirenze.com\/de\/wp-json\/wp\/v2\/pages\/5219","targetHints":{"allow":["GET"]}}],"collection":[{"href":"https:\/\/www.rtfirenze.com\/de\/wp-json\/wp\/v2\/pages"}],"about":[{"href":"https:\/\/www.rtfirenze.com\/de\/wp-json\/wp\/v2\/types\/page"}],"author":[{"embeddable":true,"href":"https:\/\/www.rtfirenze.com\/de\/wp-json\/wp\/v2\/users\/1"}],"replies":[{"embeddable":true,"href":"https:\/\/www.rtfirenze.com\/de\/wp-json\/wp\/v2\/comments?post=5219"}],"version-history":[{"count":4,"href":"https:\/\/www.rtfirenze.com\/de\/wp-json\/wp\/v2\/pages\/5219\/revisions"}],"predecessor-version":[{"id":5224,"href":"https:\/\/www.rtfirenze.com\/de\/wp-json\/wp\/v2\/pages\/5219\/revisions\/5224"}],"wp:featuredmedia":[{"embeddable":true,"href":"https:\/\/www.rtfirenze.com\/de\/wp-json\/"}],"wp:attachment":[{"href":"https:\/\/www.rtfirenze.com\/de\/wp-json\/wp\/v2\/media?parent=5219"}],"curies":[{"name":"wp","href":"https:\/\/api.w.org\/{rel}","templated":true}]}}