{"id":5225,"date":"2025-12-05T20:01:57","date_gmt":"2025-12-05T19:01:57","guid":{"rendered":"https:\/\/www.rtfirenze.com\/?page_id=5225"},"modified":"2025-12-05T20:08:59","modified_gmt":"2025-12-05T19:08:59","slug":"zubehoer","status":"publish","type":"page","link":"https:\/\/www.rtfirenze.com\/de\/zubehoer\/","title":{"rendered":"Zubeh\u00f6r"},"content":{"rendered":"<div class=\"wpb-content-wrapper\"><p>[vc_row full_width=&#8220;stretch_row&#8220; css=&#8220;.vc_custom_1574256997579{margin-bottom: 0px !important;background-image: url(https:\/\/www.rtfirenze.com\/wp-content\/uploads\/2019\/11\/sfondo-scuro.png?id=173) !important;background-position: 0 0 !important;background-repeat: repeat !important;}&#8220;][vc_column][vc_column_text css_animation=&#8220;none&#8220; css=&#8220;&#8220;]<\/p>\n<h2 style=\"text-align: center;\"><strong><span style=\"color: #ffffff;\">ZUBEH\u00d6R<\/span><\/strong><\/h2>\n<p>[\/vc_column_text][\/vc_column][\/vc_row][vc_row][vc_column width=&#8220;1\/4&#8243;][\/vc_column][vc_column width=&#8220;1\/2&#8243;][vc_media_grid style=&#8220;pagination&#8220; items_per_page=&#8220;1&#8243; element_width=&#8220;12&#8243; gap=&#8220;0&#8243; paging_design=&#8220;none&#8220; loop=&#8220;yes&#8220; item=&#8220;437&#8243; grid_id=&#8220;vc_gid:1764961328561-f3cd8348-6e8e-0&#8243; include=&#8220;727&#8243;][\/vc_column][vc_column width=&#8220;1\/4&#8243;][\/vc_column][\/vc_row][vc_row full_width=&#8220;stretch_row&#8220; css=&#8220;.vc_custom_1576227897426{background-color: #d5d7d4 !important;}&#8220;][vc_column][vc_column_text css=&#8220;&#8220;]<\/p>\n<h4 style=\"text-align: center;\">RDFP Offene Sicherungsscheiben (Typ Plain)<\/h4>\n<p>[\/vc_column_text][vc_row_inner css=&#8220;.vc_custom_1576227935027{margin-bottom: -35px !important;}&#8220;][vc_column_inner width=&#8220;1\/4&#8243;][\/vc_column_inner][vc_column_inner width=&#8220;1\/2&#8243;][vc_media_grid style=&#8220;pagination&#8220; items_per_page=&#8220;1&#8243; element_width=&#8220;12&#8243; gap=&#8220;0&#8243; paging_design=&#8220;none&#8220; loop=&#8220;yes&#8220; item=&#8220;437&#8243; css=&#8220;.vc_custom_1576228652520{margin-bottom: 0px !important;}&#8220; grid_id=&#8220;vc_gid:1764961328562-bba58575-a2c3-9&#8243; include=&#8220;732&#8243;][\/vc_column_inner][vc_column_inner width=&#8220;1\/4&#8243;][\/vc_column_inner][\/vc_row_inner][vc_row_inner css=&#8220;.vc_custom_1576227950384{margin-top: -35px !important;margin-bottom: -20px !important;}&#8220;][vc_column_inner][vc_column_text css=&#8220;.vc_custom_1764961412445{margin-bottom: 20px !important;}&#8220;]<\/p>\n<p style=\"text-align: center;\">Aus federgeh\u00e4rtetem Stahl gefertigt, sind Kronenbefestiger oder Starlock\u00ae-Sicherungsringe speziell daf\u00fcr konzipiert, auf glatten Bolzen ohne Nut oder weitere Bearbeitung eingesetzt zu werden. Sie dienen dazu, das Rad auf seiner Achse zu fixieren und sofortigen Halt sowie sicheren Sitz zu gew\u00e4hrleisten. Einmal montiert, kann der Ring nur durch Zerst\u00f6rung entfernt werden.<\/p>\n<p style=\"text-align: center;\">In Kombination mit einem Rad, das \u00fcber eine Abdeckkappe oder Niete verf\u00fcgt, bleibt der Sicherungsring unsichtbar, was sowohl die \u00c4sthetik als auch die Wirtschaftlichkeit verbessert.<\/p>\n<p>[\/vc_column_text][vc_column_text css=&#8220;&#8220;]<\/p>\n<table id=\"tablepress-1\" class=\"tablepress tablepress-id-1\">\n<thead>\n<tr class=\"row-1 odd\">\n<th class=\"column-1\" style=\"text-align: center;\">Artikel<\/th>\n<th class=\"column-2\" style=\"text-align: center;\">d<\/th>\n<th class=\"column-3\" style=\"text-align: center;\">D<\/th>\n<th class=\"column-4\" style=\"text-align: center;\">H<\/th>\n<th class=\"column-6\" style=\"text-align: center;\">S<\/th>\n<\/tr>\n<\/thead>\n<tbody class=\"row-hover\">\n<tr class=\"row-2 even\">\n<td class=\"column-1\" style=\"text-align: center; background-color: #d5d7d4;\"><strong>RDFP 8<\/strong><\/td>\n<td class=\"column-2\" style=\"text-align: center; background-color: #d5d7d4;\">8<\/td>\n<td class=\"column-3\" style=\"text-align: center; background-color: #d5d7d4;\">15.3<\/td>\n<td class=\"column-4\" style=\"text-align: center; background-color: #d5d7d4;\">1.3<\/td>\n<td class=\"column-6\" style=\"text-align: center; background-color: #d5d7d4;\">0.25<\/td>\n<\/tr>\n<tr class=\"row-3 odd\">\n<td class=\"column-1\" style=\"text-align: center; background-color: #d5d7d4;\"><strong>RDFP 10<\/strong><\/td>\n<td class=\"column-2\" style=\"text-align: center; background-color: #d5d7d4;\">10<\/td>\n<td class=\"column-3\" style=\"text-align: center; background-color: #d5d7d4;\">18.5<\/td>\n<td class=\"column-4\" style=\"text-align: center; background-color: #d5d7d4;\">2<\/td>\n<td class=\"column-6\" style=\"text-align: center; background-color: #d5d7d4;\">0.3<\/td>\n<\/tr>\n<tr class=\"row-3 odd\">\n<td class=\"column-1\" style=\"text-align: center; background-color: #d5d7d4;\"><strong>RDFP 12<\/strong><\/td>\n<td class=\"column-2\" style=\"text-align: center; background-color: #d5d7d4;\">12<\/td>\n<td class=\"column-3\" style=\"text-align: center; background-color: #d5d7d4;\">25<\/td>\n<td class=\"column-4\" style=\"text-align: center; background-color: #d5d7d4;\">2.4<\/td>\n<td class=\"column-6\" style=\"text-align: center; background-color: #d5d7d4;\">0.4<\/td>\n<\/tr>\n<tr class=\"row-3 odd\">\n<td class=\"column-1\" style=\"text-align: center; background-color: #d5d7d4;\"><strong>RDFP 15<\/strong><\/td>\n<td class=\"column-2\" style=\"text-align: center; background-color: #d5d7d4;\">15<\/td>\n<td class=\"column-3\" style=\"text-align: center; background-color: #d5d7d4;\">28.2<\/td>\n<td class=\"column-4\" style=\"text-align: center; background-color: #d5d7d4;\">2.4<\/td>\n<td class=\"column-6\" style=\"text-align: center; background-color: #d5d7d4;\">0.4<\/td>\n<\/tr>\n<tr class=\"row-3 odd\">\n<td class=\"column-1\" style=\"text-align: center; background-color: #d5d7d4;\"><strong>RDFP 16<\/strong><\/td>\n<td class=\"column-2\" style=\"text-align: center; background-color: #d5d7d4;\">16<\/td>\n<td class=\"column-3\" style=\"text-align: center; background-color: #d5d7d4;\">28.2<\/td>\n<td class=\"column-4\" style=\"text-align: center; background-color: #d5d7d4;\">2.4<\/td>\n<td class=\"column-6\" style=\"text-align: center; background-color: #d5d7d4;\">0.4<\/td>\n<\/tr>\n<tr class=\"row-3 odd\">\n<td class=\"column-1\" style=\"text-align: center; background-color: #d5d7d4;\"><strong>RDFP 20<\/strong><\/td>\n<td class=\"column-2\" style=\"text-align: center; background-color: #d5d7d4;\">20<\/td>\n<td class=\"column-3\" style=\"text-align: center; background-color: #d5d7d4;\">36.5<\/td>\n<td class=\"column-4\" style=\"text-align: center; background-color: #d5d7d4;\">3.4<\/td>\n<td class=\"column-6\" style=\"text-align: center; background-color: #d5d7d4;\">0.4<\/td>\n<\/tr>\n<tr class=\"row-3 odd\">\n<td class=\"column-1\" style=\"text-align: center; background-color: #d5d7d4;\"><strong>RDFP 25<\/strong><\/td>\n<td class=\"column-2\" style=\"text-align: center; background-color: #d5d7d4;\">25<\/td>\n<td class=\"column-3\" style=\"text-align: center; background-color: #d5d7d4;\">41.5<\/td>\n<td class=\"column-4\" style=\"text-align: center; background-color: #d5d7d4;\">3.4<\/td>\n<td class=\"column-6\" style=\"text-align: center; background-color: #d5d7d4;\">0.5<\/td>\n<\/tr>\n<\/tbody>\n<\/table>\n<p>[\/vc_column_text][\/vc_column_inner][\/vc_row_inner][\/vc_column][\/vc_row][vc_row][vc_column][vc_column_text css=&#8220;&#8220;]<\/p>\n<h4 style=\"text-align: center;\">RDFC Geschlossene Sicherungsringe (Typ Capped)<\/h4>\n<p>[\/vc_column_text][vc_row_inner css=&#8220;.vc_custom_1576227935027{margin-bottom: -35px !important;}&#8220;][vc_column_inner width=&#8220;1\/4&#8243;][\/vc_column_inner][vc_column_inner width=&#8220;1\/2&#8243;][vc_media_grid style=&#8220;pagination&#8220; items_per_page=&#8220;1&#8243; element_width=&#8220;12&#8243; gap=&#8220;0&#8243; paging_design=&#8220;none&#8220; loop=&#8220;yes&#8220; item=&#8220;437&#8243; css=&#8220;.vc_custom_1576229145358{margin-bottom: 0px !important;}&#8220; grid_id=&#8220;vc_gid:1764961328564-1bfa11d5-d64c-9&#8243; include=&#8220;748&#8243;][\/vc_column_inner][vc_column_inner width=&#8220;1\/4&#8243;][\/vc_column_inner][\/vc_row_inner][vc_row_inner css=&#8220;.vc_custom_1576227950384{margin-top: -35px !important;margin-bottom: -20px !important;}&#8220;][vc_column_inner][vc_column_text css=&#8220;.vc_custom_1764961514968{margin-bottom: 20px !important;}&#8220;]<\/p>\n<p style=\"text-align: center;\">Aus federgeh\u00e4rtetem Stahl gefertigt, sind Kronenbefestiger oder Starlock\u00ae-Sicherungsringe speziell daf\u00fcr konzipiert, auf glatten Bolzen ohne Nut oder weitere Bearbeitung eingesetzt zu werden. Sie dienen dazu, das Rad auf seiner Achse zu fixieren und sofortigen Halt sowie sicheren Sitz zu gew\u00e4hrleisten. Einmal montiert, kann der Ring nur durch Zerst\u00f6rung entfernt werden.<\/p>\n<p style=\"text-align: center;\">Geschlossene Sicherungsringe verf\u00fcgen \u00fcber eine Kappe, die die Befestigung verdeckt und das \u00e4u\u00dfere Erscheinungsbild verbessert. Sie sind weniger kosteng\u00fcnstig als die offene Serie und werden f\u00fcr \u00e4sthetische Montagen verwendet, insbesondere bei R\u00e4dern ohne Abdeckkappe oder Niet.<\/p>\n<p>[\/vc_column_text][vc_column_text css=&#8220;&#8220;]<\/p>\n<table id=\"tablepress-1\" class=\"tablepress tablepress-id-1\">\n<thead>\n<tr class=\"row-1 odd\">\n<th class=\"column-1\" style=\"text-align: center;\">Artikel<\/th>\n<th class=\"column-2\" style=\"text-align: center;\">d<\/th>\n<th class=\"column-3\" style=\"text-align: center;\">D<\/th>\n<th class=\"column-4\" style=\"text-align: center;\">H<\/th>\n<\/tr>\n<\/thead>\n<tbody class=\"row-hover\">\n<tr class=\"row-2 even\">\n<td class=\"column-1\" style=\"text-align: center;\"><strong>RDFC 12<\/strong><\/td>\n<td class=\"column-2\" style=\"text-align: center;\">12<\/td>\n<td class=\"column-3\" style=\"text-align: center;\">26<\/td>\n<td class=\"column-4\" style=\"text-align: center;\">8<\/td>\n<\/tr>\n<tr class=\"row-3 odd\">\n<td class=\"column-1\" style=\"text-align: center;\"><strong>RDFC 15<\/strong><\/td>\n<td class=\"column-2\" style=\"text-align: center;\">15<\/td>\n<td class=\"column-3\" style=\"text-align: center;\">29.5<\/td>\n<td class=\"column-4\" style=\"text-align: center;\">9.7<\/td>\n<\/tr>\n<tr class=\"row-3 odd\">\n<td class=\"column-1\" style=\"text-align: center;\"><strong>RDFC 20<\/strong><\/td>\n<td class=\"column-2\" style=\"text-align: center;\">20<\/td>\n<td class=\"column-3\" style=\"text-align: center;\">38.2<\/td>\n<td class=\"column-4\" style=\"text-align: center;\">12.5<\/td>\n<\/tr>\n<tr class=\"row-3 odd\">\n<td class=\"column-1\" style=\"text-align: center;\"><strong>RDFC 25<\/strong><\/td>\n<td class=\"column-2\" style=\"text-align: center;\">25<\/td>\n<td class=\"column-3\" style=\"text-align: center;\">43<\/td>\n<td class=\"column-4\" style=\"text-align: center;\">13<\/td>\n<\/tr>\n<\/tbody>\n<\/table>\n<p>[\/vc_column_text][\/vc_column_inner][\/vc_row_inner][\/vc_column][\/vc_row][vc_row full_width=&#8220;stretch_row&#8220; css=&#8220;.vc_custom_1579013068739{background-color: #d5d7d4 !important;}&#8220;][vc_column][vc_column_text css=&#8220;&#8220;]<\/p>\n<h4 style=\"text-align: center;\">Lager C1226<\/h4>\n<p>[\/vc_column_text][vc_row_inner css=&#8220;.vc_custom_1579012976996{margin-bottom: -35px !important;background-color: #d5d7d !important;}&#8220;][vc_column_inner width=&#8220;1\/4&#8243;][\/vc_column_inner][vc_column_inner width=&#8220;1\/2&#8243;][vc_media_grid style=&#8220;pagination&#8220; items_per_page=&#8220;1&#8243; element_width=&#8220;12&#8243; gap=&#8220;0&#8243; paging_design=&#8220;none&#8220; loop=&#8220;yes&#8220; item=&#8220;437&#8243; css=&#8220;.vc_custom_1576229934937{margin-bottom: 0px !important;}&#8220; grid_id=&#8220;vc_gid:1764961328564-30290bed-832d-3&#8243; include=&#8220;759&#8243;][\/vc_column_inner][vc_column_inner width=&#8220;1\/4&#8243;][\/vc_column_inner][\/vc_row_inner][vc_row_inner css=&#8220;.vc_custom_1576227950384{margin-top: -35px !important;margin-bottom: -20px !important;}&#8220;][vc_column_inner][vc_column_text css=&#8220;.vc_custom_1764961576980{margin-bottom: 20px !important;}&#8220;]<\/p>\n<p style=\"text-align: center;\">Kugellager aus gestanztem Blech.<\/p>\n<p>[\/vc_column_text][vc_column_text css=&#8220;&#8220;]<\/p>\n<table id=\"tablepress-1\" class=\"tablepress tablepress-id-1\">\n<thead>\n<tr class=\"row-1 odd\">\n<th class=\"column-1\" style=\"text-align: center;\">Artikel<\/th>\n<th class=\"column-2\" style=\"text-align: center;\">d<\/th>\n<th class=\"column-3\" style=\"text-align: center;\">D<\/th>\n<th class=\"column-4\" style=\"text-align: center;\">H<\/th>\n<\/tr>\n<\/thead>\n<tbody class=\"row-hover\">\n<tr class=\"row-2 even\">\n<td class=\"column-1\" style=\"text-align: center; background-color: #d5d7d4;\"><strong>C1226<\/strong><\/td>\n<td class=\"column-2\" style=\"text-align: center; background-color: #d5d7d4;\">12<\/td>\n<td class=\"column-3\" style=\"text-align: center; background-color: #d5d7d4;\">26.1<\/td>\n<td class=\"column-4\" style=\"text-align: center; background-color: #d5d7d4;\">12.5<\/td>\n<\/tr>\n<\/tbody>\n<\/table>\n<p>[\/vc_column_text][\/vc_column_inner][\/vc_row_inner][\/vc_column][\/vc_row][vc_row full_width=&#8220;stretch_row&#8220;][vc_column][vc_column_text css=&#8220;&#8220;]<\/p>\n<h4 style=\"text-align: center;\">Buchsen B1226<\/h4>\n<p>[\/vc_column_text][vc_row_inner css=&#8220;.vc_custom_1576227935027{margin-bottom: -35px !important;}&#8220;][vc_column_inner width=&#8220;1\/4&#8243;][\/vc_column_inner][vc_column_inner width=&#8220;1\/2&#8243;][vc_media_grid style=&#8220;pagination&#8220; items_per_page=&#8220;1&#8243; element_width=&#8220;12&#8243; gap=&#8220;0&#8243; paging_design=&#8220;none&#8220; loop=&#8220;yes&#8220; item=&#8220;437&#8243; css=&#8220;.vc_custom_1576231042150{margin-bottom: 0px !important;}&#8220; grid_id=&#8220;vc_gid:1764961328565-8d39178a-58b8-1&#8243; include=&#8220;765&#8243;][\/vc_column_inner][vc_column_inner width=&#8220;1\/4&#8243;][\/vc_column_inner][\/vc_row_inner][vc_row_inner css=&#8220;.vc_custom_1576227950384{margin-top: -35px !important;margin-bottom: -20px !important;}&#8220;][vc_column_inner][vc_column_text css=&#8220;.vc_custom_1764961633792{margin-bottom: 20px !important;}&#8220;]<\/p>\n<p style=\"text-align: center;\">Buchse aus Acetalharz mit Abmessungen, die perfekt mit den Lagern austauschbar sind.<\/p>\n<p>[\/vc_column_text][vc_column_text css=&#8220;&#8220;]<\/p>\n<table id=\"tablepress-1\" class=\"tablepress tablepress-id-1\">\n<thead>\n<tr class=\"row-1 odd\">\n<th class=\"column-1\" style=\"text-align: center;\">Artikel<\/th>\n<th class=\"column-2\" style=\"text-align: center;\">d<\/th>\n<th class=\"column-3\" style=\"text-align: center;\">D<\/th>\n<th class=\"column-4\" style=\"text-align: center;\">H<\/th>\n<\/tr>\n<\/thead>\n<tbody class=\"row-hover\">\n<tr class=\"row-2 even\">\n<td class=\"column-1\"><strong>B1026<\/strong><\/td>\n<td class=\"column-2\">10<\/td>\n<td class=\"column-3\">26<\/td>\n<td class=\"column-4\">12.5<\/td>\n<\/tr>\n<tr class=\"row-2 even\">\n<td class=\"column-1\"><strong>B1226<\/strong><\/td>\n<td class=\"column-2\">12<\/td>\n<td class=\"column-3\">26<\/td>\n<td class=\"column-4\">12.5<\/td>\n<\/tr>\n<\/tbody>\n<\/table>\n<p>[\/vc_column_text][\/vc_column_inner][\/vc_row_inner][\/vc_column][\/vc_row][vc_row full_width=&#8220;stretch_row&#8220; css=&#8220;.vc_custom_1576227897426{background-color: #d5d7d4 !important;}&#8220;][vc_column][vc_column_text css=&#8220;&#8220;]<\/p>\n<h4 style=\"text-align: center;\">Buchse BR<\/h4>\n<p>[\/vc_column_text][vc_row_inner css=&#8220;.vc_custom_1576227935027{margin-bottom: -35px !important;}&#8220;][vc_column_inner width=&#8220;1\/4&#8243;][\/vc_column_inner][vc_column_inner width=&#8220;1\/2&#8243;][vc_media_grid style=&#8220;pagination&#8220; items_per_page=&#8220;1&#8243; element_width=&#8220;12&#8243; gap=&#8220;0&#8243; paging_design=&#8220;none&#8220; loop=&#8220;yes&#8220; item=&#8220;437&#8243; css=&#8220;.vc_custom_1576229942708{margin-bottom: 0px !important;}&#8220; grid_id=&#8220;vc_gid:1764961328566-b7afe4b0-1d0e-9&#8243; include=&#8220;754&#8243;][\/vc_column_inner][vc_column_inner width=&#8220;1\/4&#8243;][\/vc_column_inner][\/vc_row_inner][vc_row_inner css=&#8220;.vc_custom_1576227950384{margin-top: -35px !important;margin-bottom: -20px !important;}&#8220;][vc_column_inner][vc_column_text css=&#8220;.vc_custom_1764961681706{margin-bottom: 20px !important;}&#8220;]<\/p>\n<p style=\"text-align: center;\">Buchse aus Nylon zur Lochverkleinerung.<\/p>\n<p>[\/vc_column_text][vc_column_text css=&#8220;&#8220;]<\/p>\n<table id=\"tablepress-1\" class=\"tablepress tablepress-id-1\">\n<thead>\n<tr class=\"row-1 odd\">\n<th class=\"column-1\" style=\"text-align: center;\">Artikel<\/th>\n<th class=\"column-2\" style=\"text-align: center;\">d<\/th>\n<th class=\"column-3\" style=\"text-align: center;\">D<\/th>\n<th class=\"column-4\" style=\"text-align: center;\">H<\/th>\n<\/tr>\n<\/thead>\n<tbody class=\"row-hover\">\n<tr class=\"row-2 even\">\n<td class=\"column-1\" style=\"text-align: center; background-color: #d5d7d4;\"><strong>BR081540<\/strong><\/td>\n<td class=\"column-2\" style=\"text-align: center; background-color: #d5d7d4;\">8<\/td>\n<td class=\"column-3\" style=\"text-align: center; background-color: #d5d7d4;\">15<\/td>\n<td class=\"column-4\" style=\"text-align: center; background-color: #d5d7d4;\">40<\/td>\n<\/tr>\n<\/tbody>\n<\/table>\n<p>[\/vc_column_text][\/vc_column_inner][\/vc_row_inner][\/vc_column][\/vc_row][vc_row][vc_column][vc_column_text]<\/p>\n<p>[\/vc_column_text][\/vc_column][\/vc_row]<\/p>\n<\/div>","protected":false},"excerpt":{"rendered":"<p>[vc_row full_width=&#8220;stretch_row&#8220; css=&#8220;.vc_custom_1574256997579{margin-bottom: 0px !important;background-image: url(https:\/\/www.rtfirenze.com\/wp-content\/uploads\/2019\/11\/sfondo-scuro.png?id=173) !important;background-position: 0 0 !important;background-repeat: repeat !important;}&#8220;][vc_column][vc_column_text css_animation=&#8220;none&#8220; css=&#8220;&#8220;] ZUBEH\u00d6R [\/vc_column_text][\/vc_column][\/vc_row][vc_row][vc_column width=&#8220;1\/4&#8243;][\/vc_column][vc_column width=&#8220;1\/2&#8243;][vc_media_grid style=&#8220;pagination&#8220; items_per_page=&#8220;1&#8243; element_width=&#8220;12&#8243; gap=&#8220;0&#8243; paging_design=&#8220;none&#8220; loop=&#8220;yes&#8220; item=&#8220;437&#8243; grid_id=&#8220;vc_gid:1764961328561-f3cd8348-6e8e-0&#8243;<\/p>\n","protected":false},"author":1,"featured_media":-1,"parent":0,"menu_order":0,"comment_status":"closed","ping_status":"closed","template":"","meta":{"footnotes":""},"class_list":["post-5225","page","type-page","status-publish","has-post-thumbnail","hentry"],"yoast_head":"<!-- This site is optimized with the Yoast SEO plugin v26.7 - https:\/\/yoast.com\/wordpress\/plugins\/seo\/ -->\n<title>Zubeh\u00f6r f\u00fcr Industrir\u00e4der aus Gummi und Kunststoff \u2013 RT Firenze<\/title>\n<meta name=\"description\" content=\"Wir entwerfen Zubeh\u00f6r f\u00fcr Industrir\u00e4der aus Gummi und Kunststoff mit CAD\/CAM und fertigen in unserer Werkstatt die notwendigen Vorrichtungen.\" \/>\n<meta name=\"robots\" content=\"index, follow, max-snippet:-1, max-image-preview:large, max-video-preview:-1\" \/>\n<link rel=\"canonical\" href=\"https:\/\/www.rtfirenze.com\/de\/zubehoer\/\" \/>\n<meta property=\"og:locale\" content=\"de_DE\" \/>\n<meta property=\"og:type\" content=\"article\" \/>\n<meta property=\"og:title\" content=\"Zubeh\u00f6r f\u00fcr Industrir\u00e4der aus Gummi und Kunststoff \u2013 RT Firenze\" \/>\n<meta property=\"og:description\" content=\"Wir entwerfen Zubeh\u00f6r f\u00fcr Industrir\u00e4der aus Gummi und Kunststoff mit CAD\/CAM und fertigen in unserer Werkstatt die notwendigen Vorrichtungen.\" \/>\n<meta property=\"og:url\" content=\"https:\/\/www.rtfirenze.com\/de\/zubehoer\/\" \/>\n<meta property=\"og:site_name\" content=\"Produzione Ruote Industriali in Plastica e Gomma - RT Firenze\" \/>\n<meta property=\"article:modified_time\" content=\"2025-12-05T19:08:59+00:00\" \/>\n<meta name=\"twitter:card\" content=\"summary_large_image\" \/>\n<meta name=\"twitter:label1\" content=\"Gesch\u00e4tzte Lesezeit\" \/>\n\t<meta name=\"twitter:data1\" content=\"4\u00a0Minuten\" \/>\n<script type=\"application\/ld+json\" class=\"yoast-schema-graph\">{\"@context\":\"https:\/\/schema.org\",\"@graph\":[{\"@type\":\"WebPage\",\"@id\":\"https:\/\/www.rtfirenze.com\/de\/zubehoer\/\",\"url\":\"https:\/\/www.rtfirenze.com\/de\/zubehoer\/\",\"name\":\"Zubeh\u00f6r f\u00fcr Industrir\u00e4der aus Gummi und Kunststoff \u2013 RT Firenze\",\"isPartOf\":{\"@id\":\"https:\/\/www.rtfirenze.com\/#website\"},\"datePublished\":\"2025-12-05T19:01:57+00:00\",\"dateModified\":\"2025-12-05T19:08:59+00:00\",\"description\":\"Wir entwerfen Zubeh\u00f6r f\u00fcr Industrir\u00e4der aus Gummi und Kunststoff mit CAD\/CAM und fertigen in unserer Werkstatt die notwendigen Vorrichtungen.\",\"breadcrumb\":{\"@id\":\"https:\/\/www.rtfirenze.com\/de\/zubehoer\/#breadcrumb\"},\"inLanguage\":\"de\",\"potentialAction\":[{\"@type\":\"ReadAction\",\"target\":[\"https:\/\/www.rtfirenze.com\/de\/zubehoer\/\"]}]},{\"@type\":\"BreadcrumbList\",\"@id\":\"https:\/\/www.rtfirenze.com\/de\/zubehoer\/#breadcrumb\",\"itemListElement\":[{\"@type\":\"ListItem\",\"position\":1,\"name\":\"Home\",\"item\":\"https:\/\/www.rtfirenze.com\/de\/\"},{\"@type\":\"ListItem\",\"position\":2,\"name\":\"Zubeh\u00f6r\"}]},{\"@type\":\"WebSite\",\"@id\":\"https:\/\/www.rtfirenze.com\/#website\",\"url\":\"https:\/\/www.rtfirenze.com\/\",\"name\":\"Produzione Ruote Industriali in Plastica e Gomma - RT Firenze\",\"description\":\"Produzione Ruote Industriali in Plastica e Gomma - RT Firenze\",\"potentialAction\":[{\"@type\":\"SearchAction\",\"target\":{\"@type\":\"EntryPoint\",\"urlTemplate\":\"https:\/\/www.rtfirenze.com\/?s={search_term_string}\"},\"query-input\":{\"@type\":\"PropertyValueSpecification\",\"valueRequired\":true,\"valueName\":\"search_term_string\"}}],\"inLanguage\":\"de\"}]}<\/script>\n<!-- \/ Yoast SEO plugin. -->","yoast_head_json":{"title":"Zubeh\u00f6r f\u00fcr Industrir\u00e4der aus Gummi und Kunststoff \u2013 RT Firenze","description":"Wir entwerfen Zubeh\u00f6r f\u00fcr Industrir\u00e4der aus Gummi und Kunststoff mit CAD\/CAM und fertigen in unserer Werkstatt die notwendigen Vorrichtungen.","robots":{"index":"index","follow":"follow","max-snippet":"max-snippet:-1","max-image-preview":"max-image-preview:large","max-video-preview":"max-video-preview:-1"},"canonical":"https:\/\/www.rtfirenze.com\/de\/zubehoer\/","og_locale":"de_DE","og_type":"article","og_title":"Zubeh\u00f6r f\u00fcr Industrir\u00e4der aus Gummi und Kunststoff \u2013 RT Firenze","og_description":"Wir entwerfen Zubeh\u00f6r f\u00fcr Industrir\u00e4der aus Gummi und Kunststoff mit CAD\/CAM und fertigen in unserer Werkstatt die notwendigen Vorrichtungen.","og_url":"https:\/\/www.rtfirenze.com\/de\/zubehoer\/","og_site_name":"Produzione Ruote Industriali in Plastica e Gomma - RT Firenze","article_modified_time":"2025-12-05T19:08:59+00:00","twitter_card":"summary_large_image","twitter_misc":{"Gesch\u00e4tzte Lesezeit":"4\u00a0Minuten"},"schema":{"@context":"https:\/\/schema.org","@graph":[{"@type":"WebPage","@id":"https:\/\/www.rtfirenze.com\/de\/zubehoer\/","url":"https:\/\/www.rtfirenze.com\/de\/zubehoer\/","name":"Zubeh\u00f6r f\u00fcr Industrir\u00e4der aus Gummi und Kunststoff \u2013 RT Firenze","isPartOf":{"@id":"https:\/\/www.rtfirenze.com\/#website"},"datePublished":"2025-12-05T19:01:57+00:00","dateModified":"2025-12-05T19:08:59+00:00","description":"Wir entwerfen Zubeh\u00f6r f\u00fcr Industrir\u00e4der aus Gummi und Kunststoff mit CAD\/CAM und fertigen in unserer Werkstatt die notwendigen Vorrichtungen.","breadcrumb":{"@id":"https:\/\/www.rtfirenze.com\/de\/zubehoer\/#breadcrumb"},"inLanguage":"de","potentialAction":[{"@type":"ReadAction","target":["https:\/\/www.rtfirenze.com\/de\/zubehoer\/"]}]},{"@type":"BreadcrumbList","@id":"https:\/\/www.rtfirenze.com\/de\/zubehoer\/#breadcrumb","itemListElement":[{"@type":"ListItem","position":1,"name":"Home","item":"https:\/\/www.rtfirenze.com\/de\/"},{"@type":"ListItem","position":2,"name":"Zubeh\u00f6r"}]},{"@type":"WebSite","@id":"https:\/\/www.rtfirenze.com\/#website","url":"https:\/\/www.rtfirenze.com\/","name":"Produzione Ruote Industriali in Plastica e Gomma - RT Firenze","description":"Produzione Ruote Industriali in Plastica e Gomma - RT Firenze","potentialAction":[{"@type":"SearchAction","target":{"@type":"EntryPoint","urlTemplate":"https:\/\/www.rtfirenze.com\/?s={search_term_string}"},"query-input":{"@type":"PropertyValueSpecification","valueRequired":true,"valueName":"search_term_string"}}],"inLanguage":"de"}]}},"_links":{"self":[{"href":"https:\/\/www.rtfirenze.com\/de\/wp-json\/wp\/v2\/pages\/5225","targetHints":{"allow":["GET"]}}],"collection":[{"href":"https:\/\/www.rtfirenze.com\/de\/wp-json\/wp\/v2\/pages"}],"about":[{"href":"https:\/\/www.rtfirenze.com\/de\/wp-json\/wp\/v2\/types\/page"}],"author":[{"embeddable":true,"href":"https:\/\/www.rtfirenze.com\/de\/wp-json\/wp\/v2\/users\/1"}],"replies":[{"embeddable":true,"href":"https:\/\/www.rtfirenze.com\/de\/wp-json\/wp\/v2\/comments?post=5225"}],"version-history":[{"count":4,"href":"https:\/\/www.rtfirenze.com\/de\/wp-json\/wp\/v2\/pages\/5225\/revisions"}],"predecessor-version":[{"id":5232,"href":"https:\/\/www.rtfirenze.com\/de\/wp-json\/wp\/v2\/pages\/5225\/revisions\/5232"}],"wp:featuredmedia":[{"embeddable":true,"href":"https:\/\/www.rtfirenze.com\/de\/wp-json\/"}],"wp:attachment":[{"href":"https:\/\/www.rtfirenze.com\/de\/wp-json\/wp\/v2\/media?parent=5225"}],"curies":[{"name":"wp","href":"https:\/\/api.w.org\/{rel}","templated":true}]}}