{"id":5283,"date":"2025-12-09T12:03:49","date_gmt":"2025-12-09T11:03:49","guid":{"rendered":"https:\/\/www.rtfirenze.com\/?page_id=5283"},"modified":"2025-12-09T20:17:31","modified_gmt":"2025-12-09T19:17:31","slug":"srv-serie-rt-vintage","status":"publish","type":"page","link":"https:\/\/www.rtfirenze.com\/de\/srv-serie-rt-vintage\/","title":{"rendered":"SRV-Serie &#8211; RT Vintage"},"content":{"rendered":"<div class=\"wpb-content-wrapper\"><p>[vc_row full_width=&#8220;stretch_row&#8220; css=&#8220;.vc_custom_1574256997579{margin-bottom: 0px !important;background-image: url(https:\/\/www.rtfirenze.com\/wp-content\/uploads\/2019\/11\/sfondo-scuro.png?id=173) !important;background-position: 0 0 !important;background-repeat: repeat !important;}&#8220;][vc_column][vc_column_text css_animation=&#8220;none&#8220; css=&#8220;&#8220;]<\/p>\n<h2 style=\"text-align: center;\"><strong><span style=\"color: #ffffff;\">SRV-SERIE &#8211; RT VINTAGE<\/span><\/strong><\/h2>\n<p>[\/vc_column_text][\/vc_column][\/vc_row][vc_row][vc_column width=&#8220;2\/3&#8243; css=&#8220;.vc_custom_1576143532939{padding-right: 10% !important;}&#8220; offset=&#8220;vc_hidden-md vc_hidden-sm vc_hidden-xs&#8220;][vc_media_grid style=&#8220;pagination&#8220; items_per_page=&#8220;1&#8243; element_width=&#8220;12&#8243; gap=&#8220;0&#8243; paging_design=&#8220;none&#8220; loop=&#8220;yes&#8220; item=&#8220;437&#8243; grid_id=&#8220;vc_gid:1765278235506-91b8031a-af31-1&#8243; include=&#8220;691&#8243;][\/vc_column][vc_column width=&#8220;1\/3&#8243; css=&#8220;.vc_custom_1576143543370{padding-left: 10% !important;}&#8220; offset=&#8220;vc_hidden-md vc_hidden-sm vc_hidden-xs&#8220;][vc_media_grid style=&#8220;pagination&#8220; items_per_page=&#8220;1&#8243; element_width=&#8220;12&#8243; gap=&#8220;0&#8243; paging_design=&#8220;none&#8220; item=&#8220;557&#8243; grid_id=&#8220;vc_gid:1765278235507-81d7ef65-f650-0&#8243; include=&#8220;1430&#8243;][\/vc_column][\/vc_row][vc_row css=&#8220;.vc_custom_1576143744247{margin-top: 20px !important;}&#8220;][vc_column width=&#8220;2\/3&#8243; css=&#8220;.vc_custom_1576143548629{padding-right: 10% !important;}&#8220; offset=&#8220;vc_hidden-lg&#8220;][vc_media_grid style=&#8220;pagination&#8220; items_per_page=&#8220;1&#8243; element_width=&#8220;12&#8243; gap=&#8220;0&#8243; paging_design=&#8220;none&#8220; loop=&#8220;yes&#8220; item=&#8220;437&#8243; grid_id=&#8220;vc_gid:1765278235507-0590c5b4-7b0b-7&#8243; include=&#8220;691&#8243;][\/vc_column][vc_column width=&#8220;1\/3&#8243; css=&#8220;.vc_custom_1576143555121{padding-left: 10% !important;}&#8220; offset=&#8220;vc_hidden-lg&#8220;][vc_media_grid style=&#8220;pagination&#8220; items_per_page=&#8220;1&#8243; element_width=&#8220;12&#8243; gap=&#8220;0&#8243; paging_design=&#8220;none&#8220; item=&#8220;574&#8243; grid_id=&#8220;vc_gid:1765278235508-734f115e-5730-1&#8243; include=&#8220;1430&#8243;][\/vc_column][\/vc_row][vc_row][vc_column][vc_column_text css=&#8220;&#8220;]<\/p>\n<p style=\"text-align: center;\">Dies ist ein Hochleistungs-Industrierad mit robuster Polypropylenfelge und RT VINTAGE-Lauffl\u00e4chenbeschichtung. Es kann auch bei geringer Anwesenheit von Kohlenwasserstoffen verwendet werden. Es verf\u00fcgt \u00fcber eine ausgezeichnete elastische R\u00fcckstellung, hervorragende Rei\u00df- und Abriebfestigkeit sowie gute Witterungsbest\u00e4ndigkeit.<\/p>\n<p style=\"text-align: center;\">Die SRV300-Serie stellt die Weiterentwicklung der SR-Serie dar, jedoch mit gr\u00f6\u00dferem Durchmesser und hochwertigerem Gummi. Ihr innerer Kern ist mit einer farbigen Radkappe versehen. Das Rad kann unter anderem an Melkmaschinen, Feuerl\u00f6schwagen und professionellen Reinigungsmaschinen eingesetzt werden. Mit einer Dicke von nur 57\u202fmm eignet es sich f\u00fcr unebene B\u00f6den und f\u00fcr Maschinen, die geringe seitliche Abmessungen erfordern.<\/p>\n<p style=\"text-align: center;\">Es kann mit selbstschmierenden Acetalharzbuchsen (SRVB) oder Kugellagern (SRVC) ausgestattet werden, wie unsere Artikel B1226 und C1226 (siehe Zubeh\u00f6rseite). Durch diese Ma\u00dfnahmen l\u00e4sst sich die Laufruhe erh\u00f6hen und die zum Abrollen erforderliche Schubkraft reduzieren.<\/p>\n<p>[\/vc_column_text][\/vc_column][\/vc_row][vc_row][vc_column][vc_column_text css=&#8220;&#8220;]<\/p>\n<table id=\"tablepress-1\" class=\"tablepress tablepress-id-1\">\n<thead>\n<tr class=\"row-1 odd\">\n<th class=\"column-1\" style=\"text-align: center;\"><strong>Artikel<\/strong><\/th>\n<th class=\"column-2\" style=\"text-align: center;\">D<\/th>\n<th class=\"column-3\" style=\"text-align: center;\">b<\/th>\n<th class=\"column-4\" style=\"text-align: center;\">L<\/th>\n<th class=\"column-6\" style=\"text-align: center;\">d<\/th>\n<th class=\"column-7\" style=\"text-align: center;\"><strong>Gewicht <\/strong>g<\/th>\n<th class=\"column-8\" style=\"text-align: center;\"><strong>Tragf\u00e4higkeit\u00a0\u00a0 <\/strong>kg<\/th>\n<\/tr>\n<\/thead>\n<tbody class=\"row-hover\">\n<tr class=\"row-2 even\">\n<td class=\"column-1\" style=\"text-align: center;\"><strong>SRV 300<\/strong><\/td>\n<td class=\"column-2\" style=\"text-align: center;\">300<\/td>\n<td class=\"column-3\" style=\"text-align: center;\">56<\/td>\n<td class=\"column-4\" style=\"text-align: center;\">57<\/td>\n<td class=\"column-6\" style=\"text-align: center;\">20-25<\/td>\n<td class=\"column-7\" style=\"text-align: center;\">1850<\/td>\n<td class=\"column-8\" style=\"text-align: center;\">150<\/td>\n<\/tr>\n<tr class=\"row-3 odd\">\n<td class=\"column-1\" style=\"text-align: center;\"><strong>SRVB 300<\/strong><\/td>\n<td class=\"column-2\" style=\"text-align: center;\">300<\/td>\n<td class=\"column-3\" style=\"text-align: center;\">56<\/td>\n<td class=\"column-4\" style=\"text-align: center;\">57<\/td>\n<td class=\"column-6\" style=\"text-align: center;\">10-12<\/td>\n<td class=\"column-7\" style=\"text-align: center;\">1860<\/td>\n<td class=\"column-8\" style=\"text-align: center;\">150<\/td>\n<\/tr>\n<tr class=\"row-3 odd\">\n<td class=\"column-1\" style=\"text-align: center;\"><strong>SRVC 300<\/strong><\/td>\n<td class=\"column-2\" style=\"text-align: center;\">300<\/td>\n<td class=\"column-3\" style=\"text-align: center;\">56<\/td>\n<td class=\"column-4\" style=\"text-align: center;\">57<\/td>\n<td class=\"column-6\" style=\"text-align: center;\">12<\/td>\n<td class=\"column-7\" style=\"text-align: center;\">1920<\/td>\n<td class=\"column-8\" style=\"text-align: center;\">150<\/td>\n<\/tr>\n<\/tbody>\n<\/table>\n<p>[\/vc_column_text][\/vc_column][\/vc_row][vc_row][vc_column][vc_column_text]<\/p>\n<p>[\/vc_column_text][\/vc_column][\/vc_row]<\/p>\n<\/div>","protected":false},"excerpt":{"rendered":"<p>[vc_row full_width=&#8220;stretch_row&#8220; css=&#8220;.vc_custom_1574256997579{margin-bottom: 0px !important;background-image: url(https:\/\/www.rtfirenze.com\/wp-content\/uploads\/2019\/11\/sfondo-scuro.png?id=173) !important;background-position: 0 0 !important;background-repeat: repeat !important;}&#8220;][vc_column][vc_column_text css_animation=&#8220;none&#8220; css=&#8220;&#8220;] SRV-SERIE &#8211; RT VINTAGE [\/vc_column_text][\/vc_column][\/vc_row][vc_row][vc_column width=&#8220;2\/3&#8243; css=&#8220;.vc_custom_1576143532939{padding-right: 10% !important;}&#8220; offset=&#8220;vc_hidden-md vc_hidden-sm vc_hidden-xs&#8220;][vc_media_grid<\/p>\n","protected":false},"author":1,"featured_media":691,"parent":0,"menu_order":0,"comment_status":"closed","ping_status":"closed","template":"","meta":{"footnotes":""},"class_list":["post-5283","page","type-page","status-publish","has-post-thumbnail","hentry"],"yoast_head":"<!-- This site is optimized with the Yoast SEO plugin v26.7 - https:\/\/yoast.com\/wordpress\/plugins\/seo\/ -->\n<title>SRV-Serie - RT Vintage - Produzione Ruote Industriali in Plastica e Gomma - RT Firenze<\/title>\n<meta name=\"robots\" content=\"index, follow, max-snippet:-1, max-image-preview:large, max-video-preview:-1\" \/>\n<link rel=\"canonical\" href=\"https:\/\/www.rtfirenze.com\/de\/srv-serie-rt-vintage\/\" \/>\n<meta property=\"og:locale\" content=\"de_DE\" \/>\n<meta property=\"og:type\" content=\"article\" \/>\n<meta property=\"og:title\" content=\"SRV-Serie - RT Vintage - Produzione Ruote Industriali in Plastica e Gomma - RT Firenze\" \/>\n<meta property=\"og:description\" content=\"[vc_row full_width=&#8220;stretch_row&#8220; css=&#8220;.vc_custom_1574256997579{margin-bottom: 0px !important;background-image: url(https:\/\/www.rtfirenze.com\/wp-content\/uploads\/2019\/11\/sfondo-scuro.png?id=173) !important;background-position: 0 0 !important;background-repeat: repeat !important;}&#8220;][vc_column][vc_column_text css_animation=&#8220;none&#8220; css=&#8220;&#8220;] SRV-SERIE &#8211; RT VINTAGE [\/vc_column_text][\/vc_column][\/vc_row][vc_row][vc_column width=&#8220;2\/3&#8243; css=&#8220;.vc_custom_1576143532939{padding-right: 10% !important;}&#8220; offset=&#8220;vc_hidden-md vc_hidden-sm vc_hidden-xs&#8220;][vc_media_grid\" \/>\n<meta property=\"og:url\" content=\"https:\/\/www.rtfirenze.com\/de\/srv-serie-rt-vintage\/\" \/>\n<meta property=\"og:site_name\" content=\"Produzione Ruote Industriali in Plastica e Gomma - RT Firenze\" \/>\n<meta property=\"article:modified_time\" content=\"2025-12-09T19:17:31+00:00\" \/>\n<meta property=\"og:image\" content=\"https:\/\/www.rtfirenze.com\/wp-content\/uploads\/2019\/12\/serie-srv-rt-vintage.jpg\" \/>\n\t<meta property=\"og:image:width\" content=\"1800\" \/>\n\t<meta property=\"og:image:height\" content=\"1200\" \/>\n\t<meta property=\"og:image:type\" content=\"image\/jpeg\" \/>\n<meta name=\"twitter:card\" content=\"summary_large_image\" \/>\n<meta name=\"twitter:label1\" content=\"Gesch\u00e4tzte Lesezeit\" \/>\n\t<meta name=\"twitter:data1\" content=\"2\u00a0Minuten\" \/>\n<script type=\"application\/ld+json\" class=\"yoast-schema-graph\">{\"@context\":\"https:\/\/schema.org\",\"@graph\":[{\"@type\":\"WebPage\",\"@id\":\"https:\/\/www.rtfirenze.com\/de\/srv-serie-rt-vintage\/\",\"url\":\"https:\/\/www.rtfirenze.com\/de\/srv-serie-rt-vintage\/\",\"name\":\"SRV-Serie - RT Vintage - Produzione Ruote Industriali in Plastica e Gomma - RT Firenze\",\"isPartOf\":{\"@id\":\"https:\/\/www.rtfirenze.com\/#website\"},\"primaryImageOfPage\":{\"@id\":\"https:\/\/www.rtfirenze.com\/de\/srv-serie-rt-vintage\/#primaryimage\"},\"image\":{\"@id\":\"https:\/\/www.rtfirenze.com\/de\/srv-serie-rt-vintage\/#primaryimage\"},\"thumbnailUrl\":\"https:\/\/www.rtfirenze.com\/wp-content\/uploads\/2019\/12\/serie-srv-rt-vintage.jpg\",\"datePublished\":\"2025-12-09T11:03:49+00:00\",\"dateModified\":\"2025-12-09T19:17:31+00:00\",\"breadcrumb\":{\"@id\":\"https:\/\/www.rtfirenze.com\/de\/srv-serie-rt-vintage\/#breadcrumb\"},\"inLanguage\":\"de\",\"potentialAction\":[{\"@type\":\"ReadAction\",\"target\":[\"https:\/\/www.rtfirenze.com\/de\/srv-serie-rt-vintage\/\"]}]},{\"@type\":\"ImageObject\",\"inLanguage\":\"de\",\"@id\":\"https:\/\/www.rtfirenze.com\/de\/srv-serie-rt-vintage\/#primaryimage\",\"url\":\"https:\/\/www.rtfirenze.com\/wp-content\/uploads\/2019\/12\/serie-srv-rt-vintage.jpg\",\"contentUrl\":\"https:\/\/www.rtfirenze.com\/wp-content\/uploads\/2019\/12\/serie-srv-rt-vintage.jpg\",\"width\":1800,\"height\":1200,\"caption\":\"Poduzione Ruote Industriali in Gomma e Plastica - Serie SRV\"},{\"@type\":\"BreadcrumbList\",\"@id\":\"https:\/\/www.rtfirenze.com\/de\/srv-serie-rt-vintage\/#breadcrumb\",\"itemListElement\":[{\"@type\":\"ListItem\",\"position\":1,\"name\":\"Home\",\"item\":\"https:\/\/www.rtfirenze.com\/de\/\"},{\"@type\":\"ListItem\",\"position\":2,\"name\":\"SRV-Serie &#8211; RT Vintage\"}]},{\"@type\":\"WebSite\",\"@id\":\"https:\/\/www.rtfirenze.com\/#website\",\"url\":\"https:\/\/www.rtfirenze.com\/\",\"name\":\"Produzione Ruote Industriali in Plastica e Gomma - RT Firenze\",\"description\":\"Produzione Ruote Industriali in Plastica e Gomma - RT Firenze\",\"potentialAction\":[{\"@type\":\"SearchAction\",\"target\":{\"@type\":\"EntryPoint\",\"urlTemplate\":\"https:\/\/www.rtfirenze.com\/?s={search_term_string}\"},\"query-input\":{\"@type\":\"PropertyValueSpecification\",\"valueRequired\":true,\"valueName\":\"search_term_string\"}}],\"inLanguage\":\"de\"}]}<\/script>\n<!-- \/ Yoast SEO plugin. -->","yoast_head_json":{"title":"SRV-Serie - RT Vintage - Produzione Ruote Industriali in Plastica e Gomma - RT Firenze","robots":{"index":"index","follow":"follow","max-snippet":"max-snippet:-1","max-image-preview":"max-image-preview:large","max-video-preview":"max-video-preview:-1"},"canonical":"https:\/\/www.rtfirenze.com\/de\/srv-serie-rt-vintage\/","og_locale":"de_DE","og_type":"article","og_title":"SRV-Serie - RT Vintage - Produzione Ruote Industriali in Plastica e Gomma - RT Firenze","og_description":"[vc_row full_width=&#8220;stretch_row&#8220; css=&#8220;.vc_custom_1574256997579{margin-bottom: 0px !important;background-image: url(https:\/\/www.rtfirenze.com\/wp-content\/uploads\/2019\/11\/sfondo-scuro.png?id=173) !important;background-position: 0 0 !important;background-repeat: repeat !important;}&#8220;][vc_column][vc_column_text css_animation=&#8220;none&#8220; css=&#8220;&#8220;] SRV-SERIE &#8211; RT VINTAGE [\/vc_column_text][\/vc_column][\/vc_row][vc_row][vc_column width=&#8220;2\/3&#8243; css=&#8220;.vc_custom_1576143532939{padding-right: 10% !important;}&#8220; offset=&#8220;vc_hidden-md vc_hidden-sm vc_hidden-xs&#8220;][vc_media_grid","og_url":"https:\/\/www.rtfirenze.com\/de\/srv-serie-rt-vintage\/","og_site_name":"Produzione Ruote Industriali in Plastica e Gomma - RT Firenze","article_modified_time":"2025-12-09T19:17:31+00:00","og_image":[{"width":1800,"height":1200,"url":"https:\/\/www.rtfirenze.com\/wp-content\/uploads\/2019\/12\/serie-srv-rt-vintage.jpg","type":"image\/jpeg"}],"twitter_card":"summary_large_image","twitter_misc":{"Gesch\u00e4tzte Lesezeit":"2\u00a0Minuten"},"schema":{"@context":"https:\/\/schema.org","@graph":[{"@type":"WebPage","@id":"https:\/\/www.rtfirenze.com\/de\/srv-serie-rt-vintage\/","url":"https:\/\/www.rtfirenze.com\/de\/srv-serie-rt-vintage\/","name":"SRV-Serie - RT Vintage - Produzione Ruote Industriali in Plastica e Gomma - RT Firenze","isPartOf":{"@id":"https:\/\/www.rtfirenze.com\/#website"},"primaryImageOfPage":{"@id":"https:\/\/www.rtfirenze.com\/de\/srv-serie-rt-vintage\/#primaryimage"},"image":{"@id":"https:\/\/www.rtfirenze.com\/de\/srv-serie-rt-vintage\/#primaryimage"},"thumbnailUrl":"https:\/\/www.rtfirenze.com\/wp-content\/uploads\/2019\/12\/serie-srv-rt-vintage.jpg","datePublished":"2025-12-09T11:03:49+00:00","dateModified":"2025-12-09T19:17:31+00:00","breadcrumb":{"@id":"https:\/\/www.rtfirenze.com\/de\/srv-serie-rt-vintage\/#breadcrumb"},"inLanguage":"de","potentialAction":[{"@type":"ReadAction","target":["https:\/\/www.rtfirenze.com\/de\/srv-serie-rt-vintage\/"]}]},{"@type":"ImageObject","inLanguage":"de","@id":"https:\/\/www.rtfirenze.com\/de\/srv-serie-rt-vintage\/#primaryimage","url":"https:\/\/www.rtfirenze.com\/wp-content\/uploads\/2019\/12\/serie-srv-rt-vintage.jpg","contentUrl":"https:\/\/www.rtfirenze.com\/wp-content\/uploads\/2019\/12\/serie-srv-rt-vintage.jpg","width":1800,"height":1200,"caption":"Poduzione Ruote Industriali in Gomma e Plastica - Serie SRV"},{"@type":"BreadcrumbList","@id":"https:\/\/www.rtfirenze.com\/de\/srv-serie-rt-vintage\/#breadcrumb","itemListElement":[{"@type":"ListItem","position":1,"name":"Home","item":"https:\/\/www.rtfirenze.com\/de\/"},{"@type":"ListItem","position":2,"name":"SRV-Serie &#8211; RT Vintage"}]},{"@type":"WebSite","@id":"https:\/\/www.rtfirenze.com\/#website","url":"https:\/\/www.rtfirenze.com\/","name":"Produzione Ruote Industriali in Plastica e Gomma - RT Firenze","description":"Produzione Ruote Industriali in Plastica e Gomma - RT Firenze","potentialAction":[{"@type":"SearchAction","target":{"@type":"EntryPoint","urlTemplate":"https:\/\/www.rtfirenze.com\/?s={search_term_string}"},"query-input":{"@type":"PropertyValueSpecification","valueRequired":true,"valueName":"search_term_string"}}],"inLanguage":"de"}]}},"_links":{"self":[{"href":"https:\/\/www.rtfirenze.com\/de\/wp-json\/wp\/v2\/pages\/5283","targetHints":{"allow":["GET"]}}],"collection":[{"href":"https:\/\/www.rtfirenze.com\/de\/wp-json\/wp\/v2\/pages"}],"about":[{"href":"https:\/\/www.rtfirenze.com\/de\/wp-json\/wp\/v2\/types\/page"}],"author":[{"embeddable":true,"href":"https:\/\/www.rtfirenze.com\/de\/wp-json\/wp\/v2\/users\/1"}],"replies":[{"embeddable":true,"href":"https:\/\/www.rtfirenze.com\/de\/wp-json\/wp\/v2\/comments?post=5283"}],"version-history":[{"count":4,"href":"https:\/\/www.rtfirenze.com\/de\/wp-json\/wp\/v2\/pages\/5283\/revisions"}],"predecessor-version":[{"id":5287,"href":"https:\/\/www.rtfirenze.com\/de\/wp-json\/wp\/v2\/pages\/5283\/revisions\/5287"}],"wp:featuredmedia":[{"embeddable":true,"href":"https:\/\/www.rtfirenze.com\/de\/wp-json\/wp\/v2\/media\/691"}],"wp:attachment":[{"href":"https:\/\/www.rtfirenze.com\/de\/wp-json\/wp\/v2\/media?parent=5283"}],"curies":[{"name":"wp","href":"https:\/\/api.w.org\/{rel}","templated":true}]}}