{"id":5288,"date":"2025-12-09T12:10:09","date_gmt":"2025-12-09T11:10:09","guid":{"rendered":"https:\/\/www.rtfirenze.com\/?page_id=5288"},"modified":"2025-12-09T20:17:34","modified_gmt":"2025-12-09T19:17:34","slug":"personalisierte-vollgummi-bandagen-rt-vintage","status":"publish","type":"page","link":"https:\/\/www.rtfirenze.com\/de\/personalisierte-vollgummi-bandagen-rt-vintage\/","title":{"rendered":"Personalisierte Vollgummi-Bandagen &#8211; RT Vintage"},"content":{"rendered":"<div class=\"wpb-content-wrapper\"><p>[vc_row full_width=&#8220;stretch_row&#8220; css=&#8220;.vc_custom_1574256997579{margin-bottom: 0px !important;background-image: url(https:\/\/www.rtfirenze.com\/wp-content\/uploads\/2019\/11\/sfondo-scuro.png?id=173) !important;background-position: 0 0 !important;background-repeat: repeat !important;}&#8220;][vc_column][vc_column_text css_animation=&#8220;none&#8220; css=&#8220;&#8220;]<\/p>\n<h2 style=\"text-align: center;\"><strong><span style=\"color: #ffffff;\">PERSONALISIERTE VOLLGUMMI-BANDAGEN \u2013 RT VINTAGE<\/span><\/strong><\/h2>\n<p>[\/vc_column_text][\/vc_column][\/vc_row][vc_row][vc_column width=&#8220;1\/4&#8243;][\/vc_column][vc_column width=&#8220;1\/2&#8243;][vc_media_grid style=&#8220;pagination&#8220; items_per_page=&#8220;1&#8243; element_width=&#8220;12&#8243; gap=&#8220;0&#8243; arrows_design=&#8220;vc_arrow-icon-arrow_09_left&#8220; arrows_position=&#8220;outside&#8220; arrows_color=&#8220;black&#8220; paging_design=&#8220;pagination_square&#8220; paging_color=&#8220;black&#8220; loop=&#8220;yes&#8220; item=&#8220;437&#8243; css=&#8220;&#8220; grid_id=&#8220;vc_gid:1765278614790-f7f32f51-41c0-7&#8243; include=&#8220;3495,3500,3505,520,1280&#8243;][\/vc_column][vc_column width=&#8220;1\/4&#8243;][\/vc_column][\/vc_row][vc_row][vc_column][vc_column_text css=&#8220;&#8220;]<\/p>\n<p style=\"text-align: center;\">RT VINTAGE-Bandagen k\u00f6nnen auch bei geringer Anwesenheit von Kohlenwasserstoffen verwendet werden. Sie verf\u00fcgen \u00fcber eine ausgezeichnete elastische R\u00fcckstellung, hervorragende Rei\u00df- und Abriebfestigkeit sowie gute Witterungsbest\u00e4ndigkeit. \u00dcber 90\u202f% bestehen aus SBR-Gummi, der aus der R\u00fcckgewinnung von Altreifen gewonnen wird.<\/p>\n<p style=\"text-align: center;\">Der bemerkenswerte Erfolg unserer exklusiven Vintage-Mischung hat es uns erm\u00f6glicht, eine kontinuierliche 24-Stunden-Produktion vollautomatischer ISO-\/UNI-Bandagen zu starten, die auf Wunsch unserer Kunden gefertigt werden.<\/p>\n<p style=\"text-align: center;\">Die hohe Produktivit\u00e4t und Gleichm\u00e4\u00dfigkeit dieses Produkts macht RT Firenze im Vergleich zu vielen importierten Produkten sehr wettbewerbsf\u00e4hig. Wir produzieren Millionen von Gummibandagen f\u00fcr Hersteller von R\u00e4dern und Rollen mit mittlerer und hoher Tragf\u00e4higkeit.<\/p>\n<p style=\"text-align: center;\">Wir planen, unseren Marktanteil deutlich zu erh\u00f6hen, indem wir die Produktion neuer Modelle mit gr\u00f6\u00dferen Durchmessern und Tragf\u00e4higkeiten pr\u00fcfen, um die Einsatzbereiche zu erweitern.<\/p>\n<p>[\/vc_column_text][vc_column_text css=&#8220;&#8220;]<\/p>\n<table id=\"tablepress-1\" class=\"tablepress tablepress-id-1\">\n<thead>\n<tr class=\"row-1 odd\">\n<th class=\"column-1\" style=\"text-align: center;\"><strong>Artikel<\/strong><\/th>\n<th class=\"column-2\" style=\"text-align: center;\"><strong data-start=\"69\" data-end=\"84\" data-is-last-node=\"\" data-is-only-node=\"\">Durchmesser<\/strong><\/th>\n<th class=\"column-3\" style=\"text-align: center;\">Breite<\/th>\n<th class=\"column-7\" style=\"text-align: center;\"><strong>Gewicht <\/strong>g<\/th>\n<th class=\"column-8\" style=\"text-align: center;\"><strong>Tragf\u00e4higkeit\u00a0\u00a0 <\/strong>kg<\/th>\n<\/tr>\n<\/thead>\n<tbody class=\"row-hover\">\n<tr class=\"row-2 even\">\n<td class=\"column-1\" style=\"text-align: center;\"><strong>AN 160&#215;40<\/strong><\/td>\n<td class=\"column-2\" style=\"text-align: center;\">160<\/td>\n<td class=\"column-3\" style=\"text-align: center;\">40<\/td>\n<td class=\"column-7\" style=\"text-align: center;\">600<\/td>\n<td class=\"column-8\" style=\"text-align: center;\">150<\/td>\n<\/tr>\n<tr class=\"row-3 odd\">\n<td class=\"column-1\" style=\"text-align: center;\"><strong>AN 200&#215;50<\/strong><\/td>\n<td class=\"column-2\" style=\"text-align: center;\">200<\/td>\n<td class=\"column-3\" style=\"text-align: center;\">50<\/td>\n<td class=\"column-7\" style=\"text-align: center;\">1000<\/td>\n<td class=\"column-8\" style=\"text-align: center;\">225<\/td>\n<\/tr>\n<tr class=\"row-3 odd\">\n<td class=\"column-1\" style=\"text-align: center;\"><strong>AN 250&#215;60<\/strong><\/td>\n<td class=\"column-2\" style=\"text-align: center;\">250<\/td>\n<td class=\"column-3\" style=\"text-align: center;\">60<\/td>\n<td class=\"column-7\" style=\"text-align: center;\">1750<\/td>\n<td class=\"column-8\" style=\"text-align: center;\">300<\/td>\n<\/tr>\n<tr class=\"row-3 odd\">\n<td class=\"column-1\" style=\"text-align: center;\"><strong>AN 3.00-4\u201d<\/strong><\/td>\n<td class=\"column-2\" style=\"text-align: center;\">255<\/td>\n<td class=\"column-3\" style=\"text-align: center;\">80<\/td>\n<td class=\"column-7\" style=\"text-align: center;\">3700<\/td>\n<td class=\"column-8\" style=\"text-align: center;\">400<\/td>\n<\/tr>\n<tr class=\"row-3 odd\">\n<td class=\"column-1\" style=\"text-align: center;\"><strong>AN 3.00-6\u201d<\/strong><\/td>\n<td class=\"column-2\" style=\"text-align: center;\">255<\/td>\n<td class=\"column-3\" style=\"text-align: center;\">80<\/td>\n<td class=\"column-7\" style=\"text-align: center;\">2800<\/td>\n<td class=\"column-8\" style=\"text-align: center;\">400<\/td>\n<\/tr>\n<tr class=\"row-3 odd\">\n<td class=\"column-1\" style=\"text-align: center;\"><strong>AN 4.00-4\u201d<\/strong><\/td>\n<td class=\"column-2\" style=\"text-align: center;\">305<\/td>\n<td class=\"column-3\" style=\"text-align: center;\">90<\/td>\n<td class=\"column-7\" style=\"text-align: center;\">7200<\/td>\n<td class=\"column-8\" style=\"text-align: center;\">500<\/td>\n<\/tr>\n<tr class=\"row-3 odd\">\n<td class=\"column-1\" style=\"text-align: center;\"><strong>AN 4.00-6\u201d<\/strong><\/td>\n<td class=\"column-2\" style=\"text-align: center;\">305<\/td>\n<td class=\"column-3\" style=\"text-align: center;\">90<\/td>\n<td class=\"column-7\" style=\"text-align: center;\">5500<\/td>\n<td class=\"column-8\" style=\"text-align: center;\">500<\/td>\n<\/tr>\n<tr class=\"row-3 odd\">\n<td class=\"column-1\" style=\"text-align: center;\"><strong>AN 4.00-8\u201d<\/strong><\/td>\n<td class=\"column-2\" style=\"text-align: center;\">305<\/td>\n<td class=\"column-3\" style=\"text-align: center;\">90<\/td>\n<td class=\"column-7\" style=\"text-align: center;\">4000<\/td>\n<td class=\"column-8\" style=\"text-align: center;\">500<\/td>\n<\/tr>\n<tr class=\"row-3 odd\">\n<td class=\"column-1\" style=\"text-align: center;\"><strong>3.00-4\u201dTPU NONMARKING <\/strong><\/td>\n<td class=\"column-2\" style=\"text-align: center;\">255<\/td>\n<td class=\"column-3\" style=\"text-align: center;\">80<\/td>\n<td class=\"column-7\" style=\"text-align: center;\">4000<\/td>\n<td class=\"column-8\" style=\"text-align: center;\">400<\/td>\n<\/tr>\n<tr class=\"row-3 odd\">\n<td class=\"column-1\" style=\"text-align: center;\"><strong>4.00-6\u201dTPU NON MARKING<\/strong><\/td>\n<td class=\"column-2\" style=\"text-align: center;\">305<\/td>\n<td class=\"column-3\" style=\"text-align: center;\">90<\/td>\n<td class=\"column-7\" style=\"text-align: center;\">5800<\/td>\n<td class=\"column-8\" style=\"text-align: center;\">500<\/td>\n<\/tr>\n<\/tbody>\n<\/table>\n<p>[\/vc_column_text][\/vc_column][\/vc_row][vc_row][vc_column][vc_column_text]<\/p>\n<p>[\/vc_column_text][\/vc_column][\/vc_row]<\/p>\n<\/div>","protected":false},"excerpt":{"rendered":"<p>[vc_row full_width=&#8220;stretch_row&#8220; css=&#8220;.vc_custom_1574256997579{margin-bottom: 0px !important;background-image: url(https:\/\/www.rtfirenze.com\/wp-content\/uploads\/2019\/11\/sfondo-scuro.png?id=173) !important;background-position: 0 0 !important;background-repeat: repeat !important;}&#8220;][vc_column][vc_column_text css_animation=&#8220;none&#8220; css=&#8220;&#8220;] PERSONALISIERTE VOLLGUMMI-BANDAGEN \u2013 RT VINTAGE [\/vc_column_text][\/vc_column][\/vc_row][vc_row][vc_column width=&#8220;1\/4&#8243;][\/vc_column][vc_column width=&#8220;1\/2&#8243;][vc_media_grid style=&#8220;pagination&#8220; items_per_page=&#8220;1&#8243; element_width=&#8220;12&#8243; gap=&#8220;0&#8243;<\/p>\n","protected":false},"author":1,"featured_media":520,"parent":0,"menu_order":0,"comment_status":"closed","ping_status":"closed","template":"","meta":{"footnotes":""},"class_list":["post-5288","page","type-page","status-publish","has-post-thumbnail","hentry"],"yoast_head":"<!-- This site is optimized with the Yoast SEO plugin v27.5 - https:\/\/yoast.com\/product\/yoast-seo-wordpress\/ -->\n<title>Personalisierte Vollgummi-Bandagen - RT Vintage - Produzione Ruote Industriali in Plastica e Gomma - RT Firenze<\/title>\n<meta name=\"robots\" content=\"index, follow, max-snippet:-1, max-image-preview:large, max-video-preview:-1\" \/>\n<link rel=\"canonical\" href=\"https:\/\/www.rtfirenze.com\/de\/personalisierte-vollgummi-bandagen-rt-vintage\/\" \/>\n<meta property=\"og:locale\" content=\"de_DE\" \/>\n<meta property=\"og:type\" content=\"article\" \/>\n<meta property=\"og:title\" content=\"Personalisierte Vollgummi-Bandagen - RT Vintage - Produzione Ruote Industriali in Plastica e Gomma - RT Firenze\" \/>\n<meta property=\"og:description\" content=\"[vc_row full_width=&#8220;stretch_row&#8220; css=&#8220;.vc_custom_1574256997579{margin-bottom: 0px !important;background-image: url(https:\/\/www.rtfirenze.com\/wp-content\/uploads\/2019\/11\/sfondo-scuro.png?id=173) !important;background-position: 0 0 !important;background-repeat: repeat !important;}&#8220;][vc_column][vc_column_text css_animation=&#8220;none&#8220; css=&#8220;&#8220;] PERSONALISIERTE VOLLGUMMI-BANDAGEN \u2013 RT VINTAGE [\/vc_column_text][\/vc_column][\/vc_row][vc_row][vc_column width=&#8220;1\/4&#8243;][\/vc_column][vc_column width=&#8220;1\/2&#8243;][vc_media_grid style=&#8220;pagination&#8220; items_per_page=&#8220;1&#8243; element_width=&#8220;12&#8243; gap=&#8220;0&#8243;\" \/>\n<meta property=\"og:url\" content=\"https:\/\/www.rtfirenze.com\/de\/personalisierte-vollgummi-bandagen-rt-vintage\/\" \/>\n<meta property=\"og:site_name\" content=\"Produzione Ruote Industriali in Plastica e Gomma - RT Firenze\" \/>\n<meta property=\"article:modified_time\" content=\"2025-12-09T19:17:34+00:00\" \/>\n<meta property=\"og:image\" content=\"https:\/\/www.rtfirenze.com\/wp-content\/uploads\/2019\/12\/rt-vintage-anelli-personalizzati.jpg\" \/>\n\t<meta property=\"og:image:width\" content=\"1800\" \/>\n\t<meta property=\"og:image:height\" content=\"1200\" \/>\n\t<meta property=\"og:image:type\" content=\"image\/jpeg\" \/>\n<meta name=\"twitter:card\" content=\"summary_large_image\" \/>\n<meta name=\"twitter:label1\" content=\"Gesch\u00e4tzte Lesezeit\" \/>\n\t<meta name=\"twitter:data1\" content=\"2\u00a0Minuten\" \/>\n<script type=\"application\/ld+json\" class=\"yoast-schema-graph\">{\"@context\":\"https:\\\/\\\/schema.org\",\"@graph\":[{\"@type\":\"WebPage\",\"@id\":\"https:\\\/\\\/www.rtfirenze.com\\\/de\\\/personalisierte-vollgummi-bandagen-rt-vintage\\\/\",\"url\":\"https:\\\/\\\/www.rtfirenze.com\\\/de\\\/personalisierte-vollgummi-bandagen-rt-vintage\\\/\",\"name\":\"Personalisierte Vollgummi-Bandagen - RT Vintage - Produzione Ruote Industriali in Plastica e Gomma - RT Firenze\",\"isPartOf\":{\"@id\":\"https:\\\/\\\/www.rtfirenze.com\\\/#website\"},\"primaryImageOfPage\":{\"@id\":\"https:\\\/\\\/www.rtfirenze.com\\\/de\\\/personalisierte-vollgummi-bandagen-rt-vintage\\\/#primaryimage\"},\"image\":{\"@id\":\"https:\\\/\\\/www.rtfirenze.com\\\/de\\\/personalisierte-vollgummi-bandagen-rt-vintage\\\/#primaryimage\"},\"thumbnailUrl\":\"https:\\\/\\\/www.rtfirenze.com\\\/wp-content\\\/uploads\\\/2019\\\/12\\\/rt-vintage-anelli-personalizzati.jpg\",\"datePublished\":\"2025-12-09T11:10:09+00:00\",\"dateModified\":\"2025-12-09T19:17:34+00:00\",\"breadcrumb\":{\"@id\":\"https:\\\/\\\/www.rtfirenze.com\\\/de\\\/personalisierte-vollgummi-bandagen-rt-vintage\\\/#breadcrumb\"},\"inLanguage\":\"de\",\"potentialAction\":[{\"@type\":\"ReadAction\",\"target\":[\"https:\\\/\\\/www.rtfirenze.com\\\/de\\\/personalisierte-vollgummi-bandagen-rt-vintage\\\/\"]}]},{\"@type\":\"ImageObject\",\"inLanguage\":\"de\",\"@id\":\"https:\\\/\\\/www.rtfirenze.com\\\/de\\\/personalisierte-vollgummi-bandagen-rt-vintage\\\/#primaryimage\",\"url\":\"https:\\\/\\\/www.rtfirenze.com\\\/wp-content\\\/uploads\\\/2019\\\/12\\\/rt-vintage-anelli-personalizzati.jpg\",\"contentUrl\":\"https:\\\/\\\/www.rtfirenze.com\\\/wp-content\\\/uploads\\\/2019\\\/12\\\/rt-vintage-anelli-personalizzati.jpg\",\"width\":1800,\"height\":1200,\"caption\":\"Poduzione ruote industriali in gomma e plastica - Anelli Personalizzati\"},{\"@type\":\"BreadcrumbList\",\"@id\":\"https:\\\/\\\/www.rtfirenze.com\\\/de\\\/personalisierte-vollgummi-bandagen-rt-vintage\\\/#breadcrumb\",\"itemListElement\":[{\"@type\":\"ListItem\",\"position\":1,\"name\":\"Home\",\"item\":\"https:\\\/\\\/www.rtfirenze.com\\\/de\\\/\"},{\"@type\":\"ListItem\",\"position\":2,\"name\":\"Personalisierte Vollgummi-Bandagen &#8211; RT Vintage\"}]},{\"@type\":\"WebSite\",\"@id\":\"https:\\\/\\\/www.rtfirenze.com\\\/#website\",\"url\":\"https:\\\/\\\/www.rtfirenze.com\\\/\",\"name\":\"Produzione Ruote Industriali in Plastica e Gomma - RT Firenze\",\"description\":\"Produzione Ruote Industriali in Plastica e Gomma - RT Firenze\",\"potentialAction\":[{\"@type\":\"SearchAction\",\"target\":{\"@type\":\"EntryPoint\",\"urlTemplate\":\"https:\\\/\\\/www.rtfirenze.com\\\/?s={search_term_string}\"},\"query-input\":{\"@type\":\"PropertyValueSpecification\",\"valueRequired\":true,\"valueName\":\"search_term_string\"}}],\"inLanguage\":\"de\"}]}<\/script>\n<!-- \/ Yoast SEO plugin. -->","yoast_head_json":{"title":"Personalisierte Vollgummi-Bandagen - RT Vintage - Produzione Ruote Industriali in Plastica e Gomma - RT Firenze","robots":{"index":"index","follow":"follow","max-snippet":"max-snippet:-1","max-image-preview":"max-image-preview:large","max-video-preview":"max-video-preview:-1"},"canonical":"https:\/\/www.rtfirenze.com\/de\/personalisierte-vollgummi-bandagen-rt-vintage\/","og_locale":"de_DE","og_type":"article","og_title":"Personalisierte Vollgummi-Bandagen - RT Vintage - Produzione Ruote Industriali in Plastica e Gomma - RT Firenze","og_description":"[vc_row full_width=&#8220;stretch_row&#8220; css=&#8220;.vc_custom_1574256997579{margin-bottom: 0px !important;background-image: url(https:\/\/www.rtfirenze.com\/wp-content\/uploads\/2019\/11\/sfondo-scuro.png?id=173) !important;background-position: 0 0 !important;background-repeat: repeat !important;}&#8220;][vc_column][vc_column_text css_animation=&#8220;none&#8220; css=&#8220;&#8220;] PERSONALISIERTE VOLLGUMMI-BANDAGEN \u2013 RT VINTAGE [\/vc_column_text][\/vc_column][\/vc_row][vc_row][vc_column width=&#8220;1\/4&#8243;][\/vc_column][vc_column width=&#8220;1\/2&#8243;][vc_media_grid style=&#8220;pagination&#8220; items_per_page=&#8220;1&#8243; element_width=&#8220;12&#8243; gap=&#8220;0&#8243;","og_url":"https:\/\/www.rtfirenze.com\/de\/personalisierte-vollgummi-bandagen-rt-vintage\/","og_site_name":"Produzione Ruote Industriali in Plastica e Gomma - RT Firenze","article_modified_time":"2025-12-09T19:17:34+00:00","og_image":[{"width":1800,"height":1200,"url":"https:\/\/www.rtfirenze.com\/wp-content\/uploads\/2019\/12\/rt-vintage-anelli-personalizzati.jpg","type":"image\/jpeg"}],"twitter_card":"summary_large_image","twitter_misc":{"Gesch\u00e4tzte Lesezeit":"2\u00a0Minuten"},"schema":{"@context":"https:\/\/schema.org","@graph":[{"@type":"WebPage","@id":"https:\/\/www.rtfirenze.com\/de\/personalisierte-vollgummi-bandagen-rt-vintage\/","url":"https:\/\/www.rtfirenze.com\/de\/personalisierte-vollgummi-bandagen-rt-vintage\/","name":"Personalisierte Vollgummi-Bandagen - RT Vintage - Produzione Ruote Industriali in Plastica e Gomma - RT Firenze","isPartOf":{"@id":"https:\/\/www.rtfirenze.com\/#website"},"primaryImageOfPage":{"@id":"https:\/\/www.rtfirenze.com\/de\/personalisierte-vollgummi-bandagen-rt-vintage\/#primaryimage"},"image":{"@id":"https:\/\/www.rtfirenze.com\/de\/personalisierte-vollgummi-bandagen-rt-vintage\/#primaryimage"},"thumbnailUrl":"https:\/\/www.rtfirenze.com\/wp-content\/uploads\/2019\/12\/rt-vintage-anelli-personalizzati.jpg","datePublished":"2025-12-09T11:10:09+00:00","dateModified":"2025-12-09T19:17:34+00:00","breadcrumb":{"@id":"https:\/\/www.rtfirenze.com\/de\/personalisierte-vollgummi-bandagen-rt-vintage\/#breadcrumb"},"inLanguage":"de","potentialAction":[{"@type":"ReadAction","target":["https:\/\/www.rtfirenze.com\/de\/personalisierte-vollgummi-bandagen-rt-vintage\/"]}]},{"@type":"ImageObject","inLanguage":"de","@id":"https:\/\/www.rtfirenze.com\/de\/personalisierte-vollgummi-bandagen-rt-vintage\/#primaryimage","url":"https:\/\/www.rtfirenze.com\/wp-content\/uploads\/2019\/12\/rt-vintage-anelli-personalizzati.jpg","contentUrl":"https:\/\/www.rtfirenze.com\/wp-content\/uploads\/2019\/12\/rt-vintage-anelli-personalizzati.jpg","width":1800,"height":1200,"caption":"Poduzione ruote industriali in gomma e plastica - Anelli Personalizzati"},{"@type":"BreadcrumbList","@id":"https:\/\/www.rtfirenze.com\/de\/personalisierte-vollgummi-bandagen-rt-vintage\/#breadcrumb","itemListElement":[{"@type":"ListItem","position":1,"name":"Home","item":"https:\/\/www.rtfirenze.com\/de\/"},{"@type":"ListItem","position":2,"name":"Personalisierte Vollgummi-Bandagen &#8211; RT Vintage"}]},{"@type":"WebSite","@id":"https:\/\/www.rtfirenze.com\/#website","url":"https:\/\/www.rtfirenze.com\/","name":"Produzione Ruote Industriali in Plastica e Gomma - RT Firenze","description":"Produzione Ruote Industriali in Plastica e Gomma - RT Firenze","potentialAction":[{"@type":"SearchAction","target":{"@type":"EntryPoint","urlTemplate":"https:\/\/www.rtfirenze.com\/?s={search_term_string}"},"query-input":{"@type":"PropertyValueSpecification","valueRequired":true,"valueName":"search_term_string"}}],"inLanguage":"de"}]}},"_links":{"self":[{"href":"https:\/\/www.rtfirenze.com\/de\/wp-json\/wp\/v2\/pages\/5288","targetHints":{"allow":["GET"]}}],"collection":[{"href":"https:\/\/www.rtfirenze.com\/de\/wp-json\/wp\/v2\/pages"}],"about":[{"href":"https:\/\/www.rtfirenze.com\/de\/wp-json\/wp\/v2\/types\/page"}],"author":[{"embeddable":true,"href":"https:\/\/www.rtfirenze.com\/de\/wp-json\/wp\/v2\/users\/1"}],"replies":[{"embeddable":true,"href":"https:\/\/www.rtfirenze.com\/de\/wp-json\/wp\/v2\/comments?post=5288"}],"version-history":[{"count":4,"href":"https:\/\/www.rtfirenze.com\/de\/wp-json\/wp\/v2\/pages\/5288\/revisions"}],"predecessor-version":[{"id":5291,"href":"https:\/\/www.rtfirenze.com\/de\/wp-json\/wp\/v2\/pages\/5288\/revisions\/5291"}],"wp:featuredmedia":[{"embeddable":true,"href":"https:\/\/www.rtfirenze.com\/de\/wp-json\/wp\/v2\/media\/520"}],"wp:attachment":[{"href":"https:\/\/www.rtfirenze.com\/de\/wp-json\/wp\/v2\/media?parent=5288"}],"curies":[{"name":"wp","href":"https:\/\/api.w.org\/{rel}","templated":true}]}}