{"id":5299,"date":"2025-12-09T12:23:49","date_gmt":"2025-12-09T11:23:49","guid":{"rendered":"https:\/\/www.rtfirenze.com\/?page_id=5299"},"modified":"2025-12-09T20:20:47","modified_gmt":"2025-12-09T19:20:47","slug":"hi-serie-rt-ricicla","status":"publish","type":"page","link":"https:\/\/www.rtfirenze.com\/de\/hi-serie-rt-ricicla\/","title":{"rendered":"HI-Serie &#8211; RT Ricicla"},"content":{"rendered":"<div class=\"wpb-content-wrapper\"><p>[vc_row full_width=&#8220;stretch_row&#8220; css=&#8220;.vc_custom_1574256997579{margin-bottom: 0px !important;background-image: url(https:\/\/www.rtfirenze.com\/wp-content\/uploads\/2019\/11\/sfondo-scuro.png?id=173) !important;background-position: 0 0 !important;background-repeat: repeat !important;}&#8220;][vc_column][vc_column_text css_animation=&#8220;none&#8220; css=&#8220;&#8220;]<\/p>\n<h2 style=\"text-align: center;\"><strong><span style=\"color: #ffffff;\">HI-SERIE \u2013 RT RICICLA<\/span><\/strong><\/h2>\n<p>[\/vc_column_text][\/vc_column][\/vc_row][vc_row][vc_column width=&#8220;2\/3&#8243; css=&#8220;.vc_custom_1576143532939{padding-right: 10% !important;}&#8220; offset=&#8220;vc_hidden-md vc_hidden-sm vc_hidden-xs&#8220;][vc_media_grid style=&#8220;pagination&#8220; items_per_page=&#8220;1&#8243; element_width=&#8220;12&#8243; gap=&#8220;0&#8243; arrows_design=&#8220;vc_arrow-icon-arrow_09_left&#8220; arrows_position=&#8220;outside&#8220; arrows_color=&#8220;black&#8220; paging_design=&#8220;pagination_square&#8220; paging_color=&#8220;black&#8220; loop=&#8220;yes&#8220; item=&#8220;437&#8243; grid_id=&#8220;vc_gid:1765279436444-69248628-992f-5&#8243; include=&#8220;939,944&#8243;][\/vc_column][vc_column width=&#8220;1\/3&#8243; css=&#8220;.vc_custom_1576143543370{padding-left: 10% !important;}&#8220; offset=&#8220;vc_hidden-md vc_hidden-sm vc_hidden-xs&#8220;][vc_media_grid style=&#8220;pagination&#8220; items_per_page=&#8220;1&#8243; element_width=&#8220;12&#8243; gap=&#8220;0&#8243; paging_design=&#8220;none&#8220; item=&#8220;557&#8243; grid_id=&#8220;vc_gid:1765279436445-d58f0873-7265-1&#8243; include=&#8220;1437&#8243;][\/vc_column][\/vc_row][vc_row css=&#8220;.vc_custom_1576143744247{margin-top: 20px !important;}&#8220;][vc_column width=&#8220;2\/3&#8243; css=&#8220;.vc_custom_1576143548629{padding-right: 10% !important;}&#8220; offset=&#8220;vc_hidden-lg&#8220;][vc_media_grid style=&#8220;pagination&#8220; items_per_page=&#8220;1&#8243; element_width=&#8220;12&#8243; gap=&#8220;0&#8243; arrows_design=&#8220;vc_arrow-icon-arrow_09_left&#8220; arrows_position=&#8220;outside&#8220; arrows_color=&#8220;black&#8220; paging_design=&#8220;pagination_square&#8220; paging_color=&#8220;black&#8220; loop=&#8220;yes&#8220; item=&#8220;437&#8243; grid_id=&#8220;vc_gid:1765279436447-b469faff-9263-9&#8243; include=&#8220;939,944&#8243;][\/vc_column][vc_column width=&#8220;1\/3&#8243; css=&#8220;.vc_custom_1576143555121{padding-left: 10% !important;}&#8220; offset=&#8220;vc_hidden-lg&#8220;][vc_media_grid style=&#8220;pagination&#8220; items_per_page=&#8220;1&#8243; element_width=&#8220;12&#8243; gap=&#8220;0&#8243; paging_design=&#8220;none&#8220; item=&#8220;574&#8243; grid_id=&#8220;vc_gid:1765279436447-c715dc1f-eb28-3&#8243; include=&#8220;1437&#8243;][\/vc_column][\/vc_row][vc_row][vc_column][vc_column_text css=&#8220;&#8220;]<\/p>\n<p style=\"text-align: center;\">Dies ist ein Hochleistungs-Industrierad mit einer robusten Polypropylenscheibe und einer RT RICICLA-Lauffl\u00e4che. Es ist zur Verwendung in abwesenheit von Kohlenwasserstoffen geeignet. Das Rad zeichnet sich durch gute Witterungsbest\u00e4ndigkeit und ein ausgezeichnetes Preis-Leistungs-Verh\u00e4ltnis aus.<\/p>\n<p style=\"text-align: center;\">Es wird mit einer standardm\u00e4\u00dfigen farbigen Kappe geliefert. Bei gr\u00f6\u00dferen Abnahmemengen k\u00f6nnen wir individuelle Farben nach Kundenwunsch anbieten.<\/p>\n<p style=\"text-align: center;\">Dieser Artikel hat sich erfolgreich in Hochdruckreinigern und Forstmaschinen der Mittelklasse bew\u00e4hrt.<\/p>\n<p>[\/vc_column_text][\/vc_column][\/vc_row][vc_row][vc_column][vc_column_text css=&#8220;&#8220;]<\/p>\n<table id=\"tablepress-1\" class=\"tablepress tablepress-id-1\">\n<thead>\n<tr class=\"row-1 odd\">\n<th class=\"column-1\" style=\"text-align: center;\"><strong>Artikel<\/strong><\/th>\n<th class=\"column-2\" style=\"text-align: center;\">D<\/th>\n<th class=\"column-3\" style=\"text-align: center;\">b<\/th>\n<th class=\"column-4\" style=\"text-align: center;\">L<\/th>\n<th class=\"column-5\" style=\"text-align: center;\">h<\/th>\n<th class=\"column-6\" style=\"text-align: center;\">d<\/th>\n<th class=\"column-7\" style=\"text-align: center;\"><strong>Gewicht <\/strong>g<\/th>\n<th class=\"column-8\" style=\"text-align: center;\"><strong>Tragf\u00e4higkeit\u00a0\u00a0 <\/strong>kg<\/th>\n<\/tr>\n<\/thead>\n<tbody class=\"row-hover\">\n<tr class=\"row-2 even\">\n<td class=\"column-1\" style=\"text-align: center;\"><strong>HI 210 <\/strong><\/td>\n<td class=\"column-2\" style=\"text-align: center;\">210<\/td>\n<td class=\"column-3\" style=\"text-align: center;\">70<\/td>\n<td class=\"column-4\" style=\"text-align: center;\">58<\/td>\n<td class=\"column-4\" style=\"text-align: center;\">20<\/td>\n<td class=\"column-6\" style=\"text-align: center;\">20<\/td>\n<td class=\"column-7\" style=\"text-align: center;\">980<\/td>\n<td class=\"column-8\" style=\"text-align: center;\">120<\/td>\n<\/tr>\n<tr class=\"row-2 even\">\n<td class=\"column-1\" style=\"text-align: center;\"><strong>HI 230<\/strong><\/td>\n<td class=\"column-2\" style=\"text-align: center;\">230<\/td>\n<td class=\"column-3\" style=\"text-align: center;\">70<\/td>\n<td class=\"column-4\" style=\"text-align: center;\">58<\/td>\n<td class=\"column-4\" style=\"text-align: center;\">20<\/td>\n<td class=\"column-6\" style=\"text-align: center;\">20<\/td>\n<td class=\"column-7\" style=\"text-align: center;\">1150<\/td>\n<td class=\"column-8\" style=\"text-align: center;\">120<\/td>\n<\/tr>\n<tr class=\"row-2 even\">\n<td class=\"column-1\" style=\"text-align: center;\"><strong>HI 230 RIGATO <\/strong><\/td>\n<td class=\"column-2\" style=\"text-align: center;\">230<\/td>\n<td class=\"column-3\" style=\"text-align: center;\">70<\/td>\n<td class=\"column-4\" style=\"text-align: center;\">58<\/td>\n<td class=\"column-4\" style=\"text-align: center;\">20<\/td>\n<td class=\"column-6\" style=\"text-align: center;\">20<\/td>\n<td class=\"column-7\" style=\"text-align: center;\">1150<\/td>\n<td class=\"column-8\" style=\"text-align: center;\">120<\/td>\n<\/tr>\n<tr class=\"row-2 even\">\n<td class=\"column-1\" style=\"text-align: center;\"><strong>HI 260 <\/strong><\/td>\n<td class=\"column-2\" style=\"text-align: center;\">260<\/td>\n<td class=\"column-3\" style=\"text-align: center;\">80<\/td>\n<td class=\"column-4\" style=\"text-align: center;\">75<\/td>\n<td class=\"column-4\" style=\"text-align: center;\">17<\/td>\n<td class=\"column-6\" style=\"text-align: center;\">20-25<\/td>\n<td class=\"column-7\" style=\"text-align: center;\">1210<\/td>\n<td class=\"column-8\" style=\"text-align: center;\">150<\/td>\n<\/tr>\n<tr class=\"row-2 even\">\n<td class=\"column-1\" style=\"text-align: center;\"><strong>HI 300 <\/strong><\/td>\n<td class=\"column-2\" style=\"text-align: center;\">300<\/td>\n<td class=\"column-3\" style=\"text-align: center;\">80<\/td>\n<td class=\"column-4\" style=\"text-align: center;\">58<\/td>\n<td class=\"column-4\" style=\"text-align: center;\">30<\/td>\n<td class=\"column-6\" style=\"text-align: center;\">20-25<\/td>\n<td class=\"column-7\" style=\"text-align: center;\">1670<\/td>\n<td class=\"column-8\" style=\"text-align: center;\">150<\/td>\n<\/tr>\n<\/tbody>\n<\/table>\n<p>[\/vc_column_text][\/vc_column][\/vc_row]<\/p>\n<\/div>","protected":false},"excerpt":{"rendered":"<p>[vc_row full_width=&#8220;stretch_row&#8220; css=&#8220;.vc_custom_1574256997579{margin-bottom: 0px !important;background-image: url(https:\/\/www.rtfirenze.com\/wp-content\/uploads\/2019\/11\/sfondo-scuro.png?id=173) !important;background-position: 0 0 !important;background-repeat: repeat !important;}&#8220;][vc_column][vc_column_text css_animation=&#8220;none&#8220; css=&#8220;&#8220;] HI-SERIE \u2013 RT RICICLA [\/vc_column_text][\/vc_column][\/vc_row][vc_row][vc_column width=&#8220;2\/3&#8243; css=&#8220;.vc_custom_1576143532939{padding-right: 10% !important;}&#8220; offset=&#8220;vc_hidden-md vc_hidden-sm vc_hidden-xs&#8220;][vc_media_grid<\/p>\n","protected":false},"author":1,"featured_media":939,"parent":0,"menu_order":0,"comment_status":"closed","ping_status":"closed","template":"","meta":{"footnotes":""},"class_list":["post-5299","page","type-page","status-publish","has-post-thumbnail","hentry"],"yoast_head":"<!-- This site is optimized with the Yoast SEO plugin v26.7 - https:\/\/yoast.com\/wordpress\/plugins\/seo\/ -->\n<title>HI-Serie - RT Ricicla - Produzione Ruote Industriali in Plastica e Gomma - RT Firenze<\/title>\n<meta name=\"robots\" content=\"index, follow, max-snippet:-1, max-image-preview:large, max-video-preview:-1\" \/>\n<link rel=\"canonical\" href=\"https:\/\/www.rtfirenze.com\/de\/hi-serie-rt-ricicla\/\" \/>\n<meta property=\"og:locale\" content=\"de_DE\" \/>\n<meta property=\"og:type\" content=\"article\" \/>\n<meta property=\"og:title\" content=\"HI-Serie - RT Ricicla - Produzione Ruote Industriali in Plastica e Gomma - RT Firenze\" \/>\n<meta property=\"og:description\" content=\"[vc_row full_width=&#8220;stretch_row&#8220; css=&#8220;.vc_custom_1574256997579{margin-bottom: 0px !important;background-image: url(https:\/\/www.rtfirenze.com\/wp-content\/uploads\/2019\/11\/sfondo-scuro.png?id=173) !important;background-position: 0 0 !important;background-repeat: repeat !important;}&#8220;][vc_column][vc_column_text css_animation=&#8220;none&#8220; css=&#8220;&#8220;] HI-SERIE \u2013 RT RICICLA [\/vc_column_text][\/vc_column][\/vc_row][vc_row][vc_column width=&#8220;2\/3&#8243; css=&#8220;.vc_custom_1576143532939{padding-right: 10% !important;}&#8220; offset=&#8220;vc_hidden-md vc_hidden-sm vc_hidden-xs&#8220;][vc_media_grid\" \/>\n<meta property=\"og:url\" content=\"https:\/\/www.rtfirenze.com\/de\/hi-serie-rt-ricicla\/\" \/>\n<meta property=\"og:site_name\" content=\"Produzione Ruote Industriali in Plastica e Gomma - RT Firenze\" \/>\n<meta property=\"article:modified_time\" content=\"2025-12-09T19:20:47+00:00\" \/>\n<meta property=\"og:image\" content=\"https:\/\/www.rtfirenze.com\/wp-content\/uploads\/2019\/12\/serie-hi-ricicla.jpg\" \/>\n\t<meta property=\"og:image:width\" content=\"1800\" \/>\n\t<meta property=\"og:image:height\" content=\"1200\" \/>\n\t<meta property=\"og:image:type\" content=\"image\/jpeg\" \/>\n<meta name=\"twitter:card\" content=\"summary_large_image\" \/>\n<meta name=\"twitter:label1\" content=\"Gesch\u00e4tzte Lesezeit\" \/>\n\t<meta name=\"twitter:data1\" content=\"2\u00a0Minuten\" \/>\n<script type=\"application\/ld+json\" class=\"yoast-schema-graph\">{\"@context\":\"https:\/\/schema.org\",\"@graph\":[{\"@type\":\"WebPage\",\"@id\":\"https:\/\/www.rtfirenze.com\/de\/hi-serie-rt-ricicla\/\",\"url\":\"https:\/\/www.rtfirenze.com\/de\/hi-serie-rt-ricicla\/\",\"name\":\"HI-Serie - RT Ricicla - Produzione Ruote Industriali in Plastica e Gomma - RT Firenze\",\"isPartOf\":{\"@id\":\"https:\/\/www.rtfirenze.com\/#website\"},\"primaryImageOfPage\":{\"@id\":\"https:\/\/www.rtfirenze.com\/de\/hi-serie-rt-ricicla\/#primaryimage\"},\"image\":{\"@id\":\"https:\/\/www.rtfirenze.com\/de\/hi-serie-rt-ricicla\/#primaryimage\"},\"thumbnailUrl\":\"https:\/\/www.rtfirenze.com\/wp-content\/uploads\/2019\/12\/serie-hi-ricicla.jpg\",\"datePublished\":\"2025-12-09T11:23:49+00:00\",\"dateModified\":\"2025-12-09T19:20:47+00:00\",\"breadcrumb\":{\"@id\":\"https:\/\/www.rtfirenze.com\/de\/hi-serie-rt-ricicla\/#breadcrumb\"},\"inLanguage\":\"de\",\"potentialAction\":[{\"@type\":\"ReadAction\",\"target\":[\"https:\/\/www.rtfirenze.com\/de\/hi-serie-rt-ricicla\/\"]}]},{\"@type\":\"ImageObject\",\"inLanguage\":\"de\",\"@id\":\"https:\/\/www.rtfirenze.com\/de\/hi-serie-rt-ricicla\/#primaryimage\",\"url\":\"https:\/\/www.rtfirenze.com\/wp-content\/uploads\/2019\/12\/serie-hi-ricicla.jpg\",\"contentUrl\":\"https:\/\/www.rtfirenze.com\/wp-content\/uploads\/2019\/12\/serie-hi-ricicla.jpg\",\"width\":1800,\"height\":1200,\"caption\":\"Produzione Ruote Industriali in Gomma e Plastica Riciclata - Serie HI\"},{\"@type\":\"BreadcrumbList\",\"@id\":\"https:\/\/www.rtfirenze.com\/de\/hi-serie-rt-ricicla\/#breadcrumb\",\"itemListElement\":[{\"@type\":\"ListItem\",\"position\":1,\"name\":\"Home\",\"item\":\"https:\/\/www.rtfirenze.com\/de\/\"},{\"@type\":\"ListItem\",\"position\":2,\"name\":\"HI-Serie &#8211; RT Ricicla\"}]},{\"@type\":\"WebSite\",\"@id\":\"https:\/\/www.rtfirenze.com\/#website\",\"url\":\"https:\/\/www.rtfirenze.com\/\",\"name\":\"Produzione Ruote Industriali in Plastica e Gomma - RT Firenze\",\"description\":\"Produzione Ruote Industriali in Plastica e Gomma - RT Firenze\",\"potentialAction\":[{\"@type\":\"SearchAction\",\"target\":{\"@type\":\"EntryPoint\",\"urlTemplate\":\"https:\/\/www.rtfirenze.com\/?s={search_term_string}\"},\"query-input\":{\"@type\":\"PropertyValueSpecification\",\"valueRequired\":true,\"valueName\":\"search_term_string\"}}],\"inLanguage\":\"de\"}]}<\/script>\n<!-- \/ Yoast SEO plugin. -->","yoast_head_json":{"title":"HI-Serie - RT Ricicla - Produzione Ruote Industriali in Plastica e Gomma - RT Firenze","robots":{"index":"index","follow":"follow","max-snippet":"max-snippet:-1","max-image-preview":"max-image-preview:large","max-video-preview":"max-video-preview:-1"},"canonical":"https:\/\/www.rtfirenze.com\/de\/hi-serie-rt-ricicla\/","og_locale":"de_DE","og_type":"article","og_title":"HI-Serie - RT Ricicla - Produzione Ruote Industriali in Plastica e Gomma - RT Firenze","og_description":"[vc_row full_width=&#8220;stretch_row&#8220; css=&#8220;.vc_custom_1574256997579{margin-bottom: 0px !important;background-image: url(https:\/\/www.rtfirenze.com\/wp-content\/uploads\/2019\/11\/sfondo-scuro.png?id=173) !important;background-position: 0 0 !important;background-repeat: repeat !important;}&#8220;][vc_column][vc_column_text css_animation=&#8220;none&#8220; css=&#8220;&#8220;] HI-SERIE \u2013 RT RICICLA [\/vc_column_text][\/vc_column][\/vc_row][vc_row][vc_column width=&#8220;2\/3&#8243; css=&#8220;.vc_custom_1576143532939{padding-right: 10% !important;}&#8220; offset=&#8220;vc_hidden-md vc_hidden-sm vc_hidden-xs&#8220;][vc_media_grid","og_url":"https:\/\/www.rtfirenze.com\/de\/hi-serie-rt-ricicla\/","og_site_name":"Produzione Ruote Industriali in Plastica e Gomma - RT Firenze","article_modified_time":"2025-12-09T19:20:47+00:00","og_image":[{"width":1800,"height":1200,"url":"https:\/\/www.rtfirenze.com\/wp-content\/uploads\/2019\/12\/serie-hi-ricicla.jpg","type":"image\/jpeg"}],"twitter_card":"summary_large_image","twitter_misc":{"Gesch\u00e4tzte Lesezeit":"2\u00a0Minuten"},"schema":{"@context":"https:\/\/schema.org","@graph":[{"@type":"WebPage","@id":"https:\/\/www.rtfirenze.com\/de\/hi-serie-rt-ricicla\/","url":"https:\/\/www.rtfirenze.com\/de\/hi-serie-rt-ricicla\/","name":"HI-Serie - RT Ricicla - Produzione Ruote Industriali in Plastica e Gomma - RT Firenze","isPartOf":{"@id":"https:\/\/www.rtfirenze.com\/#website"},"primaryImageOfPage":{"@id":"https:\/\/www.rtfirenze.com\/de\/hi-serie-rt-ricicla\/#primaryimage"},"image":{"@id":"https:\/\/www.rtfirenze.com\/de\/hi-serie-rt-ricicla\/#primaryimage"},"thumbnailUrl":"https:\/\/www.rtfirenze.com\/wp-content\/uploads\/2019\/12\/serie-hi-ricicla.jpg","datePublished":"2025-12-09T11:23:49+00:00","dateModified":"2025-12-09T19:20:47+00:00","breadcrumb":{"@id":"https:\/\/www.rtfirenze.com\/de\/hi-serie-rt-ricicla\/#breadcrumb"},"inLanguage":"de","potentialAction":[{"@type":"ReadAction","target":["https:\/\/www.rtfirenze.com\/de\/hi-serie-rt-ricicla\/"]}]},{"@type":"ImageObject","inLanguage":"de","@id":"https:\/\/www.rtfirenze.com\/de\/hi-serie-rt-ricicla\/#primaryimage","url":"https:\/\/www.rtfirenze.com\/wp-content\/uploads\/2019\/12\/serie-hi-ricicla.jpg","contentUrl":"https:\/\/www.rtfirenze.com\/wp-content\/uploads\/2019\/12\/serie-hi-ricicla.jpg","width":1800,"height":1200,"caption":"Produzione Ruote Industriali in Gomma e Plastica Riciclata - Serie HI"},{"@type":"BreadcrumbList","@id":"https:\/\/www.rtfirenze.com\/de\/hi-serie-rt-ricicla\/#breadcrumb","itemListElement":[{"@type":"ListItem","position":1,"name":"Home","item":"https:\/\/www.rtfirenze.com\/de\/"},{"@type":"ListItem","position":2,"name":"HI-Serie &#8211; RT Ricicla"}]},{"@type":"WebSite","@id":"https:\/\/www.rtfirenze.com\/#website","url":"https:\/\/www.rtfirenze.com\/","name":"Produzione Ruote Industriali in Plastica e Gomma - RT Firenze","description":"Produzione Ruote Industriali in Plastica e Gomma - RT Firenze","potentialAction":[{"@type":"SearchAction","target":{"@type":"EntryPoint","urlTemplate":"https:\/\/www.rtfirenze.com\/?s={search_term_string}"},"query-input":{"@type":"PropertyValueSpecification","valueRequired":true,"valueName":"search_term_string"}}],"inLanguage":"de"}]}},"_links":{"self":[{"href":"https:\/\/www.rtfirenze.com\/de\/wp-json\/wp\/v2\/pages\/5299","targetHints":{"allow":["GET"]}}],"collection":[{"href":"https:\/\/www.rtfirenze.com\/de\/wp-json\/wp\/v2\/pages"}],"about":[{"href":"https:\/\/www.rtfirenze.com\/de\/wp-json\/wp\/v2\/types\/page"}],"author":[{"embeddable":true,"href":"https:\/\/www.rtfirenze.com\/de\/wp-json\/wp\/v2\/users\/1"}],"replies":[{"embeddable":true,"href":"https:\/\/www.rtfirenze.com\/de\/wp-json\/wp\/v2\/comments?post=5299"}],"version-history":[{"count":4,"href":"https:\/\/www.rtfirenze.com\/de\/wp-json\/wp\/v2\/pages\/5299\/revisions"}],"predecessor-version":[{"id":5303,"href":"https:\/\/www.rtfirenze.com\/de\/wp-json\/wp\/v2\/pages\/5299\/revisions\/5303"}],"wp:featuredmedia":[{"embeddable":true,"href":"https:\/\/www.rtfirenze.com\/de\/wp-json\/wp\/v2\/media\/939"}],"wp:attachment":[{"href":"https:\/\/www.rtfirenze.com\/de\/wp-json\/wp\/v2\/media?parent=5299"}],"curies":[{"name":"wp","href":"https:\/\/api.w.org\/{rel}","templated":true}]}}