{"id":5324,"date":"2025-12-09T17:24:12","date_gmt":"2025-12-09T16:24:12","guid":{"rendered":"https:\/\/www.rtfirenze.com\/?page_id=5324"},"modified":"2025-12-09T20:25:08","modified_gmt":"2025-12-09T19:25:08","slug":"sm-serie-rt-ricicla","status":"publish","type":"page","link":"https:\/\/www.rtfirenze.com\/de\/sm-serie-rt-ricicla\/","title":{"rendered":"SM-Serie &#8211; RT Ricicla"},"content":{"rendered":"<div class=\"wpb-content-wrapper\"><p>[vc_row full_width=&#8220;stretch_row&#8220; css=&#8220;.vc_custom_1574256997579{margin-bottom: 0px !important;background-image: url(https:\/\/www.rtfirenze.com\/wp-content\/uploads\/2019\/11\/sfondo-scuro.png?id=173) !important;background-position: 0 0 !important;background-repeat: repeat !important;}&#8220;][vc_column][vc_column_text css_animation=&#8220;none&#8220; css=&#8220;&#8220;]<\/p>\n<h2 style=\"text-align: center;\"><strong><span style=\"color: #ffffff;\">SM SERIE \u2013 RT RICICLA<\/span><\/strong><\/h2>\n<p>[\/vc_column_text][\/vc_column][\/vc_row][vc_row][vc_column width=&#8220;2\/3&#8243; css=&#8220;.vc_custom_1576143532939{padding-right: 10% !important;}&#8220; offset=&#8220;vc_hidden-md vc_hidden-sm vc_hidden-xs&#8220;][vc_media_grid style=&#8220;pagination&#8220; items_per_page=&#8220;1&#8243; element_width=&#8220;12&#8243; gap=&#8220;0&#8243; arrows_design=&#8220;vc_arrow-icon-arrow_09_left&#8220; arrows_position=&#8220;outside&#8220; arrows_color=&#8220;black&#8220; paging_design=&#8220;pagination_square&#8220; paging_color=&#8220;black&#8220; loop=&#8220;yes&#8220; item=&#8220;437&#8243; grid_id=&#8220;vc_gid:1765306195528-441c7e81-8337-4&#8243; include=&#8220;1050,1055&#8243;][\/vc_column][vc_column width=&#8220;1\/3&#8243; css=&#8220;.vc_custom_1576143543370{padding-left: 10% !important;}&#8220; offset=&#8220;vc_hidden-md vc_hidden-sm vc_hidden-xs&#8220;][vc_media_grid style=&#8220;pagination&#8220; items_per_page=&#8220;1&#8243; element_width=&#8220;12&#8243; gap=&#8220;0&#8243; paging_design=&#8220;none&#8220; item=&#8220;557&#8243; grid_id=&#8220;vc_gid:1765306195529-4019cb92-bcb0-1&#8243; include=&#8220;1462&#8243;][\/vc_column][\/vc_row][vc_row css=&#8220;.vc_custom_1576143744247{margin-top: 20px !important;}&#8220;][vc_column width=&#8220;2\/3&#8243; css=&#8220;.vc_custom_1576143548629{padding-right: 10% !important;}&#8220; offset=&#8220;vc_hidden-lg&#8220;][vc_media_grid style=&#8220;pagination&#8220; items_per_page=&#8220;1&#8243; element_width=&#8220;12&#8243; gap=&#8220;0&#8243; arrows_design=&#8220;vc_arrow-icon-arrow_09_left&#8220; arrows_position=&#8220;outside&#8220; arrows_color=&#8220;black&#8220; paging_design=&#8220;pagination_square&#8220; paging_color=&#8220;black&#8220; loop=&#8220;yes&#8220; item=&#8220;437&#8243; grid_id=&#8220;vc_gid:1765306195530-b34f5379-7f61-6&#8243; include=&#8220;1050,1055&#8243;][\/vc_column][vc_column width=&#8220;1\/3&#8243; css=&#8220;.vc_custom_1576143555121{padding-left: 10% !important;}&#8220; offset=&#8220;vc_hidden-lg&#8220;][vc_media_grid style=&#8220;pagination&#8220; items_per_page=&#8220;1&#8243; element_width=&#8220;12&#8243; gap=&#8220;0&#8243; paging_design=&#8220;none&#8220; item=&#8220;574&#8243; grid_id=&#8220;vc_gid:1765306195531-19490390-d944-7&#8243; include=&#8220;1462&#8243;][\/vc_column][\/vc_row][vc_row][vc_column][vc_column_text css=&#8220;&#8220;]<\/p>\n<p style=\"text-align: center;\">Dies ist ein Industrierad mit robuster Polypropylenfelge und RT RICICLA-Lauffl\u00e4chenbeschichtung, das in Abwesenheit von Kohlenwasserstoffen verwendet werden kann. Es weist eine gute Witterungsbest\u00e4ndigkeit auf.<\/p>\n<p style=\"text-align: center;\">Diese Serie traditionell geformter R\u00e4der ist die vollst\u00e4ndigste der gesamten Produktion. Es sind auch einige Zwischengr\u00f6\u00dfen wie 90 mm oder 230 mm sowie Sonderserien (SMX) erh\u00e4ltlich, die sich von der SM-Serie in der L\u00e4nge der Mittelnabe unterscheiden.<\/p>\n<p style=\"text-align: center;\">Aufgrund ihrer zweiseitigen Form sind alle diese R\u00e4der f\u00fcr die Montage auf Bock- und Drehrollen geeignet. Sie finden Anwendung in verschiedenen Einsatzbereichen, wie beispielsweise Staubsaugern, Reinigungswagen, Kompressoren, Bodenfr\u00e4sen oder Lenkrollen.<\/p>\n<p>[\/vc_column_text][vc_btn title=&#8220;SM SERIE \u2013 GRAU SPURLOSER GUMMI&#8220; style=&#8220;outline-custom&#8220; outline_custom_color=&#8220;#1d1d1d&#8220; outline_custom_hover_background=&#8220;#1d1d1d&#8220; outline_custom_hover_text=&#8220;#ffffff&#8220; align=&#8220;center&#8220; css=&#8220;&#8220; link=&#8220;url:%2Fde%2Fsm-serie-rt-antitraccia%2F|title:Serie%20SM%20%E2%80%93%20Antitraccia&#8220;][\/vc_column][\/vc_row][vc_row][vc_column][vc_column_text css=&#8220;&#8220;]<\/p>\n<table id=\"tablepress-1\" class=\"tablepress tablepress-id-1\">\n<thead>\n<tr class=\"row-1 odd\">\n<th class=\"column-1\" style=\"text-align: center;\"><strong>Artikel<\/strong><\/th>\n<th class=\"column-2\" style=\"text-align: center;\">D<\/th>\n<th class=\"column-3\" style=\"text-align: center;\">b<\/th>\n<th class=\"column-4\" style=\"text-align: center;\">L<\/th>\n<th class=\"column-6\" style=\"text-align: center;\">d<\/th>\n<th class=\"column-7\" style=\"text-align: center;\"><strong>Gewicht <\/strong>g<\/th>\n<th class=\"column-8\" style=\"text-align: center;\"><strong>Tragf\u00e4higkeit\u00a0\u00a0 <\/strong>kg<\/th>\n<\/tr>\n<\/thead>\n<tbody class=\"row-hover\">\n<tr class=\"row-2 even\">\n<td class=\"column-1\" style=\"text-align: center;\"><strong>SM 80<br \/>\n<\/strong><\/td>\n<td class=\"column-2\" style=\"text-align: center;\">80<\/td>\n<td class=\"column-3\" style=\"text-align: center;\">28<\/td>\n<td class=\"column-4\" style=\"text-align: center;\">35<\/td>\n<td class=\"column-6\" style=\"text-align: center;\">10<\/td>\n<td class=\"column-7\" style=\"text-align: center;\">92<\/td>\n<td class=\"column-8\" style=\"text-align: center;\">60<\/td>\n<\/tr>\n<tr class=\"row-3 odd\">\n<td class=\"column-1\" style=\"text-align: center;\"><strong>SM 90<br \/>\n<\/strong><\/td>\n<td class=\"column-2\" style=\"text-align: center;\">90<\/td>\n<td class=\"column-3\" style=\"text-align: center;\">28<\/td>\n<td class=\"column-4\" style=\"text-align: center;\">35<\/td>\n<td class=\"column-6\" style=\"text-align: center;\">10<\/td>\n<td class=\"column-7\" style=\"text-align: center;\">127<\/td>\n<td class=\"column-8\" style=\"text-align: center;\">60<\/td>\n<\/tr>\n<tr class=\"row-3 odd\">\n<td class=\"column-1\" style=\"text-align: center;\"><strong>SM 100<br \/>\n<\/strong><\/td>\n<td class=\"column-2\" style=\"text-align: center;\">100<\/td>\n<td class=\"column-3\" style=\"text-align: center;\">28<\/td>\n<td class=\"column-4\" style=\"text-align: center;\">35<\/td>\n<td class=\"column-6\" style=\"text-align: center;\">8-10<\/td>\n<td class=\"column-7\" style=\"text-align: center;\">120<\/td>\n<td class=\"column-8\" style=\"text-align: center;\">60<\/td>\n<\/tr>\n<tr class=\"row-3 odd\">\n<td class=\"column-1\" style=\"text-align: center;\"><strong>SM 125<br \/>\n<\/strong><\/td>\n<td class=\"column-2\" style=\"text-align: center;\">125<\/td>\n<td class=\"column-3\" style=\"text-align: center;\">35<\/td>\n<td class=\"column-4\" style=\"text-align: center;\">40<\/td>\n<td class=\"column-6\" style=\"text-align: center;\">12-15-16<\/td>\n<td class=\"column-7\" style=\"text-align: center;\">218<\/td>\n<td class=\"column-8\" style=\"text-align: center;\">70<\/td>\n<\/tr>\n<tr class=\"row-3 odd\">\n<td class=\"column-1\" style=\"text-align: center;\"><strong>SM 150<br \/>\n<\/strong><\/td>\n<td class=\"column-2\" style=\"text-align: center;\">150<\/td>\n<td class=\"column-3\" style=\"text-align: center;\">38<\/td>\n<td class=\"column-4\" style=\"text-align: center;\">40<\/td>\n<td class=\"column-6\" style=\"text-align: center;\">12-15-16<\/td>\n<td class=\"column-7\" style=\"text-align: center;\">342<\/td>\n<td class=\"column-8\" style=\"text-align: center;\">80<\/td>\n<\/tr>\n<tr class=\"row-3 odd\">\n<td class=\"column-1\" style=\"text-align: center;\"><strong>SM 175<br \/>\n<\/strong><\/td>\n<td class=\"column-2\" style=\"text-align: center;\">175<\/td>\n<td class=\"column-3\" style=\"text-align: center;\">45<\/td>\n<td class=\"column-4\" style=\"text-align: center;\">57<\/td>\n<td class=\"column-6\" style=\"text-align: center;\">20<\/td>\n<td class=\"column-7\" style=\"text-align: center;\">530<\/td>\n<td class=\"column-8\" style=\"text-align: center;\">90<\/td>\n<\/tr>\n<tr class=\"row-3 odd\">\n<td class=\"column-1\" style=\"text-align: center;\"><strong>SMX 175<br \/>\n<\/strong><\/td>\n<td class=\"column-2\" style=\"text-align: center;\">175<\/td>\n<td class=\"column-3\" style=\"text-align: center;\">45<\/td>\n<td class=\"column-4\" style=\"text-align: center;\">53<\/td>\n<td class=\"column-6\" style=\"text-align: center;\">15-16<\/td>\n<td class=\"column-7\" style=\"text-align: center;\">530<\/td>\n<td class=\"column-8\" style=\"text-align: center;\">80<\/td>\n<\/tr>\n<tr class=\"row-3 odd\">\n<td class=\"column-1\" style=\"text-align: center;\"><strong>SM 200<br \/>\n<\/strong><\/td>\n<td class=\"column-2\" style=\"text-align: center;\">200<\/td>\n<td class=\"column-3\" style=\"text-align: center;\">45<\/td>\n<td class=\"column-4\" style=\"text-align: center;\">57<\/td>\n<td class=\"column-6\" style=\"text-align: center;\">20-22<\/td>\n<td class=\"column-7\" style=\"text-align: center;\">720<\/td>\n<td class=\"column-8\" style=\"text-align: center;\">100<\/td>\n<\/tr>\n<tr class=\"row-3 odd\">\n<td class=\"column-1\" style=\"text-align: center;\"><strong>SMX 200<br \/>\n<\/strong><\/td>\n<td class=\"column-2\" style=\"text-align: center;\">200<\/td>\n<td class=\"column-3\" style=\"text-align: center;\">45<\/td>\n<td class=\"column-4\" style=\"text-align: center;\">53<\/td>\n<td class=\"column-6\" style=\"text-align: center;\">16<\/td>\n<td class=\"column-7\" style=\"text-align: center;\">665<\/td>\n<td class=\"column-8\" style=\"text-align: center;\">80<\/td>\n<\/tr>\n<tr class=\"row-3 odd\">\n<td class=\"column-1\" style=\"text-align: center;\"><strong>SM 230<br \/>\n<\/strong><\/td>\n<td class=\"column-2\" style=\"text-align: center;\">230<\/td>\n<td class=\"column-3\" style=\"text-align: center;\">45<\/td>\n<td class=\"column-4\" style=\"text-align: center;\">57<\/td>\n<td class=\"column-6\" style=\"text-align: center;\">20-25<\/td>\n<td class=\"column-7\" style=\"text-align: center;\">880<\/td>\n<td class=\"column-8\" style=\"text-align: center;\">120<\/td>\n<\/tr>\n<tr class=\"row-3 odd\">\n<td class=\"column-1\" style=\"text-align: center;\"><strong>SM 250<br \/>\n<\/strong><\/td>\n<td class=\"column-2\" style=\"text-align: center;\">250<\/td>\n<td class=\"column-3\" style=\"text-align: center;\">50<\/td>\n<td class=\"column-4\" style=\"text-align: center;\">57<\/td>\n<td class=\"column-6\" style=\"text-align: center;\">20-25<\/td>\n<td class=\"column-7\" style=\"text-align: center;\">1220<\/td>\n<td class=\"column-8\" style=\"text-align: center;\">120<\/td>\n<\/tr>\n<\/tbody>\n<\/table>\n<p>[\/vc_column_text][\/vc_column][\/vc_row][vc_row][vc_column][vc_column_text]<\/p>\n<p>[\/vc_column_text][\/vc_column][\/vc_row]<\/p>\n<\/div>","protected":false},"excerpt":{"rendered":"<p>[vc_row full_width=&#8220;stretch_row&#8220; css=&#8220;.vc_custom_1574256997579{margin-bottom: 0px !important;background-image: url(https:\/\/www.rtfirenze.com\/wp-content\/uploads\/2019\/11\/sfondo-scuro.png?id=173) !important;background-position: 0 0 !important;background-repeat: repeat !important;}&#8220;][vc_column][vc_column_text css_animation=&#8220;none&#8220; css=&#8220;&#8220;] SM SERIE \u2013 RT RICICLA [\/vc_column_text][\/vc_column][\/vc_row][vc_row][vc_column width=&#8220;2\/3&#8243; css=&#8220;.vc_custom_1576143532939{padding-right: 10% !important;}&#8220; offset=&#8220;vc_hidden-md vc_hidden-sm<\/p>\n","protected":false},"author":1,"featured_media":1050,"parent":0,"menu_order":0,"comment_status":"closed","ping_status":"closed","template":"","meta":{"footnotes":""},"class_list":["post-5324","page","type-page","status-publish","has-post-thumbnail","hentry"],"yoast_head":"<!-- This site is optimized with the Yoast SEO plugin v26.7 - https:\/\/yoast.com\/wordpress\/plugins\/seo\/ -->\n<title>SM-Serie - RT Ricicla - Produzione Ruote Industriali in Plastica e Gomma - RT Firenze<\/title>\n<meta name=\"robots\" content=\"index, follow, max-snippet:-1, max-image-preview:large, max-video-preview:-1\" \/>\n<link rel=\"canonical\" href=\"https:\/\/www.rtfirenze.com\/de\/sm-serie-rt-ricicla\/\" \/>\n<meta property=\"og:locale\" content=\"de_DE\" \/>\n<meta property=\"og:type\" content=\"article\" \/>\n<meta property=\"og:title\" content=\"SM-Serie - RT Ricicla - Produzione Ruote Industriali in Plastica e Gomma - RT Firenze\" \/>\n<meta property=\"og:description\" content=\"[vc_row full_width=&#8220;stretch_row&#8220; css=&#8220;.vc_custom_1574256997579{margin-bottom: 0px !important;background-image: url(https:\/\/www.rtfirenze.com\/wp-content\/uploads\/2019\/11\/sfondo-scuro.png?id=173) !important;background-position: 0 0 !important;background-repeat: repeat !important;}&#8220;][vc_column][vc_column_text css_animation=&#8220;none&#8220; css=&#8220;&#8220;] SM SERIE \u2013 RT RICICLA [\/vc_column_text][\/vc_column][\/vc_row][vc_row][vc_column width=&#8220;2\/3&#8243; css=&#8220;.vc_custom_1576143532939{padding-right: 10% !important;}&#8220; offset=&#8220;vc_hidden-md vc_hidden-sm\" \/>\n<meta property=\"og:url\" content=\"https:\/\/www.rtfirenze.com\/de\/sm-serie-rt-ricicla\/\" \/>\n<meta property=\"og:site_name\" content=\"Produzione Ruote Industriali in Plastica e Gomma - RT Firenze\" \/>\n<meta property=\"article:modified_time\" content=\"2025-12-09T19:25:08+00:00\" \/>\n<meta property=\"og:image\" content=\"https:\/\/www.rtfirenze.com\/wp-content\/uploads\/2019\/12\/serie-sm.jpg\" \/>\n\t<meta property=\"og:image:width\" content=\"1800\" \/>\n\t<meta property=\"og:image:height\" content=\"1200\" \/>\n\t<meta property=\"og:image:type\" content=\"image\/jpeg\" \/>\n<meta name=\"twitter:card\" content=\"summary_large_image\" \/>\n<meta name=\"twitter:label1\" content=\"Gesch\u00e4tzte Lesezeit\" \/>\n\t<meta name=\"twitter:data1\" content=\"3\u00a0Minuten\" \/>\n<script type=\"application\/ld+json\" class=\"yoast-schema-graph\">{\"@context\":\"https:\/\/schema.org\",\"@graph\":[{\"@type\":\"WebPage\",\"@id\":\"https:\/\/www.rtfirenze.com\/de\/sm-serie-rt-ricicla\/\",\"url\":\"https:\/\/www.rtfirenze.com\/de\/sm-serie-rt-ricicla\/\",\"name\":\"SM-Serie - RT Ricicla - Produzione Ruote Industriali in Plastica e Gomma - RT Firenze\",\"isPartOf\":{\"@id\":\"https:\/\/www.rtfirenze.com\/#website\"},\"primaryImageOfPage\":{\"@id\":\"https:\/\/www.rtfirenze.com\/de\/sm-serie-rt-ricicla\/#primaryimage\"},\"image\":{\"@id\":\"https:\/\/www.rtfirenze.com\/de\/sm-serie-rt-ricicla\/#primaryimage\"},\"thumbnailUrl\":\"https:\/\/www.rtfirenze.com\/wp-content\/uploads\/2019\/12\/serie-sm.jpg\",\"datePublished\":\"2025-12-09T16:24:12+00:00\",\"dateModified\":\"2025-12-09T19:25:08+00:00\",\"breadcrumb\":{\"@id\":\"https:\/\/www.rtfirenze.com\/de\/sm-serie-rt-ricicla\/#breadcrumb\"},\"inLanguage\":\"de\",\"potentialAction\":[{\"@type\":\"ReadAction\",\"target\":[\"https:\/\/www.rtfirenze.com\/de\/sm-serie-rt-ricicla\/\"]}]},{\"@type\":\"ImageObject\",\"inLanguage\":\"de\",\"@id\":\"https:\/\/www.rtfirenze.com\/de\/sm-serie-rt-ricicla\/#primaryimage\",\"url\":\"https:\/\/www.rtfirenze.com\/wp-content\/uploads\/2019\/12\/serie-sm.jpg\",\"contentUrl\":\"https:\/\/www.rtfirenze.com\/wp-content\/uploads\/2019\/12\/serie-sm.jpg\",\"width\":1800,\"height\":1200,\"caption\":\"Produzione Ruote Industriali in Gomma e Plastica Riciclata - Serie SM\"},{\"@type\":\"BreadcrumbList\",\"@id\":\"https:\/\/www.rtfirenze.com\/de\/sm-serie-rt-ricicla\/#breadcrumb\",\"itemListElement\":[{\"@type\":\"ListItem\",\"position\":1,\"name\":\"Home\",\"item\":\"https:\/\/www.rtfirenze.com\/de\/\"},{\"@type\":\"ListItem\",\"position\":2,\"name\":\"SM-Serie &#8211; RT Ricicla\"}]},{\"@type\":\"WebSite\",\"@id\":\"https:\/\/www.rtfirenze.com\/#website\",\"url\":\"https:\/\/www.rtfirenze.com\/\",\"name\":\"Produzione Ruote Industriali in Plastica e Gomma - RT Firenze\",\"description\":\"Produzione Ruote Industriali in Plastica e Gomma - RT Firenze\",\"potentialAction\":[{\"@type\":\"SearchAction\",\"target\":{\"@type\":\"EntryPoint\",\"urlTemplate\":\"https:\/\/www.rtfirenze.com\/?s={search_term_string}\"},\"query-input\":{\"@type\":\"PropertyValueSpecification\",\"valueRequired\":true,\"valueName\":\"search_term_string\"}}],\"inLanguage\":\"de\"}]}<\/script>\n<!-- \/ Yoast SEO plugin. -->","yoast_head_json":{"title":"SM-Serie - RT Ricicla - Produzione Ruote Industriali in Plastica e Gomma - RT Firenze","robots":{"index":"index","follow":"follow","max-snippet":"max-snippet:-1","max-image-preview":"max-image-preview:large","max-video-preview":"max-video-preview:-1"},"canonical":"https:\/\/www.rtfirenze.com\/de\/sm-serie-rt-ricicla\/","og_locale":"de_DE","og_type":"article","og_title":"SM-Serie - RT Ricicla - Produzione Ruote Industriali in Plastica e Gomma - RT Firenze","og_description":"[vc_row full_width=&#8220;stretch_row&#8220; css=&#8220;.vc_custom_1574256997579{margin-bottom: 0px !important;background-image: url(https:\/\/www.rtfirenze.com\/wp-content\/uploads\/2019\/11\/sfondo-scuro.png?id=173) !important;background-position: 0 0 !important;background-repeat: repeat !important;}&#8220;][vc_column][vc_column_text css_animation=&#8220;none&#8220; css=&#8220;&#8220;] SM SERIE \u2013 RT RICICLA [\/vc_column_text][\/vc_column][\/vc_row][vc_row][vc_column width=&#8220;2\/3&#8243; css=&#8220;.vc_custom_1576143532939{padding-right: 10% !important;}&#8220; offset=&#8220;vc_hidden-md vc_hidden-sm","og_url":"https:\/\/www.rtfirenze.com\/de\/sm-serie-rt-ricicla\/","og_site_name":"Produzione Ruote Industriali in Plastica e Gomma - RT Firenze","article_modified_time":"2025-12-09T19:25:08+00:00","og_image":[{"width":1800,"height":1200,"url":"https:\/\/www.rtfirenze.com\/wp-content\/uploads\/2019\/12\/serie-sm.jpg","type":"image\/jpeg"}],"twitter_card":"summary_large_image","twitter_misc":{"Gesch\u00e4tzte Lesezeit":"3\u00a0Minuten"},"schema":{"@context":"https:\/\/schema.org","@graph":[{"@type":"WebPage","@id":"https:\/\/www.rtfirenze.com\/de\/sm-serie-rt-ricicla\/","url":"https:\/\/www.rtfirenze.com\/de\/sm-serie-rt-ricicla\/","name":"SM-Serie - RT Ricicla - Produzione Ruote Industriali in Plastica e Gomma - RT Firenze","isPartOf":{"@id":"https:\/\/www.rtfirenze.com\/#website"},"primaryImageOfPage":{"@id":"https:\/\/www.rtfirenze.com\/de\/sm-serie-rt-ricicla\/#primaryimage"},"image":{"@id":"https:\/\/www.rtfirenze.com\/de\/sm-serie-rt-ricicla\/#primaryimage"},"thumbnailUrl":"https:\/\/www.rtfirenze.com\/wp-content\/uploads\/2019\/12\/serie-sm.jpg","datePublished":"2025-12-09T16:24:12+00:00","dateModified":"2025-12-09T19:25:08+00:00","breadcrumb":{"@id":"https:\/\/www.rtfirenze.com\/de\/sm-serie-rt-ricicla\/#breadcrumb"},"inLanguage":"de","potentialAction":[{"@type":"ReadAction","target":["https:\/\/www.rtfirenze.com\/de\/sm-serie-rt-ricicla\/"]}]},{"@type":"ImageObject","inLanguage":"de","@id":"https:\/\/www.rtfirenze.com\/de\/sm-serie-rt-ricicla\/#primaryimage","url":"https:\/\/www.rtfirenze.com\/wp-content\/uploads\/2019\/12\/serie-sm.jpg","contentUrl":"https:\/\/www.rtfirenze.com\/wp-content\/uploads\/2019\/12\/serie-sm.jpg","width":1800,"height":1200,"caption":"Produzione Ruote Industriali in Gomma e Plastica Riciclata - Serie SM"},{"@type":"BreadcrumbList","@id":"https:\/\/www.rtfirenze.com\/de\/sm-serie-rt-ricicla\/#breadcrumb","itemListElement":[{"@type":"ListItem","position":1,"name":"Home","item":"https:\/\/www.rtfirenze.com\/de\/"},{"@type":"ListItem","position":2,"name":"SM-Serie &#8211; RT Ricicla"}]},{"@type":"WebSite","@id":"https:\/\/www.rtfirenze.com\/#website","url":"https:\/\/www.rtfirenze.com\/","name":"Produzione Ruote Industriali in Plastica e Gomma - RT Firenze","description":"Produzione Ruote Industriali in Plastica e Gomma - RT Firenze","potentialAction":[{"@type":"SearchAction","target":{"@type":"EntryPoint","urlTemplate":"https:\/\/www.rtfirenze.com\/?s={search_term_string}"},"query-input":{"@type":"PropertyValueSpecification","valueRequired":true,"valueName":"search_term_string"}}],"inLanguage":"de"}]}},"_links":{"self":[{"href":"https:\/\/www.rtfirenze.com\/de\/wp-json\/wp\/v2\/pages\/5324","targetHints":{"allow":["GET"]}}],"collection":[{"href":"https:\/\/www.rtfirenze.com\/de\/wp-json\/wp\/v2\/pages"}],"about":[{"href":"https:\/\/www.rtfirenze.com\/de\/wp-json\/wp\/v2\/types\/page"}],"author":[{"embeddable":true,"href":"https:\/\/www.rtfirenze.com\/de\/wp-json\/wp\/v2\/users\/1"}],"replies":[{"embeddable":true,"href":"https:\/\/www.rtfirenze.com\/de\/wp-json\/wp\/v2\/comments?post=5324"}],"version-history":[{"count":4,"href":"https:\/\/www.rtfirenze.com\/de\/wp-json\/wp\/v2\/pages\/5324\/revisions"}],"predecessor-version":[{"id":5426,"href":"https:\/\/www.rtfirenze.com\/de\/wp-json\/wp\/v2\/pages\/5324\/revisions\/5426"}],"wp:featuredmedia":[{"embeddable":true,"href":"https:\/\/www.rtfirenze.com\/de\/wp-json\/wp\/v2\/media\/1050"}],"wp:attachment":[{"href":"https:\/\/www.rtfirenze.com\/de\/wp-json\/wp\/v2\/media?parent=5324"}],"curies":[{"name":"wp","href":"https:\/\/api.w.org\/{rel}","templated":true}]}}