{"id":5367,"date":"2025-12-09T18:15:10","date_gmt":"2025-12-09T17:15:10","guid":{"rendered":"https:\/\/www.rtfirenze.com\/?page_id=5367"},"modified":"2025-12-09T20:31:23","modified_gmt":"2025-12-09T19:31:23","slug":"ecoclean-rt-antitraccia-cleaning","status":"publish","type":"page","link":"https:\/\/www.rtfirenze.com\/de\/ecoclean-rt-antitraccia-cleaning\/","title":{"rendered":"Ecoclean &#8211; RT Antitraccia-Cleaning"},"content":{"rendered":"<div class=\"wpb-content-wrapper\"><p>[vc_row full_width=&#8220;stretch_row&#8220; css=&#8220;.vc_custom_1574256997579{margin-bottom: 0px !important;background-image: url(https:\/\/www.rtfirenze.com\/wp-content\/uploads\/2019\/11\/sfondo-scuro.png?id=173) !important;background-position: 0 0 !important;background-repeat: repeat !important;}&#8220;][vc_column][vc_column_text css_animation=&#8220;none&#8220; css=&#8220;&#8220;]<\/p>\n<h2 style=\"text-align: center;\"><strong><span style=\"color: #ffffff;\">ECOCLEAN \u2013 RT ANTITRACCIA &#8211; CLEANING<\/span><\/strong><\/h2>\n<p>[\/vc_column_text][\/vc_column][\/vc_row][vc_row][vc_column width=&#8220;2\/3&#8243; css=&#8220;.vc_custom_1576143532939{padding-right: 10% !important;}&#8220; offset=&#8220;vc_hidden-md vc_hidden-sm vc_hidden-xs&#8220;][vc_media_grid style=&#8220;pagination&#8220; items_per_page=&#8220;1&#8243; element_width=&#8220;12&#8243; gap=&#8220;0&#8243; arrows_design=&#8220;vc_arrow-icon-arrow_09_left&#8220; arrows_position=&#8220;outside&#8220; arrows_color=&#8220;black&#8220; paging_design=&#8220;pagination_square&#8220; paging_color=&#8220;black&#8220; loop=&#8220;yes&#8220; item=&#8220;437&#8243; css=&#8220;&#8220; grid_id=&#8220;vc_gid:1765300520554-68962b3e-0b0b-9&#8243; include=&#8220;3288&#8243;][\/vc_column][vc_column width=&#8220;1\/3&#8243; css=&#8220;.vc_custom_1576143543370{padding-left: 10% !important;}&#8220; offset=&#8220;vc_hidden-md vc_hidden-sm vc_hidden-xs&#8220;][vc_media_grid style=&#8220;pagination&#8220; items_per_page=&#8220;1&#8243; element_width=&#8220;12&#8243; gap=&#8220;0&#8243; paging_design=&#8220;none&#8220; item=&#8220;557&#8243; css=&#8220;&#8220; grid_id=&#8220;vc_gid:1765300520555-e3080680-cb9b-4&#8243; include=&#8220;3295&#8243;][\/vc_column][\/vc_row][vc_row css=&#8220;.vc_custom_1576143744247{margin-top: 20px !important;}&#8220;][vc_column width=&#8220;2\/3&#8243; css=&#8220;.vc_custom_1576143548629{padding-right: 10% !important;}&#8220; offset=&#8220;vc_hidden-lg&#8220;][vc_media_grid style=&#8220;pagination&#8220; items_per_page=&#8220;1&#8243; element_width=&#8220;12&#8243; gap=&#8220;0&#8243; arrows_design=&#8220;vc_arrow-icon-arrow_09_left&#8220; arrows_position=&#8220;outside&#8220; arrows_color=&#8220;black&#8220; paging_design=&#8220;pagination_square&#8220; paging_color=&#8220;black&#8220; loop=&#8220;yes&#8220; item=&#8220;437&#8243; css=&#8220;&#8220; grid_id=&#8220;vc_gid:1765300520555-8ec8db0d-93fa-1&#8243; include=&#8220;3288&#8243;][\/vc_column][vc_column width=&#8220;1\/3&#8243; css=&#8220;.vc_custom_1576143555121{padding-left: 10% !important;}&#8220; offset=&#8220;vc_hidden-lg&#8220;][vc_media_grid style=&#8220;pagination&#8220; items_per_page=&#8220;1&#8243; element_width=&#8220;12&#8243; gap=&#8220;0&#8243; paging_design=&#8220;none&#8220; item=&#8220;574&#8243; css=&#8220;&#8220; grid_id=&#8220;vc_gid:1765300520555-c2c7e7f4-0b71-2&#8243; include=&#8220;3295&#8243;][\/vc_column][\/vc_row][vc_row][vc_column][vc_column_text css=&#8220;&#8220;]<\/p>\n<p style=\"text-align: center;\">Diese R\u00e4der wurden speziell f\u00fcr die Reinigungsbranche entwickelt und eignen sich f\u00fcr den intensiven Einsatz, auch in Gegenwart von Wasser, Chemikalien, Reinigungsmitteln, S\u00e4uren und Fetten. Die Gummimischung besteht au\u00dfen aus einem grau-spurlosen Polyurethan-TPU-Ring (82\u202fSh.A) und innen aus einem massiven RT-Vintage-Gummiring (72\u202fSh.A). Dieses Produkt eignet sich ideal f\u00fcr den Einsatz auf Aufsitz-Scheuersaugmaschinen. Es ist kosteng\u00fcnstig und umweltfreundlich, dank des hohen Anteils an recyceltem Gummi.<\/p>\n<p style=\"text-align: center;\">Erh\u00e4ltlich mit Pr\u00e4zisionskugellagern oder mit Gleitlagern mit Passfedernut (Traktionsversion).<\/p>\n<p>[\/vc_column_text][\/vc_column][\/vc_row][vc_row][vc_column][vc_column_text css=&#8220;&#8220;]<\/p>\n<table id=\"tablepress-1\" class=\"tablepress tablepress-id-1\">\n<thead>\n<tr class=\"row-1 odd\">\n<th class=\"column-1\" style=\"text-align: center;\"><strong>Artikel<\/strong><\/th>\n<th class=\"column-2\" style=\"text-align: center;\">D<\/th>\n<th class=\"column-3\" style=\"text-align: center;\">b<\/th>\n<th class=\"column-4\" style=\"text-align: center;\">L<\/th>\n<th class=\"column-6\" style=\"text-align: center;\">d<\/th>\n<th class=\"column-7\" style=\"text-align: center;\"><strong>Gewicht <\/strong>g<\/th>\n<th class=\"column-8\" style=\"text-align: center;\"><strong>Tragf\u00e4higkeit\u00a0\u00a0 <\/strong>kg<\/th>\n<\/tr>\n<\/thead>\n<tbody class=\"row-hover\">\n<tr class=\"row-2 even\">\n<td class=\"column-1\" style=\"text-align: center;\"><strong>ECOCLEAN 200<\/strong><\/td>\n<td class=\"column-2\" style=\"text-align: center;\">200<\/td>\n<td class=\"column-3\" style=\"text-align: center;\">50<\/td>\n<td class=\"column-4\" style=\"text-align: center;\">40<\/td>\n<td class=\"column-6\" style=\"text-align: center;\">17-20<\/td>\n<td class=\"column-7\" style=\"text-align: center;\">1350<\/td>\n<td class=\"column-8\" style=\"text-align: center;\">300<\/td>\n<\/tr>\n<tr class=\"row-3 odd\">\n<td class=\"column-1\" style=\"text-align: center;\"><strong>ECOCLEAN 200 Traction<\/strong><\/td>\n<td class=\"column-2\" style=\"text-align: center;\">200<\/td>\n<td class=\"column-3\" style=\"text-align: center;\">50<\/td>\n<td class=\"column-4\" style=\"text-align: center;\">50<\/td>\n<td class=\"column-6\" style=\"text-align: center;\">chiavetta 20<\/td>\n<td class=\"column-7\" style=\"text-align: center;\">1450<\/td>\n<td class=\"column-8\" style=\"text-align: center;\">300<\/td>\n<\/tr>\n<tr class=\"row-3 odd\">\n<td class=\"column-1\" style=\"text-align: center;\"><strong>ECOCLEAN 250<\/strong><\/td>\n<td class=\"column-2\" style=\"text-align: center;\">250<\/td>\n<td class=\"column-3\" style=\"text-align: center;\">60<\/td>\n<td class=\"column-4\" style=\"text-align: center;\">50<\/td>\n<td class=\"column-6\" style=\"text-align: center;\">20<\/td>\n<td class=\"column-7\" style=\"text-align: center;\">2300<\/td>\n<td class=\"column-8\" style=\"text-align: center;\">400<\/td>\n<\/tr>\n<tr class=\"row-3 odd\">\n<td class=\"column-1\" style=\"text-align: center;\"><strong>ECOCLEAN 250 Traction<\/strong><\/td>\n<td class=\"column-2\" style=\"text-align: center;\">250<\/td>\n<td class=\"column-3\" style=\"text-align: center;\">60<\/td>\n<td class=\"column-4\" style=\"text-align: center;\">50<\/td>\n<td class=\"column-6\" style=\"text-align: center;\">chiavetta 20<\/td>\n<td class=\"column-7\" style=\"text-align: center;\">2400<\/td>\n<td class=\"column-8\" style=\"text-align: center;\">400<\/td>\n<\/tr>\n<tr class=\"row-3 odd\">\n<td class=\"column-1\" style=\"text-align: center;\"><strong>ECOCLEAN 260<\/strong><\/td>\n<td class=\"column-2\" style=\"text-align: center;\">260<\/td>\n<td class=\"column-3\" style=\"text-align: center;\">80<\/td>\n<td class=\"column-4\" style=\"text-align: center;\">50<\/td>\n<td class=\"column-6\" style=\"text-align: center;\">20-25<\/td>\n<td class=\"column-7\" style=\"text-align: center;\">4500<\/td>\n<td class=\"column-8\" style=\"text-align: center;\">500<\/td>\n<\/tr>\n<tr class=\"row-3 odd\">\n<td class=\"column-1\" style=\"text-align: center;\"><strong>ECOCLEAN 260 Traction<\/strong><\/td>\n<td class=\"column-2\" style=\"text-align: center;\">260<\/td>\n<td class=\"column-3\" style=\"text-align: center;\">80<\/td>\n<td class=\"column-4\" style=\"text-align: center;\">50<\/td>\n<td class=\"column-6\" style=\"text-align: center;\">chiavetta<\/td>\n<td class=\"column-7\" style=\"text-align: center;\">4700<\/td>\n<td class=\"column-8\" style=\"text-align: center;\">500<\/td>\n<\/tr>\n<tr class=\"row-3 odd\">\n<td class=\"column-1\" style=\"text-align: center;\"><strong>ECOCLEAN 300<\/strong><\/td>\n<td class=\"column-2\" style=\"text-align: center;\">300<\/td>\n<td class=\"column-3\" style=\"text-align: center;\">80<\/td>\n<td class=\"column-4\" style=\"text-align: center;\">50<\/td>\n<td class=\"column-6\" style=\"text-align: center;\">20-25<\/td>\n<td class=\"column-7\" style=\"text-align: center;\">5700<\/td>\n<td class=\"column-8\" style=\"text-align: center;\">600<\/td>\n<\/tr>\n<tr class=\"row-3 odd\">\n<td class=\"column-1\" style=\"text-align: center;\"><strong>ECOCLEAN 300 Traction<\/strong><\/td>\n<td class=\"column-2\" style=\"text-align: center;\">300<\/td>\n<td class=\"column-3\" style=\"text-align: center;\">80<\/td>\n<td class=\"column-4\" style=\"text-align: center;\">50<\/td>\n<td class=\"column-6\" style=\"text-align: center;\">chiavetta<\/td>\n<td class=\"column-7\" style=\"text-align: center;\">5900<\/td>\n<td class=\"column-8\" style=\"text-align: center;\">600<\/td>\n<\/tr>\n<\/tbody>\n<\/table>\n<p>[\/vc_column_text][\/vc_column][\/vc_row]<\/p>\n<\/div>","protected":false},"excerpt":{"rendered":"<p>[vc_row full_width=&#8220;stretch_row&#8220; css=&#8220;.vc_custom_1574256997579{margin-bottom: 0px !important;background-image: url(https:\/\/www.rtfirenze.com\/wp-content\/uploads\/2019\/11\/sfondo-scuro.png?id=173) !important;background-position: 0 0 !important;background-repeat: repeat !important;}&#8220;][vc_column][vc_column_text css_animation=&#8220;none&#8220; css=&#8220;&#8220;] ECOCLEAN \u2013 RT ANTITRACCIA &#8211; CLEANING [\/vc_column_text][\/vc_column][\/vc_row][vc_row][vc_column width=&#8220;2\/3&#8243; css=&#8220;.vc_custom_1576143532939{padding-right: 10% !important;}&#8220; offset=&#8220;vc_hidden-md<\/p>\n","protected":false},"author":1,"featured_media":3288,"parent":0,"menu_order":0,"comment_status":"closed","ping_status":"closed","template":"","meta":{"footnotes":""},"class_list":["post-5367","page","type-page","status-publish","has-post-thumbnail","hentry"],"yoast_head":"<!-- This site is optimized with the Yoast SEO plugin v26.7 - https:\/\/yoast.com\/wordpress\/plugins\/seo\/ -->\n<title>Ecoclean - RT Antitraccia-Cleaning - Produzione Ruote Industriali in Plastica e Gomma - RT Firenze<\/title>\n<meta name=\"robots\" content=\"index, follow, max-snippet:-1, max-image-preview:large, max-video-preview:-1\" \/>\n<link rel=\"canonical\" href=\"https:\/\/www.rtfirenze.com\/de\/ecoclean-rt-antitraccia-cleaning\/\" \/>\n<meta property=\"og:locale\" content=\"de_DE\" \/>\n<meta property=\"og:type\" content=\"article\" \/>\n<meta property=\"og:title\" content=\"Ecoclean - RT Antitraccia-Cleaning - Produzione Ruote Industriali in Plastica e Gomma - RT Firenze\" \/>\n<meta property=\"og:description\" content=\"[vc_row full_width=&#8220;stretch_row&#8220; css=&#8220;.vc_custom_1574256997579{margin-bottom: 0px !important;background-image: url(https:\/\/www.rtfirenze.com\/wp-content\/uploads\/2019\/11\/sfondo-scuro.png?id=173) !important;background-position: 0 0 !important;background-repeat: repeat !important;}&#8220;][vc_column][vc_column_text css_animation=&#8220;none&#8220; css=&#8220;&#8220;] ECOCLEAN \u2013 RT ANTITRACCIA &#8211; CLEANING [\/vc_column_text][\/vc_column][\/vc_row][vc_row][vc_column width=&#8220;2\/3&#8243; css=&#8220;.vc_custom_1576143532939{padding-right: 10% !important;}&#8220; offset=&#8220;vc_hidden-md\" \/>\n<meta property=\"og:url\" content=\"https:\/\/www.rtfirenze.com\/de\/ecoclean-rt-antitraccia-cleaning\/\" \/>\n<meta property=\"og:site_name\" content=\"Produzione Ruote Industriali in Plastica e Gomma - RT Firenze\" \/>\n<meta property=\"article:modified_time\" content=\"2025-12-09T19:31:23+00:00\" \/>\n<meta property=\"og:image\" content=\"https:\/\/www.rtfirenze.com\/wp-content\/uploads\/2024\/05\/ecoclean-1.jpg\" \/>\n\t<meta property=\"og:image:width\" content=\"1800\" \/>\n\t<meta property=\"og:image:height\" content=\"1200\" \/>\n\t<meta property=\"og:image:type\" content=\"image\/jpeg\" \/>\n<meta name=\"twitter:card\" content=\"summary_large_image\" \/>\n<meta name=\"twitter:label1\" content=\"Gesch\u00e4tzte Lesezeit\" \/>\n\t<meta name=\"twitter:data1\" content=\"2\u00a0Minuten\" \/>\n<script type=\"application\/ld+json\" class=\"yoast-schema-graph\">{\"@context\":\"https:\/\/schema.org\",\"@graph\":[{\"@type\":\"WebPage\",\"@id\":\"https:\/\/www.rtfirenze.com\/de\/ecoclean-rt-antitraccia-cleaning\/\",\"url\":\"https:\/\/www.rtfirenze.com\/de\/ecoclean-rt-antitraccia-cleaning\/\",\"name\":\"Ecoclean - RT Antitraccia-Cleaning - Produzione Ruote Industriali in Plastica e Gomma - RT Firenze\",\"isPartOf\":{\"@id\":\"https:\/\/www.rtfirenze.com\/#website\"},\"primaryImageOfPage\":{\"@id\":\"https:\/\/www.rtfirenze.com\/de\/ecoclean-rt-antitraccia-cleaning\/#primaryimage\"},\"image\":{\"@id\":\"https:\/\/www.rtfirenze.com\/de\/ecoclean-rt-antitraccia-cleaning\/#primaryimage\"},\"thumbnailUrl\":\"https:\/\/www.rtfirenze.com\/wp-content\/uploads\/2024\/05\/ecoclean-1.jpg\",\"datePublished\":\"2025-12-09T17:15:10+00:00\",\"dateModified\":\"2025-12-09T19:31:23+00:00\",\"breadcrumb\":{\"@id\":\"https:\/\/www.rtfirenze.com\/de\/ecoclean-rt-antitraccia-cleaning\/#breadcrumb\"},\"inLanguage\":\"de\",\"potentialAction\":[{\"@type\":\"ReadAction\",\"target\":[\"https:\/\/www.rtfirenze.com\/de\/ecoclean-rt-antitraccia-cleaning\/\"]}]},{\"@type\":\"ImageObject\",\"inLanguage\":\"de\",\"@id\":\"https:\/\/www.rtfirenze.com\/de\/ecoclean-rt-antitraccia-cleaning\/#primaryimage\",\"url\":\"https:\/\/www.rtfirenze.com\/wp-content\/uploads\/2024\/05\/ecoclean-1.jpg\",\"contentUrl\":\"https:\/\/www.rtfirenze.com\/wp-content\/uploads\/2024\/05\/ecoclean-1.jpg\",\"width\":1800,\"height\":1200,\"caption\":\"Produzione Ruote Industriali in Gomma e Plastica - Ecoclean\"},{\"@type\":\"BreadcrumbList\",\"@id\":\"https:\/\/www.rtfirenze.com\/de\/ecoclean-rt-antitraccia-cleaning\/#breadcrumb\",\"itemListElement\":[{\"@type\":\"ListItem\",\"position\":1,\"name\":\"Home\",\"item\":\"https:\/\/www.rtfirenze.com\/de\/\"},{\"@type\":\"ListItem\",\"position\":2,\"name\":\"Ecoclean &#8211; RT Antitraccia-Cleaning\"}]},{\"@type\":\"WebSite\",\"@id\":\"https:\/\/www.rtfirenze.com\/#website\",\"url\":\"https:\/\/www.rtfirenze.com\/\",\"name\":\"Produzione Ruote Industriali in Plastica e Gomma - RT Firenze\",\"description\":\"Produzione Ruote Industriali in Plastica e Gomma - RT Firenze\",\"potentialAction\":[{\"@type\":\"SearchAction\",\"target\":{\"@type\":\"EntryPoint\",\"urlTemplate\":\"https:\/\/www.rtfirenze.com\/?s={search_term_string}\"},\"query-input\":{\"@type\":\"PropertyValueSpecification\",\"valueRequired\":true,\"valueName\":\"search_term_string\"}}],\"inLanguage\":\"de\"}]}<\/script>\n<!-- \/ Yoast SEO plugin. -->","yoast_head_json":{"title":"Ecoclean - RT Antitraccia-Cleaning - Produzione Ruote Industriali in Plastica e Gomma - RT Firenze","robots":{"index":"index","follow":"follow","max-snippet":"max-snippet:-1","max-image-preview":"max-image-preview:large","max-video-preview":"max-video-preview:-1"},"canonical":"https:\/\/www.rtfirenze.com\/de\/ecoclean-rt-antitraccia-cleaning\/","og_locale":"de_DE","og_type":"article","og_title":"Ecoclean - RT Antitraccia-Cleaning - Produzione Ruote Industriali in Plastica e Gomma - RT Firenze","og_description":"[vc_row full_width=&#8220;stretch_row&#8220; css=&#8220;.vc_custom_1574256997579{margin-bottom: 0px !important;background-image: url(https:\/\/www.rtfirenze.com\/wp-content\/uploads\/2019\/11\/sfondo-scuro.png?id=173) !important;background-position: 0 0 !important;background-repeat: repeat !important;}&#8220;][vc_column][vc_column_text css_animation=&#8220;none&#8220; css=&#8220;&#8220;] ECOCLEAN \u2013 RT ANTITRACCIA &#8211; CLEANING [\/vc_column_text][\/vc_column][\/vc_row][vc_row][vc_column width=&#8220;2\/3&#8243; css=&#8220;.vc_custom_1576143532939{padding-right: 10% !important;}&#8220; offset=&#8220;vc_hidden-md","og_url":"https:\/\/www.rtfirenze.com\/de\/ecoclean-rt-antitraccia-cleaning\/","og_site_name":"Produzione Ruote Industriali in Plastica e Gomma - RT Firenze","article_modified_time":"2025-12-09T19:31:23+00:00","og_image":[{"width":1800,"height":1200,"url":"https:\/\/www.rtfirenze.com\/wp-content\/uploads\/2024\/05\/ecoclean-1.jpg","type":"image\/jpeg"}],"twitter_card":"summary_large_image","twitter_misc":{"Gesch\u00e4tzte Lesezeit":"2\u00a0Minuten"},"schema":{"@context":"https:\/\/schema.org","@graph":[{"@type":"WebPage","@id":"https:\/\/www.rtfirenze.com\/de\/ecoclean-rt-antitraccia-cleaning\/","url":"https:\/\/www.rtfirenze.com\/de\/ecoclean-rt-antitraccia-cleaning\/","name":"Ecoclean - RT Antitraccia-Cleaning - Produzione Ruote Industriali in Plastica e Gomma - RT Firenze","isPartOf":{"@id":"https:\/\/www.rtfirenze.com\/#website"},"primaryImageOfPage":{"@id":"https:\/\/www.rtfirenze.com\/de\/ecoclean-rt-antitraccia-cleaning\/#primaryimage"},"image":{"@id":"https:\/\/www.rtfirenze.com\/de\/ecoclean-rt-antitraccia-cleaning\/#primaryimage"},"thumbnailUrl":"https:\/\/www.rtfirenze.com\/wp-content\/uploads\/2024\/05\/ecoclean-1.jpg","datePublished":"2025-12-09T17:15:10+00:00","dateModified":"2025-12-09T19:31:23+00:00","breadcrumb":{"@id":"https:\/\/www.rtfirenze.com\/de\/ecoclean-rt-antitraccia-cleaning\/#breadcrumb"},"inLanguage":"de","potentialAction":[{"@type":"ReadAction","target":["https:\/\/www.rtfirenze.com\/de\/ecoclean-rt-antitraccia-cleaning\/"]}]},{"@type":"ImageObject","inLanguage":"de","@id":"https:\/\/www.rtfirenze.com\/de\/ecoclean-rt-antitraccia-cleaning\/#primaryimage","url":"https:\/\/www.rtfirenze.com\/wp-content\/uploads\/2024\/05\/ecoclean-1.jpg","contentUrl":"https:\/\/www.rtfirenze.com\/wp-content\/uploads\/2024\/05\/ecoclean-1.jpg","width":1800,"height":1200,"caption":"Produzione Ruote Industriali in Gomma e Plastica - Ecoclean"},{"@type":"BreadcrumbList","@id":"https:\/\/www.rtfirenze.com\/de\/ecoclean-rt-antitraccia-cleaning\/#breadcrumb","itemListElement":[{"@type":"ListItem","position":1,"name":"Home","item":"https:\/\/www.rtfirenze.com\/de\/"},{"@type":"ListItem","position":2,"name":"Ecoclean &#8211; RT Antitraccia-Cleaning"}]},{"@type":"WebSite","@id":"https:\/\/www.rtfirenze.com\/#website","url":"https:\/\/www.rtfirenze.com\/","name":"Produzione Ruote Industriali in Plastica e Gomma - RT Firenze","description":"Produzione Ruote Industriali in Plastica e Gomma - RT Firenze","potentialAction":[{"@type":"SearchAction","target":{"@type":"EntryPoint","urlTemplate":"https:\/\/www.rtfirenze.com\/?s={search_term_string}"},"query-input":{"@type":"PropertyValueSpecification","valueRequired":true,"valueName":"search_term_string"}}],"inLanguage":"de"}]}},"_links":{"self":[{"href":"https:\/\/www.rtfirenze.com\/de\/wp-json\/wp\/v2\/pages\/5367","targetHints":{"allow":["GET"]}}],"collection":[{"href":"https:\/\/www.rtfirenze.com\/de\/wp-json\/wp\/v2\/pages"}],"about":[{"href":"https:\/\/www.rtfirenze.com\/de\/wp-json\/wp\/v2\/types\/page"}],"author":[{"embeddable":true,"href":"https:\/\/www.rtfirenze.com\/de\/wp-json\/wp\/v2\/users\/1"}],"replies":[{"embeddable":true,"href":"https:\/\/www.rtfirenze.com\/de\/wp-json\/wp\/v2\/comments?post=5367"}],"version-history":[{"count":4,"href":"https:\/\/www.rtfirenze.com\/de\/wp-json\/wp\/v2\/pages\/5367\/revisions"}],"predecessor-version":[{"id":5370,"href":"https:\/\/www.rtfirenze.com\/de\/wp-json\/wp\/v2\/pages\/5367\/revisions\/5370"}],"wp:featuredmedia":[{"embeddable":true,"href":"https:\/\/www.rtfirenze.com\/de\/wp-json\/wp\/v2\/media\/3288"}],"wp:attachment":[{"href":"https:\/\/www.rtfirenze.com\/de\/wp-json\/wp\/v2\/media?parent=5367"}],"curies":[{"name":"wp","href":"https:\/\/api.w.org\/{rel}","templated":true}]}}