{"id":5408,"date":"2025-12-09T19:08:12","date_gmt":"2025-12-09T18:08:12","guid":{"rendered":"https:\/\/www.rtfirenze.com\/?page_id=5408"},"modified":"2025-12-09T20:38:21","modified_gmt":"2025-12-09T19:38:21","slug":"se-serie-rt-antitraccia","status":"publish","type":"page","link":"https:\/\/www.rtfirenze.com\/de\/se-serie-rt-antitraccia\/","title":{"rendered":"SE-Serie &#8211; RT Antitraccia"},"content":{"rendered":"<div class=\"wpb-content-wrapper\"><p>[vc_row full_width=&#8220;stretch_row&#8220; css=&#8220;.vc_custom_1574256997579{margin-bottom: 0px !important;background-image: url(https:\/\/www.rtfirenze.com\/wp-content\/uploads\/2019\/11\/sfondo-scuro.png?id=173) !important;background-position: 0 0 !important;background-repeat: repeat !important;}&#8220;][vc_column][vc_column_text css_animation=&#8220;none&#8220; css=&#8220;&#8220;]<\/p>\n<h2 style=\"text-align: center;\"><strong><span style=\"color: #ffffff;\">SE SERIE \u2013 RT ANTITRACCIA<\/span><\/strong><\/h2>\n<p>[\/vc_column_text][\/vc_column][\/vc_row][vc_row][vc_column width=&#8220;2\/3&#8243; css=&#8220;.vc_custom_1576143532939{padding-right: 10% !important;}&#8220; offset=&#8220;vc_hidden-md vc_hidden-sm vc_hidden-xs&#8220;][vc_media_grid style=&#8220;pagination&#8220; items_per_page=&#8220;1&#8243; element_width=&#8220;12&#8243; gap=&#8220;0&#8243; paging_design=&#8220;none&#8220; loop=&#8220;yes&#8220; item=&#8220;437&#8243; grid_id=&#8220;vc_gid:1765303702533-6cd6972c-f0bd-6&#8243; include=&#8220;773&#8243;][\/vc_column][vc_column width=&#8220;1\/3&#8243; css=&#8220;.vc_custom_1576143543370{padding-left: 10% !important;}&#8220; offset=&#8220;vc_hidden-md vc_hidden-sm vc_hidden-xs&#8220;][vc_media_grid style=&#8220;pagination&#8220; items_per_page=&#8220;1&#8243; element_width=&#8220;12&#8243; gap=&#8220;0&#8243; paging_design=&#8220;none&#8220; item=&#8220;557&#8243; grid_id=&#8220;vc_gid:1765303702539-77fc5ec2-b34f-10&#8243; include=&#8220;1570&#8243;][\/vc_column][\/vc_row][vc_row css=&#8220;.vc_custom_1576143744247{margin-top: 20px !important;}&#8220;][vc_column width=&#8220;2\/3&#8243; css=&#8220;.vc_custom_1576143548629{padding-right: 10% !important;}&#8220; offset=&#8220;vc_hidden-lg&#8220;][vc_media_grid style=&#8220;pagination&#8220; items_per_page=&#8220;1&#8243; element_width=&#8220;12&#8243; gap=&#8220;0&#8243; paging_design=&#8220;none&#8220; loop=&#8220;yes&#8220; item=&#8220;437&#8243; grid_id=&#8220;vc_gid:1765303702539-27889ed0-bfb5-5&#8243; include=&#8220;773&#8243;][\/vc_column][vc_column width=&#8220;1\/3&#8243; css=&#8220;.vc_custom_1576143555121{padding-left: 10% !important;}&#8220; offset=&#8220;vc_hidden-lg&#8220;][vc_media_grid style=&#8220;pagination&#8220; items_per_page=&#8220;1&#8243; element_width=&#8220;12&#8243; gap=&#8220;0&#8243; paging_design=&#8220;none&#8220; item=&#8220;574&#8243; grid_id=&#8220;vc_gid:1765303702540-63d51d0c-7275-5&#8243; include=&#8220;1570&#8243;][\/vc_column][\/vc_row][vc_row][vc_column][vc_column_text css=&#8220;&#8220;]<\/p>\n<p style=\"text-align: center;\">Dies ist ein Industrierad mit robustem Polypropylen-Felgenrand und einer RT-ANTITRACCIA-Lauffl\u00e4chenbeschichtung. Es kann selbst bei Kontakt mit leichten Kohlenwasserstoffen eingesetzt werden und zeichnet sich durch gute Witterungsbest\u00e4ndigkeit aus.<\/p>\n<p style=\"text-align: center;\">Diese Serie hat eine glatte und klare Form und wird haupts\u00e4chlich f\u00fcr Produkte verwendet, die mit Maschinengeh\u00e4usen ausgestattet sind. Sie wurde speziell entwickelt, um die Produktionskosten so niedrig wie m\u00f6glich zu halten.<\/p>\n<p style=\"text-align: center;\"><strong>Hinweis:<\/strong> R\u00e4der der SE-Serie sind auch in RICICLA-Gummi erh\u00e4ltlich.<\/p>\n<p>[\/vc_column_text][vc_btn title=&#8220; SE SERIE \u2013 RICICLA GUMMI &#8220; style=&#8220;outline-custom&#8220; outline_custom_color=&#8220;#1d1d1d&#8220; outline_custom_hover_background=&#8220;#1d1d1d&#8220; outline_custom_hover_text=&#8220;#ffffff&#8220; align=&#8220;center&#8220; css=&#8220;&#8220; link=&#8220;url:%2Fde%2Fse-serie-rt-ricicla%2F|title:Serie%20SE%20%E2%80%93%20RT%20Ricicla&#8220;][\/vc_column][\/vc_row][vc_row][vc_column][vc_column_text css=&#8220;&#8220;]<\/p>\n<table id=\"tablepress-1\" class=\"tablepress tablepress-id-1\">\n<thead>\n<tr class=\"row-1 odd\">\n<th class=\"column-1\" style=\"text-align: center;\"><strong>Artikel<\/strong><\/th>\n<th class=\"column-2\" style=\"text-align: center;\">D<\/th>\n<th class=\"column-3\" style=\"text-align: center;\">b<\/th>\n<th class=\"column-4\" style=\"text-align: center;\">L<\/th>\n<th class=\"column-4\" style=\"text-align: center;\">h<\/th>\n<th class=\"column-6\" style=\"text-align: center;\">d<\/th>\n<th class=\"column-7\" style=\"text-align: center;\"><strong>Gewicht <\/strong>g<\/th>\n<th class=\"column-8\" style=\"text-align: center;\"><strong>Tragf\u00e4higkeit\u00a0\u00a0 <\/strong>kg<\/th>\n<\/tr>\n<\/thead>\n<tbody class=\"row-hover\">\n<tr class=\"row-2 even\">\n<td class=\"column-1\" style=\"text-align: center;\"><strong>SE 200 GR<\/strong><\/td>\n<td class=\"column-2\" style=\"text-align: center;\">200<\/td>\n<td class=\"column-3\" style=\"text-align: center;\">44<\/td>\n<td class=\"column-4\" style=\"text-align: center;\">44<\/td>\n<td class=\"column-4\" style=\"text-align: center;\">8<\/td>\n<td class=\"column-6\" style=\"text-align: center;\">15<\/td>\n<td class=\"column-7\" style=\"text-align: center;\">300<\/td>\n<td class=\"column-8\" style=\"text-align: center;\">60<\/td>\n<\/tr>\n<tr class=\"row-3 odd\">\n<td class=\"column-1\" style=\"text-align: center;\"><strong>SE 250 GR<\/strong><\/td>\n<td class=\"column-2\" style=\"text-align: center;\">250<\/td>\n<td class=\"column-3\" style=\"text-align: center;\">48<\/td>\n<td class=\"column-4\" style=\"text-align: center;\">40<\/td>\n<td class=\"column-4\" style=\"text-align: center;\">11<\/td>\n<td class=\"column-6\" style=\"text-align: center;\">20<\/td>\n<td class=\"column-7\" style=\"text-align: center;\">475<\/td>\n<td class=\"column-8\" style=\"text-align: center;\">70<\/td>\n<\/tr>\n<\/tbody>\n<\/table>\n<p>[\/vc_column_text][\/vc_column][\/vc_row]<\/p>\n<\/div>","protected":false},"excerpt":{"rendered":"<p>[vc_row full_width=&#8220;stretch_row&#8220; css=&#8220;.vc_custom_1574256997579{margin-bottom: 0px !important;background-image: url(https:\/\/www.rtfirenze.com\/wp-content\/uploads\/2019\/11\/sfondo-scuro.png?id=173) !important;background-position: 0 0 !important;background-repeat: repeat !important;}&#8220;][vc_column][vc_column_text css_animation=&#8220;none&#8220; css=&#8220;&#8220;] SE SERIE \u2013 RT ANTITRACCIA [\/vc_column_text][\/vc_column][\/vc_row][vc_row][vc_column width=&#8220;2\/3&#8243; css=&#8220;.vc_custom_1576143532939{padding-right: 10% !important;}&#8220; offset=&#8220;vc_hidden-md vc_hidden-sm<\/p>\n","protected":false},"author":1,"featured_media":773,"parent":0,"menu_order":0,"comment_status":"closed","ping_status":"closed","template":"","meta":{"footnotes":""},"class_list":["post-5408","page","type-page","status-publish","has-post-thumbnail","hentry"],"yoast_head":"<!-- This site is optimized with the Yoast SEO plugin v26.7 - https:\/\/yoast.com\/wordpress\/plugins\/seo\/ -->\n<title>SE-Serie - RT Antitraccia - Produzione Ruote Industriali in Plastica e Gomma - RT Firenze<\/title>\n<meta name=\"robots\" content=\"index, follow, max-snippet:-1, max-image-preview:large, max-video-preview:-1\" \/>\n<link rel=\"canonical\" href=\"https:\/\/www.rtfirenze.com\/de\/se-serie-rt-antitraccia\/\" \/>\n<meta property=\"og:locale\" content=\"de_DE\" \/>\n<meta property=\"og:type\" content=\"article\" \/>\n<meta property=\"og:title\" content=\"SE-Serie - RT Antitraccia - Produzione Ruote Industriali in Plastica e Gomma - RT Firenze\" \/>\n<meta property=\"og:description\" content=\"[vc_row full_width=&#8220;stretch_row&#8220; css=&#8220;.vc_custom_1574256997579{margin-bottom: 0px !important;background-image: url(https:\/\/www.rtfirenze.com\/wp-content\/uploads\/2019\/11\/sfondo-scuro.png?id=173) !important;background-position: 0 0 !important;background-repeat: repeat !important;}&#8220;][vc_column][vc_column_text css_animation=&#8220;none&#8220; css=&#8220;&#8220;] SE SERIE \u2013 RT ANTITRACCIA [\/vc_column_text][\/vc_column][\/vc_row][vc_row][vc_column width=&#8220;2\/3&#8243; css=&#8220;.vc_custom_1576143532939{padding-right: 10% !important;}&#8220; offset=&#8220;vc_hidden-md vc_hidden-sm\" \/>\n<meta property=\"og:url\" content=\"https:\/\/www.rtfirenze.com\/de\/se-serie-rt-antitraccia\/\" \/>\n<meta property=\"og:site_name\" content=\"Produzione Ruote Industriali in Plastica e Gomma - RT Firenze\" \/>\n<meta property=\"article:modified_time\" content=\"2025-12-09T19:38:21+00:00\" \/>\n<meta property=\"og:image\" content=\"https:\/\/www.rtfirenze.com\/wp-content\/uploads\/2019\/12\/serie-se-antitraccia.jpg\" \/>\n\t<meta property=\"og:image:width\" content=\"1800\" \/>\n\t<meta property=\"og:image:height\" content=\"1200\" \/>\n\t<meta property=\"og:image:type\" content=\"image\/jpeg\" \/>\n<meta name=\"twitter:card\" content=\"summary_large_image\" \/>\n<meta name=\"twitter:label1\" content=\"Gesch\u00e4tzte Lesezeit\" \/>\n\t<meta name=\"twitter:data1\" content=\"2\u00a0Minuten\" \/>\n<script type=\"application\/ld+json\" class=\"yoast-schema-graph\">{\"@context\":\"https:\/\/schema.org\",\"@graph\":[{\"@type\":\"WebPage\",\"@id\":\"https:\/\/www.rtfirenze.com\/de\/se-serie-rt-antitraccia\/\",\"url\":\"https:\/\/www.rtfirenze.com\/de\/se-serie-rt-antitraccia\/\",\"name\":\"SE-Serie - RT Antitraccia - Produzione Ruote Industriali in Plastica e Gomma - RT Firenze\",\"isPartOf\":{\"@id\":\"https:\/\/www.rtfirenze.com\/#website\"},\"primaryImageOfPage\":{\"@id\":\"https:\/\/www.rtfirenze.com\/de\/se-serie-rt-antitraccia\/#primaryimage\"},\"image\":{\"@id\":\"https:\/\/www.rtfirenze.com\/de\/se-serie-rt-antitraccia\/#primaryimage\"},\"thumbnailUrl\":\"https:\/\/www.rtfirenze.com\/wp-content\/uploads\/2019\/12\/serie-se-antitraccia.jpg\",\"datePublished\":\"2025-12-09T18:08:12+00:00\",\"dateModified\":\"2025-12-09T19:38:21+00:00\",\"breadcrumb\":{\"@id\":\"https:\/\/www.rtfirenze.com\/de\/se-serie-rt-antitraccia\/#breadcrumb\"},\"inLanguage\":\"de\",\"potentialAction\":[{\"@type\":\"ReadAction\",\"target\":[\"https:\/\/www.rtfirenze.com\/de\/se-serie-rt-antitraccia\/\"]}]},{\"@type\":\"ImageObject\",\"inLanguage\":\"de\",\"@id\":\"https:\/\/www.rtfirenze.com\/de\/se-serie-rt-antitraccia\/#primaryimage\",\"url\":\"https:\/\/www.rtfirenze.com\/wp-content\/uploads\/2019\/12\/serie-se-antitraccia.jpg\",\"contentUrl\":\"https:\/\/www.rtfirenze.com\/wp-content\/uploads\/2019\/12\/serie-se-antitraccia.jpg\",\"width\":1800,\"height\":1200,\"caption\":\"Produzione Ruote Industriali in Gomma e Plastica - Serie SE\"},{\"@type\":\"BreadcrumbList\",\"@id\":\"https:\/\/www.rtfirenze.com\/de\/se-serie-rt-antitraccia\/#breadcrumb\",\"itemListElement\":[{\"@type\":\"ListItem\",\"position\":1,\"name\":\"Home\",\"item\":\"https:\/\/www.rtfirenze.com\/de\/\"},{\"@type\":\"ListItem\",\"position\":2,\"name\":\"SE-Serie &#8211; RT Antitraccia\"}]},{\"@type\":\"WebSite\",\"@id\":\"https:\/\/www.rtfirenze.com\/#website\",\"url\":\"https:\/\/www.rtfirenze.com\/\",\"name\":\"Produzione Ruote Industriali in Plastica e Gomma - RT Firenze\",\"description\":\"Produzione Ruote Industriali in Plastica e Gomma - RT Firenze\",\"potentialAction\":[{\"@type\":\"SearchAction\",\"target\":{\"@type\":\"EntryPoint\",\"urlTemplate\":\"https:\/\/www.rtfirenze.com\/?s={search_term_string}\"},\"query-input\":{\"@type\":\"PropertyValueSpecification\",\"valueRequired\":true,\"valueName\":\"search_term_string\"}}],\"inLanguage\":\"de\"}]}<\/script>\n<!-- \/ Yoast SEO plugin. -->","yoast_head_json":{"title":"SE-Serie - RT Antitraccia - Produzione Ruote Industriali in Plastica e Gomma - RT Firenze","robots":{"index":"index","follow":"follow","max-snippet":"max-snippet:-1","max-image-preview":"max-image-preview:large","max-video-preview":"max-video-preview:-1"},"canonical":"https:\/\/www.rtfirenze.com\/de\/se-serie-rt-antitraccia\/","og_locale":"de_DE","og_type":"article","og_title":"SE-Serie - RT Antitraccia - Produzione Ruote Industriali in Plastica e Gomma - RT Firenze","og_description":"[vc_row full_width=&#8220;stretch_row&#8220; css=&#8220;.vc_custom_1574256997579{margin-bottom: 0px !important;background-image: url(https:\/\/www.rtfirenze.com\/wp-content\/uploads\/2019\/11\/sfondo-scuro.png?id=173) !important;background-position: 0 0 !important;background-repeat: repeat !important;}&#8220;][vc_column][vc_column_text css_animation=&#8220;none&#8220; css=&#8220;&#8220;] SE SERIE \u2013 RT ANTITRACCIA [\/vc_column_text][\/vc_column][\/vc_row][vc_row][vc_column width=&#8220;2\/3&#8243; css=&#8220;.vc_custom_1576143532939{padding-right: 10% !important;}&#8220; offset=&#8220;vc_hidden-md vc_hidden-sm","og_url":"https:\/\/www.rtfirenze.com\/de\/se-serie-rt-antitraccia\/","og_site_name":"Produzione Ruote Industriali in Plastica e Gomma - RT Firenze","article_modified_time":"2025-12-09T19:38:21+00:00","og_image":[{"width":1800,"height":1200,"url":"https:\/\/www.rtfirenze.com\/wp-content\/uploads\/2019\/12\/serie-se-antitraccia.jpg","type":"image\/jpeg"}],"twitter_card":"summary_large_image","twitter_misc":{"Gesch\u00e4tzte Lesezeit":"2\u00a0Minuten"},"schema":{"@context":"https:\/\/schema.org","@graph":[{"@type":"WebPage","@id":"https:\/\/www.rtfirenze.com\/de\/se-serie-rt-antitraccia\/","url":"https:\/\/www.rtfirenze.com\/de\/se-serie-rt-antitraccia\/","name":"SE-Serie - RT Antitraccia - Produzione Ruote Industriali in Plastica e Gomma - RT Firenze","isPartOf":{"@id":"https:\/\/www.rtfirenze.com\/#website"},"primaryImageOfPage":{"@id":"https:\/\/www.rtfirenze.com\/de\/se-serie-rt-antitraccia\/#primaryimage"},"image":{"@id":"https:\/\/www.rtfirenze.com\/de\/se-serie-rt-antitraccia\/#primaryimage"},"thumbnailUrl":"https:\/\/www.rtfirenze.com\/wp-content\/uploads\/2019\/12\/serie-se-antitraccia.jpg","datePublished":"2025-12-09T18:08:12+00:00","dateModified":"2025-12-09T19:38:21+00:00","breadcrumb":{"@id":"https:\/\/www.rtfirenze.com\/de\/se-serie-rt-antitraccia\/#breadcrumb"},"inLanguage":"de","potentialAction":[{"@type":"ReadAction","target":["https:\/\/www.rtfirenze.com\/de\/se-serie-rt-antitraccia\/"]}]},{"@type":"ImageObject","inLanguage":"de","@id":"https:\/\/www.rtfirenze.com\/de\/se-serie-rt-antitraccia\/#primaryimage","url":"https:\/\/www.rtfirenze.com\/wp-content\/uploads\/2019\/12\/serie-se-antitraccia.jpg","contentUrl":"https:\/\/www.rtfirenze.com\/wp-content\/uploads\/2019\/12\/serie-se-antitraccia.jpg","width":1800,"height":1200,"caption":"Produzione Ruote Industriali in Gomma e Plastica - Serie SE"},{"@type":"BreadcrumbList","@id":"https:\/\/www.rtfirenze.com\/de\/se-serie-rt-antitraccia\/#breadcrumb","itemListElement":[{"@type":"ListItem","position":1,"name":"Home","item":"https:\/\/www.rtfirenze.com\/de\/"},{"@type":"ListItem","position":2,"name":"SE-Serie &#8211; RT Antitraccia"}]},{"@type":"WebSite","@id":"https:\/\/www.rtfirenze.com\/#website","url":"https:\/\/www.rtfirenze.com\/","name":"Produzione Ruote Industriali in Plastica e Gomma - RT Firenze","description":"Produzione Ruote Industriali in Plastica e Gomma - RT Firenze","potentialAction":[{"@type":"SearchAction","target":{"@type":"EntryPoint","urlTemplate":"https:\/\/www.rtfirenze.com\/?s={search_term_string}"},"query-input":{"@type":"PropertyValueSpecification","valueRequired":true,"valueName":"search_term_string"}}],"inLanguage":"de"}]}},"_links":{"self":[{"href":"https:\/\/www.rtfirenze.com\/de\/wp-json\/wp\/v2\/pages\/5408","targetHints":{"allow":["GET"]}}],"collection":[{"href":"https:\/\/www.rtfirenze.com\/de\/wp-json\/wp\/v2\/pages"}],"about":[{"href":"https:\/\/www.rtfirenze.com\/de\/wp-json\/wp\/v2\/types\/page"}],"author":[{"embeddable":true,"href":"https:\/\/www.rtfirenze.com\/de\/wp-json\/wp\/v2\/users\/1"}],"replies":[{"embeddable":true,"href":"https:\/\/www.rtfirenze.com\/de\/wp-json\/wp\/v2\/comments?post=5408"}],"version-history":[{"count":4,"href":"https:\/\/www.rtfirenze.com\/de\/wp-json\/wp\/v2\/pages\/5408\/revisions"}],"predecessor-version":[{"id":5412,"href":"https:\/\/www.rtfirenze.com\/de\/wp-json\/wp\/v2\/pages\/5408\/revisions\/5412"}],"wp:featuredmedia":[{"embeddable":true,"href":"https:\/\/www.rtfirenze.com\/de\/wp-json\/wp\/v2\/media\/773"}],"wp:attachment":[{"href":"https:\/\/www.rtfirenze.com\/de\/wp-json\/wp\/v2\/media?parent=5408"}],"curies":[{"name":"wp","href":"https:\/\/api.w.org\/{rel}","templated":true}]}}