{"id":2272,"date":"2023-10-24T12:32:15","date_gmt":"2023-10-24T10:32:15","guid":{"rendered":"https:\/\/www.rtfirenze.com\/?page_id=2272"},"modified":"2024-05-15T16:30:14","modified_gmt":"2024-05-15T14:30:14","slug":"home","status":"publish","type":"page","link":"https:\/\/www.rtfirenze.com\/es\/","title":{"rendered":"HOME"},"content":{"rendered":"<div class=\"wpb-content-wrapper\"><p>[vc_row disable_element=\u00bbyes\u00bb css=\u00bb.vc_custom_1576056274754{margin-top: 60px !important;}\u00bb][vc_column][vc_column_text]<\/p>\n<h5 style=\"text-align: center;\">Cerca per Codice Prodotto o Diametro Ruota<\/h5>\n<p>[\/vc_column_text][vc_row_inner][vc_column_inner width=\u00bb1\/3&#8243;][\/vc_column_inner][vc_column_inner width=\u00bb1\/3&#8243;][vc_wp_search][\/vc_column_inner][vc_column_inner width=\u00bb1\/3&#8243;][\/vc_column_inner][\/vc_row_inner][\/vc_column][\/vc_row][vc_row full_width=\u00bbstretch_row\u00bb css=\u00bb.vc_custom_1576060603608{margin-top: 0px !important;margin-bottom: 0px !important;padding-top: 20px !important;padding-bottom: 40px !important;background-color: #d5d7d4 !important;}\u00bb][vc_column][vc_column_text]<\/p>\n<h3 style=\"text-align: center;\"><strong>Producci\u00f3n de ruedas industriales est\u00e1ndar y especiales en pl\u00e1stico y goma<\/strong><\/h3>\n<p>[\/vc_column_text][vc_separator color=\u00bbcustom\u00bb el_width=\u00bb10&#8243; css=\u00bb.vc_custom_1576057812012{margin-top: -10px !important;margin-bottom: 20px !important;}\u00bb accent_color=\u00bb#1d1d1d\u00bb][vc_column_text]<\/p>\n<p style=\"text-align: center;\">Con una larga tradici\u00f3n en el campo del dise\u00f1o y construcci\u00f3n de moldes para pl\u00e1sticos y goma, Tarchi Roberto, ahora RT FIRENZE, comenz\u00f3 a fabricar ruedas industriales en 1984 con la intenci\u00f3n espec\u00edfica de seguir un concepto innovador, prestando especial atenci\u00f3n al dise\u00f1o y a la calidad.<\/p>\n<p>[\/vc_column_text][vc_btn title=\u00bbSOBRE NOSOTROS\u00bb style=\u00bboutline-custom\u00bb outline_custom_color=\u00bb#1d1d1d\u00bb outline_custom_hover_background=\u00bb#1d1d1d\u00bb outline_custom_hover_text=\u00bb#ffffff\u00bb shape=\u00bbsquare\u00bb align=\u00bbcenter\u00bb link=\u00bburl:%2Fes%2Fsobre-nosotros%2F|title:CHI%20SIAMO\u00bb][\/vc_column][\/vc_row][vc_row full_width=\u00bbstretch_row_content\u00bb css=\u00bb.vc_custom_1576060641885{margin-top: 20px !important;margin-bottom: 40px !important;}\u00bb][vc_column][vc_column_text]<\/p>\n<h4 style=\"text-align: center;\">PRODUCTOS<\/h4>\n<p>[\/vc_column_text][vc_separator color=\u00bbcustom\u00bb el_width=\u00bb10&#8243; css=\u00bb.vc_custom_1576064209290{margin-top: -10px !important;padding-bottom: 30px !important;}\u00bb accent_color=\u00bb#1d1d1d\u00bb][vc_row_inner][vc_column_inner width=\u00bb1\/4&#8243;][vc_column_text]<\/p>\n<h6 class=\"titolo-home-prodotti\" style=\"text-align: center;\">Goma RT Vintage<\/h6>\n<p>[\/vc_column_text][vc_single_image image=\u00bb378&#8243; img_size=\u00bbfull\u00bb alignment=\u00bbcenter\u00bb css=\u00bb.vc_custom_1576060105878{margin-top: -15px !important;margin-bottom: -15px !important;}\u00bb][vc_column_text]<\/p>\n<p class=\"testo-prodotti-home\" style=\"text-align: center;\">Una l\u00ednea de producci\u00f3n exclusiva de RT es el revestimiento de goma VINTAGE, compuesto principalmente de polvo de goma reciclado<\/p>\n<p>[\/vc_column_text][vc_btn title=\u00bbSERIE RT VINTAGE\u00bb style=\u00bboutline-custom\u00bb outline_custom_color=\u00bb#1d1d1d\u00bb outline_custom_hover_background=\u00bb#1d1d1d\u00bb outline_custom_hover_text=\u00bb#ffffff\u00bb shape=\u00bbsquare\u00bb align=\u00bbcenter\u00bb link=\u00bburl:%2Fes%2Fgoma-rt-vintage%2F|title:Gomma%20RT%20Vintage\u00bb][\/vc_column_inner][vc_column_inner width=\u00bb1\/4&#8243;][vc_column_text]<\/p>\n<h6 class=\"titolo-home-prodotti\" style=\"text-align: center;\">Goma RT Ricicla<\/h6>\n<p>[\/vc_column_text][vc_single_image image=\u00bb383&#8243; img_size=\u00bbfull\u00bb alignment=\u00bbcenter\u00bb css=\u00bb.vc_custom_1576060129461{margin-top: -15px !important;margin-bottom: -15px !important;}\u00bb][vc_column_text]<\/p>\n<p class=\"testo-prodotti-home\" style=\"text-align: center;\">Las ruedas de goma RT RICICLA tienen una banda de rodadura de termopl\u00e1stico inyectado en la que hay m\u00e1s del 50% de goma reciclada<\/p>\n<p>[\/vc_column_text][vc_btn title=\u00bbSERIE RT RICICLA\u00bb style=\u00bboutline-custom\u00bb outline_custom_color=\u00bb#1d1d1d\u00bb outline_custom_hover_background=\u00bb#1d1d1d\u00bb outline_custom_hover_text=\u00bb#ffffff\u00bb shape=\u00bbsquare\u00bb align=\u00bbcenter\u00bb link=\u00bburl:%2Fes%2Fgoma-rt-ricicla%2F|title:Gomma%20RT%20Ricicla\u00bb][\/vc_column_inner][vc_column_inner width=\u00bb1\/4&#8243;][vc_column_text css=\u00bb\u00bb]<\/p>\n<h6 class=\"titolo-home-prodotti\" style=\"text-align: center;\">Goma RT Non Markign-Cleaning<\/h6>\n<p>[\/vc_column_text][vc_single_image image=\u00bb389&#8243; img_size=\u00bbfull\u00bb alignment=\u00bbcenter\u00bb css=\u00bb.vc_custom_1576060209213{margin-top: -15px !important;margin-bottom: -15px !important;}\u00bb][vc_column_text]<\/p>\n<p class=\"testo-prodotti-home\" style=\"text-align: center;\">Las ruedas fabricadas con goma termopl\u00e1stica gris antihuella (TPE) son aptas para todo tipo de pavimentos<\/p>\n<p>[\/vc_column_text][vc_btn title=\u00bbSERIE RT NON MARKING-CLEANING\u00bb style=\u00bboutline-custom\u00bb outline_custom_color=\u00bb#1d1d1d\u00bb outline_custom_hover_background=\u00bb#1d1d1d\u00bb outline_custom_hover_text=\u00bb#ffffff\u00bb shape=\u00bbsquare\u00bb align=\u00bbcenter\u00bb css=\u00bb\u00bb link=\u00bburl:%2Fes%2Fgoma-rt-antitraccia%2F|title:Gomma%20RT%20Antitraccia\u00bb][\/vc_column_inner][vc_column_inner width=\u00bb1\/4&#8243;][vc_column_text]<\/p>\n<h6 class=\"titolo-home-prodotti\" style=\"text-align: center;\">Accesorios<\/h6>\n<p>[\/vc_column_text][vc_single_image image=\u00bb394&#8243; img_size=\u00bbfull\u00bb alignment=\u00bbcenter\u00bb css=\u00bb.vc_custom_1576060276511{margin-top: -15px !important;margin-bottom: -15px !important;}\u00bb][vc_column_text]<\/p>\n<p class=\"testo-prodotti-home\" style=\"text-align: center;\">Los accesorios est\u00e1n espec\u00edficamente dise\u00f1ados para ser utilizados en las series RT Vintage, RT Ricicla, RT Antitraccia y RT Custom<\/p>\n<p>[\/vc_column_text][vc_btn title=\u00bbACCESORIOS\u00bb style=\u00bboutline-custom\u00bb outline_custom_color=\u00bb#1d1d1d\u00bb outline_custom_hover_background=\u00bb#1d1d1d\u00bb outline_custom_hover_text=\u00bb#ffffff\u00bb shape=\u00bbsquare\u00bb align=\u00bbcenter\u00bb link=\u00bburl:%2Fes%2Faccesorios%2F|title:Accessori\u00bb][\/vc_column_inner][\/vc_row_inner][\/vc_column][\/vc_row][vc_row full_width=\u00bbstretch_row\u00bb css=\u00bb.vc_custom_1577112431752{padding-top: 10% !important;padding-bottom: 10% !important;background-image: url(https:\/\/www.rtfirenze.com\/wp-content\/uploads\/2019\/12\/parallasse-home-percorso-ruota-1.jpg?id=1314) !important;}\u00bb][vc_column][vc_column_text]<\/p>\n<h4 style=\"text-align: center;\"><span style=\"color: #ffffff;\">RECORRIDO DE UNA RUEDA<\/span><\/h4>\n<p>[\/vc_column_text][vc_separator color=\u00bbcustom\u00bb el_width=\u00bb10&#8243; css=\u00bb.vc_custom_1576063759902{margin-top: -10px !important;margin-bottom: 20px !important;}\u00bb accent_color=\u00bb#ffffff\u00bb][vc_column_text]<\/p>\n<p style=\"text-align: center;\"><span style=\"color: #ffffff;\">En nuestra empresa, situada en el municipio de Lastra a Signa en la provincia de Florencia, se producen las ruedas de termopl\u00e1stico m\u00e1s interesantes del mercado.<\/span><\/p>\n<p>[\/vc_column_text][vc_btn title=\u00bbRECORRIDO DE UNA RUEDA\u00bb style=\u00bboutline-custom\u00bb outline_custom_color=\u00bb#ffffff\u00bb outline_custom_hover_background=\u00bb#ffffff\u00bb outline_custom_hover_text=\u00bb#1d1d1d\u00bb shape=\u00bbsquare\u00bb align=\u00bbcenter\u00bb link=\u00bburl:%2Fes%2Frecorrido-de-una-rueda%2F|title:PERCORSO%20DI%20UNA%20RUOTA\u00bb][\/vc_column][\/vc_row][vc_row][vc_column][vc_column_text]<\/p>\n<h4 style=\"text-align: center;\">COMPUESTOS<\/h4>\n<p>[\/vc_column_text][vc_separator color=\u00bbcustom\u00bb el_width=\u00bb10&#8243; css=\u00bb.vc_custom_1576064255851{margin-top: -10px !important;padding-bottom: 30px !important;}\u00bb accent_color=\u00bb#1d1d1d\u00bb][vc_row_inner][vc_column_inner width=\u00bb1\/3&#8243;][vc_column_text]<\/p>\n<h6 class=\"titolo-home-prodotti\" style=\"text-align: center;\">RT Vintage<\/h6>\n<p>[\/vc_column_text][vc_single_image image=\u00bb412&#8243; img_size=\u00bbfull\u00bb alignment=\u00bbcenter\u00bb css=\u00bb.vc_custom_1576064468539{margin-top: -15px !important;margin-bottom: -15px !important;}\u00bb][vc_column_text]<\/p>\n<p class=\"testo-prodotti-home\" style=\"text-align: center;\">La rueda producida con este compuesto posee m\u00e1s del 90% de materias primas secundarias, polipropileno regenerado y caucho de neum\u00e1ticos viejos<\/p>\n<p>[\/vc_column_text][\/vc_column_inner][vc_column_inner width=\u00bb1\/3&#8243;][vc_column_text]<\/p>\n<h6 class=\"titolo-home-prodotti\" style=\"text-align: center;\">RT Ricicla<\/h6>\n<p>[\/vc_column_text][vc_single_image image=\u00bb418&#8243; img_size=\u00bbfull\u00bb alignment=\u00bbcenter\u00bb css=\u00bb.vc_custom_1576064584156{margin-top: -15px !important;margin-bottom: -15px !important;}\u00bb][vc_column_text]<\/p>\n<p class=\"testo-prodotti-home\" style=\"text-align: center;\">Los art\u00edculos producidos con goma RT Ricicla est\u00e1n en el mercado desde 1984 y siguen cosechando buenos resultados en muchos sectores industriales como hidrolimpiadoras, compresores, barredoras, etc&#8230;<\/p>\n<p>[\/vc_column_text][\/vc_column_inner][vc_column_inner width=\u00bb1\/3&#8243;][vc_column_text css=\u00bb\u00bb]<\/p>\n<h6 class=\"titolo-home-prodotti\" style=\"text-align: center;\">RT Non Marking-Cleaning<\/h6>\n<p>[\/vc_column_text][vc_single_image image=\u00bb423&#8243; img_size=\u00bbfull\u00bb alignment=\u00bbcenter\u00bb css=\u00bb.vc_custom_1576064601409{margin-top: -15px !important;margin-bottom: -15px !important;}\u00bb][vc_column_text]<\/p>\n<p class=\"testo-prodotti-home\" style=\"text-align: center;\">Las ruedas fabricadas con goma termopl\u00e1stica (TPE) gris antihuellas son aptas para todo tipo de pavimentos, tanto industriales como dom\u00e9sticos.<\/p>\n<p>[\/vc_column_text][\/vc_column_inner][\/vc_row_inner][vc_btn title=\u00bbCOMPOUNDS\u00bb style=\u00bboutline-custom\u00bb outline_custom_color=\u00bb#1d1d1d\u00bb outline_custom_hover_background=\u00bb#1d1d1d\u00bb outline_custom_hover_text=\u00bb#ffffff\u00bb shape=\u00bbsquare\u00bb align=\u00bbcenter\u00bb link=\u00bburl:%2Fes%2Fcompounds%2F|title:COMPOUND\u00bb][\/vc_column][\/vc_row][vc_row full_width=\u00bbstretch_row\u00bb equal_height=\u00bbyes\u00bb content_placement=\u00bbmiddle\u00bb css=\u00bb.vc_custom_1576064999979{padding-top: 5% !important;padding-bottom: 5% !important;background-color: #d5d7d4 !important;}\u00bb][vc_column width=\u00bb2\/3&#8243;][vc_column_text]<\/p>\n<h6 style=\"text-align: center;\">Para obtener informaci\u00f3n sobre nuestros productos, pueden llamarnos directamente al <a href=\"tel:+390558720129\">+39 055 8720129, enviarnos un correo electr\u00f3nico a la direcci\u00f3n: info@rtfirenze.com o pueden completar el formulario de contacto.<\/a><\/h6>\n<p>[\/vc_column_text][\/vc_column][vc_column width=\u00bb1\/3&#8243;][vc_btn title=\u00bbCONTACTO\u00bb style=\u00bboutline-custom\u00bb outline_custom_color=\u00bb#1d1d1d\u00bb outline_custom_hover_background=\u00bb#1d1d1d\u00bb outline_custom_hover_text=\u00bb#ffffff\u00bb shape=\u00bbsquare\u00bb align=\u00bbcenter\u00bb link=\u00bburl:%2Fes%2Fcontactos%2F|title:CONTATTI\u00bb][\/vc_column][\/vc_row]<\/p>\n<\/div>","protected":false},"excerpt":{"rendered":"<p>[vc_row disable_element=\u00bbyes\u00bb css=\u00bb.vc_custom_1576056274754{margin-top: 60px !important;}\u00bb][vc_column][vc_column_text] Cerca per Codice Prodotto o Diametro Ruota [\/vc_column_text][vc_row_inner][vc_column_inner width=\u00bb1\/3&#8243;][\/vc_column_inner][vc_column_inner width=\u00bb1\/3&#8243;][vc_wp_search][\/vc_column_inner][vc_column_inner width=\u00bb1\/3&#8243;][\/vc_column_inner][\/vc_row_inner][\/vc_column][\/vc_row][vc_row full_width=\u00bbstretch_row\u00bb css=\u00bb.vc_custom_1576060603608{margin-top: 0px !important;margin-bottom: 0px !important;padding-top: 20px !important;padding-bottom: 40px !important;background-color:<\/p>\n","protected":false},"author":1,"featured_media":0,"parent":0,"menu_order":0,"comment_status":"closed","ping_status":"closed","template":"","meta":{"footnotes":""},"class_list":["post-2272","page","type-page","status-publish","hentry"],"yoast_head":"<!-- This site is optimized with the Yoast SEO plugin v26.7 - https:\/\/yoast.com\/wordpress\/plugins\/seo\/ -->\n<title>HOME - Produzione Ruote Industriali in Plastica e Gomma - RT Firenze<\/title>\n<meta name=\"robots\" content=\"index, follow, max-snippet:-1, max-image-preview:large, max-video-preview:-1\" \/>\n<link rel=\"canonical\" href=\"https:\/\/www.rtfirenze.com\/es\/\" \/>\n<meta property=\"og:locale\" content=\"es_ES\" \/>\n<meta property=\"og:type\" content=\"article\" \/>\n<meta property=\"og:title\" content=\"HOME - Produzione Ruote Industriali in Plastica e Gomma - RT Firenze\" \/>\n<meta property=\"og:description\" content=\"[vc_row disable_element=\u00bbyes\u00bb css=\u00bb.vc_custom_1576056274754{margin-top: 60px !important;}\u00bb][vc_column][vc_column_text] Cerca per Codice Prodotto o Diametro Ruota [\/vc_column_text][vc_row_inner][vc_column_inner width=\u00bb1\/3&#8243;][\/vc_column_inner][vc_column_inner width=\u00bb1\/3&#8243;][vc_wp_search][\/vc_column_inner][vc_column_inner width=\u00bb1\/3&#8243;][\/vc_column_inner][\/vc_row_inner][\/vc_column][\/vc_row][vc_row full_width=\u00bbstretch_row\u00bb css=\u00bb.vc_custom_1576060603608{margin-top: 0px !important;margin-bottom: 0px !important;padding-top: 20px !important;padding-bottom: 40px !important;background-color:\" \/>\n<meta property=\"og:url\" content=\"https:\/\/www.rtfirenze.com\/es\/\" \/>\n<meta property=\"og:site_name\" content=\"Produzione Ruote Industriali in Plastica e Gomma - RT Firenze\" \/>\n<meta property=\"article:modified_time\" content=\"2024-05-15T14:30:14+00:00\" \/>\n<meta name=\"twitter:card\" content=\"summary_large_image\" \/>\n<meta name=\"twitter:label1\" content=\"Tiempo de lectura\" \/>\n\t<meta name=\"twitter:data1\" content=\"5 minutos\" \/>\n<script type=\"application\/ld+json\" class=\"yoast-schema-graph\">{\"@context\":\"https:\/\/schema.org\",\"@graph\":[{\"@type\":\"WebPage\",\"@id\":\"https:\/\/www.rtfirenze.com\/es\/\",\"url\":\"https:\/\/www.rtfirenze.com\/es\/\",\"name\":\"HOME - Produzione Ruote Industriali in Plastica e Gomma - RT Firenze\",\"isPartOf\":{\"@id\":\"https:\/\/www.rtfirenze.com\/#website\"},\"datePublished\":\"2023-10-24T10:32:15+00:00\",\"dateModified\":\"2024-05-15T14:30:14+00:00\",\"breadcrumb\":{\"@id\":\"https:\/\/www.rtfirenze.com\/es\/#breadcrumb\"},\"inLanguage\":\"es\",\"potentialAction\":[{\"@type\":\"ReadAction\",\"target\":[\"https:\/\/www.rtfirenze.com\/es\/\"]}]},{\"@type\":\"BreadcrumbList\",\"@id\":\"https:\/\/www.rtfirenze.com\/es\/#breadcrumb\",\"itemListElement\":[{\"@type\":\"ListItem\",\"position\":1,\"name\":\"Home\",\"item\":\"https:\/\/www.rtfirenze.com\/es\/\"},{\"@type\":\"ListItem\",\"position\":2,\"name\":\"HOME\"}]},{\"@type\":\"WebSite\",\"@id\":\"https:\/\/www.rtfirenze.com\/#website\",\"url\":\"https:\/\/www.rtfirenze.com\/\",\"name\":\"Produzione Ruote Industriali in Plastica e Gomma - RT Firenze\",\"description\":\"Produzione Ruote Industriali in Plastica e Gomma - RT Firenze\",\"potentialAction\":[{\"@type\":\"SearchAction\",\"target\":{\"@type\":\"EntryPoint\",\"urlTemplate\":\"https:\/\/www.rtfirenze.com\/?s={search_term_string}\"},\"query-input\":{\"@type\":\"PropertyValueSpecification\",\"valueRequired\":true,\"valueName\":\"search_term_string\"}}],\"inLanguage\":\"es\"}]}<\/script>\n<!-- \/ Yoast SEO plugin. -->","yoast_head_json":{"title":"HOME - Produzione Ruote Industriali in Plastica e Gomma - RT Firenze","robots":{"index":"index","follow":"follow","max-snippet":"max-snippet:-1","max-image-preview":"max-image-preview:large","max-video-preview":"max-video-preview:-1"},"canonical":"https:\/\/www.rtfirenze.com\/es\/","og_locale":"es_ES","og_type":"article","og_title":"HOME - Produzione Ruote Industriali in Plastica e Gomma - RT Firenze","og_description":"[vc_row disable_element=\u00bbyes\u00bb css=\u00bb.vc_custom_1576056274754{margin-top: 60px !important;}\u00bb][vc_column][vc_column_text] Cerca per Codice Prodotto o Diametro Ruota [\/vc_column_text][vc_row_inner][vc_column_inner width=\u00bb1\/3&#8243;][\/vc_column_inner][vc_column_inner width=\u00bb1\/3&#8243;][vc_wp_search][\/vc_column_inner][vc_column_inner width=\u00bb1\/3&#8243;][\/vc_column_inner][\/vc_row_inner][\/vc_column][\/vc_row][vc_row full_width=\u00bbstretch_row\u00bb css=\u00bb.vc_custom_1576060603608{margin-top: 0px !important;margin-bottom: 0px !important;padding-top: 20px !important;padding-bottom: 40px !important;background-color:","og_url":"https:\/\/www.rtfirenze.com\/es\/","og_site_name":"Produzione Ruote Industriali in Plastica e Gomma - RT Firenze","article_modified_time":"2024-05-15T14:30:14+00:00","twitter_card":"summary_large_image","twitter_misc":{"Tiempo de lectura":"5 minutos"},"schema":{"@context":"https:\/\/schema.org","@graph":[{"@type":"WebPage","@id":"https:\/\/www.rtfirenze.com\/es\/","url":"https:\/\/www.rtfirenze.com\/es\/","name":"HOME - Produzione Ruote Industriali in Plastica e Gomma - RT Firenze","isPartOf":{"@id":"https:\/\/www.rtfirenze.com\/#website"},"datePublished":"2023-10-24T10:32:15+00:00","dateModified":"2024-05-15T14:30:14+00:00","breadcrumb":{"@id":"https:\/\/www.rtfirenze.com\/es\/#breadcrumb"},"inLanguage":"es","potentialAction":[{"@type":"ReadAction","target":["https:\/\/www.rtfirenze.com\/es\/"]}]},{"@type":"BreadcrumbList","@id":"https:\/\/www.rtfirenze.com\/es\/#breadcrumb","itemListElement":[{"@type":"ListItem","position":1,"name":"Home","item":"https:\/\/www.rtfirenze.com\/es\/"},{"@type":"ListItem","position":2,"name":"HOME"}]},{"@type":"WebSite","@id":"https:\/\/www.rtfirenze.com\/#website","url":"https:\/\/www.rtfirenze.com\/","name":"Produzione Ruote Industriali in Plastica e Gomma - RT Firenze","description":"Produzione Ruote Industriali in Plastica e Gomma - RT Firenze","potentialAction":[{"@type":"SearchAction","target":{"@type":"EntryPoint","urlTemplate":"https:\/\/www.rtfirenze.com\/?s={search_term_string}"},"query-input":{"@type":"PropertyValueSpecification","valueRequired":true,"valueName":"search_term_string"}}],"inLanguage":"es"}]}},"_links":{"self":[{"href":"https:\/\/www.rtfirenze.com\/es\/wp-json\/wp\/v2\/pages\/2272","targetHints":{"allow":["GET"]}}],"collection":[{"href":"https:\/\/www.rtfirenze.com\/es\/wp-json\/wp\/v2\/pages"}],"about":[{"href":"https:\/\/www.rtfirenze.com\/es\/wp-json\/wp\/v2\/types\/page"}],"author":[{"embeddable":true,"href":"https:\/\/www.rtfirenze.com\/es\/wp-json\/wp\/v2\/users\/1"}],"replies":[{"embeddable":true,"href":"https:\/\/www.rtfirenze.com\/es\/wp-json\/wp\/v2\/comments?post=2272"}],"version-history":[{"count":7,"href":"https:\/\/www.rtfirenze.com\/es\/wp-json\/wp\/v2\/pages\/2272\/revisions"}],"predecessor-version":[{"id":3481,"href":"https:\/\/www.rtfirenze.com\/es\/wp-json\/wp\/v2\/pages\/2272\/revisions\/3481"}],"wp:attachment":[{"href":"https:\/\/www.rtfirenze.com\/es\/wp-json\/wp\/v2\/media?parent=2272"}],"curies":[{"name":"wp","href":"https:\/\/api.w.org\/{rel}","templated":true}]}}