{"id":2276,"date":"2023-10-24T12:41:16","date_gmt":"2023-10-24T10:41:16","guid":{"rendered":"https:\/\/www.rtfirenze.com\/?page_id=2276"},"modified":"2025-12-05T18:53:16","modified_gmt":"2025-12-05T17:53:16","slug":"sobre-nosotros","status":"publish","type":"page","link":"https:\/\/www.rtfirenze.com\/es\/sobre-nosotros\/","title":{"rendered":"SOBRE NOSOTROS"},"content":{"rendered":"<div class=\"wpb-content-wrapper\"><p>[vc_row full_width=\u00bbstretch_row\u00bb css=\u00bb.vc_custom_1574256997579{margin-bottom: 0px !important;background-image: url(https:\/\/www.rtfirenze.com\/wp-content\/uploads\/2019\/11\/sfondo-scuro.png?id=173) !important;background-position: 0 0 !important;background-repeat: repeat !important;}\u00bb][vc_column][vc_column_text css_animation=\u00bbnone\u00bb]<\/p>\n<h2 style=\"text-align: center;\"><strong><span style=\"color: #ffffff;\">SOBRE NOSOTROS<\/span><\/strong><\/h2>\n<p>[\/vc_column_text][vc_separator color=\u00bbblack\u00bb style=\u00bbdouble\u00bb el_width=\u00bb20&#8243; css=\u00bb.vc_custom_1572447812618{margin-bottom: 20px !important;}\u00bb][\/vc_column][\/vc_row][vc_row css=\u00bb.vc_custom_1576065689416{margin-top: 40px !important;margin-bottom: 40px !important;}\u00bb][vc_column][vc_column_text css_animation=\u00bbnone\u00bb]<\/p>\n<h4 style=\"text-align: center;\">RT FIRENZE S.R.L.<\/h4>\n<p>[\/vc_column_text][vc_separator color=\u00bbcustom\u00bb el_width=\u00bb10&#8243; accent_color=\u00bb#1d1d1d\u00bb css=\u00bb.vc_custom_1576057812012{margin-top: -10px !important;margin-bottom: 20px !important;}\u00bb][vc_row_inner equal_height=\u00bbyes\u00bb content_placement=\u00bbmiddle\u00bb][vc_column_inner width=\u00bb2\/3&#8243;][vc_column_text]<\/p>\n<p style=\"text-align: center;\">Con una larga tradici\u00f3n en el campo del dise\u00f1o y construcci\u00f3n de moldes para pl\u00e1sticos y goma, Tarchi Roberto, ahora RT FIRENZE, comenz\u00f3 a fabricar ruedas industriales en 1984 con la intenci\u00f3n espec\u00edfica de seguir un concepto innovador, prestando especial atenci\u00f3n al dise\u00f1o y a la calidad.<\/p>\n<p style=\"text-align: center;\">RT FIRENZE se consolid\u00f3 r\u00e1pidamente en el mercado nacional e internacional, logrando hacerse de una importante y s\u00f3lida porci\u00f3n de mercado formada por empresas l\u00edderes en diversos sectores de productos como hidrolimpiadoras de alta presi\u00f3n, compresores, barredoras, aspiradoras, soldadores, cortadoras de c\u00e9sped, m\u00e1quinas de construcci\u00f3n, equipos para reparaci\u00f3n, entre otros.<\/p>\n<p style=\"text-align: center;\">Por este motivo, aunado al alto grado de automatizaci\u00f3n alcanzado, RT FIRENZE produce millones de piezas al a\u00f1o y se sit\u00faa entre los principales fabricantes europeos de anillos y ruedas de pl\u00e1stico y goma. Para nuestros clientes producimos en poco tiempo grandes cantidades de ruedas con un est\u00e1ndar de calidad superior a la competencia.<\/p>\n<p>[\/vc_column_text][\/vc_column_inner][vc_column_inner width=\u00bb1\/3&#8243;][vc_single_image image=\u00bb50&#8243; img_size=\u00bbfull\u00bb alignment=\u00bbcenter\u00bb][\/vc_column_inner][\/vc_row_inner][\/vc_column][\/vc_row][vc_row][vc_column][vc_media_grid item=\u00bb437&#8243; grid_id=\u00bbvc_gid:1698143951893-3d5e0daf-705e-0&#8243; include=\u00bb442,447,452,457,462,467&#8243;][\/vc_column][\/vc_row]<\/p>\n<\/div>","protected":false},"excerpt":{"rendered":"<p>[vc_row full_width=\u00bbstretch_row\u00bb css=\u00bb.vc_custom_1574256997579{margin-bottom: 0px !important;background-image: url(https:\/\/www.rtfirenze.com\/wp-content\/uploads\/2019\/11\/sfondo-scuro.png?id=173) !important;background-position: 0 0 !important;background-repeat: repeat !important;}\u00bb][vc_column][vc_column_text css_animation=\u00bbnone\u00bb] SOBRE NOSOTROS [\/vc_column_text][vc_separator color=\u00bbblack\u00bb style=\u00bbdouble\u00bb el_width=\u00bb20&#8243; css=\u00bb.vc_custom_1572447812618{margin-bottom: 20px !important;}\u00bb][\/vc_column][\/vc_row][vc_row css=\u00bb.vc_custom_1576065689416{margin-top: 40px !important;margin-bottom: 40px<\/p>\n","protected":false},"author":1,"featured_media":-1,"parent":0,"menu_order":0,"comment_status":"closed","ping_status":"closed","template":"","meta":{"footnotes":""},"class_list":["post-2276","page","type-page","status-publish","has-post-thumbnail","hentry"],"yoast_head":"<!-- This site is optimized with the Yoast SEO plugin v26.7 - https:\/\/yoast.com\/wordpress\/plugins\/seo\/ -->\n<title>SOBRE NOSOTROS - Produzione Ruote Industriali in Plastica e Gomma - RT Firenze<\/title>\n<meta name=\"robots\" content=\"index, follow, max-snippet:-1, max-image-preview:large, max-video-preview:-1\" \/>\n<link rel=\"canonical\" href=\"https:\/\/www.rtfirenze.com\/es\/sobre-nosotros\/\" \/>\n<meta property=\"og:locale\" content=\"es_ES\" \/>\n<meta property=\"og:type\" content=\"article\" \/>\n<meta property=\"og:title\" content=\"SOBRE NOSOTROS - Produzione Ruote Industriali in Plastica e Gomma - RT Firenze\" \/>\n<meta property=\"og:description\" content=\"[vc_row full_width=\u00bbstretch_row\u00bb css=\u00bb.vc_custom_1574256997579{margin-bottom: 0px !important;background-image: url(https:\/\/www.rtfirenze.com\/wp-content\/uploads\/2019\/11\/sfondo-scuro.png?id=173) !important;background-position: 0 0 !important;background-repeat: repeat !important;}\u00bb][vc_column][vc_column_text css_animation=\u00bbnone\u00bb] SOBRE NOSOTROS [\/vc_column_text][vc_separator color=\u00bbblack\u00bb style=\u00bbdouble\u00bb el_width=\u00bb20&#8243; css=\u00bb.vc_custom_1572447812618{margin-bottom: 20px !important;}\u00bb][\/vc_column][\/vc_row][vc_row css=\u00bb.vc_custom_1576065689416{margin-top: 40px !important;margin-bottom: 40px\" \/>\n<meta property=\"og:url\" content=\"https:\/\/www.rtfirenze.com\/es\/sobre-nosotros\/\" \/>\n<meta property=\"og:site_name\" content=\"Produzione Ruote Industriali in Plastica e Gomma - RT Firenze\" \/>\n<meta property=\"article:modified_time\" content=\"2025-12-05T17:53:16+00:00\" \/>\n<meta name=\"twitter:card\" content=\"summary_large_image\" \/>\n<meta name=\"twitter:label1\" content=\"Tiempo de lectura\" \/>\n\t<meta name=\"twitter:data1\" content=\"2 minutos\" \/>\n<script type=\"application\/ld+json\" class=\"yoast-schema-graph\">{\"@context\":\"https:\/\/schema.org\",\"@graph\":[{\"@type\":\"WebPage\",\"@id\":\"https:\/\/www.rtfirenze.com\/es\/sobre-nosotros\/\",\"url\":\"https:\/\/www.rtfirenze.com\/es\/sobre-nosotros\/\",\"name\":\"SOBRE NOSOTROS - Produzione Ruote Industriali in Plastica e Gomma - RT Firenze\",\"isPartOf\":{\"@id\":\"https:\/\/www.rtfirenze.com\/#website\"},\"datePublished\":\"2023-10-24T10:41:16+00:00\",\"dateModified\":\"2025-12-05T17:53:16+00:00\",\"breadcrumb\":{\"@id\":\"https:\/\/www.rtfirenze.com\/es\/sobre-nosotros\/#breadcrumb\"},\"inLanguage\":\"es\",\"potentialAction\":[{\"@type\":\"ReadAction\",\"target\":[\"https:\/\/www.rtfirenze.com\/es\/sobre-nosotros\/\"]}]},{\"@type\":\"BreadcrumbList\",\"@id\":\"https:\/\/www.rtfirenze.com\/es\/sobre-nosotros\/#breadcrumb\",\"itemListElement\":[{\"@type\":\"ListItem\",\"position\":1,\"name\":\"Home\",\"item\":\"https:\/\/www.rtfirenze.com\/es\/\"},{\"@type\":\"ListItem\",\"position\":2,\"name\":\"SOBRE NOSOTROS\"}]},{\"@type\":\"WebSite\",\"@id\":\"https:\/\/www.rtfirenze.com\/#website\",\"url\":\"https:\/\/www.rtfirenze.com\/\",\"name\":\"Produzione Ruote Industriali in Plastica e Gomma - RT Firenze\",\"description\":\"Produzione Ruote Industriali in Plastica e Gomma - RT Firenze\",\"potentialAction\":[{\"@type\":\"SearchAction\",\"target\":{\"@type\":\"EntryPoint\",\"urlTemplate\":\"https:\/\/www.rtfirenze.com\/?s={search_term_string}\"},\"query-input\":{\"@type\":\"PropertyValueSpecification\",\"valueRequired\":true,\"valueName\":\"search_term_string\"}}],\"inLanguage\":\"es\"}]}<\/script>\n<!-- \/ Yoast SEO plugin. -->","yoast_head_json":{"title":"SOBRE NOSOTROS - Produzione Ruote Industriali in Plastica e Gomma - RT Firenze","robots":{"index":"index","follow":"follow","max-snippet":"max-snippet:-1","max-image-preview":"max-image-preview:large","max-video-preview":"max-video-preview:-1"},"canonical":"https:\/\/www.rtfirenze.com\/es\/sobre-nosotros\/","og_locale":"es_ES","og_type":"article","og_title":"SOBRE NOSOTROS - Produzione Ruote Industriali in Plastica e Gomma - RT Firenze","og_description":"[vc_row full_width=\u00bbstretch_row\u00bb css=\u00bb.vc_custom_1574256997579{margin-bottom: 0px !important;background-image: url(https:\/\/www.rtfirenze.com\/wp-content\/uploads\/2019\/11\/sfondo-scuro.png?id=173) !important;background-position: 0 0 !important;background-repeat: repeat !important;}\u00bb][vc_column][vc_column_text css_animation=\u00bbnone\u00bb] SOBRE NOSOTROS [\/vc_column_text][vc_separator color=\u00bbblack\u00bb style=\u00bbdouble\u00bb el_width=\u00bb20&#8243; css=\u00bb.vc_custom_1572447812618{margin-bottom: 20px !important;}\u00bb][\/vc_column][\/vc_row][vc_row css=\u00bb.vc_custom_1576065689416{margin-top: 40px !important;margin-bottom: 40px","og_url":"https:\/\/www.rtfirenze.com\/es\/sobre-nosotros\/","og_site_name":"Produzione Ruote Industriali in Plastica e Gomma - RT Firenze","article_modified_time":"2025-12-05T17:53:16+00:00","twitter_card":"summary_large_image","twitter_misc":{"Tiempo de lectura":"2 minutos"},"schema":{"@context":"https:\/\/schema.org","@graph":[{"@type":"WebPage","@id":"https:\/\/www.rtfirenze.com\/es\/sobre-nosotros\/","url":"https:\/\/www.rtfirenze.com\/es\/sobre-nosotros\/","name":"SOBRE NOSOTROS - Produzione Ruote Industriali in Plastica e Gomma - RT Firenze","isPartOf":{"@id":"https:\/\/www.rtfirenze.com\/#website"},"datePublished":"2023-10-24T10:41:16+00:00","dateModified":"2025-12-05T17:53:16+00:00","breadcrumb":{"@id":"https:\/\/www.rtfirenze.com\/es\/sobre-nosotros\/#breadcrumb"},"inLanguage":"es","potentialAction":[{"@type":"ReadAction","target":["https:\/\/www.rtfirenze.com\/es\/sobre-nosotros\/"]}]},{"@type":"BreadcrumbList","@id":"https:\/\/www.rtfirenze.com\/es\/sobre-nosotros\/#breadcrumb","itemListElement":[{"@type":"ListItem","position":1,"name":"Home","item":"https:\/\/www.rtfirenze.com\/es\/"},{"@type":"ListItem","position":2,"name":"SOBRE NOSOTROS"}]},{"@type":"WebSite","@id":"https:\/\/www.rtfirenze.com\/#website","url":"https:\/\/www.rtfirenze.com\/","name":"Produzione Ruote Industriali in Plastica e Gomma - RT Firenze","description":"Produzione Ruote Industriali in Plastica e Gomma - RT Firenze","potentialAction":[{"@type":"SearchAction","target":{"@type":"EntryPoint","urlTemplate":"https:\/\/www.rtfirenze.com\/?s={search_term_string}"},"query-input":{"@type":"PropertyValueSpecification","valueRequired":true,"valueName":"search_term_string"}}],"inLanguage":"es"}]}},"_links":{"self":[{"href":"https:\/\/www.rtfirenze.com\/es\/wp-json\/wp\/v2\/pages\/2276","targetHints":{"allow":["GET"]}}],"collection":[{"href":"https:\/\/www.rtfirenze.com\/es\/wp-json\/wp\/v2\/pages"}],"about":[{"href":"https:\/\/www.rtfirenze.com\/es\/wp-json\/wp\/v2\/types\/page"}],"author":[{"embeddable":true,"href":"https:\/\/www.rtfirenze.com\/es\/wp-json\/wp\/v2\/users\/1"}],"replies":[{"embeddable":true,"href":"https:\/\/www.rtfirenze.com\/es\/wp-json\/wp\/v2\/comments?post=2276"}],"version-history":[{"count":3,"href":"https:\/\/www.rtfirenze.com\/es\/wp-json\/wp\/v2\/pages\/2276\/revisions"}],"predecessor-version":[{"id":5183,"href":"https:\/\/www.rtfirenze.com\/es\/wp-json\/wp\/v2\/pages\/2276\/revisions\/5183"}],"wp:featuredmedia":[{"embeddable":true,"href":"https:\/\/www.rtfirenze.com\/es\/wp-json\/"}],"wp:attachment":[{"href":"https:\/\/www.rtfirenze.com\/es\/wp-json\/wp\/v2\/media?parent=2276"}],"curies":[{"name":"wp","href":"https:\/\/api.w.org\/{rel}","templated":true}]}}