{"id":2292,"date":"2023-10-24T13:15:18","date_gmt":"2023-10-24T11:15:18","guid":{"rendered":"https:\/\/www.rtfirenze.com\/?page_id=2292"},"modified":"2024-05-15T16:32:01","modified_gmt":"2024-05-15T14:32:01","slug":"compounds","status":"publish","type":"page","link":"https:\/\/www.rtfirenze.com\/es\/compounds\/","title":{"rendered":"COMPOUNDS"},"content":{"rendered":"<div class=\"wpb-content-wrapper\"><p>[vc_row full_width=\u00bbstretch_row\u00bb css=\u00bb.vc_custom_1574256997579{margin-bottom: 0px !important;background-image: url(https:\/\/www.rtfirenze.com\/wp-content\/uploads\/2019\/11\/sfondo-scuro.png?id=173) !important;background-position: 0 0 !important;background-repeat: repeat !important;}\u00bb][vc_column][vc_column_text css_animation=\u00bbnone\u00bb]<\/p>\n<h2 style=\"text-align: center;\"><strong><span style=\"color: #ffffff;\">COMPOUNDS<\/span><\/strong><\/h2>\n<p>[\/vc_column_text][vc_separator color=\u00bbblack\u00bb style=\u00bbdouble\u00bb el_width=\u00bb20&#8243; css=\u00bb.vc_custom_1572447812618{margin-bottom: 20px !important;}\u00bb][\/vc_column][\/vc_row][vc_row css=\u00bb.vc_custom_1576065689416{margin-top: 40px !important;margin-bottom: 40px !important;}\u00bb][vc_column][vc_column_text css_animation=\u00bbnone\u00bb]<\/p>\n<h4 style=\"text-align: center;\">LAS FORMULACIONES RT<\/h4>\n<p>[\/vc_column_text][vc_separator color=\u00bbcustom\u00bb el_width=\u00bb10&#8243; css=\u00bb.vc_custom_1576057812012{margin-top: -10px !important;margin-bottom: 20px !important;}\u00bb accent_color=\u00bb#1d1d1d\u00bb][\/vc_column][\/vc_row][vc_row full_width=\u00bbstretch_row_content_no_spaces\u00bb equal_height=\u00bbyes\u00bb content_placement=\u00bbmiddle\u00bb css=\u00bb.vc_custom_1576081210300{padding-top: 0px !important;padding-bottom: 0px !important;background-color: #d5d7d4 !important;}\u00bb][vc_column width=\u00bb1\/2&#8243; css=\u00bb.vc_custom_1576081806710{padding-right: 10% !important;padding-left: 10% !important;}\u00bb offset=\u00bbvc_hidden-sm vc_hidden-xs\u00bb][vc_column_text]<\/p>\n<h5 style=\"text-align: center;\"><strong>RT VINTAGE<\/strong><\/h5>\n<p style=\"text-align: center;\">Una l\u00ednea de producci\u00f3n exclusiva de RT es el revestimiento de goma VINTAGE.<\/p>\n<p style=\"text-align: center;\">Compuesto principalmente por polvo de caucho reciclado procedente de neum\u00e1ticos triturados y un aglutinante de poliuretano. Tiene un excelente retorno el\u00e1stico para superar f\u00e1cilmente los obst\u00e1culos y tiene una considerable resistencia a la abrasi\u00f3n y al impacto.<\/p>\n<p style=\"text-align: center;\">Siendo los \u00fanicos capaces de inyectar esta mezcla, hemos automatizado el ciclo de producci\u00f3n, reproduciendo la est\u00e9tica y calidad del caucho vulcanizado que ha estado abandonado durante a\u00f1os debido a la baja productividad y los altos costes de producci\u00f3n.<\/p>\n<p style=\"text-align: center;\">Este compuesto tuvo una acogida positiva en el mercado y el notable \u00e9xito alcanzado por esta mezcla innovadora nos enorgullece por haber devuelto al territorio nacional una parte importante del mercado que hab\u00eda estado deslocalizada durante a\u00f1os.<\/p>\n<p style=\"text-align: center;\">La rueda producida con esta mezcla tiene la ventaja de estar compuesta por m\u00e1s del 90% de materias primas secundarias, polipropileno regenerado y caucho procedente de neum\u00e1ticos viejos.<\/p>\n<p>[\/vc_column_text][vc_btn title=\u00bbHaga clic aqu\u00ed para ver art\u00edculos de goma RT VINTAGE\u00bb style=\u00bboutline-custom\u00bb outline_custom_color=\u00bb#1d1d1d\u00bb outline_custom_hover_background=\u00bb#1d1d1d\u00bb outline_custom_hover_text=\u00bb#ffffff\u00bb shape=\u00bbsquare\u00bb align=\u00bbcenter\u00bb link=\u00bburl:%2Fes%2Fgoma-rt-vintage%2F|title:Gomma%20RT%20Vintage\u00bb][\/vc_column][vc_column width=\u00bb1\/2&#8243; offset=\u00bbvc_hidden-sm vc_hidden-xs\u00bb][vc_single_image image=\u00bb477&#8243; img_size=\u00bbfull\u00bb alignment=\u00bbcenter\u00bb onclick=\u00bblink_image\u00bb css=\u00bb.vc_custom_1576081310411{margin-top: -35px !important;margin-bottom: 0px !important;}\u00bb][\/vc_column][\/vc_row][vc_row full_width=\u00bbstretch_row_content_no_spaces\u00bb equal_height=\u00bbyes\u00bb content_placement=\u00bbmiddle\u00bb css=\u00bb.vc_custom_1576081210300{padding-top: 0px !important;padding-bottom: 0px !important;background-color: #d5d7d4 !important;}\u00bb][vc_column offset=\u00bbvc_hidden-lg vc_hidden-md\u00bb][vc_column_text]<\/p>\n<h5 style=\"text-align: center;\"><strong>RT VINTAGE<\/strong><\/h5>\n<p>[\/vc_column_text][\/vc_column][vc_column width=\u00bb1\/2&#8243; offset=\u00bbvc_hidden-lg vc_hidden-md\u00bb][vc_column_text]<\/p>\n<p style=\"text-align: center;\">Una l\u00ednea de producci\u00f3n exclusiva de RT es el revestimiento de goma VINTAGE.<\/p>\n<p style=\"text-align: center;\">Compuesto principalmente por polvo de caucho reciclado procedente de neum\u00e1ticos triturados y un aglutinante de poliuretano. Tiene un excelente retorno el\u00e1stico para superar f\u00e1cilmente los obst\u00e1culos y tiene una considerable resistencia a la abrasi\u00f3n y al impacto.<\/p>\n<p style=\"text-align: center;\">Siendo los \u00fanicos capaces de inyectar esta mezcla, hemos automatizado el ciclo de producci\u00f3n, reproduciendo la est\u00e9tica y calidad del caucho vulcanizado que ha estado abandonado durante a\u00f1os debido a la baja productividad y los altos costes de producci\u00f3n.<\/p>\n<p style=\"text-align: center;\">Este compuesto tuvo una acogida positiva en el mercado y el notable \u00e9xito alcanzado por esta mezcla innovadora nos enorgullece por haber devuelto al territorio nacional una parte importante del mercado que hab\u00eda estado deslocalizada durante a\u00f1os.<\/p>\n<p style=\"text-align: center;\">La rueda producida con esta mezcla tiene la ventaja de estar compuesta por m\u00e1s del 90% de materias primas secundarias, polipropileno regenerado y caucho procedente de neum\u00e1ticos viejos.<\/p>\n<p>[\/vc_column_text][vc_btn title=\u00bbHaga clic aqu\u00ed para ver art\u00edculos de goma RT VINTAGE\u00bb style=\u00bboutline-custom\u00bb outline_custom_color=\u00bb#1d1d1d\u00bb outline_custom_hover_background=\u00bb#1d1d1d\u00bb outline_custom_hover_text=\u00bb#ffffff\u00bb shape=\u00bbsquare\u00bb align=\u00bbcenter\u00bb link=\u00bburl:%2Fes%2Fgoma-rt-vintage%2F|title:Gomma%20RT%20Vintage\u00bb][\/vc_column][vc_column width=\u00bb1\/2&#8243; offset=\u00bbvc_hidden-lg vc_hidden-md\u00bb][vc_single_image image=\u00bb477&#8243; img_size=\u00bbfull\u00bb alignment=\u00bbcenter\u00bb onclick=\u00bblink_image\u00bb css=\u00bb.vc_custom_1576081310411{margin-top: -35px !important;margin-bottom: 0px !important;}\u00bb][\/vc_column][\/vc_row][vc_row full_width=\u00bbstretch_row_content_no_spaces\u00bb equal_height=\u00bbyes\u00bb content_placement=\u00bbmiddle\u00bb css=\u00bb.vc_custom_1576081761473{padding-top: 0px !important;padding-bottom: 0px !important;}\u00bb][vc_column width=\u00bb1\/2&#8243; offset=\u00bbvc_hidden-sm vc_hidden-xs\u00bb][vc_single_image image=\u00bb487&#8243; img_size=\u00bbfull\u00bb alignment=\u00bbcenter\u00bb onclick=\u00bblink_image\u00bb css=\u00bb.vc_custom_1576081523715{margin-top: -35px !important;margin-bottom: 0px !important;}\u00bb][\/vc_column][vc_column width=\u00bb1\/2&#8243; css=\u00bb.vc_custom_1576081954392{padding-right: 10% !important;padding-left: 10% !important;}\u00bb offset=\u00bbvc_hidden-sm vc_hidden-xs\u00bb][vc_column_text]<\/p>\n<h5 style=\"text-align: center;\"><strong>RT RICICLA<\/strong><\/h5>\n<p style=\"text-align: center;\">Las ruedas de goma RT RICICLA tienen una banda de rodadura termopl\u00e1stica inyectada en la que hay m\u00e1s del 50% de caucho reciclado procedente de neum\u00e1ticos triturados.<\/p>\n<h6 style=\"text-align: center;\">Tiene un excelente compromiso entre calidad y precio. Esta formulaci\u00f3n posee una dureza de 80 \u2013 90 Shore A.<\/h6>\n<p style=\"text-align: center;\">Los art\u00edculos fabricados con caucho reciclado RT est\u00e1n en el mercado desde 1984 y siguen teniendo gran \u00e9xito en diversos sectores industriales como limpiadores de alta presi\u00f3n, compresores, barredoras, aspiradores, soldadores, m\u00e1quinas agr\u00edcolas, forestales y de construcci\u00f3n, equipos para talleres de herramientas y talleres de reparaci\u00f3n de autom\u00f3viles, entre otros.<\/p>\n<p>[\/vc_column_text][vc_btn title=\u00bbHaga clic aqu\u00ed para ver art\u00edculos de goma RT RICICLA\u00bb style=\u00bboutline-custom\u00bb outline_custom_color=\u00bb#1d1d1d\u00bb outline_custom_hover_background=\u00bb#1d1d1d\u00bb outline_custom_hover_text=\u00bb#ffffff\u00bb shape=\u00bbsquare\u00bb align=\u00bbcenter\u00bb link=\u00bburl:%2Fes%2Fgoma-rt-ricicla%2F|title:Gomma%20RT%20Ricicla\u00bb][\/vc_column][\/vc_row][vc_row full_width=\u00bbstretch_row_content_no_spaces\u00bb equal_height=\u00bbyes\u00bb content_placement=\u00bbmiddle\u00bb css=\u00bb.vc_custom_1576081761473{padding-top: 0px !important;padding-bottom: 0px !important;}\u00bb][vc_column offset=\u00bbvc_hidden-lg vc_hidden-md\u00bb][vc_column_text css=\u00bb.vc_custom_1576082116837{padding-top: 25px !important;}\u00bb]<\/p>\n<h5 style=\"text-align: center;\"><strong>RT RICICLA<\/strong><\/h5>\n<p>[\/vc_column_text][\/vc_column][vc_column width=\u00bb1\/2&#8243; offset=\u00bbvc_hidden-lg vc_hidden-md\u00bb][vc_single_image image=\u00bb487&#8243; img_size=\u00bbfull\u00bb alignment=\u00bbcenter\u00bb onclick=\u00bblink_image\u00bb][\/vc_column][vc_column width=\u00bb1\/2&#8243; offset=\u00bbvc_hidden-lg vc_hidden-md\u00bb][vc_column_text]<\/p>\n<p style=\"text-align: center;\">Las ruedas de goma RT RICICLA tienen una banda de rodadura termopl\u00e1stica inyectada en la que hay m\u00e1s del 50% de caucho reciclado procedente de neum\u00e1ticos triturados.<\/p>\n<h6 style=\"text-align: center;\">Tiene un excelente compromiso entre calidad y precio. Esta formulaci\u00f3n posee una dureza de 80 \u2013 90 Shore A.<\/h6>\n<p style=\"text-align: center;\">Los art\u00edculos fabricados con caucho reciclado RT est\u00e1n en el mercado desde 1984 y siguen teniendo gran \u00e9xito en diversos sectores industriales como limpiadores de alta presi\u00f3n, compresores, barredoras, aspiradores, soldadores, m\u00e1quinas agr\u00edcolas, forestales y de construcci\u00f3n, equipos para talleres de herramientas y talleres de reparaci\u00f3n de autom\u00f3viles, entre otros.<\/p>\n<p>[\/vc_column_text][vc_btn title=\u00bbHaga clic aqu\u00ed para ver art\u00edculos de goma RT RICICLA\u00bb style=\u00bboutline-custom\u00bb outline_custom_color=\u00bb#1d1d1d\u00bb outline_custom_hover_background=\u00bb#1d1d1d\u00bb outline_custom_hover_text=\u00bb#ffffff\u00bb shape=\u00bbsquare\u00bb align=\u00bbcenter\u00bb link=\u00bburl:%2Fes%2Fgoma-rt-ricicla%2F|title:Gomma%20RT%20Ricicla\u00bb][\/vc_column][\/vc_row][vc_row full_width=\u00bbstretch_row_content_no_spaces\u00bb equal_height=\u00bbyes\u00bb content_placement=\u00bbmiddle\u00bb css=\u00bb.vc_custom_1576081210300{padding-top: 0px !important;padding-bottom: 0px !important;background-color: #d5d7d4 !important;}\u00bb][vc_column width=\u00bb1\/2&#8243; css=\u00bb.vc_custom_1576082182944{padding-right: 10% !important;padding-left: 10% !important;}\u00bb offset=\u00bbvc_hidden-sm vc_hidden-xs\u00bb][vc_column_text css=\u00bb\u00bb]<\/p>\n<h5 style=\"text-align: center;\"><strong>RT NON MARKING-CLEANING<\/strong><\/h5>\n<p style=\"text-align: center;\">Las ruedas fabricadas con caucho termopl\u00e1stico (TPE) gris que no deja huella son aptas para todo tipo de pavimentos, tanto en entornos industriales como dom\u00e9sticos.<br \/>\nNo da\u00f1an ni manchan los suelos. Se utilizan principalmente en el sector de limpieza.<\/p>\n<p>[\/vc_column_text][vc_btn title=\u00bbHaga clic aqu\u00ed para ver art\u00edculos de goma RT NON MARKING-CLEANING\u00bb style=\u00bboutline-custom\u00bb outline_custom_color=\u00bb#1d1d1d\u00bb outline_custom_hover_background=\u00bb#1d1d1d\u00bb outline_custom_hover_text=\u00bb#ffffff\u00bb shape=\u00bbsquare\u00bb align=\u00bbcenter\u00bb css=\u00bb\u00bb link=\u00bburl:%2Fes%2Fgoma-rt-antitraccia%2F|title:Gomma%20RT%20Antitraccia\u00bb][\/vc_column][vc_column width=\u00bb1\/2&#8243; offset=\u00bbvc_hidden-sm vc_hidden-xs\u00bb][vc_single_image image=\u00bb494&#8243; img_size=\u00bbfull\u00bb alignment=\u00bbcenter\u00bb onclick=\u00bblink_image\u00bb css=\u00bb.vc_custom_1576081684242{margin-top: -35px !important;margin-bottom: 0px !important;}\u00bb][\/vc_column][\/vc_row][vc_row full_width=\u00bbstretch_row_content_no_spaces\u00bb equal_height=\u00bbyes\u00bb content_placement=\u00bbmiddle\u00bb css=\u00bb.vc_custom_1576081210300{padding-top: 0px !important;padding-bottom: 0px !important;background-color: #d5d7d4 !important;}\u00bb][vc_column offset=\u00bbvc_hidden-lg vc_hidden-md\u00bb][vc_column_text css=\u00bb\u00bb]<\/p>\n<h5 style=\"text-align: center;\"><strong>RT NON MARKING-CLEANING<\/strong><\/h5>\n<p>[\/vc_column_text][\/vc_column][vc_column width=\u00bb1\/2&#8243; offset=\u00bbvc_hidden-lg vc_hidden-md\u00bb][vc_column_text]<\/p>\n<p style=\"text-align: center;\">Las ruedas fabricadas con caucho termopl\u00e1stico (TPE) gris que no deja huella son aptas para todo tipo de pavimentos, tanto en entornos industriales como dom\u00e9sticos.<br \/>\nNo da\u00f1an ni manchan los suelos. Se utilizan principalmente en el sector de limpieza.[\/vc_column_text][vc_btn title=\u00bbHaga clic aqu\u00ed para ver art\u00edculos de goma RT NON MARKING-CLEANING\u00bb style=\u00bboutline-custom\u00bb outline_custom_color=\u00bb#1d1d1d\u00bb outline_custom_hover_background=\u00bb#1d1d1d\u00bb outline_custom_hover_text=\u00bb#ffffff\u00bb shape=\u00bbsquare\u00bb align=\u00bbcenter\u00bb css=\u00bb\u00bb link=\u00bburl:%2Fes%2Fgoma-rt-antitraccia%2F|title:Gomma%20RT%20Antitraccia\u00bb][\/vc_column][vc_column width=\u00bb1\/2&#8243; offset=\u00bbvc_hidden-lg vc_hidden-md\u00bb][vc_single_image image=\u00bb494&#8243; img_size=\u00bbfull\u00bb alignment=\u00bbcenter\u00bb onclick=\u00bblink_image\u00bb css=\u00bb.vc_custom_1576081684242{margin-top: -35px !important;margin-bottom: 0px !important;}\u00bb][\/vc_column][\/vc_row][vc_row css=\u00bb.vc_custom_1576082701878{margin-top: 40px !important;margin-bottom: 40px !important;}\u00bb][vc_column][vc_column_text]<\/p>\n<h5 style=\"text-align: center;\"><strong>POLIPROPILENO REGENERADO<\/strong><\/h5>\n<p style=\"text-align: center;\">Este material se utiliza para el moldeo de los n\u00facleos internos y de algunos tapacubos como alternativa al polipropileno de primera elecci\u00f3n.<\/p>\n<p>[\/vc_column_text][\/vc_column][\/vc_row][vc_row full_width=\u00bbstretch_row_content_no_spaces\u00bb][vc_column width=\u00bb1\/2&#8243;][vc_single_image image=\u00bb506&#8243; img_size=\u00bbfull\u00bb alignment=\u00bbcenter\u00bb onclick=\u00bblink_image\u00bb css=\u00bb.vc_custom_1576082608093{margin-bottom: 0px !important;}\u00bb][\/vc_column][vc_column width=\u00bb1\/2&#8243;][vc_single_image image=\u00bb511&#8243; img_size=\u00bbfull\u00bb alignment=\u00bbcenter\u00bb onclick=\u00bblink_image\u00bb css=\u00bb.vc_custom_1576082631711{margin-bottom: 0px !important;}\u00bb][\/vc_column][\/vc_row]<\/p>\n<\/div>","protected":false},"excerpt":{"rendered":"<p>[vc_row full_width=\u00bbstretch_row\u00bb css=\u00bb.vc_custom_1574256997579{margin-bottom: 0px !important;background-image: url(https:\/\/www.rtfirenze.com\/wp-content\/uploads\/2019\/11\/sfondo-scuro.png?id=173) !important;background-position: 0 0 !important;background-repeat: repeat !important;}\u00bb][vc_column][vc_column_text css_animation=\u00bbnone\u00bb] COMPOUNDS [\/vc_column_text][vc_separator color=\u00bbblack\u00bb style=\u00bbdouble\u00bb el_width=\u00bb20&#8243; css=\u00bb.vc_custom_1572447812618{margin-bottom: 20px !important;}\u00bb][\/vc_column][\/vc_row][vc_row css=\u00bb.vc_custom_1576065689416{margin-top: 40px !important;margin-bottom: 40px !important;}\u00bb][vc_column][vc_column_text<\/p>\n","protected":false},"author":1,"featured_media":0,"parent":0,"menu_order":0,"comment_status":"closed","ping_status":"closed","template":"","meta":{"footnotes":""},"class_list":["post-2292","page","type-page","status-publish","hentry"],"yoast_head":"<!-- This site is optimized with the Yoast SEO plugin v26.7 - https:\/\/yoast.com\/wordpress\/plugins\/seo\/ -->\n<title>COMPOUNDS - Produzione Ruote Industriali in Plastica e Gomma - RT Firenze<\/title>\n<meta name=\"robots\" content=\"index, follow, max-snippet:-1, max-image-preview:large, max-video-preview:-1\" \/>\n<link rel=\"canonical\" href=\"https:\/\/www.rtfirenze.com\/es\/compounds\/\" \/>\n<meta property=\"og:locale\" content=\"es_ES\" \/>\n<meta property=\"og:type\" content=\"article\" \/>\n<meta property=\"og:title\" content=\"COMPOUNDS - Produzione Ruote Industriali in Plastica e Gomma - RT Firenze\" \/>\n<meta property=\"og:description\" content=\"[vc_row full_width=\u00bbstretch_row\u00bb css=\u00bb.vc_custom_1574256997579{margin-bottom: 0px !important;background-image: url(https:\/\/www.rtfirenze.com\/wp-content\/uploads\/2019\/11\/sfondo-scuro.png?id=173) !important;background-position: 0 0 !important;background-repeat: repeat !important;}\u00bb][vc_column][vc_column_text css_animation=\u00bbnone\u00bb] COMPOUNDS [\/vc_column_text][vc_separator color=\u00bbblack\u00bb style=\u00bbdouble\u00bb el_width=\u00bb20&#8243; css=\u00bb.vc_custom_1572447812618{margin-bottom: 20px !important;}\u00bb][\/vc_column][\/vc_row][vc_row css=\u00bb.vc_custom_1576065689416{margin-top: 40px !important;margin-bottom: 40px !important;}\u00bb][vc_column][vc_column_text\" \/>\n<meta property=\"og:url\" content=\"https:\/\/www.rtfirenze.com\/es\/compounds\/\" \/>\n<meta property=\"og:site_name\" content=\"Produzione Ruote Industriali in Plastica e Gomma - RT Firenze\" \/>\n<meta property=\"article:modified_time\" content=\"2024-05-15T14:32:01+00:00\" \/>\n<meta name=\"twitter:card\" content=\"summary_large_image\" \/>\n<meta name=\"twitter:label1\" content=\"Tiempo de lectura\" \/>\n\t<meta name=\"twitter:data1\" content=\"7 minutos\" \/>\n<script type=\"application\/ld+json\" class=\"yoast-schema-graph\">{\"@context\":\"https:\/\/schema.org\",\"@graph\":[{\"@type\":\"WebPage\",\"@id\":\"https:\/\/www.rtfirenze.com\/es\/compounds\/\",\"url\":\"https:\/\/www.rtfirenze.com\/es\/compounds\/\",\"name\":\"COMPOUNDS - Produzione Ruote Industriali in Plastica e Gomma - RT Firenze\",\"isPartOf\":{\"@id\":\"https:\/\/www.rtfirenze.com\/#website\"},\"datePublished\":\"2023-10-24T11:15:18+00:00\",\"dateModified\":\"2024-05-15T14:32:01+00:00\",\"breadcrumb\":{\"@id\":\"https:\/\/www.rtfirenze.com\/es\/compounds\/#breadcrumb\"},\"inLanguage\":\"es\",\"potentialAction\":[{\"@type\":\"ReadAction\",\"target\":[\"https:\/\/www.rtfirenze.com\/es\/compounds\/\"]}]},{\"@type\":\"BreadcrumbList\",\"@id\":\"https:\/\/www.rtfirenze.com\/es\/compounds\/#breadcrumb\",\"itemListElement\":[{\"@type\":\"ListItem\",\"position\":1,\"name\":\"Home\",\"item\":\"https:\/\/www.rtfirenze.com\/es\/\"},{\"@type\":\"ListItem\",\"position\":2,\"name\":\"COMPOUNDS\"}]},{\"@type\":\"WebSite\",\"@id\":\"https:\/\/www.rtfirenze.com\/#website\",\"url\":\"https:\/\/www.rtfirenze.com\/\",\"name\":\"Produzione Ruote Industriali in Plastica e Gomma - RT Firenze\",\"description\":\"Produzione Ruote Industriali in Plastica e Gomma - RT Firenze\",\"potentialAction\":[{\"@type\":\"SearchAction\",\"target\":{\"@type\":\"EntryPoint\",\"urlTemplate\":\"https:\/\/www.rtfirenze.com\/?s={search_term_string}\"},\"query-input\":{\"@type\":\"PropertyValueSpecification\",\"valueRequired\":true,\"valueName\":\"search_term_string\"}}],\"inLanguage\":\"es\"}]}<\/script>\n<!-- \/ Yoast SEO plugin. -->","yoast_head_json":{"title":"COMPOUNDS - Produzione Ruote Industriali in Plastica e Gomma - RT Firenze","robots":{"index":"index","follow":"follow","max-snippet":"max-snippet:-1","max-image-preview":"max-image-preview:large","max-video-preview":"max-video-preview:-1"},"canonical":"https:\/\/www.rtfirenze.com\/es\/compounds\/","og_locale":"es_ES","og_type":"article","og_title":"COMPOUNDS - Produzione Ruote Industriali in Plastica e Gomma - RT Firenze","og_description":"[vc_row full_width=\u00bbstretch_row\u00bb css=\u00bb.vc_custom_1574256997579{margin-bottom: 0px !important;background-image: url(https:\/\/www.rtfirenze.com\/wp-content\/uploads\/2019\/11\/sfondo-scuro.png?id=173) !important;background-position: 0 0 !important;background-repeat: repeat !important;}\u00bb][vc_column][vc_column_text css_animation=\u00bbnone\u00bb] COMPOUNDS [\/vc_column_text][vc_separator color=\u00bbblack\u00bb style=\u00bbdouble\u00bb el_width=\u00bb20&#8243; css=\u00bb.vc_custom_1572447812618{margin-bottom: 20px !important;}\u00bb][\/vc_column][\/vc_row][vc_row css=\u00bb.vc_custom_1576065689416{margin-top: 40px !important;margin-bottom: 40px !important;}\u00bb][vc_column][vc_column_text","og_url":"https:\/\/www.rtfirenze.com\/es\/compounds\/","og_site_name":"Produzione Ruote Industriali in Plastica e Gomma - RT Firenze","article_modified_time":"2024-05-15T14:32:01+00:00","twitter_card":"summary_large_image","twitter_misc":{"Tiempo de lectura":"7 minutos"},"schema":{"@context":"https:\/\/schema.org","@graph":[{"@type":"WebPage","@id":"https:\/\/www.rtfirenze.com\/es\/compounds\/","url":"https:\/\/www.rtfirenze.com\/es\/compounds\/","name":"COMPOUNDS - Produzione Ruote Industriali in Plastica e Gomma - RT Firenze","isPartOf":{"@id":"https:\/\/www.rtfirenze.com\/#website"},"datePublished":"2023-10-24T11:15:18+00:00","dateModified":"2024-05-15T14:32:01+00:00","breadcrumb":{"@id":"https:\/\/www.rtfirenze.com\/es\/compounds\/#breadcrumb"},"inLanguage":"es","potentialAction":[{"@type":"ReadAction","target":["https:\/\/www.rtfirenze.com\/es\/compounds\/"]}]},{"@type":"BreadcrumbList","@id":"https:\/\/www.rtfirenze.com\/es\/compounds\/#breadcrumb","itemListElement":[{"@type":"ListItem","position":1,"name":"Home","item":"https:\/\/www.rtfirenze.com\/es\/"},{"@type":"ListItem","position":2,"name":"COMPOUNDS"}]},{"@type":"WebSite","@id":"https:\/\/www.rtfirenze.com\/#website","url":"https:\/\/www.rtfirenze.com\/","name":"Produzione Ruote Industriali in Plastica e Gomma - RT Firenze","description":"Produzione Ruote Industriali in Plastica e Gomma - RT Firenze","potentialAction":[{"@type":"SearchAction","target":{"@type":"EntryPoint","urlTemplate":"https:\/\/www.rtfirenze.com\/?s={search_term_string}"},"query-input":{"@type":"PropertyValueSpecification","valueRequired":true,"valueName":"search_term_string"}}],"inLanguage":"es"}]}},"_links":{"self":[{"href":"https:\/\/www.rtfirenze.com\/es\/wp-json\/wp\/v2\/pages\/2292","targetHints":{"allow":["GET"]}}],"collection":[{"href":"https:\/\/www.rtfirenze.com\/es\/wp-json\/wp\/v2\/pages"}],"about":[{"href":"https:\/\/www.rtfirenze.com\/es\/wp-json\/wp\/v2\/types\/page"}],"author":[{"embeddable":true,"href":"https:\/\/www.rtfirenze.com\/es\/wp-json\/wp\/v2\/users\/1"}],"replies":[{"embeddable":true,"href":"https:\/\/www.rtfirenze.com\/es\/wp-json\/wp\/v2\/comments?post=2292"}],"version-history":[{"count":6,"href":"https:\/\/www.rtfirenze.com\/es\/wp-json\/wp\/v2\/pages\/2292\/revisions"}],"predecessor-version":[{"id":3483,"href":"https:\/\/www.rtfirenze.com\/es\/wp-json\/wp\/v2\/pages\/2292\/revisions\/3483"}],"wp:attachment":[{"href":"https:\/\/www.rtfirenze.com\/es\/wp-json\/wp\/v2\/media?parent=2292"}],"curies":[{"name":"wp","href":"https:\/\/api.w.org\/{rel}","templated":true}]}}