{"id":2317,"date":"2023-10-24T16:05:44","date_gmt":"2023-10-24T14:05:44","guid":{"rendered":"https:\/\/www.rtfirenze.com\/?page_id=2317"},"modified":"2023-10-24T16:05:44","modified_gmt":"2023-10-24T14:05:44","slug":"accesorios","status":"publish","type":"page","link":"https:\/\/www.rtfirenze.com\/es\/accesorios\/","title":{"rendered":"Accesorios"},"content":{"rendered":"<div class=\"wpb-content-wrapper\"><p>[vc_row full_width=\u00bbstretch_row\u00bb css=\u00bb.vc_custom_1574256997579{margin-bottom: 0px !important;background-image: url(https:\/\/www.rtfirenze.com\/wp-content\/uploads\/2019\/11\/sfondo-scuro.png?id=173) !important;background-position: 0 0 !important;background-repeat: repeat !important;}\u00bb][vc_column][vc_column_text css_animation=\u00bbnone\u00bb]<\/p>\n<h2 style=\"text-align: center;\"><strong><span style=\"color: #ffffff;\">ACCESORIOS<\/span><\/strong><\/h2>\n<p>[\/vc_column_text][\/vc_column][\/vc_row][vc_row][vc_column width=\u00bb1\/4&#8243;][\/vc_column][vc_column width=\u00bb1\/2&#8243;][vc_media_grid style=\u00bbpagination\u00bb items_per_page=\u00bb1&#8243; element_width=\u00bb12&#8243; gap=\u00bb0&#8243; paging_design=\u00bbnone\u00bb loop=\u00bbyes\u00bb item=\u00bb437&#8243; grid_id=\u00bbvc_gid:1698155237173-61a2c1f9-7c20-8&#8243; include=\u00bb728&#8243;][\/vc_column][vc_column width=\u00bb1\/4&#8243;][\/vc_column][\/vc_row][vc_row full_width=\u00bbstretch_row\u00bb css=\u00bb.vc_custom_1576227897426{background-color: #d5d7d4 !important;}\u00bb][vc_column][vc_column_text]<\/p>\n<h4 style=\"text-align: center;\">RDFP Arandelas de bloqueo dentadas<\/h4>\n<p>[\/vc_column_text][vc_row_inner css=\u00bb.vc_custom_1576227935027{margin-bottom: -35px !important;}\u00bb][vc_column_inner width=\u00bb1\/4&#8243;][\/vc_column_inner][vc_column_inner width=\u00bb1\/2&#8243;][vc_media_grid style=\u00bbpagination\u00bb items_per_page=\u00bb1&#8243; element_width=\u00bb12&#8243; gap=\u00bb0&#8243; paging_design=\u00bbnone\u00bb loop=\u00bbyes\u00bb item=\u00bb437&#8243; grid_id=\u00bbvc_gid:1698155237173-63695611-40f7-0&#8243; include=\u00bb733&#8243; css=\u00bb.vc_custom_1576228652520{margin-bottom: 0px !important;}\u00bb][\/vc_column_inner][vc_column_inner width=\u00bb1\/4&#8243;][\/vc_column_inner][\/vc_row_inner][vc_row_inner css=\u00bb.vc_custom_1576227950384{margin-top: -35px !important;margin-bottom: -20px !important;}\u00bb][vc_column_inner][vc_column_text css=\u00bb.vc_custom_1698155356352{margin-bottom: 20px !important;}\u00bb]<\/p>\n<p style=\"text-align: center;\">Estas arandelas de bloqueo est\u00e1n tratadas en acero inoxidable. Est\u00e1n espec\u00edficamente dise\u00f1ados para ser utilizados en pernos lisos, sin ranuras ni otros procesos. Se utilizan para bloquear la rueda sobre su eje, garantizando adherencia y estanqueidad inmediata. Una vez colocados, s\u00f3lo se pueden eliminar destruy\u00e9ndolos.<\/p>\n<p style=\"text-align: center;\">Si las arandelas de bloqueo se utilizan junto con una rueda completa de tapacubos o tapa, la arandela no queda a la vista y beneficia ya sea la est\u00e9tica que la econom\u00eda de la rueda.<\/p>\n<p>[\/vc_column_text][vc_column_text]<\/p>\n<table id=\"tablepress-1\" class=\"tablepress tablepress-id-1\">\n<thead>\n<tr class=\"row-1 odd\">\n<th class=\"column-1\" style=\"text-align: center;\">Articulo<\/th>\n<th class=\"column-2\" style=\"text-align: center;\">d<\/th>\n<th class=\"column-3\" style=\"text-align: center;\">D<\/th>\n<th class=\"column-4\" style=\"text-align: center;\">H<\/th>\n<th class=\"column-6\" style=\"text-align: center;\">S<\/th>\n<\/tr>\n<\/thead>\n<tbody class=\"row-hover\">\n<tr class=\"row-2 even\">\n<td class=\"column-1\" style=\"text-align: center; background-color: #d5d7d4;\"><strong>RDFP 8<\/strong><\/td>\n<td class=\"column-2\" style=\"text-align: center; background-color: #d5d7d4;\">8<\/td>\n<td class=\"column-3\" style=\"text-align: center; background-color: #d5d7d4;\">15.3<\/td>\n<td class=\"column-4\" style=\"text-align: center; background-color: #d5d7d4;\">1.3<\/td>\n<td class=\"column-6\" style=\"text-align: center; background-color: #d5d7d4;\">0.25<\/td>\n<\/tr>\n<tr class=\"row-3 odd\">\n<td class=\"column-1\" style=\"text-align: center; background-color: #d5d7d4;\"><strong>RDFP 10<\/strong><\/td>\n<td class=\"column-2\" style=\"text-align: center; background-color: #d5d7d4;\">10<\/td>\n<td class=\"column-3\" style=\"text-align: center; background-color: #d5d7d4;\">18.5<\/td>\n<td class=\"column-4\" style=\"text-align: center; background-color: #d5d7d4;\">2<\/td>\n<td class=\"column-6\" style=\"text-align: center; background-color: #d5d7d4;\">0.3<\/td>\n<\/tr>\n<tr class=\"row-3 odd\">\n<td class=\"column-1\" style=\"text-align: center; background-color: #d5d7d4;\"><strong>RDFP 12<\/strong><\/td>\n<td class=\"column-2\" style=\"text-align: center; background-color: #d5d7d4;\">12<\/td>\n<td class=\"column-3\" style=\"text-align: center; background-color: #d5d7d4;\">25<\/td>\n<td class=\"column-4\" style=\"text-align: center; background-color: #d5d7d4;\">2.4<\/td>\n<td class=\"column-6\" style=\"text-align: center; background-color: #d5d7d4;\">0.4<\/td>\n<\/tr>\n<tr class=\"row-3 odd\">\n<td class=\"column-1\" style=\"text-align: center; background-color: #d5d7d4;\"><strong>RDFP 15<\/strong><\/td>\n<td class=\"column-2\" style=\"text-align: center; background-color: #d5d7d4;\">15<\/td>\n<td class=\"column-3\" style=\"text-align: center; background-color: #d5d7d4;\">28.2<\/td>\n<td class=\"column-4\" style=\"text-align: center; background-color: #d5d7d4;\">2.4<\/td>\n<td class=\"column-6\" style=\"text-align: center; background-color: #d5d7d4;\">0.4<\/td>\n<\/tr>\n<tr class=\"row-3 odd\">\n<td class=\"column-1\" style=\"text-align: center; background-color: #d5d7d4;\"><strong>RDFP 16<\/strong><\/td>\n<td class=\"column-2\" style=\"text-align: center; background-color: #d5d7d4;\">16<\/td>\n<td class=\"column-3\" style=\"text-align: center; background-color: #d5d7d4;\">28.2<\/td>\n<td class=\"column-4\" style=\"text-align: center; background-color: #d5d7d4;\">2.4<\/td>\n<td class=\"column-6\" style=\"text-align: center; background-color: #d5d7d4;\">0.4<\/td>\n<\/tr>\n<tr class=\"row-3 odd\">\n<td class=\"column-1\" style=\"text-align: center; background-color: #d5d7d4;\"><strong>RDFP 20<\/strong><\/td>\n<td class=\"column-2\" style=\"text-align: center; background-color: #d5d7d4;\">20<\/td>\n<td class=\"column-3\" style=\"text-align: center; background-color: #d5d7d4;\">36.5<\/td>\n<td class=\"column-4\" style=\"text-align: center; background-color: #d5d7d4;\">3.4<\/td>\n<td class=\"column-6\" style=\"text-align: center; background-color: #d5d7d4;\">0.4<\/td>\n<\/tr>\n<tr class=\"row-3 odd\">\n<td class=\"column-1\" style=\"text-align: center; background-color: #d5d7d4;\"><strong>RDFP 25<\/strong><\/td>\n<td class=\"column-2\" style=\"text-align: center; background-color: #d5d7d4;\">25<\/td>\n<td class=\"column-3\" style=\"text-align: center; background-color: #d5d7d4;\">41.5<\/td>\n<td class=\"column-4\" style=\"text-align: center; background-color: #d5d7d4;\">3.4<\/td>\n<td class=\"column-6\" style=\"text-align: center; background-color: #d5d7d4;\">0.5<\/td>\n<\/tr>\n<\/tbody>\n<\/table>\n<p>[\/vc_column_text][\/vc_column_inner][\/vc_row_inner][\/vc_column][\/vc_row][vc_row][vc_column][vc_column_text]<\/p>\n<h4 style=\"text-align: center;\">RDFC Arandelas de bloqueo dentadas con tapa<\/h4>\n<p>[\/vc_column_text][vc_row_inner css=\u00bb.vc_custom_1576227935027{margin-bottom: -35px !important;}\u00bb][vc_column_inner width=\u00bb1\/4&#8243;][\/vc_column_inner][vc_column_inner width=\u00bb1\/2&#8243;][vc_media_grid style=\u00bbpagination\u00bb items_per_page=\u00bb1&#8243; element_width=\u00bb12&#8243; gap=\u00bb0&#8243; paging_design=\u00bbnone\u00bb loop=\u00bbyes\u00bb item=\u00bb437&#8243; grid_id=\u00bbvc_gid:1698155237175-dae3f599-0df3-2&#8243; include=\u00bb749&#8243; css=\u00bb.vc_custom_1576229145358{margin-bottom: 0px !important;}\u00bb][\/vc_column_inner][vc_column_inner width=\u00bb1\/4&#8243;][\/vc_column_inner][\/vc_row_inner][vc_row_inner css=\u00bb.vc_custom_1576227950384{margin-top: -35px !important;margin-bottom: -20px !important;}\u00bb][vc_column_inner][vc_column_text css=\u00bb.vc_custom_1698155628231{margin-bottom: 20px !important;}\u00bb]<\/p>\n<p style=\"text-align: center;\">Estas arandelas de bloqueo est\u00e1n tratadas en acero inoxidable. Est\u00e1n espec\u00edficamente dise\u00f1ados para ser utilizados en pernos lisos, sin ranuras ni otros procesos. Se utilizan para bloquear la rueda sobre su eje, garantizando adherencia y estanqueidad inmediata. Una vez colocados, s\u00f3lo se pueden eliminar destruy\u00e9ndolos.<\/p>\n<p style=\"text-align: center;\">Cuentan con una tapa que oculta el sistema de fijaci\u00f3n para mejorar su aspecto exterior. Son menos econ\u00f3micas que las arandelas cl\u00e1sicas y se utilizan principalemte por motivos est\u00e9ticos en ruedas que no tienen tapacubos o tapa.<\/p>\n<p>[\/vc_column_text][vc_column_text]<\/p>\n<table id=\"tablepress-1\" class=\"tablepress tablepress-id-1\">\n<thead>\n<tr class=\"row-1 odd\">\n<th class=\"column-1\" style=\"text-align: center;\">Articulo<\/th>\n<th class=\"column-2\" style=\"text-align: center;\">d<\/th>\n<th class=\"column-3\" style=\"text-align: center;\">D<\/th>\n<th class=\"column-4\" style=\"text-align: center;\">H<\/th>\n<\/tr>\n<\/thead>\n<tbody class=\"row-hover\">\n<tr class=\"row-2 even\">\n<td class=\"column-1\" style=\"text-align: center;\"><strong>RDFC 12<\/strong><\/td>\n<td class=\"column-2\" style=\"text-align: center;\">12<\/td>\n<td class=\"column-3\" style=\"text-align: center;\">26<\/td>\n<td class=\"column-4\" style=\"text-align: center;\">8<\/td>\n<\/tr>\n<tr class=\"row-3 odd\">\n<td class=\"column-1\" style=\"text-align: center;\"><strong>RDFC 15<\/strong><\/td>\n<td class=\"column-2\" style=\"text-align: center;\">15<\/td>\n<td class=\"column-3\" style=\"text-align: center;\">29.5<\/td>\n<td class=\"column-4\" style=\"text-align: center;\">9.7<\/td>\n<\/tr>\n<tr class=\"row-3 odd\">\n<td class=\"column-1\" style=\"text-align: center;\"><strong>RDFC 20<\/strong><\/td>\n<td class=\"column-2\" style=\"text-align: center;\">20<\/td>\n<td class=\"column-3\" style=\"text-align: center;\">38.2<\/td>\n<td class=\"column-4\" style=\"text-align: center;\">12.5<\/td>\n<\/tr>\n<tr class=\"row-3 odd\">\n<td class=\"column-1\" style=\"text-align: center;\"><strong>RDFC 25<\/strong><\/td>\n<td class=\"column-2\" style=\"text-align: center;\">25<\/td>\n<td class=\"column-3\" style=\"text-align: center;\">43<\/td>\n<td class=\"column-4\" style=\"text-align: center;\">13<\/td>\n<\/tr>\n<\/tbody>\n<\/table>\n<p>[\/vc_column_text][\/vc_column_inner][\/vc_row_inner][\/vc_column][\/vc_row][vc_row full_width=\u00bbstretch_row\u00bb css=\u00bb.vc_custom_1579013068739{background-color: #d5d7d4 !important;}\u00bb][vc_column][vc_column_text]<\/p>\n<h4 style=\"text-align: center;\">Rodamientos de bolas C1226<\/h4>\n<p>[\/vc_column_text][vc_row_inner css=\u00bb.vc_custom_1579012976996{margin-bottom: -35px !important;background-color: #d5d7d !important;}\u00bb][vc_column_inner width=\u00bb1\/4&#8243;][\/vc_column_inner][vc_column_inner width=\u00bb1\/2&#8243;][vc_media_grid style=\u00bbpagination\u00bb items_per_page=\u00bb1&#8243; element_width=\u00bb12&#8243; gap=\u00bb0&#8243; paging_design=\u00bbnone\u00bb loop=\u00bbyes\u00bb item=\u00bb437&#8243; grid_id=\u00bbvc_gid:1698155237175-b0e378d2-8095-4&#8243; include=\u00bb760&#8243; css=\u00bb.vc_custom_1576229934937{margin-bottom: 0px !important;}\u00bb][\/vc_column_inner][vc_column_inner width=\u00bb1\/4&#8243;][\/vc_column_inner][\/vc_row_inner][vc_row_inner css=\u00bb.vc_custom_1576227950384{margin-top: -35px !important;margin-bottom: -20px !important;}\u00bb][vc_column_inner][vc_column_text css=\u00bb.vc_custom_1698155666978{margin-bottom: 20px !important;}\u00bb]<\/p>\n<p style=\"text-align: center;\">Rodamiento de bolas en chapa prensada<\/p>\n<p>[\/vc_column_text][vc_column_text]<\/p>\n<table id=\"tablepress-1\" class=\"tablepress tablepress-id-1\">\n<thead>\n<tr class=\"row-1 odd\">\n<th class=\"column-1\" style=\"text-align: center;\">Articulo<\/th>\n<th class=\"column-2\" style=\"text-align: center;\">d<\/th>\n<th class=\"column-3\" style=\"text-align: center;\">D<\/th>\n<th class=\"column-4\" style=\"text-align: center;\">H<\/th>\n<\/tr>\n<\/thead>\n<tbody class=\"row-hover\">\n<tr class=\"row-2 even\">\n<td class=\"column-1\" style=\"text-align: center; background-color: #d5d7d4;\"><strong>C1226<\/strong><\/td>\n<td class=\"column-2\" style=\"text-align: center; background-color: #d5d7d4;\">12<\/td>\n<td class=\"column-3\" style=\"text-align: center; background-color: #d5d7d4;\">26.1<\/td>\n<td class=\"column-4\" style=\"text-align: center; background-color: #d5d7d4;\">12.5<\/td>\n<\/tr>\n<\/tbody>\n<\/table>\n<p>[\/vc_column_text][\/vc_column_inner][\/vc_row_inner][\/vc_column][\/vc_row][vc_row full_width=\u00bbstretch_row\u00bb][vc_column][vc_column_text]<\/p>\n<h4 style=\"text-align: center;\">Bujes de fijaci\u00f3n B1226<\/h4>\n<p>[\/vc_column_text][vc_row_inner css=\u00bb.vc_custom_1576227935027{margin-bottom: -35px !important;}\u00bb][vc_column_inner width=\u00bb1\/4&#8243;][\/vc_column_inner][vc_column_inner width=\u00bb1\/2&#8243;][vc_media_grid style=\u00bbpagination\u00bb items_per_page=\u00bb1&#8243; element_width=\u00bb12&#8243; gap=\u00bb0&#8243; paging_design=\u00bbnone\u00bb loop=\u00bbyes\u00bb item=\u00bb437&#8243; grid_id=\u00bbvc_gid:1698155237176-c41f01bd-b17c-1&#8243; include=\u00bb766&#8243; css=\u00bb.vc_custom_1576231042150{margin-bottom: 0px !important;}\u00bb][\/vc_column_inner][vc_column_inner width=\u00bb1\/4&#8243;][\/vc_column_inner][\/vc_row_inner][vc_row_inner css=\u00bb.vc_custom_1576227950384{margin-top: -35px !important;margin-bottom: -20px !important;}\u00bb][vc_column_inner][vc_column_text css=\u00bb.vc_custom_1698155704895{margin-bottom: 20px !important;}\u00bb]<\/p>\n<p style=\"text-align: center;\">Bujes de resina acet\u00e1lica con dimensiones perfectamente intercambiables con los rodamientos.<\/p>\n<p>[\/vc_column_text][vc_column_text]<\/p>\n<table id=\"tablepress-1\" class=\"tablepress tablepress-id-1\">\n<thead>\n<tr class=\"row-1 odd\">\n<th class=\"column-1\" style=\"text-align: center;\">Articulo<\/th>\n<th class=\"column-2\" style=\"text-align: center;\">d<\/th>\n<th class=\"column-3\" style=\"text-align: center;\">D<\/th>\n<th class=\"column-4\" style=\"text-align: center;\">H<\/th>\n<\/tr>\n<\/thead>\n<tbody class=\"row-hover\">\n<tr class=\"row-2 even\">\n<td class=\"column-1\"><strong>B1026<\/strong><\/td>\n<td class=\"column-2\">10<\/td>\n<td class=\"column-3\">26<\/td>\n<td class=\"column-4\">12.5<\/td>\n<\/tr>\n<tr class=\"row-2 even\">\n<td class=\"column-1\"><strong>B1226<\/strong><\/td>\n<td class=\"column-2\">12<\/td>\n<td class=\"column-3\">26<\/td>\n<td class=\"column-4\">12.5<\/td>\n<\/tr>\n<\/tbody>\n<\/table>\n<p>[\/vc_column_text][\/vc_column_inner][\/vc_row_inner][\/vc_column][\/vc_row][vc_row full_width=\u00bbstretch_row\u00bb css=\u00bb.vc_custom_1576227897426{background-color: #d5d7d4 !important;}\u00bb][vc_column][vc_column_text]<\/p>\n<h4 style=\"text-align: center;\">Bujes de fijaci\u00f3n BR<\/h4>\n<p>[\/vc_column_text][vc_row_inner css=\u00bb.vc_custom_1576227935027{margin-bottom: -35px !important;}\u00bb][vc_column_inner width=\u00bb1\/4&#8243;][\/vc_column_inner][vc_column_inner width=\u00bb1\/2&#8243;][vc_media_grid style=\u00bbpagination\u00bb items_per_page=\u00bb1&#8243; element_width=\u00bb12&#8243; gap=\u00bb0&#8243; paging_design=\u00bbnone\u00bb loop=\u00bbyes\u00bb item=\u00bb437&#8243; grid_id=\u00bbvc_gid:1698155237177-7ca9e4ed-34eb-9&#8243; include=\u00bb755&#8243; css=\u00bb.vc_custom_1576229942708{margin-bottom: 0px !important;}\u00bb][\/vc_column_inner][vc_column_inner width=\u00bb1\/4&#8243;][\/vc_column_inner][\/vc_row_inner][vc_row_inner css=\u00bb.vc_custom_1576227950384{margin-top: -35px !important;margin-bottom: -20px !important;}\u00bb][vc_column_inner][vc_column_text css=\u00bb.vc_custom_1698156276077{margin-bottom: 20px !important;}\u00bb]<\/p>\n<p style=\"text-align: center;\">Bujes de nylon para reducir el di\u00e1metro del eje<\/p>\n<p>[\/vc_column_text][vc_column_text]<\/p>\n<table id=\"tablepress-1\" class=\"tablepress tablepress-id-1\">\n<thead>\n<tr class=\"row-1 odd\">\n<th class=\"column-1\" style=\"text-align: center;\">Articulo<\/th>\n<th class=\"column-2\" style=\"text-align: center;\">d<\/th>\n<th class=\"column-3\" style=\"text-align: center;\">D<\/th>\n<th class=\"column-4\" style=\"text-align: center;\">H<\/th>\n<\/tr>\n<\/thead>\n<tbody class=\"row-hover\">\n<tr class=\"row-2 even\">\n<td class=\"column-1\" style=\"text-align: center; background-color: #d5d7d4;\"><strong>BR081540<\/strong><\/td>\n<td class=\"column-2\" style=\"text-align: center; background-color: #d5d7d4;\">8<\/td>\n<td class=\"column-3\" style=\"text-align: center; background-color: #d5d7d4;\">15<\/td>\n<td class=\"column-4\" style=\"text-align: center; background-color: #d5d7d4;\">40<\/td>\n<\/tr>\n<\/tbody>\n<\/table>\n<p>[\/vc_column_text][\/vc_column_inner][\/vc_row_inner][\/vc_column][\/vc_row]<\/p>\n<\/div>","protected":false},"excerpt":{"rendered":"<p>[vc_row full_width=\u00bbstretch_row\u00bb css=\u00bb.vc_custom_1574256997579{margin-bottom: 0px !important;background-image: url(https:\/\/www.rtfirenze.com\/wp-content\/uploads\/2019\/11\/sfondo-scuro.png?id=173) !important;background-position: 0 0 !important;background-repeat: repeat !important;}\u00bb][vc_column][vc_column_text css_animation=\u00bbnone\u00bb] ACCESORIOS [\/vc_column_text][\/vc_column][\/vc_row][vc_row][vc_column width=\u00bb1\/4&#8243;][\/vc_column][vc_column width=\u00bb1\/2&#8243;][vc_media_grid style=\u00bbpagination\u00bb items_per_page=\u00bb1&#8243; element_width=\u00bb12&#8243; gap=\u00bb0&#8243; paging_design=\u00bbnone\u00bb loop=\u00bbyes\u00bb item=\u00bb437&#8243; grid_id=\u00bbvc_gid:1698155237173-61a2c1f9-7c20-8&#8243; include=\u00bb728&#8243;][\/vc_column][vc_column<\/p>\n","protected":false},"author":1,"featured_media":728,"parent":0,"menu_order":0,"comment_status":"closed","ping_status":"closed","template":"","meta":{"footnotes":""},"class_list":["post-2317","page","type-page","status-publish","has-post-thumbnail","hentry"],"yoast_head":"<!-- This site is optimized with the Yoast SEO plugin v26.7 - https:\/\/yoast.com\/wordpress\/plugins\/seo\/ -->\n<title>Accesorios - Produzione Ruote Industriali in Plastica e Gomma - RT Firenze<\/title>\n<meta name=\"robots\" content=\"index, follow, max-snippet:-1, max-image-preview:large, max-video-preview:-1\" \/>\n<link rel=\"canonical\" href=\"https:\/\/www.rtfirenze.com\/es\/accesorios\/\" \/>\n<meta property=\"og:locale\" content=\"es_ES\" \/>\n<meta property=\"og:type\" content=\"article\" \/>\n<meta property=\"og:title\" content=\"Accesorios - Produzione Ruote Industriali in Plastica e Gomma - RT Firenze\" \/>\n<meta property=\"og:description\" content=\"[vc_row full_width=\u00bbstretch_row\u00bb css=\u00bb.vc_custom_1574256997579{margin-bottom: 0px !important;background-image: url(https:\/\/www.rtfirenze.com\/wp-content\/uploads\/2019\/11\/sfondo-scuro.png?id=173) !important;background-position: 0 0 !important;background-repeat: repeat !important;}\u00bb][vc_column][vc_column_text css_animation=\u00bbnone\u00bb] ACCESORIOS [\/vc_column_text][\/vc_column][\/vc_row][vc_row][vc_column width=\u00bb1\/4&#8243;][\/vc_column][vc_column width=\u00bb1\/2&#8243;][vc_media_grid style=\u00bbpagination\u00bb items_per_page=\u00bb1&#8243; element_width=\u00bb12&#8243; gap=\u00bb0&#8243; paging_design=\u00bbnone\u00bb loop=\u00bbyes\u00bb item=\u00bb437&#8243; grid_id=\u00bbvc_gid:1698155237173-61a2c1f9-7c20-8&#8243; include=\u00bb728&#8243;][\/vc_column][vc_column\" \/>\n<meta property=\"og:url\" content=\"https:\/\/www.rtfirenze.com\/es\/accesorios\/\" \/>\n<meta property=\"og:site_name\" content=\"Produzione Ruote Industriali in Plastica e Gomma - RT Firenze\" \/>\n<meta property=\"og:image\" content=\"https:\/\/www.rtfirenze.com\/wp-content\/uploads\/2019\/12\/accessori-rt-firenze.jpg\" \/>\n\t<meta property=\"og:image:width\" content=\"1800\" \/>\n\t<meta property=\"og:image:height\" content=\"1200\" \/>\n\t<meta property=\"og:image:type\" content=\"image\/jpeg\" \/>\n<meta name=\"twitter:card\" content=\"summary_large_image\" \/>\n<meta name=\"twitter:label1\" content=\"Tiempo de lectura\" \/>\n\t<meta name=\"twitter:data1\" content=\"3 minutos\" \/>\n<script type=\"application\/ld+json\" class=\"yoast-schema-graph\">{\"@context\":\"https:\/\/schema.org\",\"@graph\":[{\"@type\":\"WebPage\",\"@id\":\"https:\/\/www.rtfirenze.com\/es\/accesorios\/\",\"url\":\"https:\/\/www.rtfirenze.com\/es\/accesorios\/\",\"name\":\"Accesorios - Produzione Ruote Industriali in Plastica e Gomma - RT Firenze\",\"isPartOf\":{\"@id\":\"https:\/\/www.rtfirenze.com\/#website\"},\"primaryImageOfPage\":{\"@id\":\"https:\/\/www.rtfirenze.com\/es\/accesorios\/#primaryimage\"},\"image\":{\"@id\":\"https:\/\/www.rtfirenze.com\/es\/accesorios\/#primaryimage\"},\"thumbnailUrl\":\"https:\/\/www.rtfirenze.com\/wp-content\/uploads\/2019\/12\/accessori-rt-firenze.jpg\",\"datePublished\":\"2023-10-24T14:05:44+00:00\",\"breadcrumb\":{\"@id\":\"https:\/\/www.rtfirenze.com\/es\/accesorios\/#breadcrumb\"},\"inLanguage\":\"es\",\"potentialAction\":[{\"@type\":\"ReadAction\",\"target\":[\"https:\/\/www.rtfirenze.com\/es\/accesorios\/\"]}]},{\"@type\":\"ImageObject\",\"inLanguage\":\"es\",\"@id\":\"https:\/\/www.rtfirenze.com\/es\/accesorios\/#primaryimage\",\"url\":\"https:\/\/www.rtfirenze.com\/wp-content\/uploads\/2019\/12\/accessori-rt-firenze.jpg\",\"contentUrl\":\"https:\/\/www.rtfirenze.com\/wp-content\/uploads\/2019\/12\/accessori-rt-firenze.jpg\",\"width\":1800,\"height\":1200,\"caption\":\"Accessori Per Ruote Industriali in Gomma e Plastica - RT Firenze\"},{\"@type\":\"BreadcrumbList\",\"@id\":\"https:\/\/www.rtfirenze.com\/es\/accesorios\/#breadcrumb\",\"itemListElement\":[{\"@type\":\"ListItem\",\"position\":1,\"name\":\"Home\",\"item\":\"https:\/\/www.rtfirenze.com\/es\/\"},{\"@type\":\"ListItem\",\"position\":2,\"name\":\"Accesorios\"}]},{\"@type\":\"WebSite\",\"@id\":\"https:\/\/www.rtfirenze.com\/#website\",\"url\":\"https:\/\/www.rtfirenze.com\/\",\"name\":\"Produzione Ruote Industriali in Plastica e Gomma - RT Firenze\",\"description\":\"Produzione Ruote Industriali in Plastica e Gomma - RT Firenze\",\"potentialAction\":[{\"@type\":\"SearchAction\",\"target\":{\"@type\":\"EntryPoint\",\"urlTemplate\":\"https:\/\/www.rtfirenze.com\/?s={search_term_string}\"},\"query-input\":{\"@type\":\"PropertyValueSpecification\",\"valueRequired\":true,\"valueName\":\"search_term_string\"}}],\"inLanguage\":\"es\"}]}<\/script>\n<!-- \/ Yoast SEO plugin. -->","yoast_head_json":{"title":"Accesorios - Produzione Ruote Industriali in Plastica e Gomma - RT Firenze","robots":{"index":"index","follow":"follow","max-snippet":"max-snippet:-1","max-image-preview":"max-image-preview:large","max-video-preview":"max-video-preview:-1"},"canonical":"https:\/\/www.rtfirenze.com\/es\/accesorios\/","og_locale":"es_ES","og_type":"article","og_title":"Accesorios - Produzione Ruote Industriali in Plastica e Gomma - RT Firenze","og_description":"[vc_row full_width=\u00bbstretch_row\u00bb css=\u00bb.vc_custom_1574256997579{margin-bottom: 0px !important;background-image: url(https:\/\/www.rtfirenze.com\/wp-content\/uploads\/2019\/11\/sfondo-scuro.png?id=173) !important;background-position: 0 0 !important;background-repeat: repeat !important;}\u00bb][vc_column][vc_column_text css_animation=\u00bbnone\u00bb] ACCESORIOS [\/vc_column_text][\/vc_column][\/vc_row][vc_row][vc_column width=\u00bb1\/4&#8243;][\/vc_column][vc_column width=\u00bb1\/2&#8243;][vc_media_grid style=\u00bbpagination\u00bb items_per_page=\u00bb1&#8243; element_width=\u00bb12&#8243; gap=\u00bb0&#8243; paging_design=\u00bbnone\u00bb loop=\u00bbyes\u00bb item=\u00bb437&#8243; grid_id=\u00bbvc_gid:1698155237173-61a2c1f9-7c20-8&#8243; include=\u00bb728&#8243;][\/vc_column][vc_column","og_url":"https:\/\/www.rtfirenze.com\/es\/accesorios\/","og_site_name":"Produzione Ruote Industriali in Plastica e Gomma - RT Firenze","og_image":[{"width":1800,"height":1200,"url":"https:\/\/www.rtfirenze.com\/wp-content\/uploads\/2019\/12\/accessori-rt-firenze.jpg","type":"image\/jpeg"}],"twitter_card":"summary_large_image","twitter_misc":{"Tiempo de lectura":"3 minutos"},"schema":{"@context":"https:\/\/schema.org","@graph":[{"@type":"WebPage","@id":"https:\/\/www.rtfirenze.com\/es\/accesorios\/","url":"https:\/\/www.rtfirenze.com\/es\/accesorios\/","name":"Accesorios - Produzione Ruote Industriali in Plastica e Gomma - RT Firenze","isPartOf":{"@id":"https:\/\/www.rtfirenze.com\/#website"},"primaryImageOfPage":{"@id":"https:\/\/www.rtfirenze.com\/es\/accesorios\/#primaryimage"},"image":{"@id":"https:\/\/www.rtfirenze.com\/es\/accesorios\/#primaryimage"},"thumbnailUrl":"https:\/\/www.rtfirenze.com\/wp-content\/uploads\/2019\/12\/accessori-rt-firenze.jpg","datePublished":"2023-10-24T14:05:44+00:00","breadcrumb":{"@id":"https:\/\/www.rtfirenze.com\/es\/accesorios\/#breadcrumb"},"inLanguage":"es","potentialAction":[{"@type":"ReadAction","target":["https:\/\/www.rtfirenze.com\/es\/accesorios\/"]}]},{"@type":"ImageObject","inLanguage":"es","@id":"https:\/\/www.rtfirenze.com\/es\/accesorios\/#primaryimage","url":"https:\/\/www.rtfirenze.com\/wp-content\/uploads\/2019\/12\/accessori-rt-firenze.jpg","contentUrl":"https:\/\/www.rtfirenze.com\/wp-content\/uploads\/2019\/12\/accessori-rt-firenze.jpg","width":1800,"height":1200,"caption":"Accessori Per Ruote Industriali in Gomma e Plastica - RT Firenze"},{"@type":"BreadcrumbList","@id":"https:\/\/www.rtfirenze.com\/es\/accesorios\/#breadcrumb","itemListElement":[{"@type":"ListItem","position":1,"name":"Home","item":"https:\/\/www.rtfirenze.com\/es\/"},{"@type":"ListItem","position":2,"name":"Accesorios"}]},{"@type":"WebSite","@id":"https:\/\/www.rtfirenze.com\/#website","url":"https:\/\/www.rtfirenze.com\/","name":"Produzione Ruote Industriali in Plastica e Gomma - RT Firenze","description":"Produzione Ruote Industriali in Plastica e Gomma - RT Firenze","potentialAction":[{"@type":"SearchAction","target":{"@type":"EntryPoint","urlTemplate":"https:\/\/www.rtfirenze.com\/?s={search_term_string}"},"query-input":{"@type":"PropertyValueSpecification","valueRequired":true,"valueName":"search_term_string"}}],"inLanguage":"es"}]}},"_links":{"self":[{"href":"https:\/\/www.rtfirenze.com\/es\/wp-json\/wp\/v2\/pages\/2317","targetHints":{"allow":["GET"]}}],"collection":[{"href":"https:\/\/www.rtfirenze.com\/es\/wp-json\/wp\/v2\/pages"}],"about":[{"href":"https:\/\/www.rtfirenze.com\/es\/wp-json\/wp\/v2\/types\/page"}],"author":[{"embeddable":true,"href":"https:\/\/www.rtfirenze.com\/es\/wp-json\/wp\/v2\/users\/1"}],"replies":[{"embeddable":true,"href":"https:\/\/www.rtfirenze.com\/es\/wp-json\/wp\/v2\/comments?post=2317"}],"version-history":[{"count":2,"href":"https:\/\/www.rtfirenze.com\/es\/wp-json\/wp\/v2\/pages\/2317\/revisions"}],"predecessor-version":[{"id":2319,"href":"https:\/\/www.rtfirenze.com\/es\/wp-json\/wp\/v2\/pages\/2317\/revisions\/2319"}],"wp:featuredmedia":[{"embeddable":true,"href":"https:\/\/www.rtfirenze.com\/es\/wp-json\/wp\/v2\/media\/728"}],"wp:attachment":[{"href":"https:\/\/www.rtfirenze.com\/es\/wp-json\/wp\/v2\/media?parent=2317"}],"curies":[{"name":"wp","href":"https:\/\/api.w.org\/{rel}","templated":true}]}}