{"id":2328,"date":"2023-10-24T16:39:50","date_gmt":"2023-10-24T14:39:50","guid":{"rendered":"https:\/\/www.rtfirenze.com\/?page_id=2328"},"modified":"2023-10-24T16:40:25","modified_gmt":"2023-10-24T14:40:25","slug":"serie-smv-rt-vintage","status":"publish","type":"page","link":"https:\/\/www.rtfirenze.com\/es\/serie-smv-rt-vintage\/","title":{"rendered":"Serie SMV &#8211; RT Vintage"},"content":{"rendered":"<div class=\"wpb-content-wrapper\"><p>[vc_row full_width=\u00bbstretch_row\u00bb css=\u00bb.vc_custom_1574256997579{margin-bottom: 0px !important;background-image: url(https:\/\/www.rtfirenze.com\/wp-content\/uploads\/2019\/11\/sfondo-scuro.png?id=173) !important;background-position: 0 0 !important;background-repeat: repeat !important;}\u00bb][vc_column][vc_column_text css_animation=\u00bbnone\u00bb]<\/p>\n<h2 style=\"text-align: center;\"><strong><span style=\"color: #ffffff;\">SERIE SMV &#8211; RT VINTAGE<\/span><\/strong><\/h2>\n<p>[\/vc_column_text][\/vc_column][\/vc_row][vc_row][vc_column width=\u00bb2\/3&#8243; css=\u00bb.vc_custom_1576143532939{padding-right: 10% !important;}\u00bb offset=\u00bbvc_hidden-md vc_hidden-sm vc_hidden-xs\u00bb][vc_media_grid style=\u00bbpagination\u00bb items_per_page=\u00bb1&#8243; element_width=\u00bb12&#8243; gap=\u00bb0&#8243; paging_design=\u00bbnone\u00bb loop=\u00bbyes\u00bb item=\u00bb437&#8243; grid_id=\u00bbvc_gid:1698158307181-c694ce36-7b15-2&#8243; include=\u00bb1237&#8243;][\/vc_column][vc_column width=\u00bb1\/3&#8243; css=\u00bb.vc_custom_1576143543370{padding-left: 10% !important;}\u00bb offset=\u00bbvc_hidden-md vc_hidden-sm vc_hidden-xs\u00bb][vc_media_grid style=\u00bbpagination\u00bb items_per_page=\u00bb1&#8243; element_width=\u00bb12&#8243; gap=\u00bb0&#8243; paging_design=\u00bbnone\u00bb item=\u00bb557&#8243; grid_id=\u00bbvc_gid:1698158307182-9132e40c-3d78-3&#8243; include=\u00bb1419&#8243;][\/vc_column][\/vc_row][vc_row css=\u00bb.vc_custom_1576143744247{margin-top: 20px !important;}\u00bb][vc_column width=\u00bb2\/3&#8243; css=\u00bb.vc_custom_1576143548629{padding-right: 10% !important;}\u00bb offset=\u00bbvc_hidden-lg\u00bb][vc_media_grid style=\u00bbpagination\u00bb items_per_page=\u00bb1&#8243; element_width=\u00bb12&#8243; gap=\u00bb0&#8243; paging_design=\u00bbnone\u00bb loop=\u00bbyes\u00bb item=\u00bb437&#8243; grid_id=\u00bbvc_gid:1698158307182-bea17386-bce1-7&#8243; include=\u00bb1237&#8243;][\/vc_column][vc_column width=\u00bb1\/3&#8243; css=\u00bb.vc_custom_1576143555121{padding-left: 10% !important;}\u00bb offset=\u00bbvc_hidden-lg\u00bb][vc_media_grid style=\u00bbpagination\u00bb items_per_page=\u00bb1&#8243; element_width=\u00bb12&#8243; gap=\u00bb0&#8243; paging_design=\u00bbnone\u00bb item=\u00bb574&#8243; grid_id=\u00bbvc_gid:1698158307183-c6d23b63-02bc-4&#8243; include=\u00bb1419&#8243;][\/vc_column][\/vc_row][vc_row][vc_column][vc_column_text]<\/p>\n<p style=\"text-align: center;\">Se trata de una rueda industrial de alta capacidad con robusto disco de polipropileno y banda de rodadura RT VINTAGE. Se puede utilizar incluso en ligera presencia de hidrocarburos. Tiene un excelente retorno el\u00e1stico, excelente resistencia al desgarro y a la abrasi\u00f3n y buena resistencia a los agentes atmosf\u00e9ricos.<\/p>\n<p style=\"text-align: center;\">La serie SMV enriquece la gama de la serie SM con goma de calidad superior. Es capaz de amortiguar las vibraciones y se utiliza en varios productos, tales como compresores de aire de gama media\/alta, carros porta tanques, sierras circulares, entre otros.<\/p>\n<p style=\"text-align: center;\">Debido a su forma tradicional de doble cara, tambi\u00e9n es adecuada para ser montada en soportes fijos y giratorios.<\/p>\n<p>[\/vc_column_text][\/vc_column][\/vc_row][vc_row][vc_column][vc_column_text]<\/p>\n<table id=\"tablepress-1\" class=\"tablepress tablepress-id-1\">\n<thead>\n<tr class=\"row-1 odd\">\n<th class=\"column-1\" style=\"text-align: center;\">Articulo<\/th>\n<th class=\"column-2\" style=\"text-align: center;\">D<\/th>\n<th class=\"column-3\" style=\"text-align: center;\">b<\/th>\n<th class=\"column-4\" style=\"text-align: center;\">L<\/th>\n<th class=\"column-6\" style=\"text-align: center;\">d<\/th>\n<th class=\"column-7\" style=\"text-align: center;\">Peso g<\/th>\n<th class=\"column-8\" style=\"text-align: center;\">Capacidad de carga kg<\/th>\n<\/tr>\n<\/thead>\n<tbody class=\"row-hover\">\n<tr class=\"row-2 even\">\n<td class=\"column-1\" style=\"text-align: center;\"><strong>SMV 200<\/strong><\/td>\n<td class=\"column-2\" style=\"text-align: center;\">200<\/td>\n<td class=\"column-3\" style=\"text-align: center;\">50<\/td>\n<td class=\"column-4\" style=\"text-align: center;\">57<\/td>\n<td class=\"column-6\" style=\"text-align: center;\">14-20<\/td>\n<td class=\"column-7\" style=\"text-align: center;\">905<\/td>\n<td class=\"column-8\" style=\"text-align: center;\">120<\/td>\n<\/tr>\n<tr class=\"row-3 odd\">\n<td class=\"column-1\" style=\"text-align: center;\"><strong>SMV 250<\/strong><\/td>\n<td class=\"column-2\" style=\"text-align: center;\">250<\/td>\n<td class=\"column-3\" style=\"text-align: center;\">55<\/td>\n<td class=\"column-4\" style=\"text-align: center;\">57<\/td>\n<td class=\"column-6\" style=\"text-align: center;\">14-20-25<\/td>\n<td class=\"column-7\" style=\"text-align: center;\">1530<\/td>\n<td class=\"column-8\" style=\"text-align: center;\">150<\/td>\n<\/tr>\n<\/tbody>\n<\/table>\n<p>[\/vc_column_text][\/vc_column][\/vc_row]<\/p>\n<\/div>","protected":false},"excerpt":{"rendered":"<p>[vc_row full_width=\u00bbstretch_row\u00bb css=\u00bb.vc_custom_1574256997579{margin-bottom: 0px !important;background-image: url(https:\/\/www.rtfirenze.com\/wp-content\/uploads\/2019\/11\/sfondo-scuro.png?id=173) !important;background-position: 0 0 !important;background-repeat: repeat !important;}\u00bb][vc_column][vc_column_text css_animation=\u00bbnone\u00bb] SERIE SMV &#8211; RT VINTAGE [\/vc_column_text][\/vc_column][\/vc_row][vc_row][vc_column width=\u00bb2\/3&#8243; css=\u00bb.vc_custom_1576143532939{padding-right: 10% !important;}\u00bb offset=\u00bbvc_hidden-md vc_hidden-sm vc_hidden-xs\u00bb][vc_media_grid<\/p>\n","protected":false},"author":1,"featured_media":582,"parent":0,"menu_order":0,"comment_status":"closed","ping_status":"closed","template":"","meta":{"footnotes":""},"class_list":["post-2328","page","type-page","status-publish","has-post-thumbnail","hentry"],"yoast_head":"<!-- This site is optimized with the Yoast SEO plugin v26.7 - https:\/\/yoast.com\/wordpress\/plugins\/seo\/ -->\n<title>Serie SMV - RT Vintage - Produzione Ruote Industriali in Plastica e Gomma - RT Firenze<\/title>\n<meta name=\"robots\" content=\"index, follow, max-snippet:-1, max-image-preview:large, max-video-preview:-1\" \/>\n<link rel=\"canonical\" href=\"https:\/\/www.rtfirenze.com\/es\/serie-smv-rt-vintage\/\" \/>\n<meta property=\"og:locale\" content=\"es_ES\" \/>\n<meta property=\"og:type\" content=\"article\" \/>\n<meta property=\"og:title\" content=\"Serie SMV - RT Vintage - Produzione Ruote Industriali in Plastica e Gomma - RT Firenze\" \/>\n<meta property=\"og:description\" content=\"[vc_row full_width=\u00bbstretch_row\u00bb css=\u00bb.vc_custom_1574256997579{margin-bottom: 0px !important;background-image: url(https:\/\/www.rtfirenze.com\/wp-content\/uploads\/2019\/11\/sfondo-scuro.png?id=173) !important;background-position: 0 0 !important;background-repeat: repeat !important;}\u00bb][vc_column][vc_column_text css_animation=\u00bbnone\u00bb] SERIE SMV &#8211; RT VINTAGE [\/vc_column_text][\/vc_column][\/vc_row][vc_row][vc_column width=\u00bb2\/3&#8243; css=\u00bb.vc_custom_1576143532939{padding-right: 10% !important;}\u00bb offset=\u00bbvc_hidden-md vc_hidden-sm vc_hidden-xs\u00bb][vc_media_grid\" \/>\n<meta property=\"og:url\" content=\"https:\/\/www.rtfirenze.com\/es\/serie-smv-rt-vintage\/\" \/>\n<meta property=\"og:site_name\" content=\"Produzione Ruote Industriali in Plastica e Gomma - RT Firenze\" \/>\n<meta property=\"article:modified_time\" content=\"2023-10-24T14:40:25+00:00\" \/>\n<meta property=\"og:image\" content=\"https:\/\/www.rtfirenze.com\/wp-content\/uploads\/2019\/12\/serie-smiv-rt-vintage.jpg\" \/>\n\t<meta property=\"og:image:width\" content=\"1800\" \/>\n\t<meta property=\"og:image:height\" content=\"1200\" \/>\n\t<meta property=\"og:image:type\" content=\"image\/jpeg\" \/>\n<meta name=\"twitter:card\" content=\"summary_large_image\" \/>\n<meta name=\"twitter:label1\" content=\"Tiempo de lectura\" \/>\n\t<meta name=\"twitter:data1\" content=\"2 minutos\" \/>\n<script type=\"application\/ld+json\" class=\"yoast-schema-graph\">{\"@context\":\"https:\/\/schema.org\",\"@graph\":[{\"@type\":\"WebPage\",\"@id\":\"https:\/\/www.rtfirenze.com\/es\/serie-smv-rt-vintage\/\",\"url\":\"https:\/\/www.rtfirenze.com\/es\/serie-smv-rt-vintage\/\",\"name\":\"Serie SMV - RT Vintage - Produzione Ruote Industriali in Plastica e Gomma - RT Firenze\",\"isPartOf\":{\"@id\":\"https:\/\/www.rtfirenze.com\/#website\"},\"primaryImageOfPage\":{\"@id\":\"https:\/\/www.rtfirenze.com\/es\/serie-smv-rt-vintage\/#primaryimage\"},\"image\":{\"@id\":\"https:\/\/www.rtfirenze.com\/es\/serie-smv-rt-vintage\/#primaryimage\"},\"thumbnailUrl\":\"https:\/\/www.rtfirenze.com\/wp-content\/uploads\/2019\/12\/serie-smiv-rt-vintage.jpg\",\"datePublished\":\"2023-10-24T14:39:50+00:00\",\"dateModified\":\"2023-10-24T14:40:25+00:00\",\"breadcrumb\":{\"@id\":\"https:\/\/www.rtfirenze.com\/es\/serie-smv-rt-vintage\/#breadcrumb\"},\"inLanguage\":\"es\",\"potentialAction\":[{\"@type\":\"ReadAction\",\"target\":[\"https:\/\/www.rtfirenze.com\/es\/serie-smv-rt-vintage\/\"]}]},{\"@type\":\"ImageObject\",\"inLanguage\":\"es\",\"@id\":\"https:\/\/www.rtfirenze.com\/es\/serie-smv-rt-vintage\/#primaryimage\",\"url\":\"https:\/\/www.rtfirenze.com\/wp-content\/uploads\/2019\/12\/serie-smiv-rt-vintage.jpg\",\"contentUrl\":\"https:\/\/www.rtfirenze.com\/wp-content\/uploads\/2019\/12\/serie-smiv-rt-vintage.jpg\",\"width\":1800,\"height\":1200,\"caption\":\"Poduzione Ruote Industriali in Gomma e Plastica - Serie SMV\"},{\"@type\":\"BreadcrumbList\",\"@id\":\"https:\/\/www.rtfirenze.com\/es\/serie-smv-rt-vintage\/#breadcrumb\",\"itemListElement\":[{\"@type\":\"ListItem\",\"position\":1,\"name\":\"Home\",\"item\":\"https:\/\/www.rtfirenze.com\/es\/\"},{\"@type\":\"ListItem\",\"position\":2,\"name\":\"Serie SMV &#8211; RT Vintage\"}]},{\"@type\":\"WebSite\",\"@id\":\"https:\/\/www.rtfirenze.com\/#website\",\"url\":\"https:\/\/www.rtfirenze.com\/\",\"name\":\"Produzione Ruote Industriali in Plastica e Gomma - RT Firenze\",\"description\":\"Produzione Ruote Industriali in Plastica e Gomma - RT Firenze\",\"potentialAction\":[{\"@type\":\"SearchAction\",\"target\":{\"@type\":\"EntryPoint\",\"urlTemplate\":\"https:\/\/www.rtfirenze.com\/?s={search_term_string}\"},\"query-input\":{\"@type\":\"PropertyValueSpecification\",\"valueRequired\":true,\"valueName\":\"search_term_string\"}}],\"inLanguage\":\"es\"}]}<\/script>\n<!-- \/ Yoast SEO plugin. -->","yoast_head_json":{"title":"Serie SMV - RT Vintage - Produzione Ruote Industriali in Plastica e Gomma - RT Firenze","robots":{"index":"index","follow":"follow","max-snippet":"max-snippet:-1","max-image-preview":"max-image-preview:large","max-video-preview":"max-video-preview:-1"},"canonical":"https:\/\/www.rtfirenze.com\/es\/serie-smv-rt-vintage\/","og_locale":"es_ES","og_type":"article","og_title":"Serie SMV - RT Vintage - Produzione Ruote Industriali in Plastica e Gomma - RT Firenze","og_description":"[vc_row full_width=\u00bbstretch_row\u00bb css=\u00bb.vc_custom_1574256997579{margin-bottom: 0px !important;background-image: url(https:\/\/www.rtfirenze.com\/wp-content\/uploads\/2019\/11\/sfondo-scuro.png?id=173) !important;background-position: 0 0 !important;background-repeat: repeat !important;}\u00bb][vc_column][vc_column_text css_animation=\u00bbnone\u00bb] SERIE SMV &#8211; RT VINTAGE [\/vc_column_text][\/vc_column][\/vc_row][vc_row][vc_column width=\u00bb2\/3&#8243; css=\u00bb.vc_custom_1576143532939{padding-right: 10% !important;}\u00bb offset=\u00bbvc_hidden-md vc_hidden-sm vc_hidden-xs\u00bb][vc_media_grid","og_url":"https:\/\/www.rtfirenze.com\/es\/serie-smv-rt-vintage\/","og_site_name":"Produzione Ruote Industriali in Plastica e Gomma - RT Firenze","article_modified_time":"2023-10-24T14:40:25+00:00","og_image":[{"width":1800,"height":1200,"url":"https:\/\/www.rtfirenze.com\/wp-content\/uploads\/2019\/12\/serie-smiv-rt-vintage.jpg","type":"image\/jpeg"}],"twitter_card":"summary_large_image","twitter_misc":{"Tiempo de lectura":"2 minutos"},"schema":{"@context":"https:\/\/schema.org","@graph":[{"@type":"WebPage","@id":"https:\/\/www.rtfirenze.com\/es\/serie-smv-rt-vintage\/","url":"https:\/\/www.rtfirenze.com\/es\/serie-smv-rt-vintage\/","name":"Serie SMV - RT Vintage - Produzione Ruote Industriali in Plastica e Gomma - RT Firenze","isPartOf":{"@id":"https:\/\/www.rtfirenze.com\/#website"},"primaryImageOfPage":{"@id":"https:\/\/www.rtfirenze.com\/es\/serie-smv-rt-vintage\/#primaryimage"},"image":{"@id":"https:\/\/www.rtfirenze.com\/es\/serie-smv-rt-vintage\/#primaryimage"},"thumbnailUrl":"https:\/\/www.rtfirenze.com\/wp-content\/uploads\/2019\/12\/serie-smiv-rt-vintage.jpg","datePublished":"2023-10-24T14:39:50+00:00","dateModified":"2023-10-24T14:40:25+00:00","breadcrumb":{"@id":"https:\/\/www.rtfirenze.com\/es\/serie-smv-rt-vintage\/#breadcrumb"},"inLanguage":"es","potentialAction":[{"@type":"ReadAction","target":["https:\/\/www.rtfirenze.com\/es\/serie-smv-rt-vintage\/"]}]},{"@type":"ImageObject","inLanguage":"es","@id":"https:\/\/www.rtfirenze.com\/es\/serie-smv-rt-vintage\/#primaryimage","url":"https:\/\/www.rtfirenze.com\/wp-content\/uploads\/2019\/12\/serie-smiv-rt-vintage.jpg","contentUrl":"https:\/\/www.rtfirenze.com\/wp-content\/uploads\/2019\/12\/serie-smiv-rt-vintage.jpg","width":1800,"height":1200,"caption":"Poduzione Ruote Industriali in Gomma e Plastica - Serie SMV"},{"@type":"BreadcrumbList","@id":"https:\/\/www.rtfirenze.com\/es\/serie-smv-rt-vintage\/#breadcrumb","itemListElement":[{"@type":"ListItem","position":1,"name":"Home","item":"https:\/\/www.rtfirenze.com\/es\/"},{"@type":"ListItem","position":2,"name":"Serie SMV &#8211; RT Vintage"}]},{"@type":"WebSite","@id":"https:\/\/www.rtfirenze.com\/#website","url":"https:\/\/www.rtfirenze.com\/","name":"Produzione Ruote Industriali in Plastica e Gomma - RT Firenze","description":"Produzione Ruote Industriali in Plastica e Gomma - RT Firenze","potentialAction":[{"@type":"SearchAction","target":{"@type":"EntryPoint","urlTemplate":"https:\/\/www.rtfirenze.com\/?s={search_term_string}"},"query-input":{"@type":"PropertyValueSpecification","valueRequired":true,"valueName":"search_term_string"}}],"inLanguage":"es"}]}},"_links":{"self":[{"href":"https:\/\/www.rtfirenze.com\/es\/wp-json\/wp\/v2\/pages\/2328","targetHints":{"allow":["GET"]}}],"collection":[{"href":"https:\/\/www.rtfirenze.com\/es\/wp-json\/wp\/v2\/pages"}],"about":[{"href":"https:\/\/www.rtfirenze.com\/es\/wp-json\/wp\/v2\/types\/page"}],"author":[{"embeddable":true,"href":"https:\/\/www.rtfirenze.com\/es\/wp-json\/wp\/v2\/users\/1"}],"replies":[{"embeddable":true,"href":"https:\/\/www.rtfirenze.com\/es\/wp-json\/wp\/v2\/comments?post=2328"}],"version-history":[{"count":3,"href":"https:\/\/www.rtfirenze.com\/es\/wp-json\/wp\/v2\/pages\/2328\/revisions"}],"predecessor-version":[{"id":2331,"href":"https:\/\/www.rtfirenze.com\/es\/wp-json\/wp\/v2\/pages\/2328\/revisions\/2331"}],"wp:featuredmedia":[{"embeddable":true,"href":"https:\/\/www.rtfirenze.com\/es\/wp-json\/wp\/v2\/media\/582"}],"wp:attachment":[{"href":"https:\/\/www.rtfirenze.com\/es\/wp-json\/wp\/v2\/media?parent=2328"}],"curies":[{"name":"wp","href":"https:\/\/api.w.org\/{rel}","templated":true}]}}