{"id":2335,"date":"2023-10-24T16:44:59","date_gmt":"2023-10-24T14:44:59","guid":{"rendered":"https:\/\/www.rtfirenze.com\/?page_id=2335"},"modified":"2023-10-24T16:45:01","modified_gmt":"2023-10-24T14:45:01","slug":"serie-srv-rt-vintage","status":"publish","type":"page","link":"https:\/\/www.rtfirenze.com\/es\/serie-srv-rt-vintage\/","title":{"rendered":"Serie SRV &#8211; RT Vintage"},"content":{"rendered":"<div class=\"wpb-content-wrapper\"><p>[vc_row full_width=\u00bbstretch_row\u00bb css=\u00bb.vc_custom_1574256997579{margin-bottom: 0px !important;background-image: url(https:\/\/www.rtfirenze.com\/wp-content\/uploads\/2019\/11\/sfondo-scuro.png?id=173) !important;background-position: 0 0 !important;background-repeat: repeat !important;}\u00bb][vc_column][vc_column_text css_animation=\u00bbnone\u00bb]<\/p>\n<h2 style=\"text-align: center;\"><strong><span style=\"color: #ffffff;\">SERIE SRV &#8211; RT VINTAGE<\/span><\/strong><\/h2>\n<p>[\/vc_column_text][\/vc_column][\/vc_row][vc_row][vc_column width=\u00bb2\/3&#8243; css=\u00bb.vc_custom_1576143532939{padding-right: 10% !important;}\u00bb offset=\u00bbvc_hidden-md vc_hidden-sm vc_hidden-xs\u00bb][vc_media_grid style=\u00bbpagination\u00bb items_per_page=\u00bb1&#8243; element_width=\u00bb12&#8243; gap=\u00bb0&#8243; paging_design=\u00bbnone\u00bb loop=\u00bbyes\u00bb item=\u00bb437&#8243; grid_id=\u00bbvc_gid:1698158563394-2b42d50e-f554-6&#8243; include=\u00bb692&#8243;][\/vc_column][vc_column width=\u00bb1\/3&#8243; css=\u00bb.vc_custom_1576143543370{padding-left: 10% !important;}\u00bb offset=\u00bbvc_hidden-md vc_hidden-sm vc_hidden-xs\u00bb][vc_media_grid style=\u00bbpagination\u00bb items_per_page=\u00bb1&#8243; element_width=\u00bb12&#8243; gap=\u00bb0&#8243; paging_design=\u00bbnone\u00bb item=\u00bb557&#8243; grid_id=\u00bbvc_gid:1698158563396-e0f77e06-aa30-9&#8243; include=\u00bb1431&#8243;][\/vc_column][\/vc_row][vc_row css=\u00bb.vc_custom_1576143744247{margin-top: 20px !important;}\u00bb][vc_column width=\u00bb2\/3&#8243; css=\u00bb.vc_custom_1576143548629{padding-right: 10% !important;}\u00bb offset=\u00bbvc_hidden-lg\u00bb][vc_media_grid style=\u00bbpagination\u00bb items_per_page=\u00bb1&#8243; element_width=\u00bb12&#8243; gap=\u00bb0&#8243; paging_design=\u00bbnone\u00bb loop=\u00bbyes\u00bb item=\u00bb437&#8243; grid_id=\u00bbvc_gid:1698158563397-c0c08d30-c399-4&#8243; include=\u00bb692&#8243;][\/vc_column][vc_column width=\u00bb1\/3&#8243; css=\u00bb.vc_custom_1576143555121{padding-left: 10% !important;}\u00bb offset=\u00bbvc_hidden-lg\u00bb][vc_media_grid style=\u00bbpagination\u00bb items_per_page=\u00bb1&#8243; element_width=\u00bb12&#8243; gap=\u00bb0&#8243; paging_design=\u00bbnone\u00bb item=\u00bb574&#8243; grid_id=\u00bbvc_gid:1698158563397-ea5a71f4-9ede-8&#8243; include=\u00bb1431&#8243;][\/vc_column][\/vc_row][vc_row][vc_column][vc_column_text]<\/p>\n<p style=\"text-align: center;\">Se trata de una rueda industrial de alta capacidad con robusto disco de polipropileno y banda de rodadura RT VINTAGE. Tambi\u00e9n se puede utilizar en ligera presencia de hidrocarburos. Tiene un excelente retorno el\u00e1stico, excelente resistencia al desgarro y a la abrasi\u00f3n y una buena resistencia a los agentes atmosf\u00e9ricos.<\/p>\n<p style=\"text-align: center;\">Nuestro art\u00edculo SRV300 enriquece la gama de la serie SR con un di\u00e1metro m\u00e1s grande y con una goma de mayor calidad. Tiene un n\u00facleo interno de un solo lado completo con tapacubos de color. Se puede utilizar en orde\u00f1adoras, carros extintores y m\u00e1quinas de limpieza profesional, entre otros. Con un espesor de s\u00f3lo 57 mm, es elegido para terrenos irregulares y para m\u00e1quinas que requieren dimensiones laterales reducidas.<\/p>\n<p style=\"text-align: center;\">Puede ser equipado con bujes de resina acet\u00e1lica autolubricantes (SRVB) o rodamientos de bolas (SRVC), como nuestros art\u00edculos B1226 y C1226 (ver nuestra p\u00e1gina de accesorios). Estas medidas permiten aumentar la suavidad y reducir la fuerza de empuje necesaria para la rodadura.<\/p>\n<p>[\/vc_column_text][\/vc_column][\/vc_row][vc_row][vc_column][vc_column_text]<\/p>\n<table id=\"tablepress-1\" class=\"tablepress tablepress-id-1\">\n<thead>\n<tr class=\"row-1 odd\">\n<th class=\"column-1\" style=\"text-align: center;\">Articulo<\/th>\n<th class=\"column-2\" style=\"text-align: center;\">D<\/th>\n<th class=\"column-3\" style=\"text-align: center;\">b<\/th>\n<th class=\"column-4\" style=\"text-align: center;\">L<\/th>\n<th class=\"column-6\" style=\"text-align: center;\">d<\/th>\n<th class=\"column-7\" style=\"text-align: center;\">Peso g<\/th>\n<th class=\"column-8\" style=\"text-align: center;\">Capacidad de carga kg<\/th>\n<\/tr>\n<\/thead>\n<tbody class=\"row-hover\">\n<tr class=\"row-2 even\">\n<td class=\"column-1\" style=\"text-align: center;\"><strong>SRV 300<\/strong><\/td>\n<td class=\"column-2\" style=\"text-align: center;\">300<\/td>\n<td class=\"column-3\" style=\"text-align: center;\">56<\/td>\n<td class=\"column-4\" style=\"text-align: center;\">57<\/td>\n<td class=\"column-6\" style=\"text-align: center;\">20-25<\/td>\n<td class=\"column-7\" style=\"text-align: center;\">1850<\/td>\n<td class=\"column-8\" style=\"text-align: center;\">150<\/td>\n<\/tr>\n<tr class=\"row-3 odd\">\n<td class=\"column-1\" style=\"text-align: center;\"><strong>SRVB 300<\/strong><\/td>\n<td class=\"column-2\" style=\"text-align: center;\">300<\/td>\n<td class=\"column-3\" style=\"text-align: center;\">56<\/td>\n<td class=\"column-4\" style=\"text-align: center;\">57<\/td>\n<td class=\"column-6\" style=\"text-align: center;\">10-12<\/td>\n<td class=\"column-7\" style=\"text-align: center;\">1860<\/td>\n<td class=\"column-8\" style=\"text-align: center;\">150<\/td>\n<\/tr>\n<tr class=\"row-3 odd\">\n<td class=\"column-1\" style=\"text-align: center;\"><strong>SRVC 300<\/strong><\/td>\n<td class=\"column-2\" style=\"text-align: center;\">300<\/td>\n<td class=\"column-3\" style=\"text-align: center;\">56<\/td>\n<td class=\"column-4\" style=\"text-align: center;\">57<\/td>\n<td class=\"column-6\" style=\"text-align: center;\">12<\/td>\n<td class=\"column-7\" style=\"text-align: center;\">1920<\/td>\n<td class=\"column-8\" style=\"text-align: center;\">150<\/td>\n<\/tr>\n<\/tbody>\n<\/table>\n<p>[\/vc_column_text][\/vc_column][\/vc_row]<\/p>\n<\/div>","protected":false},"excerpt":{"rendered":"<p>[vc_row full_width=\u00bbstretch_row\u00bb css=\u00bb.vc_custom_1574256997579{margin-bottom: 0px !important;background-image: url(https:\/\/www.rtfirenze.com\/wp-content\/uploads\/2019\/11\/sfondo-scuro.png?id=173) !important;background-position: 0 0 !important;background-repeat: repeat !important;}\u00bb][vc_column][vc_column_text css_animation=\u00bbnone\u00bb] SERIE SRV &#8211; RT VINTAGE [\/vc_column_text][\/vc_column][\/vc_row][vc_row][vc_column width=\u00bb2\/3&#8243; css=\u00bb.vc_custom_1576143532939{padding-right: 10% !important;}\u00bb offset=\u00bbvc_hidden-md vc_hidden-sm vc_hidden-xs\u00bb][vc_media_grid<\/p>\n","protected":false},"author":1,"featured_media":692,"parent":0,"menu_order":0,"comment_status":"closed","ping_status":"closed","template":"","meta":{"footnotes":""},"class_list":["post-2335","page","type-page","status-publish","has-post-thumbnail","hentry"],"yoast_head":"<!-- This site is optimized with the Yoast SEO plugin v27.5 - https:\/\/yoast.com\/product\/yoast-seo-wordpress\/ -->\n<title>Serie SRV - RT Vintage - Produzione Ruote Industriali in Plastica e Gomma - RT Firenze<\/title>\n<meta name=\"robots\" content=\"index, follow, max-snippet:-1, max-image-preview:large, max-video-preview:-1\" \/>\n<link rel=\"canonical\" href=\"https:\/\/www.rtfirenze.com\/es\/serie-srv-rt-vintage\/\" \/>\n<meta property=\"og:locale\" content=\"es_ES\" \/>\n<meta property=\"og:type\" content=\"article\" \/>\n<meta property=\"og:title\" content=\"Serie SRV - RT Vintage - Produzione Ruote Industriali in Plastica e Gomma - RT Firenze\" \/>\n<meta property=\"og:description\" content=\"[vc_row full_width=\u00bbstretch_row\u00bb css=\u00bb.vc_custom_1574256997579{margin-bottom: 0px !important;background-image: url(https:\/\/www.rtfirenze.com\/wp-content\/uploads\/2019\/11\/sfondo-scuro.png?id=173) !important;background-position: 0 0 !important;background-repeat: repeat !important;}\u00bb][vc_column][vc_column_text css_animation=\u00bbnone\u00bb] SERIE SRV &#8211; RT VINTAGE [\/vc_column_text][\/vc_column][\/vc_row][vc_row][vc_column width=\u00bb2\/3&#8243; css=\u00bb.vc_custom_1576143532939{padding-right: 10% !important;}\u00bb offset=\u00bbvc_hidden-md vc_hidden-sm vc_hidden-xs\u00bb][vc_media_grid\" \/>\n<meta property=\"og:url\" content=\"https:\/\/www.rtfirenze.com\/es\/serie-srv-rt-vintage\/\" \/>\n<meta property=\"og:site_name\" content=\"Produzione Ruote Industriali in Plastica e Gomma - RT Firenze\" \/>\n<meta property=\"article:modified_time\" content=\"2023-10-24T14:45:01+00:00\" \/>\n<meta property=\"og:image\" content=\"https:\/\/www.rtfirenze.com\/wp-content\/uploads\/2019\/12\/serie-srv-rt-vintage.jpg\" \/>\n\t<meta property=\"og:image:width\" content=\"1800\" \/>\n\t<meta property=\"og:image:height\" content=\"1200\" \/>\n\t<meta property=\"og:image:type\" content=\"image\/jpeg\" \/>\n<meta name=\"twitter:card\" content=\"summary_large_image\" \/>\n<meta name=\"twitter:label1\" content=\"Tiempo de lectura\" \/>\n\t<meta name=\"twitter:data1\" content=\"2 minutos\" \/>\n<script type=\"application\/ld+json\" class=\"yoast-schema-graph\">{\"@context\":\"https:\\\/\\\/schema.org\",\"@graph\":[{\"@type\":\"WebPage\",\"@id\":\"https:\\\/\\\/www.rtfirenze.com\\\/es\\\/serie-srv-rt-vintage\\\/\",\"url\":\"https:\\\/\\\/www.rtfirenze.com\\\/es\\\/serie-srv-rt-vintage\\\/\",\"name\":\"Serie SRV - RT Vintage - Produzione Ruote Industriali in Plastica e Gomma - RT Firenze\",\"isPartOf\":{\"@id\":\"https:\\\/\\\/www.rtfirenze.com\\\/#website\"},\"primaryImageOfPage\":{\"@id\":\"https:\\\/\\\/www.rtfirenze.com\\\/es\\\/serie-srv-rt-vintage\\\/#primaryimage\"},\"image\":{\"@id\":\"https:\\\/\\\/www.rtfirenze.com\\\/es\\\/serie-srv-rt-vintage\\\/#primaryimage\"},\"thumbnailUrl\":\"https:\\\/\\\/www.rtfirenze.com\\\/wp-content\\\/uploads\\\/2019\\\/12\\\/serie-srv-rt-vintage.jpg\",\"datePublished\":\"2023-10-24T14:44:59+00:00\",\"dateModified\":\"2023-10-24T14:45:01+00:00\",\"breadcrumb\":{\"@id\":\"https:\\\/\\\/www.rtfirenze.com\\\/es\\\/serie-srv-rt-vintage\\\/#breadcrumb\"},\"inLanguage\":\"es\",\"potentialAction\":[{\"@type\":\"ReadAction\",\"target\":[\"https:\\\/\\\/www.rtfirenze.com\\\/es\\\/serie-srv-rt-vintage\\\/\"]}]},{\"@type\":\"ImageObject\",\"inLanguage\":\"es\",\"@id\":\"https:\\\/\\\/www.rtfirenze.com\\\/es\\\/serie-srv-rt-vintage\\\/#primaryimage\",\"url\":\"https:\\\/\\\/www.rtfirenze.com\\\/wp-content\\\/uploads\\\/2019\\\/12\\\/serie-srv-rt-vintage.jpg\",\"contentUrl\":\"https:\\\/\\\/www.rtfirenze.com\\\/wp-content\\\/uploads\\\/2019\\\/12\\\/serie-srv-rt-vintage.jpg\",\"width\":1800,\"height\":1200,\"caption\":\"Poduzione Ruote Industriali in Gomma e Plastica - Serie SRV\"},{\"@type\":\"BreadcrumbList\",\"@id\":\"https:\\\/\\\/www.rtfirenze.com\\\/es\\\/serie-srv-rt-vintage\\\/#breadcrumb\",\"itemListElement\":[{\"@type\":\"ListItem\",\"position\":1,\"name\":\"Home\",\"item\":\"https:\\\/\\\/www.rtfirenze.com\\\/es\\\/\"},{\"@type\":\"ListItem\",\"position\":2,\"name\":\"Serie SRV &#8211; RT Vintage\"}]},{\"@type\":\"WebSite\",\"@id\":\"https:\\\/\\\/www.rtfirenze.com\\\/#website\",\"url\":\"https:\\\/\\\/www.rtfirenze.com\\\/\",\"name\":\"Produzione Ruote Industriali in Plastica e Gomma - RT Firenze\",\"description\":\"Produzione Ruote Industriali in Plastica e Gomma - RT Firenze\",\"potentialAction\":[{\"@type\":\"SearchAction\",\"target\":{\"@type\":\"EntryPoint\",\"urlTemplate\":\"https:\\\/\\\/www.rtfirenze.com\\\/?s={search_term_string}\"},\"query-input\":{\"@type\":\"PropertyValueSpecification\",\"valueRequired\":true,\"valueName\":\"search_term_string\"}}],\"inLanguage\":\"es\"}]}<\/script>\n<!-- \/ Yoast SEO plugin. -->","yoast_head_json":{"title":"Serie SRV - RT Vintage - Produzione Ruote Industriali in Plastica e Gomma - RT Firenze","robots":{"index":"index","follow":"follow","max-snippet":"max-snippet:-1","max-image-preview":"max-image-preview:large","max-video-preview":"max-video-preview:-1"},"canonical":"https:\/\/www.rtfirenze.com\/es\/serie-srv-rt-vintage\/","og_locale":"es_ES","og_type":"article","og_title":"Serie SRV - RT Vintage - Produzione Ruote Industriali in Plastica e Gomma - RT Firenze","og_description":"[vc_row full_width=\u00bbstretch_row\u00bb css=\u00bb.vc_custom_1574256997579{margin-bottom: 0px !important;background-image: url(https:\/\/www.rtfirenze.com\/wp-content\/uploads\/2019\/11\/sfondo-scuro.png?id=173) !important;background-position: 0 0 !important;background-repeat: repeat !important;}\u00bb][vc_column][vc_column_text css_animation=\u00bbnone\u00bb] SERIE SRV &#8211; RT VINTAGE [\/vc_column_text][\/vc_column][\/vc_row][vc_row][vc_column width=\u00bb2\/3&#8243; css=\u00bb.vc_custom_1576143532939{padding-right: 10% !important;}\u00bb offset=\u00bbvc_hidden-md vc_hidden-sm vc_hidden-xs\u00bb][vc_media_grid","og_url":"https:\/\/www.rtfirenze.com\/es\/serie-srv-rt-vintage\/","og_site_name":"Produzione Ruote Industriali in Plastica e Gomma - RT Firenze","article_modified_time":"2023-10-24T14:45:01+00:00","og_image":[{"width":1800,"height":1200,"url":"https:\/\/www.rtfirenze.com\/wp-content\/uploads\/2019\/12\/serie-srv-rt-vintage.jpg","type":"image\/jpeg"}],"twitter_card":"summary_large_image","twitter_misc":{"Tiempo de lectura":"2 minutos"},"schema":{"@context":"https:\/\/schema.org","@graph":[{"@type":"WebPage","@id":"https:\/\/www.rtfirenze.com\/es\/serie-srv-rt-vintage\/","url":"https:\/\/www.rtfirenze.com\/es\/serie-srv-rt-vintage\/","name":"Serie SRV - RT Vintage - Produzione Ruote Industriali in Plastica e Gomma - RT Firenze","isPartOf":{"@id":"https:\/\/www.rtfirenze.com\/#website"},"primaryImageOfPage":{"@id":"https:\/\/www.rtfirenze.com\/es\/serie-srv-rt-vintage\/#primaryimage"},"image":{"@id":"https:\/\/www.rtfirenze.com\/es\/serie-srv-rt-vintage\/#primaryimage"},"thumbnailUrl":"https:\/\/www.rtfirenze.com\/wp-content\/uploads\/2019\/12\/serie-srv-rt-vintage.jpg","datePublished":"2023-10-24T14:44:59+00:00","dateModified":"2023-10-24T14:45:01+00:00","breadcrumb":{"@id":"https:\/\/www.rtfirenze.com\/es\/serie-srv-rt-vintage\/#breadcrumb"},"inLanguage":"es","potentialAction":[{"@type":"ReadAction","target":["https:\/\/www.rtfirenze.com\/es\/serie-srv-rt-vintage\/"]}]},{"@type":"ImageObject","inLanguage":"es","@id":"https:\/\/www.rtfirenze.com\/es\/serie-srv-rt-vintage\/#primaryimage","url":"https:\/\/www.rtfirenze.com\/wp-content\/uploads\/2019\/12\/serie-srv-rt-vintage.jpg","contentUrl":"https:\/\/www.rtfirenze.com\/wp-content\/uploads\/2019\/12\/serie-srv-rt-vintage.jpg","width":1800,"height":1200,"caption":"Poduzione Ruote Industriali in Gomma e Plastica - Serie SRV"},{"@type":"BreadcrumbList","@id":"https:\/\/www.rtfirenze.com\/es\/serie-srv-rt-vintage\/#breadcrumb","itemListElement":[{"@type":"ListItem","position":1,"name":"Home","item":"https:\/\/www.rtfirenze.com\/es\/"},{"@type":"ListItem","position":2,"name":"Serie SRV &#8211; RT Vintage"}]},{"@type":"WebSite","@id":"https:\/\/www.rtfirenze.com\/#website","url":"https:\/\/www.rtfirenze.com\/","name":"Produzione Ruote Industriali in Plastica e Gomma - RT Firenze","description":"Produzione Ruote Industriali in Plastica e Gomma - RT Firenze","potentialAction":[{"@type":"SearchAction","target":{"@type":"EntryPoint","urlTemplate":"https:\/\/www.rtfirenze.com\/?s={search_term_string}"},"query-input":{"@type":"PropertyValueSpecification","valueRequired":true,"valueName":"search_term_string"}}],"inLanguage":"es"}]}},"_links":{"self":[{"href":"https:\/\/www.rtfirenze.com\/es\/wp-json\/wp\/v2\/pages\/2335","targetHints":{"allow":["GET"]}}],"collection":[{"href":"https:\/\/www.rtfirenze.com\/es\/wp-json\/wp\/v2\/pages"}],"about":[{"href":"https:\/\/www.rtfirenze.com\/es\/wp-json\/wp\/v2\/types\/page"}],"author":[{"embeddable":true,"href":"https:\/\/www.rtfirenze.com\/es\/wp-json\/wp\/v2\/users\/1"}],"replies":[{"embeddable":true,"href":"https:\/\/www.rtfirenze.com\/es\/wp-json\/wp\/v2\/comments?post=2335"}],"version-history":[{"count":2,"href":"https:\/\/www.rtfirenze.com\/es\/wp-json\/wp\/v2\/pages\/2335\/revisions"}],"predecessor-version":[{"id":2337,"href":"https:\/\/www.rtfirenze.com\/es\/wp-json\/wp\/v2\/pages\/2335\/revisions\/2337"}],"wp:featuredmedia":[{"embeddable":true,"href":"https:\/\/www.rtfirenze.com\/es\/wp-json\/wp\/v2\/media\/692"}],"wp:attachment":[{"href":"https:\/\/www.rtfirenze.com\/es\/wp-json\/wp\/v2\/media?parent=2335"}],"curies":[{"name":"wp","href":"https:\/\/api.w.org\/{rel}","templated":true}]}}