{"id":2341,"date":"2023-10-24T16:50:14","date_gmt":"2023-10-24T14:50:14","guid":{"rendered":"https:\/\/www.rtfirenze.com\/?page_id=2341"},"modified":"2023-10-24T16:50:14","modified_gmt":"2023-10-24T14:50:14","slug":"serie-hi-rt-ricicla","status":"publish","type":"page","link":"https:\/\/www.rtfirenze.com\/es\/serie-hi-rt-ricicla\/","title":{"rendered":"Serie HI &#8211; RT Ricicla"},"content":{"rendered":"<div class=\"wpb-content-wrapper\"><p>[vc_row full_width=\u00bbstretch_row\u00bb css=\u00bb.vc_custom_1574256997579{margin-bottom: 0px !important;background-image: url(https:\/\/www.rtfirenze.com\/wp-content\/uploads\/2019\/11\/sfondo-scuro.png?id=173) !important;background-position: 0 0 !important;background-repeat: repeat !important;}\u00bb][vc_column][vc_column_text css_animation=\u00bbnone\u00bb]<\/p>\n<h2 style=\"text-align: center;\"><strong><span style=\"color: #ffffff;\">SERIE HI &#8211; RT RICICLA<\/span><\/strong><\/h2>\n<p>[\/vc_column_text][\/vc_column][\/vc_row][vc_row][vc_column width=\u00bb2\/3&#8243; css=\u00bb.vc_custom_1576143532939{padding-right: 10% !important;}\u00bb offset=\u00bbvc_hidden-md vc_hidden-sm vc_hidden-xs\u00bb][vc_media_grid style=\u00bbpagination\u00bb items_per_page=\u00bb1&#8243; element_width=\u00bb12&#8243; gap=\u00bb0&#8243; arrows_design=\u00bbvc_arrow-icon-arrow_09_left\u00bb arrows_position=\u00bboutside\u00bb arrows_color=\u00bbblack\u00bb paging_design=\u00bbpagination_square\u00bb paging_color=\u00bbblack\u00bb loop=\u00bbyes\u00bb item=\u00bb437&#8243; grid_id=\u00bbvc_gid:1698158868010-6b3604b1-b5b6-1&#8243; include=\u00bb940,945&#8243;][\/vc_column][vc_column width=\u00bb1\/3&#8243; css=\u00bb.vc_custom_1576143543370{padding-left: 10% !important;}\u00bb offset=\u00bbvc_hidden-md vc_hidden-sm vc_hidden-xs\u00bb][vc_media_grid style=\u00bbpagination\u00bb items_per_page=\u00bb1&#8243; element_width=\u00bb12&#8243; gap=\u00bb0&#8243; paging_design=\u00bbnone\u00bb item=\u00bb557&#8243; grid_id=\u00bbvc_gid:1698158868011-381207be-9ba5-5&#8243; include=\u00bb1438&#8243;][\/vc_column][\/vc_row][vc_row css=\u00bb.vc_custom_1576143744247{margin-top: 20px !important;}\u00bb][vc_column width=\u00bb2\/3&#8243; css=\u00bb.vc_custom_1576143548629{padding-right: 10% !important;}\u00bb offset=\u00bbvc_hidden-lg\u00bb][vc_media_grid style=\u00bbpagination\u00bb items_per_page=\u00bb1&#8243; element_width=\u00bb12&#8243; gap=\u00bb0&#8243; arrows_design=\u00bbvc_arrow-icon-arrow_09_left\u00bb arrows_position=\u00bboutside\u00bb arrows_color=\u00bbblack\u00bb paging_design=\u00bbpagination_square\u00bb paging_color=\u00bbblack\u00bb loop=\u00bbyes\u00bb item=\u00bb437&#8243; grid_id=\u00bbvc_gid:1698158868012-9d587483-aeb3-1&#8243; include=\u00bb940,945&#8243;][\/vc_column][vc_column width=\u00bb1\/3&#8243; css=\u00bb.vc_custom_1576143555121{padding-left: 10% !important;}\u00bb offset=\u00bbvc_hidden-lg\u00bb][vc_media_grid style=\u00bbpagination\u00bb items_per_page=\u00bb1&#8243; element_width=\u00bb12&#8243; gap=\u00bb0&#8243; paging_design=\u00bbnone\u00bb item=\u00bb574&#8243; grid_id=\u00bbvc_gid:1698158868013-ee9e1b60-7c34-10&#8243; include=\u00bb1438&#8243;][\/vc_column][\/vc_row][vc_row][vc_column][vc_column_text]<\/p>\n<p style=\"text-align: center;\">Se trata de una rueda industrial de alta capacidad con robusto disco de polipropileno y banda de rodadura RT RICICLA. Para ser utilizado en ausencia de hidrocarburos. Posee una buena resistencia atmosf\u00e9rica y una excelente relaci\u00f3n calidad-precio.<\/p>\n<p style=\"text-align: center;\">Esta rueda incluye un caperuzo de color est\u00e1ndar. Para cantidades mayores podemos ofrecer colores personalizados de acuerdo a la solicitud del cliente.<\/p>\n<p style=\"text-align: center;\">Este art\u00edculo tiene \u00e9xito en limpiadoras de alta presi\u00f3n y en m\u00e1quinas forestales de gama media.<\/p>\n<p>[\/vc_column_text][\/vc_column][\/vc_row][vc_row][vc_column][vc_column_text]<\/p>\n<table id=\"tablepress-1\" class=\"tablepress tablepress-id-1\">\n<thead>\n<tr class=\"row-1 odd\">\n<th class=\"column-1\" style=\"text-align: center;\">Articulo<\/th>\n<th class=\"column-2\" style=\"text-align: center;\">D<\/th>\n<th class=\"column-3\" style=\"text-align: center;\">b<\/th>\n<th class=\"column-4\" style=\"text-align: center;\">L<\/th>\n<th class=\"column-5\" style=\"text-align: center;\">h<\/th>\n<th class=\"column-6\" style=\"text-align: center;\">d<\/th>\n<th class=\"column-7\" style=\"text-align: center;\">Peso g<\/th>\n<th class=\"column-8\" style=\"text-align: center;\">Capacidad de carga kg<\/th>\n<\/tr>\n<\/thead>\n<tbody class=\"row-hover\">\n<tr class=\"row-2 even\">\n<td class=\"column-1\" style=\"text-align: center;\"><strong>HI 210 <\/strong><\/td>\n<td class=\"column-2\" style=\"text-align: center;\">210<\/td>\n<td class=\"column-3\" style=\"text-align: center;\">70<\/td>\n<td class=\"column-4\" style=\"text-align: center;\">58<\/td>\n<td class=\"column-4\" style=\"text-align: center;\">20<\/td>\n<td class=\"column-6\" style=\"text-align: center;\">20<\/td>\n<td class=\"column-7\" style=\"text-align: center;\">980<\/td>\n<td class=\"column-8\" style=\"text-align: center;\">120<\/td>\n<\/tr>\n<tr class=\"row-2 even\">\n<td class=\"column-1\" style=\"text-align: center;\"><strong>HI 230<\/strong><\/td>\n<td class=\"column-2\" style=\"text-align: center;\">230<\/td>\n<td class=\"column-3\" style=\"text-align: center;\">70<\/td>\n<td class=\"column-4\" style=\"text-align: center;\">58<\/td>\n<td class=\"column-4\" style=\"text-align: center;\">20<\/td>\n<td class=\"column-6\" style=\"text-align: center;\">20<\/td>\n<td class=\"column-7\" style=\"text-align: center;\">1150<\/td>\n<td class=\"column-8\" style=\"text-align: center;\">120<\/td>\n<\/tr>\n<tr class=\"row-2 even\">\n<td class=\"column-1\" style=\"text-align: center;\"><strong>HI 230 RIGATO <\/strong><\/td>\n<td class=\"column-2\" style=\"text-align: center;\">230<\/td>\n<td class=\"column-3\" style=\"text-align: center;\">70<\/td>\n<td class=\"column-4\" style=\"text-align: center;\">58<\/td>\n<td class=\"column-4\" style=\"text-align: center;\">20<\/td>\n<td class=\"column-6\" style=\"text-align: center;\">20<\/td>\n<td class=\"column-7\" style=\"text-align: center;\">1150<\/td>\n<td class=\"column-8\" style=\"text-align: center;\">120<\/td>\n<\/tr>\n<tr class=\"row-2 even\">\n<td class=\"column-1\" style=\"text-align: center;\"><strong>HI 260 <\/strong><\/td>\n<td class=\"column-2\" style=\"text-align: center;\">260<\/td>\n<td class=\"column-3\" style=\"text-align: center;\">80<\/td>\n<td class=\"column-4\" style=\"text-align: center;\">75<\/td>\n<td class=\"column-4\" style=\"text-align: center;\">17<\/td>\n<td class=\"column-6\" style=\"text-align: center;\">20-25<\/td>\n<td class=\"column-7\" style=\"text-align: center;\">1210<\/td>\n<td class=\"column-8\" style=\"text-align: center;\">150<\/td>\n<\/tr>\n<tr class=\"row-2 even\">\n<td class=\"column-1\" style=\"text-align: center;\"><strong>HI 300 <\/strong><\/td>\n<td class=\"column-2\" style=\"text-align: center;\">300<\/td>\n<td class=\"column-3\" style=\"text-align: center;\">80<\/td>\n<td class=\"column-4\" style=\"text-align: center;\">58<\/td>\n<td class=\"column-4\" style=\"text-align: center;\">30<\/td>\n<td class=\"column-6\" style=\"text-align: center;\">20-25<\/td>\n<td class=\"column-7\" style=\"text-align: center;\">1670<\/td>\n<td class=\"column-8\" style=\"text-align: center;\">150<\/td>\n<\/tr>\n<\/tbody>\n<\/table>\n<p>[\/vc_column_text][\/vc_column][\/vc_row]<\/p>\n<\/div>","protected":false},"excerpt":{"rendered":"<p>[vc_row full_width=\u00bbstretch_row\u00bb css=\u00bb.vc_custom_1574256997579{margin-bottom: 0px !important;background-image: url(https:\/\/www.rtfirenze.com\/wp-content\/uploads\/2019\/11\/sfondo-scuro.png?id=173) !important;background-position: 0 0 !important;background-repeat: repeat !important;}\u00bb][vc_column][vc_column_text css_animation=\u00bbnone\u00bb] SERIE HI &#8211; RT RICICLA [\/vc_column_text][\/vc_column][\/vc_row][vc_row][vc_column width=\u00bb2\/3&#8243; css=\u00bb.vc_custom_1576143532939{padding-right: 10% !important;}\u00bb offset=\u00bbvc_hidden-md vc_hidden-sm vc_hidden-xs\u00bb][vc_media_grid<\/p>\n","protected":false},"author":1,"featured_media":940,"parent":0,"menu_order":0,"comment_status":"closed","ping_status":"closed","template":"","meta":{"footnotes":""},"class_list":["post-2341","page","type-page","status-publish","has-post-thumbnail","hentry"],"yoast_head":"<!-- This site is optimized with the Yoast SEO plugin v26.7 - https:\/\/yoast.com\/wordpress\/plugins\/seo\/ -->\n<title>Serie HI - RT Ricicla - Produzione Ruote Industriali in Plastica e Gomma - RT Firenze<\/title>\n<meta name=\"robots\" content=\"index, follow, max-snippet:-1, max-image-preview:large, max-video-preview:-1\" \/>\n<link rel=\"canonical\" href=\"https:\/\/www.rtfirenze.com\/es\/serie-hi-rt-ricicla\/\" \/>\n<meta property=\"og:locale\" content=\"es_ES\" \/>\n<meta property=\"og:type\" content=\"article\" \/>\n<meta property=\"og:title\" content=\"Serie HI - RT Ricicla - Produzione Ruote Industriali in Plastica e Gomma - RT Firenze\" \/>\n<meta property=\"og:description\" content=\"[vc_row full_width=\u00bbstretch_row\u00bb css=\u00bb.vc_custom_1574256997579{margin-bottom: 0px !important;background-image: url(https:\/\/www.rtfirenze.com\/wp-content\/uploads\/2019\/11\/sfondo-scuro.png?id=173) !important;background-position: 0 0 !important;background-repeat: repeat !important;}\u00bb][vc_column][vc_column_text css_animation=\u00bbnone\u00bb] SERIE HI &#8211; RT RICICLA [\/vc_column_text][\/vc_column][\/vc_row][vc_row][vc_column width=\u00bb2\/3&#8243; css=\u00bb.vc_custom_1576143532939{padding-right: 10% !important;}\u00bb offset=\u00bbvc_hidden-md vc_hidden-sm vc_hidden-xs\u00bb][vc_media_grid\" \/>\n<meta property=\"og:url\" content=\"https:\/\/www.rtfirenze.com\/es\/serie-hi-rt-ricicla\/\" \/>\n<meta property=\"og:site_name\" content=\"Produzione Ruote Industriali in Plastica e Gomma - RT Firenze\" \/>\n<meta property=\"og:image\" content=\"https:\/\/www.rtfirenze.com\/wp-content\/uploads\/2019\/12\/serie-hi-ricicla.jpg\" \/>\n\t<meta property=\"og:image:width\" content=\"1800\" \/>\n\t<meta property=\"og:image:height\" content=\"1200\" \/>\n\t<meta property=\"og:image:type\" content=\"image\/jpeg\" \/>\n<meta name=\"twitter:card\" content=\"summary_large_image\" \/>\n<meta name=\"twitter:label1\" content=\"Tiempo de lectura\" \/>\n\t<meta name=\"twitter:data1\" content=\"2 minutos\" \/>\n<script type=\"application\/ld+json\" class=\"yoast-schema-graph\">{\"@context\":\"https:\/\/schema.org\",\"@graph\":[{\"@type\":\"WebPage\",\"@id\":\"https:\/\/www.rtfirenze.com\/es\/serie-hi-rt-ricicla\/\",\"url\":\"https:\/\/www.rtfirenze.com\/es\/serie-hi-rt-ricicla\/\",\"name\":\"Serie HI - RT Ricicla - Produzione Ruote Industriali in Plastica e Gomma - RT Firenze\",\"isPartOf\":{\"@id\":\"https:\/\/www.rtfirenze.com\/#website\"},\"primaryImageOfPage\":{\"@id\":\"https:\/\/www.rtfirenze.com\/es\/serie-hi-rt-ricicla\/#primaryimage\"},\"image\":{\"@id\":\"https:\/\/www.rtfirenze.com\/es\/serie-hi-rt-ricicla\/#primaryimage\"},\"thumbnailUrl\":\"https:\/\/www.rtfirenze.com\/wp-content\/uploads\/2019\/12\/serie-hi-ricicla.jpg\",\"datePublished\":\"2023-10-24T14:50:14+00:00\",\"breadcrumb\":{\"@id\":\"https:\/\/www.rtfirenze.com\/es\/serie-hi-rt-ricicla\/#breadcrumb\"},\"inLanguage\":\"es\",\"potentialAction\":[{\"@type\":\"ReadAction\",\"target\":[\"https:\/\/www.rtfirenze.com\/es\/serie-hi-rt-ricicla\/\"]}]},{\"@type\":\"ImageObject\",\"inLanguage\":\"es\",\"@id\":\"https:\/\/www.rtfirenze.com\/es\/serie-hi-rt-ricicla\/#primaryimage\",\"url\":\"https:\/\/www.rtfirenze.com\/wp-content\/uploads\/2019\/12\/serie-hi-ricicla.jpg\",\"contentUrl\":\"https:\/\/www.rtfirenze.com\/wp-content\/uploads\/2019\/12\/serie-hi-ricicla.jpg\",\"width\":1800,\"height\":1200,\"caption\":\"Produzione Ruote Industriali in Gomma e Plastica Riciclata - Serie HI\"},{\"@type\":\"BreadcrumbList\",\"@id\":\"https:\/\/www.rtfirenze.com\/es\/serie-hi-rt-ricicla\/#breadcrumb\",\"itemListElement\":[{\"@type\":\"ListItem\",\"position\":1,\"name\":\"Home\",\"item\":\"https:\/\/www.rtfirenze.com\/es\/\"},{\"@type\":\"ListItem\",\"position\":2,\"name\":\"Serie HI &#8211; RT Ricicla\"}]},{\"@type\":\"WebSite\",\"@id\":\"https:\/\/www.rtfirenze.com\/#website\",\"url\":\"https:\/\/www.rtfirenze.com\/\",\"name\":\"Produzione Ruote Industriali in Plastica e Gomma - RT Firenze\",\"description\":\"Produzione Ruote Industriali in Plastica e Gomma - RT Firenze\",\"potentialAction\":[{\"@type\":\"SearchAction\",\"target\":{\"@type\":\"EntryPoint\",\"urlTemplate\":\"https:\/\/www.rtfirenze.com\/?s={search_term_string}\"},\"query-input\":{\"@type\":\"PropertyValueSpecification\",\"valueRequired\":true,\"valueName\":\"search_term_string\"}}],\"inLanguage\":\"es\"}]}<\/script>\n<!-- \/ Yoast SEO plugin. -->","yoast_head_json":{"title":"Serie HI - RT Ricicla - Produzione Ruote Industriali in Plastica e Gomma - RT Firenze","robots":{"index":"index","follow":"follow","max-snippet":"max-snippet:-1","max-image-preview":"max-image-preview:large","max-video-preview":"max-video-preview:-1"},"canonical":"https:\/\/www.rtfirenze.com\/es\/serie-hi-rt-ricicla\/","og_locale":"es_ES","og_type":"article","og_title":"Serie HI - RT Ricicla - Produzione Ruote Industriali in Plastica e Gomma - RT Firenze","og_description":"[vc_row full_width=\u00bbstretch_row\u00bb css=\u00bb.vc_custom_1574256997579{margin-bottom: 0px !important;background-image: url(https:\/\/www.rtfirenze.com\/wp-content\/uploads\/2019\/11\/sfondo-scuro.png?id=173) !important;background-position: 0 0 !important;background-repeat: repeat !important;}\u00bb][vc_column][vc_column_text css_animation=\u00bbnone\u00bb] SERIE HI &#8211; RT RICICLA [\/vc_column_text][\/vc_column][\/vc_row][vc_row][vc_column width=\u00bb2\/3&#8243; css=\u00bb.vc_custom_1576143532939{padding-right: 10% !important;}\u00bb offset=\u00bbvc_hidden-md vc_hidden-sm vc_hidden-xs\u00bb][vc_media_grid","og_url":"https:\/\/www.rtfirenze.com\/es\/serie-hi-rt-ricicla\/","og_site_name":"Produzione Ruote Industriali in Plastica e Gomma - RT Firenze","og_image":[{"width":1800,"height":1200,"url":"https:\/\/www.rtfirenze.com\/wp-content\/uploads\/2019\/12\/serie-hi-ricicla.jpg","type":"image\/jpeg"}],"twitter_card":"summary_large_image","twitter_misc":{"Tiempo de lectura":"2 minutos"},"schema":{"@context":"https:\/\/schema.org","@graph":[{"@type":"WebPage","@id":"https:\/\/www.rtfirenze.com\/es\/serie-hi-rt-ricicla\/","url":"https:\/\/www.rtfirenze.com\/es\/serie-hi-rt-ricicla\/","name":"Serie HI - RT Ricicla - Produzione Ruote Industriali in Plastica e Gomma - RT Firenze","isPartOf":{"@id":"https:\/\/www.rtfirenze.com\/#website"},"primaryImageOfPage":{"@id":"https:\/\/www.rtfirenze.com\/es\/serie-hi-rt-ricicla\/#primaryimage"},"image":{"@id":"https:\/\/www.rtfirenze.com\/es\/serie-hi-rt-ricicla\/#primaryimage"},"thumbnailUrl":"https:\/\/www.rtfirenze.com\/wp-content\/uploads\/2019\/12\/serie-hi-ricicla.jpg","datePublished":"2023-10-24T14:50:14+00:00","breadcrumb":{"@id":"https:\/\/www.rtfirenze.com\/es\/serie-hi-rt-ricicla\/#breadcrumb"},"inLanguage":"es","potentialAction":[{"@type":"ReadAction","target":["https:\/\/www.rtfirenze.com\/es\/serie-hi-rt-ricicla\/"]}]},{"@type":"ImageObject","inLanguage":"es","@id":"https:\/\/www.rtfirenze.com\/es\/serie-hi-rt-ricicla\/#primaryimage","url":"https:\/\/www.rtfirenze.com\/wp-content\/uploads\/2019\/12\/serie-hi-ricicla.jpg","contentUrl":"https:\/\/www.rtfirenze.com\/wp-content\/uploads\/2019\/12\/serie-hi-ricicla.jpg","width":1800,"height":1200,"caption":"Produzione Ruote Industriali in Gomma e Plastica Riciclata - Serie HI"},{"@type":"BreadcrumbList","@id":"https:\/\/www.rtfirenze.com\/es\/serie-hi-rt-ricicla\/#breadcrumb","itemListElement":[{"@type":"ListItem","position":1,"name":"Home","item":"https:\/\/www.rtfirenze.com\/es\/"},{"@type":"ListItem","position":2,"name":"Serie HI &#8211; RT Ricicla"}]},{"@type":"WebSite","@id":"https:\/\/www.rtfirenze.com\/#website","url":"https:\/\/www.rtfirenze.com\/","name":"Produzione Ruote Industriali in Plastica e Gomma - RT Firenze","description":"Produzione Ruote Industriali in Plastica e Gomma - RT Firenze","potentialAction":[{"@type":"SearchAction","target":{"@type":"EntryPoint","urlTemplate":"https:\/\/www.rtfirenze.com\/?s={search_term_string}"},"query-input":{"@type":"PropertyValueSpecification","valueRequired":true,"valueName":"search_term_string"}}],"inLanguage":"es"}]}},"_links":{"self":[{"href":"https:\/\/www.rtfirenze.com\/es\/wp-json\/wp\/v2\/pages\/2341","targetHints":{"allow":["GET"]}}],"collection":[{"href":"https:\/\/www.rtfirenze.com\/es\/wp-json\/wp\/v2\/pages"}],"about":[{"href":"https:\/\/www.rtfirenze.com\/es\/wp-json\/wp\/v2\/types\/page"}],"author":[{"embeddable":true,"href":"https:\/\/www.rtfirenze.com\/es\/wp-json\/wp\/v2\/users\/1"}],"replies":[{"embeddable":true,"href":"https:\/\/www.rtfirenze.com\/es\/wp-json\/wp\/v2\/comments?post=2341"}],"version-history":[{"count":2,"href":"https:\/\/www.rtfirenze.com\/es\/wp-json\/wp\/v2\/pages\/2341\/revisions"}],"predecessor-version":[{"id":2343,"href":"https:\/\/www.rtfirenze.com\/es\/wp-json\/wp\/v2\/pages\/2341\/revisions\/2343"}],"wp:featuredmedia":[{"embeddable":true,"href":"https:\/\/www.rtfirenze.com\/es\/wp-json\/wp\/v2\/media\/940"}],"wp:attachment":[{"href":"https:\/\/www.rtfirenze.com\/es\/wp-json\/wp\/v2\/media?parent=2341"}],"curies":[{"name":"wp","href":"https:\/\/api.w.org\/{rel}","templated":true}]}}