{"id":2364,"date":"2023-10-24T17:11:14","date_gmt":"2023-10-24T15:11:14","guid":{"rendered":"https:\/\/www.rtfirenze.com\/?page_id=2364"},"modified":"2024-05-15T16:28:42","modified_gmt":"2024-05-15T14:28:42","slug":"serie-sg-rt-ricicla","status":"publish","type":"page","link":"https:\/\/www.rtfirenze.com\/es\/serie-sg-rt-ricicla\/","title":{"rendered":"Serie SG &#8211; RT Ricicla"},"content":{"rendered":"<div class=\"wpb-content-wrapper\"><p>[vc_row full_width=\u00bbstretch_row\u00bb css=\u00bb.vc_custom_1574256997579{margin-bottom: 0px !important;background-image: url(https:\/\/www.rtfirenze.com\/wp-content\/uploads\/2019\/11\/sfondo-scuro.png?id=173) !important;background-position: 0 0 !important;background-repeat: repeat !important;}\u00bb][vc_column][vc_column_text css_animation=\u00bbnone\u00bb]<\/p>\n<h2 style=\"text-align: center;\"><strong><span style=\"color: #ffffff;\">SERIE SG &#8211; RT RICICLA<\/span><\/strong><\/h2>\n<p>[\/vc_column_text][\/vc_column][\/vc_row][vc_row][vc_column width=\u00bb2\/3&#8243; css=\u00bb.vc_custom_1576143532939{padding-right: 10% !important;}\u00bb offset=\u00bbvc_hidden-md vc_hidden-sm vc_hidden-xs\u00bb][vc_media_grid style=\u00bbpagination\u00bb items_per_page=\u00bb1&#8243; element_width=\u00bb12&#8243; gap=\u00bb0&#8243; paging_design=\u00bbnone\u00bb loop=\u00bbyes\u00bb item=\u00bb437&#8243; grid_id=\u00bbvc_gid:1715783254510-232a1ea6-8bb7-3&#8243; include=\u00bb1003&#8243;][\/vc_column][vc_column width=\u00bb1\/3&#8243; css=\u00bb.vc_custom_1576143543370{padding-left: 10% !important;}\u00bb offset=\u00bbvc_hidden-md vc_hidden-sm vc_hidden-xs\u00bb][vc_media_grid style=\u00bbpagination\u00bb items_per_page=\u00bb1&#8243; element_width=\u00bb12&#8243; gap=\u00bb0&#8243; paging_design=\u00bbnone\u00bb item=\u00bb557&#8243; grid_id=\u00bbvc_gid:1715783254511-b98d41fb-e6da-2&#8243; include=\u00bb1482&#8243;][\/vc_column][\/vc_row][vc_row css=\u00bb.vc_custom_1576143744247{margin-top: 20px !important;}\u00bb][vc_column width=\u00bb2\/3&#8243; css=\u00bb.vc_custom_1576143548629{padding-right: 10% !important;}\u00bb offset=\u00bbvc_hidden-lg\u00bb][vc_media_grid style=\u00bbpagination\u00bb items_per_page=\u00bb1&#8243; element_width=\u00bb12&#8243; gap=\u00bb0&#8243; paging_design=\u00bbnone\u00bb loop=\u00bbyes\u00bb item=\u00bb437&#8243; grid_id=\u00bbvc_gid:1715783254512-eda927c5-cd72-10&#8243; include=\u00bb1003&#8243;][\/vc_column][vc_column width=\u00bb1\/3&#8243; css=\u00bb.vc_custom_1576143555121{padding-left: 10% !important;}\u00bb offset=\u00bbvc_hidden-lg\u00bb][vc_media_grid style=\u00bbpagination\u00bb items_per_page=\u00bb1&#8243; element_width=\u00bb12&#8243; gap=\u00bb0&#8243; paging_design=\u00bbnone\u00bb item=\u00bb574&#8243; grid_id=\u00bbvc_gid:1715783254512-c0ec3280-8409-8&#8243; include=\u00bb1482&#8243;][\/vc_column][\/vc_row][vc_row][vc_column][vc_column_text]<\/p>\n<p style=\"text-align: center;\">Se trata de una rueda con robusto disco de polipropileno y banda de rodadura RT RICICLA. Para ser utilizada en ausencia de hidrocarburos. Posee una buena resistencia atmosf\u00e9rica.<\/p>\n<p style=\"text-align: center;\">Con este modelo hemos modificado por completo el est\u00e1ndar est\u00e9tico de un art\u00edculo cl\u00e1sico como es el art\u00edculo SM125. El dise\u00f1o helicoidal del n\u00facleo con caras sim\u00e9tricas y la innovadora banda de rodadura teselada han sido dise\u00f1ados espec\u00edficamente para mantener inalteradas las caracter\u00edsticas mec\u00e1nicas en comparaci\u00f3n con la rueda cl\u00e1sica. Por su resistencia ha encontrado su uso en peque\u00f1os cultivadores, aspiradores y compresores.<\/p>\n<p style=\"text-align: center;\">Nota: las ruedas de la serie SGP tambi\u00e9n est\u00e1n disponibles en goma gris antihuella.<\/p>\n<p>[\/vc_column_text][vc_btn title=\u00bbSERIE SG NON MARKING-CLEANING\u00bb style=\u00bboutline-custom\u00bb outline_custom_color=\u00bb#1d1d1d\u00bb outline_custom_hover_background=\u00bb#1d1d1d\u00bb outline_custom_hover_text=\u00bb#ffffff\u00bb align=\u00bbcenter\u00bb css=\u00bb\u00bb link=\u00bburl:%2Fes%2Fserie-sg-rt-antitraccia%2F|title:Serie%20SG%20%E2%80%93%20ANTITRACCIA\u00bb][\/vc_column][\/vc_row][vc_row][vc_column][vc_column_text]<\/p>\n<table id=\"tablepress-1\" class=\"tablepress tablepress-id-1\">\n<thead>\n<tr class=\"row-1 odd\">\n<th class=\"column-1\" style=\"text-align: center;\">Articulo<\/th>\n<th class=\"column-2\" style=\"text-align: center;\">D<\/th>\n<th class=\"column-3\" style=\"text-align: center;\">b<\/th>\n<th class=\"column-4\" style=\"text-align: center;\">L<\/th>\n<th class=\"column-6\" style=\"text-align: center;\">d<\/th>\n<th class=\"column-7\" style=\"text-align: center;\">Peso g<\/th>\n<th class=\"column-8\" style=\"text-align: center;\">Capacidad de carga kg<\/th>\n<\/tr>\n<\/thead>\n<tbody class=\"row-hover\">\n<tr class=\"row-2 even\">\n<td class=\"column-1\" style=\"text-align: center;\"><strong>SG 125<br \/>\n<\/strong><\/td>\n<td class=\"column-2\" style=\"text-align: center;\">125<\/td>\n<td class=\"column-3\" style=\"text-align: center;\">30<\/td>\n<td class=\"column-4\" style=\"text-align: center;\">40<\/td>\n<td class=\"column-6\" style=\"text-align: center;\">8-15<\/td>\n<td class=\"column-7\" style=\"text-align: center;\">150<\/td>\n<td class=\"column-8\" style=\"text-align: center;\">70<\/td>\n<\/tr>\n<\/tbody>\n<\/table>\n<p>[\/vc_column_text][\/vc_column][\/vc_row]<\/p>\n<\/div>","protected":false},"excerpt":{"rendered":"<p>[vc_row full_width=\u00bbstretch_row\u00bb css=\u00bb.vc_custom_1574256997579{margin-bottom: 0px !important;background-image: url(https:\/\/www.rtfirenze.com\/wp-content\/uploads\/2019\/11\/sfondo-scuro.png?id=173) !important;background-position: 0 0 !important;background-repeat: repeat !important;}\u00bb][vc_column][vc_column_text css_animation=\u00bbnone\u00bb] SERIE SG &#8211; RT RICICLA [\/vc_column_text][\/vc_column][\/vc_row][vc_row][vc_column width=\u00bb2\/3&#8243; css=\u00bb.vc_custom_1576143532939{padding-right: 10% !important;}\u00bb offset=\u00bbvc_hidden-md vc_hidden-sm vc_hidden-xs\u00bb][vc_media_grid<\/p>\n","protected":false},"author":1,"featured_media":1003,"parent":0,"menu_order":0,"comment_status":"closed","ping_status":"closed","template":"","meta":{"footnotes":""},"class_list":["post-2364","page","type-page","status-publish","has-post-thumbnail","hentry"],"yoast_head":"<!-- This site is optimized with the Yoast SEO plugin v26.7 - https:\/\/yoast.com\/wordpress\/plugins\/seo\/ -->\n<title>Serie SG - RT Ricicla - Produzione Ruote Industriali in Plastica e Gomma - RT Firenze<\/title>\n<meta name=\"robots\" content=\"index, follow, max-snippet:-1, max-image-preview:large, max-video-preview:-1\" \/>\n<link rel=\"canonical\" href=\"https:\/\/www.rtfirenze.com\/es\/serie-sg-rt-ricicla\/\" \/>\n<meta property=\"og:locale\" content=\"es_ES\" \/>\n<meta property=\"og:type\" content=\"article\" \/>\n<meta property=\"og:title\" content=\"Serie SG - RT Ricicla - Produzione Ruote Industriali in Plastica e Gomma - RT Firenze\" \/>\n<meta property=\"og:description\" content=\"[vc_row full_width=\u00bbstretch_row\u00bb css=\u00bb.vc_custom_1574256997579{margin-bottom: 0px !important;background-image: url(https:\/\/www.rtfirenze.com\/wp-content\/uploads\/2019\/11\/sfondo-scuro.png?id=173) !important;background-position: 0 0 !important;background-repeat: repeat !important;}\u00bb][vc_column][vc_column_text css_animation=\u00bbnone\u00bb] SERIE SG &#8211; RT RICICLA [\/vc_column_text][\/vc_column][\/vc_row][vc_row][vc_column width=\u00bb2\/3&#8243; css=\u00bb.vc_custom_1576143532939{padding-right: 10% !important;}\u00bb offset=\u00bbvc_hidden-md vc_hidden-sm vc_hidden-xs\u00bb][vc_media_grid\" \/>\n<meta property=\"og:url\" content=\"https:\/\/www.rtfirenze.com\/es\/serie-sg-rt-ricicla\/\" \/>\n<meta property=\"og:site_name\" content=\"Produzione Ruote Industriali in Plastica e Gomma - RT Firenze\" \/>\n<meta property=\"article:modified_time\" content=\"2024-05-15T14:28:42+00:00\" \/>\n<meta property=\"og:image\" content=\"https:\/\/www.rtfirenze.com\/wp-content\/uploads\/2019\/12\/serie-sg-ricicla.jpg\" \/>\n\t<meta property=\"og:image:width\" content=\"1800\" \/>\n\t<meta property=\"og:image:height\" content=\"1200\" \/>\n\t<meta property=\"og:image:type\" content=\"image\/jpeg\" \/>\n<meta name=\"twitter:card\" content=\"summary_large_image\" \/>\n<meta name=\"twitter:label1\" content=\"Tiempo de lectura\" \/>\n\t<meta name=\"twitter:data1\" content=\"2 minutos\" \/>\n<script type=\"application\/ld+json\" class=\"yoast-schema-graph\">{\"@context\":\"https:\/\/schema.org\",\"@graph\":[{\"@type\":\"WebPage\",\"@id\":\"https:\/\/www.rtfirenze.com\/es\/serie-sg-rt-ricicla\/\",\"url\":\"https:\/\/www.rtfirenze.com\/es\/serie-sg-rt-ricicla\/\",\"name\":\"Serie SG - RT Ricicla - Produzione Ruote Industriali in Plastica e Gomma - RT Firenze\",\"isPartOf\":{\"@id\":\"https:\/\/www.rtfirenze.com\/#website\"},\"primaryImageOfPage\":{\"@id\":\"https:\/\/www.rtfirenze.com\/es\/serie-sg-rt-ricicla\/#primaryimage\"},\"image\":{\"@id\":\"https:\/\/www.rtfirenze.com\/es\/serie-sg-rt-ricicla\/#primaryimage\"},\"thumbnailUrl\":\"https:\/\/www.rtfirenze.com\/wp-content\/uploads\/2019\/12\/serie-sg-ricicla.jpg\",\"datePublished\":\"2023-10-24T15:11:14+00:00\",\"dateModified\":\"2024-05-15T14:28:42+00:00\",\"breadcrumb\":{\"@id\":\"https:\/\/www.rtfirenze.com\/es\/serie-sg-rt-ricicla\/#breadcrumb\"},\"inLanguage\":\"es\",\"potentialAction\":[{\"@type\":\"ReadAction\",\"target\":[\"https:\/\/www.rtfirenze.com\/es\/serie-sg-rt-ricicla\/\"]}]},{\"@type\":\"ImageObject\",\"inLanguage\":\"es\",\"@id\":\"https:\/\/www.rtfirenze.com\/es\/serie-sg-rt-ricicla\/#primaryimage\",\"url\":\"https:\/\/www.rtfirenze.com\/wp-content\/uploads\/2019\/12\/serie-sg-ricicla.jpg\",\"contentUrl\":\"https:\/\/www.rtfirenze.com\/wp-content\/uploads\/2019\/12\/serie-sg-ricicla.jpg\",\"width\":1800,\"height\":1200,\"caption\":\"Produzione Ruote Industriali in Gomma e Plastica Riciclata - Serie SG\"},{\"@type\":\"BreadcrumbList\",\"@id\":\"https:\/\/www.rtfirenze.com\/es\/serie-sg-rt-ricicla\/#breadcrumb\",\"itemListElement\":[{\"@type\":\"ListItem\",\"position\":1,\"name\":\"Home\",\"item\":\"https:\/\/www.rtfirenze.com\/es\/\"},{\"@type\":\"ListItem\",\"position\":2,\"name\":\"Serie SG &#8211; RT Ricicla\"}]},{\"@type\":\"WebSite\",\"@id\":\"https:\/\/www.rtfirenze.com\/#website\",\"url\":\"https:\/\/www.rtfirenze.com\/\",\"name\":\"Produzione Ruote Industriali in Plastica e Gomma - RT Firenze\",\"description\":\"Produzione Ruote Industriali in Plastica e Gomma - RT Firenze\",\"potentialAction\":[{\"@type\":\"SearchAction\",\"target\":{\"@type\":\"EntryPoint\",\"urlTemplate\":\"https:\/\/www.rtfirenze.com\/?s={search_term_string}\"},\"query-input\":{\"@type\":\"PropertyValueSpecification\",\"valueRequired\":true,\"valueName\":\"search_term_string\"}}],\"inLanguage\":\"es\"}]}<\/script>\n<!-- \/ Yoast SEO plugin. -->","yoast_head_json":{"title":"Serie SG - RT Ricicla - Produzione Ruote Industriali in Plastica e Gomma - RT Firenze","robots":{"index":"index","follow":"follow","max-snippet":"max-snippet:-1","max-image-preview":"max-image-preview:large","max-video-preview":"max-video-preview:-1"},"canonical":"https:\/\/www.rtfirenze.com\/es\/serie-sg-rt-ricicla\/","og_locale":"es_ES","og_type":"article","og_title":"Serie SG - RT Ricicla - Produzione Ruote Industriali in Plastica e Gomma - RT Firenze","og_description":"[vc_row full_width=\u00bbstretch_row\u00bb css=\u00bb.vc_custom_1574256997579{margin-bottom: 0px !important;background-image: url(https:\/\/www.rtfirenze.com\/wp-content\/uploads\/2019\/11\/sfondo-scuro.png?id=173) !important;background-position: 0 0 !important;background-repeat: repeat !important;}\u00bb][vc_column][vc_column_text css_animation=\u00bbnone\u00bb] SERIE SG &#8211; RT RICICLA [\/vc_column_text][\/vc_column][\/vc_row][vc_row][vc_column width=\u00bb2\/3&#8243; css=\u00bb.vc_custom_1576143532939{padding-right: 10% !important;}\u00bb offset=\u00bbvc_hidden-md vc_hidden-sm vc_hidden-xs\u00bb][vc_media_grid","og_url":"https:\/\/www.rtfirenze.com\/es\/serie-sg-rt-ricicla\/","og_site_name":"Produzione Ruote Industriali in Plastica e Gomma - RT Firenze","article_modified_time":"2024-05-15T14:28:42+00:00","og_image":[{"width":1800,"height":1200,"url":"https:\/\/www.rtfirenze.com\/wp-content\/uploads\/2019\/12\/serie-sg-ricicla.jpg","type":"image\/jpeg"}],"twitter_card":"summary_large_image","twitter_misc":{"Tiempo de lectura":"2 minutos"},"schema":{"@context":"https:\/\/schema.org","@graph":[{"@type":"WebPage","@id":"https:\/\/www.rtfirenze.com\/es\/serie-sg-rt-ricicla\/","url":"https:\/\/www.rtfirenze.com\/es\/serie-sg-rt-ricicla\/","name":"Serie SG - RT Ricicla - Produzione Ruote Industriali in Plastica e Gomma - RT Firenze","isPartOf":{"@id":"https:\/\/www.rtfirenze.com\/#website"},"primaryImageOfPage":{"@id":"https:\/\/www.rtfirenze.com\/es\/serie-sg-rt-ricicla\/#primaryimage"},"image":{"@id":"https:\/\/www.rtfirenze.com\/es\/serie-sg-rt-ricicla\/#primaryimage"},"thumbnailUrl":"https:\/\/www.rtfirenze.com\/wp-content\/uploads\/2019\/12\/serie-sg-ricicla.jpg","datePublished":"2023-10-24T15:11:14+00:00","dateModified":"2024-05-15T14:28:42+00:00","breadcrumb":{"@id":"https:\/\/www.rtfirenze.com\/es\/serie-sg-rt-ricicla\/#breadcrumb"},"inLanguage":"es","potentialAction":[{"@type":"ReadAction","target":["https:\/\/www.rtfirenze.com\/es\/serie-sg-rt-ricicla\/"]}]},{"@type":"ImageObject","inLanguage":"es","@id":"https:\/\/www.rtfirenze.com\/es\/serie-sg-rt-ricicla\/#primaryimage","url":"https:\/\/www.rtfirenze.com\/wp-content\/uploads\/2019\/12\/serie-sg-ricicla.jpg","contentUrl":"https:\/\/www.rtfirenze.com\/wp-content\/uploads\/2019\/12\/serie-sg-ricicla.jpg","width":1800,"height":1200,"caption":"Produzione Ruote Industriali in Gomma e Plastica Riciclata - Serie SG"},{"@type":"BreadcrumbList","@id":"https:\/\/www.rtfirenze.com\/es\/serie-sg-rt-ricicla\/#breadcrumb","itemListElement":[{"@type":"ListItem","position":1,"name":"Home","item":"https:\/\/www.rtfirenze.com\/es\/"},{"@type":"ListItem","position":2,"name":"Serie SG &#8211; RT Ricicla"}]},{"@type":"WebSite","@id":"https:\/\/www.rtfirenze.com\/#website","url":"https:\/\/www.rtfirenze.com\/","name":"Produzione Ruote Industriali in Plastica e Gomma - RT Firenze","description":"Produzione Ruote Industriali in Plastica e Gomma - RT Firenze","potentialAction":[{"@type":"SearchAction","target":{"@type":"EntryPoint","urlTemplate":"https:\/\/www.rtfirenze.com\/?s={search_term_string}"},"query-input":{"@type":"PropertyValueSpecification","valueRequired":true,"valueName":"search_term_string"}}],"inLanguage":"es"}]}},"_links":{"self":[{"href":"https:\/\/www.rtfirenze.com\/es\/wp-json\/wp\/v2\/pages\/2364","targetHints":{"allow":["GET"]}}],"collection":[{"href":"https:\/\/www.rtfirenze.com\/es\/wp-json\/wp\/v2\/pages"}],"about":[{"href":"https:\/\/www.rtfirenze.com\/es\/wp-json\/wp\/v2\/types\/page"}],"author":[{"embeddable":true,"href":"https:\/\/www.rtfirenze.com\/es\/wp-json\/wp\/v2\/users\/1"}],"replies":[{"embeddable":true,"href":"https:\/\/www.rtfirenze.com\/es\/wp-json\/wp\/v2\/comments?post=2364"}],"version-history":[{"count":5,"href":"https:\/\/www.rtfirenze.com\/es\/wp-json\/wp\/v2\/pages\/2364\/revisions"}],"predecessor-version":[{"id":3479,"href":"https:\/\/www.rtfirenze.com\/es\/wp-json\/wp\/v2\/pages\/2364\/revisions\/3479"}],"wp:featuredmedia":[{"embeddable":true,"href":"https:\/\/www.rtfirenze.com\/es\/wp-json\/wp\/v2\/media\/1003"}],"wp:attachment":[{"href":"https:\/\/www.rtfirenze.com\/es\/wp-json\/wp\/v2\/media?parent=2364"}],"curies":[{"name":"wp","href":"https:\/\/api.w.org\/{rel}","templated":true}]}}