{"id":2378,"date":"2023-10-24T17:20:39","date_gmt":"2023-10-24T15:20:39","guid":{"rendered":"https:\/\/www.rtfirenze.com\/?page_id=2378"},"modified":"2023-10-24T17:21:01","modified_gmt":"2023-10-24T15:21:01","slug":"privacy-policy","status":"publish","type":"page","link":"https:\/\/www.rtfirenze.com\/es\/privacy-policy\/","title":{"rendered":"Informativa sulla Privacy"},"content":{"rendered":"<h2>Privacy &#8211; Gestione e Trattamento dei dati<\/h2>\n<p><strong>RT FIRENZE S.R.L.<\/strong> effettua il trattamento dei vostri dati in ottemperanza al Regolamento europeo (UE) 2016\/679 relativo alla protezione delle persone fisiche con riguardo al trattamento dei dati personali.<\/p>\n<h3>Informazioni di carattere generale<\/h3>\n<p>Si informano gli interessati <strong>(ex. Art.4, c.1 del GDPR)<\/strong> dei seguenti profili generali, validi per tutti gli ambiti del trattamento:<\/p>\n<ul>\n<li>Tutti i dati sono trattati in modo lecito, corretto e trasparente nei confronti dell&#8217;interessato, nel rispetto dei principi generali previsti dall&#8217;Art.5 del GDPR;<\/li>\n<li>Specifiche misure di sicurezza sono osservate per prevenire la perdita dei dati, usi illeciti, o non corretti ed accessi non autorizzati.<\/li>\n<li>Nelle pagine internet gestite da <strong>RT FIRENZE S.R.L.<\/strong>, sono presenti vari collegamenti ad altri siti internet (link) gestiti da altri soggetti. <strong>RT FIRENZE S.R.L.<\/strong> non \u00e8 responsabile delle pratiche sulla privacy adottate da tali siti\/soggetti. Consigliamo quindi di leggere le loro dichiarazioni sulla privacy, che potrebbero essere diverse dalla nostra.<\/li>\n<li><strong>RT FIRENZE S.R.L.<\/strong> assicura lo svolgimento di alcune attivit\u00e0 (consulenza, supporto tecnico, gestione) ricorrendo talvolta a professionisti e fornitori di servizi esterni. A questi soggetti richiediamo la massima riservatezza e discrezione nell&#8217;uso delle informazioni di cui vengono a conoscenza. Richiediamo inoltre che le informazioni vengano utilizzate esclusivamente per conto di RT FIRENZE S.R.L. Va tenuto presente che in certi casi pu\u00f2 essere necessario che <strong>RT FIRENZE S.R.L.<\/strong> comunichi le informazioni personali a pubblici ufficiali o altro personale istituzionale come conseguenza di normali obblighi giuridici o fiscali.<\/li>\n<\/ul>\n<h3>Titolari del trattamento dei dati personali<\/h3>\n<p>Il titolare del trattamento dei dati che ci fornite attraverso il sito internet www.rtfirenze.com \u00e8 <strong>RT FIRENZE S.R.L.<\/strong> con sede legale in <strong>Via Di Stagno, 35\/37 \u2013 50055 Lastra a Signa (FI)<\/strong> al quale potrete rivolgervi per far valere i vostri diritti come sancito dalle sezioni 3 e 4 del Regolamento Europeo (UE) 2016\/679.<\/p>\n<h3>Quali dati personali trattiamo?<\/h3>\n<p><strong>RT FIRENZE S.R.L.<\/strong> tratta diverse categorie di dati, in particolare:<\/p>\n<ul>\n<li><strong>Dati forniti volontariamente dall\u2019utente<\/strong>: In questa categoria rientrano i dati personali che voi stessi decidete di fornirci attraverso i form presenti sul sito www.rtfirenze.com contattandoci via e-mail, telefono o fax. I dati che andiamo a trattare e proteggere sono quelli relativi alla vostra identit\u00e0, all\u2019azienda per conto della quale ci contattate, all\u2019ubicazione geografica della stessa e alle modalit\u00e0 per ricontattare voi e\/o l\u2019azienda (indirizzo e-mail e\/o numero di telefono). Inoltre, trattiamo e proteggiamo i dati relativi al metodo di pagamento. Infine, trattiamo e proteggiamo i dati che voi stessi deciderete di fornirci inviandoci una candidatura spontanea per lavorare presso <strong>RT FIRENZE S.R.L.<\/strong><\/li>\n<li><strong>Dati di navigazione:<\/strong> I sistemi informatici e le procedure software preposte al funzionamento di questo sito web acquisiscono, nel corso del loro normale esercizio, alcuni dati personali la cui trasmissione \u00e8 implicita nell&#8217;uso dei protocolli di comunicazione di Internet. Si tratta di informazioni che non sono raccolte per essere associate a interessati identificati, ma che per loro stessa natura potrebbero, attraverso elaborazioni ed associazioni con dati detenuti da terzi, permettere di identificare gli utenti. In questa categoria di dati rientrano gli indirizzi IP o i nomi a dominio dei computer utilizzati dagli utenti che si connettono al sito, gli indirizzi in notazione URI (Uniform Resource Identifier) delle risorse richieste, l&#8217;orario della richiesta, il metodo utilizzato nel sottoporre la richiesta al server, la dimensione del file ottenuto in risposta, il codice numerico indicante lo stato della risposta data dal server (buon fine, errore, ecc.) ed altri parametri relativi al sistema operativo e all&#8217;ambiente informatico dell&#8217;utente. Questi dati vengono utilizzati al solo fine di ricavare informazioni statistiche anonime sull&#8217;uso del sito e per controllarne il corretto funzionamento e vengono cancellati immediatamente dopo l&#8217;elaborazione.<\/li>\n<li><strong>Cookies:<\/strong> Sul sito www.rtfirenze.com sono presenti cookies al fine di migliorare l\u2019esperienza di navigazione e a fini statistici. Nello specifico sono presenti:\n<ul>\n<li><strong>Cookies tecnici:<\/strong> in questa categoria rientrano i cookies che permettono a programmi di analisi statistica dei siti internet di ottenere dati aggregati (ad es. Google Analytics).<\/li>\n<li><strong>Cookies di terze parti<\/strong>: i soli cookies ricollegabili a terze parti presenti nei suddetti siti internet sono quelli legati ai pulsanti di condivisione sui seguenti social networks: www.facebook.com, www.twitter.com, www.linkedin.com<\/li>\n<\/ul>\n<\/li>\n<\/ul>\n<h3>Come vengono raccolti i dati?<\/h3>\n<p>Il trattamento dei dati che inserite nei form sul sito www.rtfirenze.com viene effettuato avvalendosi di procedure informatiche automatizzate che, tra gli altri scopi hanno anche quello della profilazione. I dati vengono conservati sia in forma digitale che in forma cartacea presso la sede legale di <strong>RT FIRENZE S.R.L.<\/strong> e sono accessibili solo ed esclusivamente al personale autorizzato alla consultazione degli stessi. <strong>RT FIRENZE S.R.L.<\/strong> osserva specifiche misure di sicurezza per prevenire la perdita dei dati, usi illeciti o non corretti ed accessi non autorizzati. La raccolta dati da terze parti avviene con procedura informatica automatizzata, le modalit\u00e0 di trattamento di tali dati sono stabilite dalle terze parti che, pertanto, vanno considerate responsabili del trattamento di questi specifici dati.<\/p>\n<h3>Perch\u00e9 trattiamo questi dati personali?<\/h3>\n<p>Le finalit\u00e0 del trattamento dei tuoi dati personali sono diverse ma accomunate dalla volont\u00e0 di soddisfare le tue esigenze. In particolare, la liceit\u00e0 del trattamento \u00e8 data dalla finalit\u00e0 di:<\/p>\n<ol>\n<li>Soddisfare esigenze precontrattuali (es. istruzione di offerte o ordini del cliente, verifiche solvibilit\u00e0 ecc.);<\/li>\n<li>Adempiere obblighi contrattuali (fornitura o acquisto di beni e\/o servizi) e legali (es. tenuta contabilit\u00e0, formalit\u00e0 fiscali, gestione amministrativa e contabile di tesoreria);<\/li>\n<li>Gestione clienti e fornitori;<\/li>\n<li>Servizi finanziari strumentali alla gestione di clienti\/fornitori.<\/li>\n<li>Al fine di rendere ancor pi\u00f9 comprensibili i motivi della raccolta dei dati, riportiamo le seguenti specifiche:\n<ol>\n<li>I dati che ci inviate attraverso i form di contatto sul sito web www.rtfirenze.com, via e-mail, via telefono o fax vengono raccolti e trattati col fine ultimo di ottemperare alla vostra richiesta, sia essa una richiesta di informazioni, di preventivo, di assistenza tecnica o un ordine di acquisto.<\/li>\n<li>I dati relativi alle riparazioni effettuate, alle assistenze, alle spedizioni vengono raccolti e conservati col fine unico di permetterti di avere accesso a documenti amministrativi e fiscali.<\/li>\n<li>I dati che ci inviate per candidarvi spontaneamente a lavorare nella nostra azienda vengono raccolti e conservati esclusivamente per considerare la vostra candidatura e vengono eliminati, al massimo, 12 mesi dopo la ricezione.<\/li>\n<li>I vostri dati vengono raccolti, previo consenso, anche per inviarvi le nostre eventuali newsletter e le nostre eventuali comunicazioni commerciali relative a eventi, prodotti, offerte a voi riservate ecc. vi ricordiamo che potete, in ogni momento, cancellare la vostra iscrizione alla nostra newsletter o modificare le impostazioni di ricezione seguendo le istruzioni presenti in tutte le e-mail con mittente <strong>RT FIRENZE S.R.L.<\/strong>, oppure inviando una mail a <strong>info@rtfirenze.com<\/strong><\/li>\n<\/ol>\n<\/li>\n<\/ol>\n<h3>A chi vengono comunicati i vostri dati?<\/h3>\n<p>I dati che ci fornite volontariamente non saranno mai comunicati a terzi per finalit\u00e0 commerciali. Tuttavia, al fine di ottemperare a obblighi di legge e di eseguire misure precontrattuali e contrattuali si rende necessario comunicare i vostri dati a:<\/p>\n<ol>\n<li>Banche e istituti di credito, per l\u2019effettuazione dei pagamenti;<\/li>\n<li>Societ\u00e0 di recupero e\/o cessione di crediti;<\/li>\n<li>Professionisti e studi professionali (legali, commercialisti, revisori contabili ecc.)<\/li>\n<li>Altre societ\u00e0, enti e\/o persone fisiche che svolgono attivit\u00e0 strumentali, di supporto o funzionali all\u2019esecuzione dei contratti o servizi richiesti;<\/li>\n<li>Tali soggetti tratteranno e, a loro volta, comunicheranno a terzi i dati in qualit\u00e0 di \u201ctitolari??? o \u201cresponsabili esterni???, cos\u00ec come i soggetti che raccolgono dati attraverso i cookies tecnici e di navigazione.<\/li>\n<\/ol>\n<h3>Diritti degli interessati<\/h3>\n<p>Potrete accedere a tutti i dati personali che ci avete fornito, richiederne la modifica o la cancellazione in ogni momento. Per farlo vi baster\u00e0 inviare una mail a info@rtfirenze.com. In particolare potrete ottenere la conferma dell\u2019esistenza o meno di un trattamento dei vostri dati personali come previsto e accedere ai dati trattati, anche prima che questi vengano registrati, come previsto dall\u2019art.15 del Regolamento (UE\/2016\/679). Oltre alla conferma dell\u2019esistenza del trattamento, avete diritto alla rettifica o alla cancellazione dei dati (artt. 16-17 GDPR), alla limitazione del trattamento (qualora ricorra una delle ipotesi previste dall\u2019art. 18 GDPR), alla portabilit\u00e0 dei tuoi dati (art.20 GDPR) e ad opporti al trattamento (art.21 GDPR). Per conoscere maggiormente nel dettaglio i tuoi diritti relativamente ai tuoi dati personali ti invitiamo a consultare<br \/>\nil testo degli articoli 15, 16, 17, 18, 19, 20, 21, 22 del Regolamento (UE\/2016\/679).<\/p>\n<h3>Reclamo<\/h3>\n<p>Vi ricordiamo, infine, che avete diritto in ogni momento a sporgere reclamo al Garante europeo della protezione dei dati.<\/p>\n","protected":false},"excerpt":{"rendered":"<p>Privacy &#8211; Gestione e Trattamento dei dati RT FIRENZE S.R.L. effettua il trattamento dei vostri dati in ottemperanza al Regolamento europeo (UE) 2016\/679 relativo alla protezione<\/p>\n","protected":false},"author":1,"featured_media":0,"parent":0,"menu_order":0,"comment_status":"closed","ping_status":"closed","template":"","meta":{"footnotes":""},"class_list":["post-2378","page","type-page","status-publish","hentry"],"yoast_head":"<!-- This site is optimized with the Yoast SEO plugin v26.7 - https:\/\/yoast.com\/wordpress\/plugins\/seo\/ -->\n<title>Informativa sulla Privacy - Produzione Ruote Industriali in Plastica e Gomma - RT Firenze<\/title>\n<meta name=\"robots\" content=\"index, follow, max-snippet:-1, max-image-preview:large, max-video-preview:-1\" \/>\n<link rel=\"canonical\" href=\"https:\/\/www.rtfirenze.com\/es\/privacy-policy\/\" \/>\n<meta property=\"og:locale\" content=\"es_ES\" \/>\n<meta property=\"og:type\" content=\"article\" \/>\n<meta property=\"og:title\" content=\"Informativa sulla Privacy - Produzione Ruote Industriali in Plastica e Gomma - RT Firenze\" \/>\n<meta property=\"og:description\" content=\"Privacy &#8211; Gestione e Trattamento dei dati RT FIRENZE S.R.L. effettua il trattamento dei vostri dati in ottemperanza al Regolamento europeo (UE) 2016\/679 relativo alla protezione\" \/>\n<meta property=\"og:url\" content=\"https:\/\/www.rtfirenze.com\/es\/privacy-policy\/\" \/>\n<meta property=\"og:site_name\" content=\"Produzione Ruote Industriali in Plastica e Gomma - RT Firenze\" \/>\n<meta property=\"article:modified_time\" content=\"2023-10-24T15:21:01+00:00\" \/>\n<meta name=\"twitter:card\" content=\"summary_large_image\" \/>\n<meta name=\"twitter:label1\" content=\"Tiempo de lectura\" \/>\n\t<meta name=\"twitter:data1\" content=\"8 minutos\" \/>\n<script type=\"application\/ld+json\" class=\"yoast-schema-graph\">{\"@context\":\"https:\/\/schema.org\",\"@graph\":[{\"@type\":\"WebPage\",\"@id\":\"https:\/\/www.rtfirenze.com\/es\/privacy-policy\/\",\"url\":\"https:\/\/www.rtfirenze.com\/es\/privacy-policy\/\",\"name\":\"Informativa sulla Privacy - Produzione Ruote Industriali in Plastica e Gomma - RT Firenze\",\"isPartOf\":{\"@id\":\"https:\/\/www.rtfirenze.com\/#website\"},\"datePublished\":\"2023-10-24T15:20:39+00:00\",\"dateModified\":\"2023-10-24T15:21:01+00:00\",\"breadcrumb\":{\"@id\":\"https:\/\/www.rtfirenze.com\/es\/privacy-policy\/#breadcrumb\"},\"inLanguage\":\"es\",\"potentialAction\":[{\"@type\":\"ReadAction\",\"target\":[\"https:\/\/www.rtfirenze.com\/es\/privacy-policy\/\"]}]},{\"@type\":\"BreadcrumbList\",\"@id\":\"https:\/\/www.rtfirenze.com\/es\/privacy-policy\/#breadcrumb\",\"itemListElement\":[{\"@type\":\"ListItem\",\"position\":1,\"name\":\"Home\",\"item\":\"https:\/\/www.rtfirenze.com\/es\/\"},{\"@type\":\"ListItem\",\"position\":2,\"name\":\"Informativa sulla Privacy\"}]},{\"@type\":\"WebSite\",\"@id\":\"https:\/\/www.rtfirenze.com\/#website\",\"url\":\"https:\/\/www.rtfirenze.com\/\",\"name\":\"Produzione Ruote Industriali in Plastica e Gomma - RT Firenze\",\"description\":\"Produzione Ruote Industriali in Plastica e Gomma - RT Firenze\",\"potentialAction\":[{\"@type\":\"SearchAction\",\"target\":{\"@type\":\"EntryPoint\",\"urlTemplate\":\"https:\/\/www.rtfirenze.com\/?s={search_term_string}\"},\"query-input\":{\"@type\":\"PropertyValueSpecification\",\"valueRequired\":true,\"valueName\":\"search_term_string\"}}],\"inLanguage\":\"es\"}]}<\/script>\n<!-- \/ Yoast SEO plugin. -->","yoast_head_json":{"title":"Informativa sulla Privacy - Produzione Ruote Industriali in Plastica e Gomma - RT Firenze","robots":{"index":"index","follow":"follow","max-snippet":"max-snippet:-1","max-image-preview":"max-image-preview:large","max-video-preview":"max-video-preview:-1"},"canonical":"https:\/\/www.rtfirenze.com\/es\/privacy-policy\/","og_locale":"es_ES","og_type":"article","og_title":"Informativa sulla Privacy - Produzione Ruote Industriali in Plastica e Gomma - RT Firenze","og_description":"Privacy &#8211; Gestione e Trattamento dei dati RT FIRENZE S.R.L. effettua il trattamento dei vostri dati in ottemperanza al Regolamento europeo (UE) 2016\/679 relativo alla protezione","og_url":"https:\/\/www.rtfirenze.com\/es\/privacy-policy\/","og_site_name":"Produzione Ruote Industriali in Plastica e Gomma - RT Firenze","article_modified_time":"2023-10-24T15:21:01+00:00","twitter_card":"summary_large_image","twitter_misc":{"Tiempo de lectura":"8 minutos"},"schema":{"@context":"https:\/\/schema.org","@graph":[{"@type":"WebPage","@id":"https:\/\/www.rtfirenze.com\/es\/privacy-policy\/","url":"https:\/\/www.rtfirenze.com\/es\/privacy-policy\/","name":"Informativa sulla Privacy - Produzione Ruote Industriali in Plastica e Gomma - RT Firenze","isPartOf":{"@id":"https:\/\/www.rtfirenze.com\/#website"},"datePublished":"2023-10-24T15:20:39+00:00","dateModified":"2023-10-24T15:21:01+00:00","breadcrumb":{"@id":"https:\/\/www.rtfirenze.com\/es\/privacy-policy\/#breadcrumb"},"inLanguage":"es","potentialAction":[{"@type":"ReadAction","target":["https:\/\/www.rtfirenze.com\/es\/privacy-policy\/"]}]},{"@type":"BreadcrumbList","@id":"https:\/\/www.rtfirenze.com\/es\/privacy-policy\/#breadcrumb","itemListElement":[{"@type":"ListItem","position":1,"name":"Home","item":"https:\/\/www.rtfirenze.com\/es\/"},{"@type":"ListItem","position":2,"name":"Informativa sulla Privacy"}]},{"@type":"WebSite","@id":"https:\/\/www.rtfirenze.com\/#website","url":"https:\/\/www.rtfirenze.com\/","name":"Produzione Ruote Industriali in Plastica e Gomma - RT Firenze","description":"Produzione Ruote Industriali in Plastica e Gomma - RT Firenze","potentialAction":[{"@type":"SearchAction","target":{"@type":"EntryPoint","urlTemplate":"https:\/\/www.rtfirenze.com\/?s={search_term_string}"},"query-input":{"@type":"PropertyValueSpecification","valueRequired":true,"valueName":"search_term_string"}}],"inLanguage":"es"}]}},"_links":{"self":[{"href":"https:\/\/www.rtfirenze.com\/es\/wp-json\/wp\/v2\/pages\/2378","targetHints":{"allow":["GET"]}}],"collection":[{"href":"https:\/\/www.rtfirenze.com\/es\/wp-json\/wp\/v2\/pages"}],"about":[{"href":"https:\/\/www.rtfirenze.com\/es\/wp-json\/wp\/v2\/types\/page"}],"author":[{"embeddable":true,"href":"https:\/\/www.rtfirenze.com\/es\/wp-json\/wp\/v2\/users\/1"}],"replies":[{"embeddable":true,"href":"https:\/\/www.rtfirenze.com\/es\/wp-json\/wp\/v2\/comments?post=2378"}],"version-history":[{"count":1,"href":"https:\/\/www.rtfirenze.com\/es\/wp-json\/wp\/v2\/pages\/2378\/revisions"}],"predecessor-version":[{"id":2379,"href":"https:\/\/www.rtfirenze.com\/es\/wp-json\/wp\/v2\/pages\/2378\/revisions\/2379"}],"wp:attachment":[{"href":"https:\/\/www.rtfirenze.com\/es\/wp-json\/wp\/v2\/media?parent=2378"}],"curies":[{"name":"wp","href":"https:\/\/api.w.org\/{rel}","templated":true}]}}