{"id":3226,"date":"2024-05-14T11:12:51","date_gmt":"2024-05-14T09:12:51","guid":{"rendered":"https:\/\/www.rtfirenze.com\/?page_id=3226"},"modified":"2024-05-14T11:13:48","modified_gmt":"2024-05-14T09:13:48","slug":"ecoelastic-rt-vintage","status":"publish","type":"page","link":"https:\/\/www.rtfirenze.com\/es\/ecoelastic-rt-vintage\/","title":{"rendered":"Ecoelastic &#8211; RT Vintage"},"content":{"rendered":"<div class=\"wpb-content-wrapper\"><p>[vc_row full_width=\u00bbstretch_row\u00bb css=\u00bb.vc_custom_1574256997579{margin-bottom: 0px !important;background-image: url(https:\/\/www.rtfirenze.com\/wp-content\/uploads\/2019\/11\/sfondo-scuro.png?id=173) !important;background-position: 0 0 !important;background-repeat: repeat !important;}\u00bb][vc_column][vc_column_text css_animation=\u00bbnone\u00bb]<\/p>\n<h2 style=\"text-align: center;\"><strong><span style=\"color: #ffffff;\">ECOELASTIC &#8211; RT VINTAGE<\/span><\/strong><\/h2>\n<p>[\/vc_column_text][\/vc_column][\/vc_row][vc_row][vc_column width=\u00bb2\/3&#8243; css=\u00bb.vc_custom_1576143532939{padding-right: 10% !important;}\u00bb offset=\u00bbvc_hidden-md vc_hidden-sm vc_hidden-xs\u00bb][vc_media_grid style=\u00bbpagination\u00bb items_per_page=\u00bb1&#8243; element_width=\u00bb12&#8243; gap=\u00bb0&#8243; arrows_design=\u00bbvc_arrow-icon-arrow_09_left\u00bb arrows_position=\u00bboutside\u00bb arrows_color=\u00bbblack\u00bb paging_design=\u00bbpagination_square\u00bb paging_color=\u00bbblack\u00bb loop=\u00bbyes\u00bb item=\u00bb437&#8243; grid_id=\u00bbvc_gid:1715677842229-73101fa0-4102-4&#8243; include=\u00bb3251&#8243;][\/vc_column][vc_column width=\u00bb1\/3&#8243; css=\u00bb.vc_custom_1576143543370{padding-left: 10% !important;}\u00bb offset=\u00bbvc_hidden-md vc_hidden-sm vc_hidden-xs\u00bb][vc_media_grid style=\u00bbpagination\u00bb items_per_page=\u00bb1&#8243; element_width=\u00bb12&#8243; gap=\u00bb0&#8243; paging_design=\u00bbnone\u00bb item=\u00bb557&#8243; grid_id=\u00bbvc_gid:1715677842230-39fde96b-2fa5-1&#8243; include=\u00bb3257&#8243;][\/vc_column][\/vc_row][vc_row css=\u00bb.vc_custom_1576143744247{margin-top: 20px !important;}\u00bb][vc_column width=\u00bb2\/3&#8243; css=\u00bb.vc_custom_1576143548629{padding-right: 10% !important;}\u00bb offset=\u00bbvc_hidden-lg\u00bb][vc_media_grid style=\u00bbpagination\u00bb items_per_page=\u00bb1&#8243; element_width=\u00bb12&#8243; gap=\u00bb0&#8243; arrows_design=\u00bbvc_arrow-icon-arrow_09_left\u00bb arrows_position=\u00bboutside\u00bb arrows_color=\u00bbblack\u00bb paging_design=\u00bbpagination_square\u00bb paging_color=\u00bbblack\u00bb loop=\u00bbyes\u00bb item=\u00bb437&#8243; grid_id=\u00bbvc_gid:1715677842231-af6dce29-633f-2&#8243; include=\u00bb3251&#8243;][\/vc_column][vc_column width=\u00bb1\/3&#8243; css=\u00bb.vc_custom_1576143555121{padding-left: 10% !important;}\u00bb offset=\u00bbvc_hidden-lg\u00bb][vc_media_grid style=\u00bbpagination\u00bb items_per_page=\u00bb1&#8243; element_width=\u00bb12&#8243; gap=\u00bb0&#8243; paging_design=\u00bbnone\u00bb item=\u00bb574&#8243; grid_id=\u00bbvc_gid:1715677842231-b0be4c07-54f6-2&#8243; include=\u00bb3229,3257&#8243;][\/vc_column][\/vc_row][vc_row][vc_column][vc_column_text css=\u00bb\u00bb]<\/p>\n<p style=\"text-align: center;\">Ruedas con n\u00facleo antiimpacto y anillo de gran espesor en goma negra RT Vintage de dureza 72 Sh.A, que confiere una caracter\u00edstica de alta elasticidad y comodidad para el usuario. La rueda est\u00e1 compuesta en un 80% de material proveniente de la recuperaci\u00f3n de neum\u00e1ticos fuera de uso (NFU).<\/p>\n<p style=\"text-align: center;\">Excelente relaci\u00f3n calidad\/precio y resistencia mec\u00e1nica, incluso en usos intensivos y con cargas elevadas. Ideal para el uso en maquinaria pesada con operador a bordo, como barredoras y tractores de arrastre.<\/p>\n<p>[\/vc_column_text][\/vc_column][\/vc_row][vc_row][vc_column][vc_column_text css=\u00bb\u00bb]<\/p>\n<table id=\"tablepress-1\" class=\"tablepress tablepress-id-1\">\n<thead>\n<tr class=\"row-1 odd\">\n<th class=\"column-1\" style=\"text-align: center;\">Articulo<\/th>\n<th class=\"column-2\" style=\"text-align: center;\">D<\/th>\n<th class=\"column-3\" style=\"text-align: center;\">b<\/th>\n<th class=\"column-4\" style=\"text-align: center;\">L<\/th>\n<th class=\"column-6\" style=\"text-align: center;\">d<\/th>\n<th class=\"column-7\" style=\"text-align: center;\">Peso g<\/th>\n<th class=\"column-8\" style=\"text-align: center;\">Capacidad de carga kg<\/th>\n<\/tr>\n<\/thead>\n<tbody class=\"row-hover\">\n<tr class=\"row-2 even\">\n<td class=\"column-1\" style=\"text-align: center;\"><strong>ECOELASTIC 260<\/strong><\/td>\n<td class=\"column-2\" style=\"text-align: center;\">255<\/td>\n<td class=\"column-3\" style=\"text-align: center;\">80<\/td>\n<td class=\"column-4\" style=\"text-align: center;\">50<\/td>\n<td class=\"column-6\" style=\"text-align: center;\">20-25<\/td>\n<td class=\"column-7\" style=\"text-align: center;\">4270<\/td>\n<td class=\"column-8\" style=\"text-align: center;\">500<\/td>\n<\/tr>\n<\/tbody>\n<\/table>\n<p>[\/vc_column_text][\/vc_column][\/vc_row]<\/p>\n<\/div>","protected":false},"excerpt":{"rendered":"<p>[vc_row full_width=\u00bbstretch_row\u00bb css=\u00bb.vc_custom_1574256997579{margin-bottom: 0px !important;background-image: url(https:\/\/www.rtfirenze.com\/wp-content\/uploads\/2019\/11\/sfondo-scuro.png?id=173) !important;background-position: 0 0 !important;background-repeat: repeat !important;}\u00bb][vc_column][vc_column_text css_animation=\u00bbnone\u00bb] ECOELASTIC &#8211; RT VINTAGE [\/vc_column_text][\/vc_column][\/vc_row][vc_row][vc_column width=\u00bb2\/3&#8243; css=\u00bb.vc_custom_1576143532939{padding-right: 10% !important;}\u00bb offset=\u00bbvc_hidden-md vc_hidden-sm vc_hidden-xs\u00bb][vc_media_grid style=\u00bbpagination\u00bb<\/p>\n","protected":false},"author":1,"featured_media":3251,"parent":0,"menu_order":0,"comment_status":"closed","ping_status":"closed","template":"","meta":{"footnotes":""},"class_list":["post-3226","page","type-page","status-publish","has-post-thumbnail","hentry"],"yoast_head":"<!-- This site is optimized with the Yoast SEO plugin v26.7 - https:\/\/yoast.com\/wordpress\/plugins\/seo\/ -->\n<title>Produzione Ruote Industriali in Gomma e Plastica - Ecoclean<\/title>\n<meta name=\"description\" content=\"Ruota industriale di elevata portata con disco in robusto polipropilene e rivestimento in battistrada RT VINTAGE, da usarsi anche in lieve presenza di idrocarburi\" \/>\n<meta name=\"robots\" content=\"index, follow, max-snippet:-1, max-image-preview:large, max-video-preview:-1\" \/>\n<link rel=\"canonical\" href=\"https:\/\/www.rtfirenze.com\/es\/ecoelastic-rt-vintage\/\" \/>\n<meta property=\"og:locale\" content=\"es_ES\" \/>\n<meta property=\"og:type\" content=\"article\" \/>\n<meta property=\"og:title\" content=\"Produzione Ruote Industriali in Gomma e Plastica - Ecoclean\" \/>\n<meta property=\"og:description\" content=\"Ruota industriale di elevata portata con disco in robusto polipropilene e rivestimento in battistrada RT VINTAGE, da usarsi anche in lieve presenza di idrocarburi\" \/>\n<meta property=\"og:url\" content=\"https:\/\/www.rtfirenze.com\/es\/ecoelastic-rt-vintage\/\" \/>\n<meta property=\"og:site_name\" content=\"Produzione Ruote Industriali in Plastica e Gomma - RT Firenze\" \/>\n<meta property=\"article:modified_time\" content=\"2024-05-14T09:13:48+00:00\" \/>\n<meta property=\"og:image\" content=\"https:\/\/www.rtfirenze.com\/wp-content\/uploads\/2024\/05\/ecoclean-3.jpg\" \/>\n\t<meta property=\"og:image:width\" content=\"800\" \/>\n\t<meta property=\"og:image:height\" content=\"533\" \/>\n\t<meta property=\"og:image:type\" content=\"image\/jpeg\" \/>\n<meta name=\"twitter:card\" content=\"summary_large_image\" \/>\n<meta name=\"twitter:label1\" content=\"Tiempo de lectura\" \/>\n\t<meta name=\"twitter:data1\" content=\"2 minutos\" \/>\n<script type=\"application\/ld+json\" class=\"yoast-schema-graph\">{\"@context\":\"https:\/\/schema.org\",\"@graph\":[{\"@type\":\"WebPage\",\"@id\":\"https:\/\/www.rtfirenze.com\/es\/ecoelastic-rt-vintage\/\",\"url\":\"https:\/\/www.rtfirenze.com\/es\/ecoelastic-rt-vintage\/\",\"name\":\"Produzione Ruote Industriali in Gomma e Plastica - Ecoclean\",\"isPartOf\":{\"@id\":\"https:\/\/www.rtfirenze.com\/#website\"},\"primaryImageOfPage\":{\"@id\":\"https:\/\/www.rtfirenze.com\/es\/ecoelastic-rt-vintage\/#primaryimage\"},\"image\":{\"@id\":\"https:\/\/www.rtfirenze.com\/es\/ecoelastic-rt-vintage\/#primaryimage\"},\"thumbnailUrl\":\"https:\/\/www.rtfirenze.com\/wp-content\/uploads\/2024\/05\/ecoclean-3.jpg\",\"datePublished\":\"2024-05-14T09:12:51+00:00\",\"dateModified\":\"2024-05-14T09:13:48+00:00\",\"description\":\"Ruota industriale di elevata portata con disco in robusto polipropilene e rivestimento in battistrada RT VINTAGE, da usarsi anche in lieve presenza di idrocarburi\",\"breadcrumb\":{\"@id\":\"https:\/\/www.rtfirenze.com\/es\/ecoelastic-rt-vintage\/#breadcrumb\"},\"inLanguage\":\"es\",\"potentialAction\":[{\"@type\":\"ReadAction\",\"target\":[\"https:\/\/www.rtfirenze.com\/es\/ecoelastic-rt-vintage\/\"]}]},{\"@type\":\"ImageObject\",\"inLanguage\":\"es\",\"@id\":\"https:\/\/www.rtfirenze.com\/es\/ecoelastic-rt-vintage\/#primaryimage\",\"url\":\"https:\/\/www.rtfirenze.com\/wp-content\/uploads\/2024\/05\/ecoclean-3.jpg\",\"contentUrl\":\"https:\/\/www.rtfirenze.com\/wp-content\/uploads\/2024\/05\/ecoclean-3.jpg\",\"width\":800,\"height\":533,\"caption\":\"Poduzione Ruote Industriali in Gomma e Plastica - Serie SPV\"},{\"@type\":\"BreadcrumbList\",\"@id\":\"https:\/\/www.rtfirenze.com\/es\/ecoelastic-rt-vintage\/#breadcrumb\",\"itemListElement\":[{\"@type\":\"ListItem\",\"position\":1,\"name\":\"Home\",\"item\":\"https:\/\/www.rtfirenze.com\/es\/\"},{\"@type\":\"ListItem\",\"position\":2,\"name\":\"Ecoelastic &#8211; RT Vintage\"}]},{\"@type\":\"WebSite\",\"@id\":\"https:\/\/www.rtfirenze.com\/#website\",\"url\":\"https:\/\/www.rtfirenze.com\/\",\"name\":\"Produzione Ruote Industriali in Plastica e Gomma - RT Firenze\",\"description\":\"Produzione Ruote Industriali in Plastica e Gomma - RT Firenze\",\"potentialAction\":[{\"@type\":\"SearchAction\",\"target\":{\"@type\":\"EntryPoint\",\"urlTemplate\":\"https:\/\/www.rtfirenze.com\/?s={search_term_string}\"},\"query-input\":{\"@type\":\"PropertyValueSpecification\",\"valueRequired\":true,\"valueName\":\"search_term_string\"}}],\"inLanguage\":\"es\"}]}<\/script>\n<!-- \/ Yoast SEO plugin. -->","yoast_head_json":{"title":"Produzione Ruote Industriali in Gomma e Plastica - Ecoclean","description":"Ruota industriale di elevata portata con disco in robusto polipropilene e rivestimento in battistrada RT VINTAGE, da usarsi anche in lieve presenza di idrocarburi","robots":{"index":"index","follow":"follow","max-snippet":"max-snippet:-1","max-image-preview":"max-image-preview:large","max-video-preview":"max-video-preview:-1"},"canonical":"https:\/\/www.rtfirenze.com\/es\/ecoelastic-rt-vintage\/","og_locale":"es_ES","og_type":"article","og_title":"Produzione Ruote Industriali in Gomma e Plastica - Ecoclean","og_description":"Ruota industriale di elevata portata con disco in robusto polipropilene e rivestimento in battistrada RT VINTAGE, da usarsi anche in lieve presenza di idrocarburi","og_url":"https:\/\/www.rtfirenze.com\/es\/ecoelastic-rt-vintage\/","og_site_name":"Produzione Ruote Industriali in Plastica e Gomma - RT Firenze","article_modified_time":"2024-05-14T09:13:48+00:00","og_image":[{"width":800,"height":533,"url":"https:\/\/www.rtfirenze.com\/wp-content\/uploads\/2024\/05\/ecoclean-3.jpg","type":"image\/jpeg"}],"twitter_card":"summary_large_image","twitter_misc":{"Tiempo de lectura":"2 minutos"},"schema":{"@context":"https:\/\/schema.org","@graph":[{"@type":"WebPage","@id":"https:\/\/www.rtfirenze.com\/es\/ecoelastic-rt-vintage\/","url":"https:\/\/www.rtfirenze.com\/es\/ecoelastic-rt-vintage\/","name":"Produzione Ruote Industriali in Gomma e Plastica - Ecoclean","isPartOf":{"@id":"https:\/\/www.rtfirenze.com\/#website"},"primaryImageOfPage":{"@id":"https:\/\/www.rtfirenze.com\/es\/ecoelastic-rt-vintage\/#primaryimage"},"image":{"@id":"https:\/\/www.rtfirenze.com\/es\/ecoelastic-rt-vintage\/#primaryimage"},"thumbnailUrl":"https:\/\/www.rtfirenze.com\/wp-content\/uploads\/2024\/05\/ecoclean-3.jpg","datePublished":"2024-05-14T09:12:51+00:00","dateModified":"2024-05-14T09:13:48+00:00","description":"Ruota industriale di elevata portata con disco in robusto polipropilene e rivestimento in battistrada RT VINTAGE, da usarsi anche in lieve presenza di idrocarburi","breadcrumb":{"@id":"https:\/\/www.rtfirenze.com\/es\/ecoelastic-rt-vintage\/#breadcrumb"},"inLanguage":"es","potentialAction":[{"@type":"ReadAction","target":["https:\/\/www.rtfirenze.com\/es\/ecoelastic-rt-vintage\/"]}]},{"@type":"ImageObject","inLanguage":"es","@id":"https:\/\/www.rtfirenze.com\/es\/ecoelastic-rt-vintage\/#primaryimage","url":"https:\/\/www.rtfirenze.com\/wp-content\/uploads\/2024\/05\/ecoclean-3.jpg","contentUrl":"https:\/\/www.rtfirenze.com\/wp-content\/uploads\/2024\/05\/ecoclean-3.jpg","width":800,"height":533,"caption":"Poduzione Ruote Industriali in Gomma e Plastica - Serie SPV"},{"@type":"BreadcrumbList","@id":"https:\/\/www.rtfirenze.com\/es\/ecoelastic-rt-vintage\/#breadcrumb","itemListElement":[{"@type":"ListItem","position":1,"name":"Home","item":"https:\/\/www.rtfirenze.com\/es\/"},{"@type":"ListItem","position":2,"name":"Ecoelastic &#8211; RT Vintage"}]},{"@type":"WebSite","@id":"https:\/\/www.rtfirenze.com\/#website","url":"https:\/\/www.rtfirenze.com\/","name":"Produzione Ruote Industriali in Plastica e Gomma - RT Firenze","description":"Produzione Ruote Industriali in Plastica e Gomma - RT Firenze","potentialAction":[{"@type":"SearchAction","target":{"@type":"EntryPoint","urlTemplate":"https:\/\/www.rtfirenze.com\/?s={search_term_string}"},"query-input":{"@type":"PropertyValueSpecification","valueRequired":true,"valueName":"search_term_string"}}],"inLanguage":"es"}]}},"_links":{"self":[{"href":"https:\/\/www.rtfirenze.com\/es\/wp-json\/wp\/v2\/pages\/3226","targetHints":{"allow":["GET"]}}],"collection":[{"href":"https:\/\/www.rtfirenze.com\/es\/wp-json\/wp\/v2\/pages"}],"about":[{"href":"https:\/\/www.rtfirenze.com\/es\/wp-json\/wp\/v2\/types\/page"}],"author":[{"embeddable":true,"href":"https:\/\/www.rtfirenze.com\/es\/wp-json\/wp\/v2\/users\/1"}],"replies":[{"embeddable":true,"href":"https:\/\/www.rtfirenze.com\/es\/wp-json\/wp\/v2\/comments?post=3226"}],"version-history":[{"count":5,"href":"https:\/\/www.rtfirenze.com\/es\/wp-json\/wp\/v2\/pages\/3226\/revisions"}],"predecessor-version":[{"id":3417,"href":"https:\/\/www.rtfirenze.com\/es\/wp-json\/wp\/v2\/pages\/3226\/revisions\/3417"}],"wp:featuredmedia":[{"embeddable":true,"href":"https:\/\/www.rtfirenze.com\/es\/wp-json\/wp\/v2\/media\/3251"}],"wp:attachment":[{"href":"https:\/\/www.rtfirenze.com\/es\/wp-json\/wp\/v2\/media?parent=3226"}],"curies":[{"name":"wp","href":"https:\/\/api.w.org\/{rel}","templated":true}]}}