{"id":3278,"date":"2024-05-14T11:24:39","date_gmt":"2024-05-14T09:24:39","guid":{"rendered":"https:\/\/www.rtfirenze.com\/?page_id=3278"},"modified":"2024-05-15T16:20:53","modified_gmt":"2024-05-15T14:20:53","slug":"ecoclean-rt-antitraccia","status":"publish","type":"page","link":"https:\/\/www.rtfirenze.com\/es\/ecoclean-rt-antitraccia\/","title":{"rendered":"Ecoclean &#8211; RT Non Marking-Cleaning"},"content":{"rendered":"<div class=\"wpb-content-wrapper\"><p>[vc_row full_width=\u00bbstretch_row\u00bb css=\u00bb.vc_custom_1574256997579{margin-bottom: 0px !important;background-image: url(https:\/\/www.rtfirenze.com\/wp-content\/uploads\/2019\/11\/sfondo-scuro.png?id=173) !important;background-position: 0 0 !important;background-repeat: repeat !important;}\u00bb][vc_column][vc_column_text css_animation=\u00bbnone\u00bb css=\u00bb\u00bb]<\/p>\n<h2 style=\"text-align: center;\"><strong><span style=\"color: #ffffff;\">ECOCLEAN &#8211; RT NON MARKING-CLEANING<\/span><\/strong><\/h2>\n<p>[\/vc_column_text][\/vc_column][\/vc_row][vc_row][vc_column width=\u00bb2\/3&#8243; css=\u00bb.vc_custom_1576143532939{padding-right: 10% !important;}\u00bb offset=\u00bbvc_hidden-md vc_hidden-sm vc_hidden-xs\u00bb][vc_media_grid style=\u00bbpagination\u00bb items_per_page=\u00bb1&#8243; element_width=\u00bb12&#8243; gap=\u00bb0&#8243; arrows_design=\u00bbvc_arrow-icon-arrow_09_left\u00bb arrows_position=\u00bboutside\u00bb arrows_color=\u00bbblack\u00bb paging_design=\u00bbpagination_square\u00bb paging_color=\u00bbblack\u00bb loop=\u00bbyes\u00bb item=\u00bb437&#8243; css=\u00bb\u00bb grid_id=\u00bbvc_gid:1715782765734-c02a96df-d845-8&#8243; include=\u00bb3289&#8243;][\/vc_column][vc_column width=\u00bb1\/3&#8243; css=\u00bb.vc_custom_1576143543370{padding-left: 10% !important;}\u00bb offset=\u00bbvc_hidden-md vc_hidden-sm vc_hidden-xs\u00bb][vc_media_grid style=\u00bbpagination\u00bb items_per_page=\u00bb1&#8243; element_width=\u00bb12&#8243; gap=\u00bb0&#8243; paging_design=\u00bbnone\u00bb item=\u00bb557&#8243; css=\u00bb\u00bb grid_id=\u00bbvc_gid:1715782765747-ba70f6d0-975e-8&#8243; include=\u00bb3296&#8243;][\/vc_column][\/vc_row][vc_row css=\u00bb.vc_custom_1576143744247{margin-top: 20px !important;}\u00bb][vc_column width=\u00bb2\/3&#8243; css=\u00bb.vc_custom_1576143548629{padding-right: 10% !important;}\u00bb offset=\u00bbvc_hidden-lg\u00bb][vc_media_grid style=\u00bbpagination\u00bb items_per_page=\u00bb1&#8243; element_width=\u00bb12&#8243; gap=\u00bb0&#8243; arrows_design=\u00bbvc_arrow-icon-arrow_09_left\u00bb arrows_position=\u00bboutside\u00bb arrows_color=\u00bbblack\u00bb paging_design=\u00bbpagination_square\u00bb paging_color=\u00bbblack\u00bb loop=\u00bbyes\u00bb item=\u00bb437&#8243; css=\u00bb\u00bb grid_id=\u00bbvc_gid:1715782765748-975501c9-8aaa-2&#8243; include=\u00bb3289&#8243;][\/vc_column][vc_column width=\u00bb1\/3&#8243; css=\u00bb.vc_custom_1576143555121{padding-left: 10% !important;}\u00bb offset=\u00bbvc_hidden-lg\u00bb][vc_media_grid style=\u00bbpagination\u00bb items_per_page=\u00bb1&#8243; element_width=\u00bb12&#8243; gap=\u00bb0&#8243; paging_design=\u00bbnone\u00bb item=\u00bb574&#8243; css=\u00bb\u00bb grid_id=\u00bbvc_gid:1715782765749-422cbbb6-00c4-2&#8243; include=\u00bb3296&#8243;][\/vc_column][\/vc_row][vc_row][vc_column][vc_column_text css=\u00bb\u00bb]<\/p>\n<p style=\"text-align: center;\">Estas ruedas han sido dise\u00f1adas recientemente para el sector de la limpieza y son adecuadas para uso intensivo incluso en presencia de agua, agentes qu\u00edmicos, detergentes, \u00e1cidos y grasas. La goma bicomponente est\u00e1 formada en el exterior por un anillo de poliuretano TPU antihuella de 82 Sh.A y, en el interior, por un anillo grueso de goma RT Vintage de 72 Sh.A. Este producto es ideal para su uso en fregadoras con operador a bordo. Rentable y ecol\u00f3gico debido al alto porcentaje de goma reciclada.<\/p>\n<p style=\"text-align: center;\">Disponible con rodamientos de bolas de precisi\u00f3n o con un orificio liso con chaveta (versi\u00f3n de tracci\u00f3n).<\/p>\n<p>[\/vc_column_text][\/vc_column][\/vc_row][vc_row][vc_column][vc_column_text css=\u00bb\u00bb]<\/p>\n<table id=\"tablepress-1\" class=\"tablepress tablepress-id-1\">\n<thead>\n<tr class=\"row-1 odd\">\n<th class=\"column-1\" style=\"text-align: center;\">Articulo<\/th>\n<th class=\"column-2\" style=\"text-align: center;\">D<\/th>\n<th class=\"column-3\" style=\"text-align: center;\">b<\/th>\n<th class=\"column-4\" style=\"text-align: center;\">L<\/th>\n<th class=\"column-6\" style=\"text-align: center;\">d<\/th>\n<th class=\"column-7\" style=\"text-align: center;\">Peso g<\/th>\n<th class=\"column-8\" style=\"text-align: center;\">Capacidad de carga kg<\/th>\n<\/tr>\n<\/thead>\n<tbody class=\"row-hover\">\n<tr class=\"row-2 even\">\n<td class=\"column-1\" style=\"text-align: center;\"><strong>ECOCLEAN 200<\/strong><\/td>\n<td class=\"column-2\" style=\"text-align: center;\">200<\/td>\n<td class=\"column-3\" style=\"text-align: center;\">50<\/td>\n<td class=\"column-4\" style=\"text-align: center;\">40<\/td>\n<td class=\"column-6\" style=\"text-align: center;\">17-20<\/td>\n<td class=\"column-7\" style=\"text-align: center;\">1350<\/td>\n<td class=\"column-8\" style=\"text-align: center;\">300<\/td>\n<\/tr>\n<tr class=\"row-3 odd\">\n<td class=\"column-1\" style=\"text-align: center;\"><strong>ECOCLEAN 200 Traction<\/strong><\/td>\n<td class=\"column-2\" style=\"text-align: center;\">200<\/td>\n<td class=\"column-3\" style=\"text-align: center;\">50<\/td>\n<td class=\"column-4\" style=\"text-align: center;\">50<\/td>\n<td class=\"column-6\" style=\"text-align: center;\">chaveta 20<\/td>\n<td class=\"column-7\" style=\"text-align: center;\">1450<\/td>\n<td class=\"column-8\" style=\"text-align: center;\">300<\/td>\n<\/tr>\n<tr class=\"row-3 odd\">\n<td class=\"column-1\" style=\"text-align: center;\"><strong>ECOCLEAN 250<\/strong><\/td>\n<td class=\"column-2\" style=\"text-align: center;\">250<\/td>\n<td class=\"column-3\" style=\"text-align: center;\">60<\/td>\n<td class=\"column-4\" style=\"text-align: center;\">50<\/td>\n<td class=\"column-6\" style=\"text-align: center;\">20<\/td>\n<td class=\"column-7\" style=\"text-align: center;\">2300<\/td>\n<td class=\"column-8\" style=\"text-align: center;\">400<\/td>\n<\/tr>\n<tr class=\"row-3 odd\">\n<td class=\"column-1\" style=\"text-align: center;\"><strong>ECOCLEAN 250 Traction<\/strong><\/td>\n<td class=\"column-2\" style=\"text-align: center;\">250<\/td>\n<td class=\"column-3\" style=\"text-align: center;\">60<\/td>\n<td class=\"column-4\" style=\"text-align: center;\">50<\/td>\n<td class=\"column-6\" style=\"text-align: center;\">chaveta 20<\/td>\n<td class=\"column-7\" style=\"text-align: center;\">2400<\/td>\n<td class=\"column-8\" style=\"text-align: center;\">400<\/td>\n<\/tr>\n<tr class=\"row-3 odd\">\n<td class=\"column-1\" style=\"text-align: center;\"><strong>ECOCLEAN 260<\/strong><\/td>\n<td class=\"column-2\" style=\"text-align: center;\">260<\/td>\n<td class=\"column-3\" style=\"text-align: center;\">80<\/td>\n<td class=\"column-4\" style=\"text-align: center;\">50<\/td>\n<td class=\"column-6\" style=\"text-align: center;\">20-25<\/td>\n<td class=\"column-7\" style=\"text-align: center;\">4500<\/td>\n<td class=\"column-8\" style=\"text-align: center;\">500<\/td>\n<\/tr>\n<tr class=\"row-3 odd\">\n<td class=\"column-1\" style=\"text-align: center;\"><strong>ECOCLEAN 260 Traction<\/strong><\/td>\n<td class=\"column-2\" style=\"text-align: center;\">260<\/td>\n<td class=\"column-3\" style=\"text-align: center;\">80<\/td>\n<td class=\"column-4\" style=\"text-align: center;\">50<\/td>\n<td class=\"column-6\" style=\"text-align: center;\">chaveta<\/td>\n<td class=\"column-7\" style=\"text-align: center;\">4700<\/td>\n<td class=\"column-8\" style=\"text-align: center;\">500<\/td>\n<\/tr>\n<tr class=\"row-3 odd\">\n<td class=\"column-1\" style=\"text-align: center;\"><strong>ECOCLEAN 300<\/strong><\/td>\n<td class=\"column-2\" style=\"text-align: center;\">300<\/td>\n<td class=\"column-3\" style=\"text-align: center;\">80<\/td>\n<td class=\"column-4\" style=\"text-align: center;\">50<\/td>\n<td class=\"column-6\" style=\"text-align: center;\">20-25<\/td>\n<td class=\"column-7\" style=\"text-align: center;\">5700<\/td>\n<td class=\"column-8\" style=\"text-align: center;\">600<\/td>\n<\/tr>\n<tr class=\"row-3 odd\">\n<td class=\"column-1\" style=\"text-align: center;\"><strong>ECOCLEAN 300 Traction<\/strong><\/td>\n<td class=\"column-2\" style=\"text-align: center;\">300<\/td>\n<td class=\"column-3\" style=\"text-align: center;\">80<\/td>\n<td class=\"column-4\" style=\"text-align: center;\">50<\/td>\n<td class=\"column-6\" style=\"text-align: center;\">chaveta<\/td>\n<td class=\"column-7\" style=\"text-align: center;\">5900<\/td>\n<td class=\"column-8\" style=\"text-align: center;\">600<\/td>\n<\/tr>\n<\/tbody>\n<\/table>\n<p>[\/vc_column_text][\/vc_column][\/vc_row]<\/p>\n<\/div>","protected":false},"excerpt":{"rendered":"<p>[vc_row full_width=\u00bbstretch_row\u00bb css=\u00bb.vc_custom_1574256997579{margin-bottom: 0px !important;background-image: url(https:\/\/www.rtfirenze.com\/wp-content\/uploads\/2019\/11\/sfondo-scuro.png?id=173) !important;background-position: 0 0 !important;background-repeat: repeat !important;}\u00bb][vc_column][vc_column_text css_animation=\u00bbnone\u00bb css=\u00bb\u00bb] ECOCLEAN &#8211; RT NON MARKING-CLEANING [\/vc_column_text][\/vc_column][\/vc_row][vc_row][vc_column width=\u00bb2\/3&#8243; css=\u00bb.vc_custom_1576143532939{padding-right: 10% !important;}\u00bb offset=\u00bbvc_hidden-md vc_hidden-sm<\/p>\n","protected":false},"author":1,"featured_media":3289,"parent":0,"menu_order":0,"comment_status":"closed","ping_status":"closed","template":"","meta":{"footnotes":""},"class_list":["post-3278","page","type-page","status-publish","has-post-thumbnail","hentry"],"yoast_head":"<!-- This site is optimized with the Yoast SEO plugin v26.7 - https:\/\/yoast.com\/wordpress\/plugins\/seo\/ -->\n<title>Produzione Ruote Industriali in Gomma e Plastica - Ecoclean<\/title>\n<meta name=\"description\" content=\"Serie SR \u00e8 una ruota estremamente robusta e di aspetto gradevole, dotata di tappo esagonale disponibile in pi\u00f9 colorazioni\" \/>\n<meta name=\"robots\" content=\"index, follow, max-snippet:-1, max-image-preview:large, max-video-preview:-1\" \/>\n<link rel=\"canonical\" href=\"https:\/\/www.rtfirenze.com\/es\/ecoclean-rt-antitraccia\/\" \/>\n<meta property=\"og:locale\" content=\"es_ES\" \/>\n<meta property=\"og:type\" content=\"article\" \/>\n<meta property=\"og:title\" content=\"Produzione Ruote Industriali in Gomma e Plastica - Ecoclean\" \/>\n<meta property=\"og:description\" content=\"Serie SR \u00e8 una ruota estremamente robusta e di aspetto gradevole, dotata di tappo esagonale disponibile in pi\u00f9 colorazioni\" \/>\n<meta property=\"og:url\" content=\"https:\/\/www.rtfirenze.com\/es\/ecoclean-rt-antitraccia\/\" \/>\n<meta property=\"og:site_name\" content=\"Produzione Ruote Industriali in Plastica e Gomma - RT Firenze\" \/>\n<meta property=\"article:modified_time\" content=\"2024-05-15T14:20:53+00:00\" \/>\n<meta property=\"og:image\" content=\"https:\/\/www.rtfirenze.com\/wp-content\/uploads\/2024\/05\/ecoclean-1.jpg\" \/>\n\t<meta property=\"og:image:width\" content=\"1800\" \/>\n\t<meta property=\"og:image:height\" content=\"1200\" \/>\n\t<meta property=\"og:image:type\" content=\"image\/jpeg\" \/>\n<meta name=\"twitter:card\" content=\"summary_large_image\" \/>\n<meta name=\"twitter:label1\" content=\"Tiempo de lectura\" \/>\n\t<meta name=\"twitter:data1\" content=\"3 minutos\" \/>\n<script type=\"application\/ld+json\" class=\"yoast-schema-graph\">{\"@context\":\"https:\/\/schema.org\",\"@graph\":[{\"@type\":\"WebPage\",\"@id\":\"https:\/\/www.rtfirenze.com\/es\/ecoclean-rt-antitraccia\/\",\"url\":\"https:\/\/www.rtfirenze.com\/es\/ecoclean-rt-antitraccia\/\",\"name\":\"Produzione Ruote Industriali in Gomma e Plastica - Ecoclean\",\"isPartOf\":{\"@id\":\"https:\/\/www.rtfirenze.com\/#website\"},\"primaryImageOfPage\":{\"@id\":\"https:\/\/www.rtfirenze.com\/es\/ecoclean-rt-antitraccia\/#primaryimage\"},\"image\":{\"@id\":\"https:\/\/www.rtfirenze.com\/es\/ecoclean-rt-antitraccia\/#primaryimage\"},\"thumbnailUrl\":\"https:\/\/www.rtfirenze.com\/wp-content\/uploads\/2024\/05\/ecoclean-1.jpg\",\"datePublished\":\"2024-05-14T09:24:39+00:00\",\"dateModified\":\"2024-05-15T14:20:53+00:00\",\"description\":\"Serie SR \u00e8 una ruota estremamente robusta e di aspetto gradevole, dotata di tappo esagonale disponibile in pi\u00f9 colorazioni\",\"breadcrumb\":{\"@id\":\"https:\/\/www.rtfirenze.com\/es\/ecoclean-rt-antitraccia\/#breadcrumb\"},\"inLanguage\":\"es\",\"potentialAction\":[{\"@type\":\"ReadAction\",\"target\":[\"https:\/\/www.rtfirenze.com\/es\/ecoclean-rt-antitraccia\/\"]}]},{\"@type\":\"ImageObject\",\"inLanguage\":\"es\",\"@id\":\"https:\/\/www.rtfirenze.com\/es\/ecoclean-rt-antitraccia\/#primaryimage\",\"url\":\"https:\/\/www.rtfirenze.com\/wp-content\/uploads\/2024\/05\/ecoclean-1.jpg\",\"contentUrl\":\"https:\/\/www.rtfirenze.com\/wp-content\/uploads\/2024\/05\/ecoclean-1.jpg\",\"width\":1800,\"height\":1200,\"caption\":\"Produzione Ruote Industriali in Gomma e Plastica - Ecoclean\"},{\"@type\":\"BreadcrumbList\",\"@id\":\"https:\/\/www.rtfirenze.com\/es\/ecoclean-rt-antitraccia\/#breadcrumb\",\"itemListElement\":[{\"@type\":\"ListItem\",\"position\":1,\"name\":\"Home\",\"item\":\"https:\/\/www.rtfirenze.com\/es\/\"},{\"@type\":\"ListItem\",\"position\":2,\"name\":\"Ecoclean &#8211; RT Non Marking-Cleaning\"}]},{\"@type\":\"WebSite\",\"@id\":\"https:\/\/www.rtfirenze.com\/#website\",\"url\":\"https:\/\/www.rtfirenze.com\/\",\"name\":\"Produzione Ruote Industriali in Plastica e Gomma - RT Firenze\",\"description\":\"Produzione Ruote Industriali in Plastica e Gomma - RT Firenze\",\"potentialAction\":[{\"@type\":\"SearchAction\",\"target\":{\"@type\":\"EntryPoint\",\"urlTemplate\":\"https:\/\/www.rtfirenze.com\/?s={search_term_string}\"},\"query-input\":{\"@type\":\"PropertyValueSpecification\",\"valueRequired\":true,\"valueName\":\"search_term_string\"}}],\"inLanguage\":\"es\"}]}<\/script>\n<!-- \/ Yoast SEO plugin. -->","yoast_head_json":{"title":"Produzione Ruote Industriali in Gomma e Plastica - Ecoclean","description":"Serie SR \u00e8 una ruota estremamente robusta e di aspetto gradevole, dotata di tappo esagonale disponibile in pi\u00f9 colorazioni","robots":{"index":"index","follow":"follow","max-snippet":"max-snippet:-1","max-image-preview":"max-image-preview:large","max-video-preview":"max-video-preview:-1"},"canonical":"https:\/\/www.rtfirenze.com\/es\/ecoclean-rt-antitraccia\/","og_locale":"es_ES","og_type":"article","og_title":"Produzione Ruote Industriali in Gomma e Plastica - Ecoclean","og_description":"Serie SR \u00e8 una ruota estremamente robusta e di aspetto gradevole, dotata di tappo esagonale disponibile in pi\u00f9 colorazioni","og_url":"https:\/\/www.rtfirenze.com\/es\/ecoclean-rt-antitraccia\/","og_site_name":"Produzione Ruote Industriali in Plastica e Gomma - RT Firenze","article_modified_time":"2024-05-15T14:20:53+00:00","og_image":[{"width":1800,"height":1200,"url":"https:\/\/www.rtfirenze.com\/wp-content\/uploads\/2024\/05\/ecoclean-1.jpg","type":"image\/jpeg"}],"twitter_card":"summary_large_image","twitter_misc":{"Tiempo de lectura":"3 minutos"},"schema":{"@context":"https:\/\/schema.org","@graph":[{"@type":"WebPage","@id":"https:\/\/www.rtfirenze.com\/es\/ecoclean-rt-antitraccia\/","url":"https:\/\/www.rtfirenze.com\/es\/ecoclean-rt-antitraccia\/","name":"Produzione Ruote Industriali in Gomma e Plastica - Ecoclean","isPartOf":{"@id":"https:\/\/www.rtfirenze.com\/#website"},"primaryImageOfPage":{"@id":"https:\/\/www.rtfirenze.com\/es\/ecoclean-rt-antitraccia\/#primaryimage"},"image":{"@id":"https:\/\/www.rtfirenze.com\/es\/ecoclean-rt-antitraccia\/#primaryimage"},"thumbnailUrl":"https:\/\/www.rtfirenze.com\/wp-content\/uploads\/2024\/05\/ecoclean-1.jpg","datePublished":"2024-05-14T09:24:39+00:00","dateModified":"2024-05-15T14:20:53+00:00","description":"Serie SR \u00e8 una ruota estremamente robusta e di aspetto gradevole, dotata di tappo esagonale disponibile in pi\u00f9 colorazioni","breadcrumb":{"@id":"https:\/\/www.rtfirenze.com\/es\/ecoclean-rt-antitraccia\/#breadcrumb"},"inLanguage":"es","potentialAction":[{"@type":"ReadAction","target":["https:\/\/www.rtfirenze.com\/es\/ecoclean-rt-antitraccia\/"]}]},{"@type":"ImageObject","inLanguage":"es","@id":"https:\/\/www.rtfirenze.com\/es\/ecoclean-rt-antitraccia\/#primaryimage","url":"https:\/\/www.rtfirenze.com\/wp-content\/uploads\/2024\/05\/ecoclean-1.jpg","contentUrl":"https:\/\/www.rtfirenze.com\/wp-content\/uploads\/2024\/05\/ecoclean-1.jpg","width":1800,"height":1200,"caption":"Produzione Ruote Industriali in Gomma e Plastica - Ecoclean"},{"@type":"BreadcrumbList","@id":"https:\/\/www.rtfirenze.com\/es\/ecoclean-rt-antitraccia\/#breadcrumb","itemListElement":[{"@type":"ListItem","position":1,"name":"Home","item":"https:\/\/www.rtfirenze.com\/es\/"},{"@type":"ListItem","position":2,"name":"Ecoclean &#8211; RT Non Marking-Cleaning"}]},{"@type":"WebSite","@id":"https:\/\/www.rtfirenze.com\/#website","url":"https:\/\/www.rtfirenze.com\/","name":"Produzione Ruote Industriali in Plastica e Gomma - RT Firenze","description":"Produzione Ruote Industriali in Plastica e Gomma - RT Firenze","potentialAction":[{"@type":"SearchAction","target":{"@type":"EntryPoint","urlTemplate":"https:\/\/www.rtfirenze.com\/?s={search_term_string}"},"query-input":{"@type":"PropertyValueSpecification","valueRequired":true,"valueName":"search_term_string"}}],"inLanguage":"es"}]}},"_links":{"self":[{"href":"https:\/\/www.rtfirenze.com\/es\/wp-json\/wp\/v2\/pages\/3278","targetHints":{"allow":["GET"]}}],"collection":[{"href":"https:\/\/www.rtfirenze.com\/es\/wp-json\/wp\/v2\/pages"}],"about":[{"href":"https:\/\/www.rtfirenze.com\/es\/wp-json\/wp\/v2\/types\/page"}],"author":[{"embeddable":true,"href":"https:\/\/www.rtfirenze.com\/es\/wp-json\/wp\/v2\/users\/1"}],"replies":[{"embeddable":true,"href":"https:\/\/www.rtfirenze.com\/es\/wp-json\/wp\/v2\/comments?post=3278"}],"version-history":[{"count":7,"href":"https:\/\/www.rtfirenze.com\/es\/wp-json\/wp\/v2\/pages\/3278\/revisions"}],"predecessor-version":[{"id":3462,"href":"https:\/\/www.rtfirenze.com\/es\/wp-json\/wp\/v2\/pages\/3278\/revisions\/3462"}],"wp:featuredmedia":[{"embeddable":true,"href":"https:\/\/www.rtfirenze.com\/es\/wp-json\/wp\/v2\/media\/3289"}],"wp:attachment":[{"href":"https:\/\/www.rtfirenze.com\/es\/wp-json\/wp\/v2\/media?parent=3278"}],"curies":[{"name":"wp","href":"https:\/\/api.w.org\/{rel}","templated":true}]}}